{"id":696,"date":"2018-08-14T13:05:27","date_gmt":"2018-08-14T11:05:27","guid":{"rendered":"https:\/\/linmot.com\/de\/?page_id=696"},"modified":"2018-08-14T13:05:27","modified_gmt":"2018-08-14T11:05:27","slug":"linearmotoren-mit-integrierten-drive","status":"publish","type":"page","link":"https:\/\/pamoco.papercut.pl\/de\/produkte\/linearmotoren-mit-integrierten-drive\/","title":{"rendered":"Linearmotoren mit integrierten Drive"},"content":{"rendered":"<p>Die PD03 Antriebseinheit besteht aus einem kompakten Linearmotor und einem integrierten Drive. Durch dieses innovative Konzept kann erstmals auch bei linearen Direktantrieben auf den Regler im Schaltschrank verzichtet werden, so dass die Installationszeit und der Arbeitsaufwand stark reduziert werden. \u00dcber das hinaus erschliesst sich dem Anwender die M\u00f6glichkeit, mehrere Ger\u00e4te \u00fcber eine Daisy Chain Verkettung effizient zu koppeln. Durch diese neue Motorengeneration lassen sich modulare Maschinenkonzepte auf einfachste Art und Weise realisieren.<\/p>\n<p>Im Inneren des PD03 steckt ein Linearmotor der Serie 37Sx120FHP. Dieser Kurzmotor-Typ erreicht eine Spitzenkraft von 255 N und eine Spitzengeschwindiggeit von 3.8 m\/s. Durch ein gut abgestimmtes L\u00e4uferprogramm ergibt sich ein Hubbereich bis 400 mm. Wie auch alle anderen LinMot Motoren zeichnet sich dieser Typ ebenfalls durch die freie Positionierbarkeit, eine hohe Prozessstabilit\u00e4t und eine hohe Lebensdauer ohne verschleissanf\u00e4llige Komponenten aus.<\/p>\n<p>Der Drive verf\u00fcgt \u00fcber eine Industrial Ethernet Schnittstelle. Angeboten werden neben EtherCAT bald auch Profi-Net, Ethernet IP, Sercos III und Powerlink. Die Konfig-Schnittstelle und die DIP Switches sind hinter einem Schutzdeckel verbaut, welcher die geforderte Dichtigkeit garantiert. Der komplette Motor mit integriertem Drive ist gem\u00e4ss Schutzklasse IP 65 gegen Staub-Einwirkung und Strahlwasser gesch\u00fctzt.<\/p>\n<div class=\"row\">\n<div class=\"col-md-5\">\n<ul>\n<li>High-Performance Linearmotor mit integriertem Drive<\/li>\n<li>Kompakte Abmessungen<\/li>\n<li>Hohe Dynamik<\/li>\n<li>Geeignet f\u00fcr Daisy Chain Verkettung<\/li>\n<li>Integrierter Montageflansch<\/li>\n<li>Geringer Verkabelungsaufwand<\/li>\n<\/ul>\n<\/div>\n<div class=\"col-md-7\">\n<div class=\"carousel slide\" id=\"4230e29f0e34fe2a63f70cd1c636fcee\" data-ride=\"carousel\">  <div class=\"carousel-inner\" role=\"listbox\">    <div class=\"item active\">      <img src=\"https:\/\/pamoco.papercut.pl\/de\/wp-content\/uploads\/sites\/2\/2018\/08\/2018-Linmot-PD03-1.jpg\" alt=\"...\">    <\/div>    <div class=\"item\">      <img src=\"https:\/\/pamoco.papercut.pl\/de\/wp-content\/uploads\/sites\/2\/2018\/08\/2018-Linmot-PD03_2.jpg\" alt=\"...\">    <\/div>    <div class=\"item\">      <img src=\"https:\/\/pamoco.papercut.pl\/de\/wp-content\/uploads\/sites\/2\/2018\/08\/2018-Linmot-PD03_3.jpg\" alt=\"...\">    <\/div>  <\/div><div class=\"navigation\"><a class=\"left carousel-control\" href=\"#4230e29f0e34fe2a63f70cd1c636fcee\" role=\"button\" data-slide=\"prev\"><\/a><a class=\"right carousel-control\" href=\"#4230e29f0e34fe2a63f70cd1c636fcee\" role=\"button\" data-slide=\"next\"><\/a><\/div><\/div>\n<\/div>\n<\/div>\n<blockquote><p>Innovatives Produktkonzept durch das, der Regler im Schaltschrank nicht mehr notwendig ist<\/p><\/blockquote>\n","protected":false},"excerpt":{"rendered":"<p>Die PD03 Antriebseinheit besteht aus einem kompakten Linearmotor und einem integrierten Drive. Durch dieses innovative Konzept kann erstmals auch bei linearen Direktantrieben auf den Regler im Schaltschrank verzichtet werden, so dass die Installationszeit und der Arbeitsaufwand stark reduziert werden. \u00dcber das hinaus erschliesst sich dem Anwender die M\u00f6glichkeit, mehrere Ger\u00e4te \u00fcber eine Daisy Chain Verkettung [&hellip;]<\/p>\n","protected":false},"author":1,"featured_media":0,"parent":6,"menu_order":0,"comment_status":"closed","ping_status":"closed","template":"","meta":[],"acf":[],"yoast_head":"<!-- This site is optimized with the Yoast SEO plugin v17.5 - https:\/\/yoast.com\/wordpress\/plugins\/seo\/ -->\n<title>Linearmotoren mit integrierten Drive | Linear Motion Technology Leader | LinMot<\/title>\n<meta name=\"description\" content=\"Linearmotoren mit integrierten Drive | Linear Motion Technology Leader | LinMot\" \/>\n<meta name=\"robots\" content=\"noindex, follow, max-snippet:-1, max-image-preview:large, max-video-preview:-1\" \/>\n<meta property=\"og:locale\" content=\"de_DE\" \/>\n<meta property=\"og:type\" content=\"article\" \/>\n<meta property=\"og:title\" content=\"Linearmotoren mit integrierten Drive | Linear Motion Technology Leader | LinMot\" \/>\n<meta property=\"og:description\" content=\"Linearmotoren mit integrierten Drive | Linear Motion Technology Leader | LinMot\" \/>\n<meta property=\"og:url\" content=\"https:\/\/pamoco.papercut.pl\/de\/produkte\/linearmotoren-mit-integrierten-drive\/\" \/>\n<meta property=\"og:site_name\" content=\"LinMot DE\" \/>\n<meta name=\"twitter:card\" content=\"summary\" \/>\n<meta name=\"twitter:label1\" content=\"Gesch\u00e4tzte Lesezeit\" \/>\n\t<meta name=\"twitter:data1\" content=\"1 Minute\" \/>\n<script type=\"application\/ld+json\" class=\"yoast-schema-graph\">{\"@context\":\"https:\/\/schema.org\",\"@graph\":[{\"@type\":\"WebSite\",\"@id\":\"https:\/\/pamoco.papercut.pl\/de\/#website\",\"url\":\"https:\/\/pamoco.papercut.pl\/de\/\",\"name\":\"LinMot DE\",\"description\":\"Linmot\",\"potentialAction\":[{\"@type\":\"SearchAction\",\"target\":{\"@type\":\"EntryPoint\",\"urlTemplate\":\"https:\/\/pamoco.papercut.pl\/de\/?s={search_term_string}\"},\"query-input\":\"required name=search_term_string\"}],\"inLanguage\":\"de-DE\"},{\"@type\":\"WebPage\",\"@id\":\"https:\/\/pamoco.papercut.pl\/de\/produkte\/linearmotoren-mit-integrierten-drive\/#webpage\",\"url\":\"https:\/\/pamoco.papercut.pl\/de\/produkte\/linearmotoren-mit-integrierten-drive\/\",\"name\":\"Linearmotoren mit integrierten Drive | Linear Motion Technology Leader | LinMot\",\"isPartOf\":{\"@id\":\"https:\/\/pamoco.papercut.pl\/de\/#website\"},\"datePublished\":\"2018-08-14T11:05:27+00:00\",\"dateModified\":\"2018-08-14T11:05:27+00:00\",\"description\":\"Linearmotoren mit integrierten Drive | Linear Motion Technology Leader | LinMot\",\"breadcrumb\":{\"@id\":\"https:\/\/pamoco.papercut.pl\/de\/produkte\/linearmotoren-mit-integrierten-drive\/#breadcrumb\"},\"inLanguage\":\"de-DE\",\"potentialAction\":[{\"@type\":\"ReadAction\",\"target\":[\"https:\/\/pamoco.papercut.pl\/de\/produkte\/linearmotoren-mit-integrierten-drive\/\"]}]},{\"@type\":\"BreadcrumbList\",\"@id\":\"https:\/\/pamoco.papercut.pl\/de\/produkte\/linearmotoren-mit-integrierten-drive\/#breadcrumb\",\"itemListElement\":[{\"@type\":\"ListItem\",\"position\":1,\"name\":\"LinMot\",\"item\":\"https:\/\/pamoco.papercut.pl\/de\/\"},{\"@type\":\"ListItem\",\"position\":2,\"name\":\"Produkte\",\"item\":\"https:\/\/pamoco.papercut.pl\/de\/produkte\/\"},{\"@type\":\"ListItem\",\"position\":3,\"name\":\"Linearmotoren mit integrierten Drive\"}]}]}<\/script>\n<!-- \/ Yoast SEO plugin. -->","yoast_head_json":{"title":"Linearmotoren mit integrierten Drive | Linear Motion Technology Leader | LinMot","description":"Linearmotoren mit integrierten Drive | Linear Motion Technology Leader | LinMot","robots":{"index":"noindex","follow":"follow","max-snippet":"max-snippet:-1","max-image-preview":"max-image-preview:large","max-video-preview":"max-video-preview:-1"},"og_locale":"de_DE","og_type":"article","og_title":"Linearmotoren mit integrierten Drive | Linear Motion Technology Leader | LinMot","og_description":"Linearmotoren mit integrierten Drive | Linear Motion Technology Leader | LinMot","og_url":"https:\/\/pamoco.papercut.pl\/de\/produkte\/linearmotoren-mit-integrierten-drive\/","og_site_name":"LinMot DE","twitter_card":"summary","twitter_misc":{"Gesch\u00e4tzte Lesezeit":"1 Minute"},"schema":{"@context":"https:\/\/schema.org","@graph":[{"@type":"WebSite","@id":"https:\/\/pamoco.papercut.pl\/de\/#website","url":"https:\/\/pamoco.papercut.pl\/de\/","name":"LinMot DE","description":"Linmot","potentialAction":[{"@type":"SearchAction","target":{"@type":"EntryPoint","urlTemplate":"https:\/\/pamoco.papercut.pl\/de\/?s={search_term_string}"},"query-input":"required name=search_term_string"}],"inLanguage":"de-DE"},{"@type":"WebPage","@id":"https:\/\/pamoco.papercut.pl\/de\/produkte\/linearmotoren-mit-integrierten-drive\/#webpage","url":"https:\/\/pamoco.papercut.pl\/de\/produkte\/linearmotoren-mit-integrierten-drive\/","name":"Linearmotoren mit integrierten Drive | Linear Motion Technology Leader | LinMot","isPartOf":{"@id":"https:\/\/pamoco.papercut.pl\/de\/#website"},"datePublished":"2018-08-14T11:05:27+00:00","dateModified":"2018-08-14T11:05:27+00:00","description":"Linearmotoren mit integrierten Drive | Linear Motion Technology Leader | LinMot","breadcrumb":{"@id":"https:\/\/pamoco.papercut.pl\/de\/produkte\/linearmotoren-mit-integrierten-drive\/#breadcrumb"},"inLanguage":"de-DE","potentialAction":[{"@type":"ReadAction","target":["https:\/\/pamoco.papercut.pl\/de\/produkte\/linearmotoren-mit-integrierten-drive\/"]}]},{"@type":"BreadcrumbList","@id":"https:\/\/pamoco.papercut.pl\/de\/produkte\/linearmotoren-mit-integrierten-drive\/#breadcrumb","itemListElement":[{"@type":"ListItem","position":1,"name":"LinMot","item":"https:\/\/pamoco.papercut.pl\/de\/"},{"@type":"ListItem","position":2,"name":"Produkte","item":"https:\/\/pamoco.papercut.pl\/de\/produkte\/"},{"@type":"ListItem","position":3,"name":"Linearmotoren mit integrierten Drive"}]}]}},"_links":{"self":[{"href":"https:\/\/pamoco.papercut.pl\/de\/wp-json\/wp\/v2\/pages\/696"}],"collection":[{"href":"https:\/\/pamoco.papercut.pl\/de\/wp-json\/wp\/v2\/pages"}],"about":[{"href":"https:\/\/pamoco.papercut.pl\/de\/wp-json\/wp\/v2\/types\/page"}],"author":[{"embeddable":true,"href":"https:\/\/pamoco.papercut.pl\/de\/wp-json\/wp\/v2\/users\/1"}],"replies":[{"embeddable":true,"href":"https:\/\/pamoco.papercut.pl\/de\/wp-json\/wp\/v2\/comments?post=696"}],"version-history":[{"count":1,"href":"https:\/\/pamoco.papercut.pl\/de\/wp-json\/wp\/v2\/pages\/696\/revisions"}],"predecessor-version":[{"id":700,"href":"https:\/\/pamoco.papercut.pl\/de\/wp-json\/wp\/v2\/pages\/696\/revisions\/700"}],"up":[{"embeddable":true,"href":"https:\/\/pamoco.papercut.pl\/de\/wp-json\/wp\/v2\/pages\/6"}],"wp:attachment":[{"href":"https:\/\/pamoco.papercut.pl\/de\/wp-json\/wp\/v2\/media?parent=696"}],"curies":[{"name":"wp","href":"https:\/\/api.w.org\/{rel}","templated":true}]}}