{"id":584,"date":"2018-08-06T10:32:45","date_gmt":"2018-08-06T08:32:45","guid":{"rendered":"https:\/\/linmot.com\/?page_id=584"},"modified":"2018-09-06T15:00:39","modified_gmt":"2018-09-06T13:00:39","slug":"hubdreh-motoren-serie-pr02","status":"publish","type":"page","link":"https:\/\/pamoco.papercut.pl\/de\/produkte\/hubdreh-motoren-serie-pr02\/","title":{"rendered":"Hubdreh-Motoren Serie PR02"},"content":{"rendered":"<p>Die neue Motorserie PR02 zeichnet sich durch ein neues Design aus, bei dem die Motoren inklusive Zusatzkomponenten in einem schlanken Geh\u00e4use integriert sind. Neben dem Linearmotor und dem Drehmotor k\u00f6nnen weitere Optionen wie eine magnetische Feder \u201eMagSpring\u201c, ein Drehmoment- und ein Kraftsensor eingebaut werden. Die MagSpring sorgt daf\u00fcr, dass die Gewichtskraft der bewegten Last passiv kompensiert wird und verhindert zudem das Absenken der Achse im stromlosen Zustand. Der Drehmoment- und Kraftsensor erm\u00f6glichen pr\u00e4zise, reproduzier- und protokollierbare Verschliess-Vorg\u00e4nge wie sie beispielsweise in der Pharmaindustrie gefordert sind.<br \/>\nDer Anwender profitiert des Weiteren von der verk\u00fcrzten Einbaul\u00e4nge der gesamten Einheit und dem hygienischen Design mit einfach zu reinigenden Oberfl\u00e4chen.<\/p>\n<img loading=\"lazy\" src=\"https:\/\/linmot.com\/de\/wp-content\/uploads\/sites\/2\/2018\/08\/PR02_innereien_halbtransparent_beschreibung_DE.jpg\" alt=\"\" width=\"650\" height=\"421\" class=\"aligncenter size-full wp-image-833\" srcset=\"https:\/\/pamoco.papercut.pl\/de\/wp-content\/uploads\/sites\/2\/2018\/08\/PR02_innereien_halbtransparent_beschreibung_DE.jpg 650w, https:\/\/pamoco.papercut.pl\/de\/wp-content\/uploads\/sites\/2\/2018\/08\/PR02_innereien_halbtransparent_beschreibung_DE-300x194.jpg 300w\" sizes=\"(max-width: 650px) 100vw, 650px\" \/>\n<p>Ein feinf\u00fchliges Assemblieren oder Verschrauben mit Endtoleranzen im Millinewtonmeterbereich erfordert bei Verschrauber-Einheiten eine aufwendige, meist externe Messtechnik. In den neuen PR02 HubDreh-Motoren von LinMot ist alles bereits integriert, was f\u00fcr die Ausf\u00fchrung einer anspruchsvollen Verschliessaufgabe ben\u00f6tigt wird.<br \/>\nW\u00e4hrend des Arbeitsprozesses messen die PR02 HubDreh-Motoren alle wichtigen Gr\u00f6ssen wie lineare Position, Drehwinkel, Vorschubkraft sowie Drehmoment und regeln diese pr\u00e4zise f\u00fcr die jeweilige Anwendung. F\u00e4lle, in denen beispielsweise schlecht sitzende Verschl\u00fcsse oder besch\u00e4digte Gewinde das Assemblieren st\u00f6ren, werden redundant durch die beiden Servomotoren und die jeweiligen Sensoren erkannt.<\/p>\n<div class=\"row\">\n<div class=\"col-md-5\">\n<ul>\n<li>Neues Konstruktionprinzip mit k\u00fcrzerer Einbaul\u00e4nge<\/li>\n<li>Option Drehmomentmesswelle f\u00fcr hochgenaue Drehmomentregelung und Prozessdatenprotokollierung<\/li>\n<li>Option Kraftsensor f\u00fcr feinf\u00fchlige Verschliess-Vorg\u00e4nge<\/li>\n<li>Option integrierte MagSpring f\u00fcr Lastkompensation<\/li>\n<li>Unabh\u00e4ngige lineare und rotative Bewegungen<\/li>\n<li>Umfangreiches Hubspektrum<\/li>\n<\/ul>\n<\/div>\n<div class=\"col-md-7\">\n<div class=\"carousel slide\" id=\"014ca1dcead6d61e90fc2c4213de6d6e\" data-ride=\"carousel\">  <div class=\"carousel-inner\" role=\"listbox\">    <div class=\"item active\">      <img src=\"https:\/\/pamoco.papercut.pl\/de\/wp-content\/uploads\/sites\/2\/2018\/08\/Linear-Rotary-Motors-Series-PR02-2018.jpg\" alt=\"...\">    <\/div>    <div class=\"item\">      <img src=\"https:\/\/pamoco.papercut.pl\/de\/wp-content\/uploads\/sites\/2\/2018\/08\/Linear-Rotary-Motors-Series-PR02-2018-2.jpg\" alt=\"...\">    <\/div>    <div class=\"item\">      <img src=\"https:\/\/pamoco.papercut.pl\/de\/wp-content\/uploads\/sites\/2\/2018\/08\/Linear-Rotary-Motors-Series-PR02-Montage.jpg\" alt=\"...\">    <\/div>  <\/div><div class=\"navigation\"><a class=\"left carousel-control\" href=\"#014ca1dcead6d61e90fc2c4213de6d6e\" role=\"button\" data-slide=\"prev\"><\/a><a class=\"right carousel-control\" href=\"#014ca1dcead6d61e90fc2c4213de6d6e\" role=\"button\" data-slide=\"next\"><\/a><\/div><\/div>\n<\/div>\n<\/div>\n<blockquote><p>Anspruchsvolle und feinf\u00fchlige Assemblieraufgaben werden ganz ohne externe Messtechnik ausgef\u00fchrt<\/p><\/blockquote>\n<p>Der innovative PR02 liefert alle notwendigen Datenpakete f\u00fcr eine vernetzte Produktion im Sinne der \u201eIndustrie 4.0\u201c. Mithilfe der Antriebsparameter und den zus\u00e4tzlich integrierbaren Sensoren stehen detaillierte Informationen wie die vertikale Position, Presskraft bzw. Aufprellkraft, Verschliesswinkel und Drehmoment zur Verf\u00fcgung. Diese Angaben vereinfachen in vielen F\u00e4llen aufwendige nachgelagerte Pr\u00fcfungen bzw. Inspektionen oder machen eine solche ganz \u00fcberfl\u00fcssig. Der Anwender erh\u00e4lt die volle Kontrolle \u00fcber die Prozessqualit\u00e4t und kann fr\u00fchzeitig Abweichungen erkennen. Dar\u00fcber hinaus wird die R\u00fcckverfolgbarkeit jedes einzelnen Produkts in der ganzen Produktionskette sichergestellt.<\/p>\n","protected":false},"excerpt":{"rendered":"<p>Die neue Motorserie PR02 zeichnet sich durch ein neues Design aus, bei dem die Motoren inklusive Zusatzkomponenten in einem schlanken Geh\u00e4use integriert sind. Neben dem Linearmotor und dem Drehmotor k\u00f6nnen weitere Optionen wie eine magnetische Feder \u201eMagSpring\u201c, ein Drehmoment- und ein Kraftsensor eingebaut werden. Die MagSpring sorgt daf\u00fcr, dass die Gewichtskraft der bewegten Last passiv [&hellip;]<\/p>\n","protected":false},"author":1,"featured_media":0,"parent":6,"menu_order":0,"comment_status":"closed","ping_status":"closed","template":"","meta":[],"acf":[],"yoast_head":"<!-- This site is optimized with the Yoast SEO plugin v17.5 - https:\/\/yoast.com\/wordpress\/plugins\/seo\/ -->\n<title>Hubdreh-Motoren Serie PR02 | Linear Motion Technology Leader | LinMot<\/title>\n<meta name=\"description\" content=\"Hubdreh-Motoren Serie PR02 | Linear Motion Technology Leader | LinMot\" \/>\n<meta name=\"robots\" content=\"noindex, follow, max-snippet:-1, max-image-preview:large, max-video-preview:-1\" \/>\n<meta property=\"og:locale\" content=\"de_DE\" \/>\n<meta property=\"og:type\" content=\"article\" \/>\n<meta property=\"og:title\" content=\"Hubdreh-Motoren Serie PR02 | Linear Motion Technology Leader | LinMot\" \/>\n<meta property=\"og:description\" content=\"Hubdreh-Motoren Serie PR02 | Linear Motion Technology Leader | LinMot\" \/>\n<meta property=\"og:url\" content=\"https:\/\/pamoco.papercut.pl\/de\/produkte\/hubdreh-motoren-serie-pr02\/\" \/>\n<meta property=\"og:site_name\" content=\"LinMot DE\" \/>\n<meta property=\"article:modified_time\" content=\"2018-09-06T13:00:39+00:00\" \/>\n<meta property=\"og:image\" content=\"https:\/\/linmot.com\/de\/wp-content\/uploads\/sites\/2\/2018\/08\/PR02_innereien_halbtransparent_beschreibung_DE.jpg\" \/>\n<meta name=\"twitter:card\" content=\"summary\" \/>\n<meta name=\"twitter:label1\" content=\"Gesch\u00e4tzte Lesezeit\" \/>\n\t<meta name=\"twitter:data1\" content=\"2 Minuten\" \/>\n<script type=\"application\/ld+json\" class=\"yoast-schema-graph\">{\"@context\":\"https:\/\/schema.org\",\"@graph\":[{\"@type\":\"WebSite\",\"@id\":\"https:\/\/pamoco.papercut.pl\/de\/#website\",\"url\":\"https:\/\/pamoco.papercut.pl\/de\/\",\"name\":\"LinMot DE\",\"description\":\"Linmot\",\"potentialAction\":[{\"@type\":\"SearchAction\",\"target\":{\"@type\":\"EntryPoint\",\"urlTemplate\":\"https:\/\/pamoco.papercut.pl\/de\/?s={search_term_string}\"},\"query-input\":\"required name=search_term_string\"}],\"inLanguage\":\"de-DE\"},{\"@type\":\"ImageObject\",\"@id\":\"https:\/\/pamoco.papercut.pl\/de\/produkte\/hubdreh-motoren-serie-pr02\/#primaryimage\",\"inLanguage\":\"de-DE\",\"url\":\"https:\/\/linmot.com\/de\/wp-content\/uploads\/sites\/2\/2018\/08\/PR02_innereien_halbtransparent_beschreibung_DE.jpg\",\"contentUrl\":\"https:\/\/linmot.com\/de\/wp-content\/uploads\/sites\/2\/2018\/08\/PR02_innereien_halbtransparent_beschreibung_DE.jpg\"},{\"@type\":\"WebPage\",\"@id\":\"https:\/\/pamoco.papercut.pl\/de\/produkte\/hubdreh-motoren-serie-pr02\/#webpage\",\"url\":\"https:\/\/pamoco.papercut.pl\/de\/produkte\/hubdreh-motoren-serie-pr02\/\",\"name\":\"Hubdreh-Motoren Serie PR02 | Linear Motion Technology Leader | LinMot\",\"isPartOf\":{\"@id\":\"https:\/\/pamoco.papercut.pl\/de\/#website\"},\"primaryImageOfPage\":{\"@id\":\"https:\/\/pamoco.papercut.pl\/de\/produkte\/hubdreh-motoren-serie-pr02\/#primaryimage\"},\"datePublished\":\"2018-08-06T08:32:45+00:00\",\"dateModified\":\"2018-09-06T13:00:39+00:00\",\"description\":\"Hubdreh-Motoren Serie PR02 | Linear Motion Technology Leader | LinMot\",\"breadcrumb\":{\"@id\":\"https:\/\/pamoco.papercut.pl\/de\/produkte\/hubdreh-motoren-serie-pr02\/#breadcrumb\"},\"inLanguage\":\"de-DE\",\"potentialAction\":[{\"@type\":\"ReadAction\",\"target\":[\"https:\/\/pamoco.papercut.pl\/de\/produkte\/hubdreh-motoren-serie-pr02\/\"]}]},{\"@type\":\"BreadcrumbList\",\"@id\":\"https:\/\/pamoco.papercut.pl\/de\/produkte\/hubdreh-motoren-serie-pr02\/#breadcrumb\",\"itemListElement\":[{\"@type\":\"ListItem\",\"position\":1,\"name\":\"LinMot\",\"item\":\"https:\/\/pamoco.papercut.pl\/de\/\"},{\"@type\":\"ListItem\",\"position\":2,\"name\":\"Produkte\",\"item\":\"https:\/\/pamoco.papercut.pl\/de\/produkte\/\"},{\"@type\":\"ListItem\",\"position\":3,\"name\":\"Hubdreh-Motoren Serie PR02\"}]}]}<\/script>\n<!-- \/ Yoast SEO plugin. -->","yoast_head_json":{"title":"Hubdreh-Motoren Serie PR02 | Linear Motion Technology Leader | LinMot","description":"Hubdreh-Motoren Serie PR02 | Linear Motion Technology Leader | LinMot","robots":{"index":"noindex","follow":"follow","max-snippet":"max-snippet:-1","max-image-preview":"max-image-preview:large","max-video-preview":"max-video-preview:-1"},"og_locale":"de_DE","og_type":"article","og_title":"Hubdreh-Motoren Serie PR02 | Linear Motion Technology Leader | LinMot","og_description":"Hubdreh-Motoren Serie PR02 | Linear Motion Technology Leader | LinMot","og_url":"https:\/\/pamoco.papercut.pl\/de\/produkte\/hubdreh-motoren-serie-pr02\/","og_site_name":"LinMot DE","article_modified_time":"2018-09-06T13:00:39+00:00","og_image":[{"url":"https:\/\/linmot.com\/de\/wp-content\/uploads\/sites\/2\/2018\/08\/PR02_innereien_halbtransparent_beschreibung_DE.jpg"}],"twitter_card":"summary","twitter_misc":{"Gesch\u00e4tzte Lesezeit":"2 Minuten"},"schema":{"@context":"https:\/\/schema.org","@graph":[{"@type":"WebSite","@id":"https:\/\/pamoco.papercut.pl\/de\/#website","url":"https:\/\/pamoco.papercut.pl\/de\/","name":"LinMot DE","description":"Linmot","potentialAction":[{"@type":"SearchAction","target":{"@type":"EntryPoint","urlTemplate":"https:\/\/pamoco.papercut.pl\/de\/?s={search_term_string}"},"query-input":"required name=search_term_string"}],"inLanguage":"de-DE"},{"@type":"ImageObject","@id":"https:\/\/pamoco.papercut.pl\/de\/produkte\/hubdreh-motoren-serie-pr02\/#primaryimage","inLanguage":"de-DE","url":"https:\/\/linmot.com\/de\/wp-content\/uploads\/sites\/2\/2018\/08\/PR02_innereien_halbtransparent_beschreibung_DE.jpg","contentUrl":"https:\/\/linmot.com\/de\/wp-content\/uploads\/sites\/2\/2018\/08\/PR02_innereien_halbtransparent_beschreibung_DE.jpg"},{"@type":"WebPage","@id":"https:\/\/pamoco.papercut.pl\/de\/produkte\/hubdreh-motoren-serie-pr02\/#webpage","url":"https:\/\/pamoco.papercut.pl\/de\/produkte\/hubdreh-motoren-serie-pr02\/","name":"Hubdreh-Motoren Serie PR02 | Linear Motion Technology Leader | LinMot","isPartOf":{"@id":"https:\/\/pamoco.papercut.pl\/de\/#website"},"primaryImageOfPage":{"@id":"https:\/\/pamoco.papercut.pl\/de\/produkte\/hubdreh-motoren-serie-pr02\/#primaryimage"},"datePublished":"2018-08-06T08:32:45+00:00","dateModified":"2018-09-06T13:00:39+00:00","description":"Hubdreh-Motoren Serie PR02 | Linear Motion Technology Leader | LinMot","breadcrumb":{"@id":"https:\/\/pamoco.papercut.pl\/de\/produkte\/hubdreh-motoren-serie-pr02\/#breadcrumb"},"inLanguage":"de-DE","potentialAction":[{"@type":"ReadAction","target":["https:\/\/pamoco.papercut.pl\/de\/produkte\/hubdreh-motoren-serie-pr02\/"]}]},{"@type":"BreadcrumbList","@id":"https:\/\/pamoco.papercut.pl\/de\/produkte\/hubdreh-motoren-serie-pr02\/#breadcrumb","itemListElement":[{"@type":"ListItem","position":1,"name":"LinMot","item":"https:\/\/pamoco.papercut.pl\/de\/"},{"@type":"ListItem","position":2,"name":"Produkte","item":"https:\/\/pamoco.papercut.pl\/de\/produkte\/"},{"@type":"ListItem","position":3,"name":"Hubdreh-Motoren Serie PR02"}]}]}},"_links":{"self":[{"href":"https:\/\/pamoco.papercut.pl\/de\/wp-json\/wp\/v2\/pages\/584"}],"collection":[{"href":"https:\/\/pamoco.papercut.pl\/de\/wp-json\/wp\/v2\/pages"}],"about":[{"href":"https:\/\/pamoco.papercut.pl\/de\/wp-json\/wp\/v2\/types\/page"}],"author":[{"embeddable":true,"href":"https:\/\/pamoco.papercut.pl\/de\/wp-json\/wp\/v2\/users\/1"}],"replies":[{"embeddable":true,"href":"https:\/\/pamoco.papercut.pl\/de\/wp-json\/wp\/v2\/comments?post=584"}],"version-history":[{"count":8,"href":"https:\/\/pamoco.papercut.pl\/de\/wp-json\/wp\/v2\/pages\/584\/revisions"}],"predecessor-version":[{"id":834,"href":"https:\/\/pamoco.papercut.pl\/de\/wp-json\/wp\/v2\/pages\/584\/revisions\/834"}],"up":[{"embeddable":true,"href":"https:\/\/pamoco.papercut.pl\/de\/wp-json\/wp\/v2\/pages\/6"}],"wp:attachment":[{"href":"https:\/\/pamoco.papercut.pl\/de\/wp-json\/wp\/v2\/media?parent=584"}],"curies":[{"name":"wp","href":"https:\/\/api.w.org\/{rel}","templated":true}]}}