{"id":58,"date":"2017-10-20T23:34:41","date_gmt":"2017-10-20T21:34:41","guid":{"rendered":"https:\/\/linmot.com\/?page_id=58"},"modified":"2018-08-13T15:39:30","modified_gmt":"2018-08-13T13:39:30","slug":"lebensmittel","status":"publish","type":"page","link":"https:\/\/pamoco.papercut.pl\/de\/branchen\/lebensmittel\/","title":{"rendered":"Lebensmittel"},"content":{"rendered":"<img loading=\"lazy\" src=\"https:\/\/linmot.com\/wp-content\/uploads\/2017\/10\/LinMot-Solutions-Food-Products-Industry.jpg\" alt=\"\" width=\"940\" height=\"300\" class=\"aligncenter size-full wp-image-196\" srcset=\"https:\/\/pamoco.papercut.pl\/de\/wp-content\/uploads\/sites\/2\/2017\/10\/LinMot-Solutions-Food-Products-Industry.jpg 940w, https:\/\/pamoco.papercut.pl\/de\/wp-content\/uploads\/sites\/2\/2017\/10\/LinMot-Solutions-Food-Products-Industry-300x96.jpg 300w, https:\/\/pamoco.papercut.pl\/de\/wp-content\/uploads\/sites\/2\/2017\/10\/LinMot-Solutions-Food-Products-Industry-768x245.jpg 768w\" sizes=\"(max-width: 940px) 100vw, 940px\" \/>\n<p>Die meisten Lebensmittel, die wir verbrauchen, stammen nicht mehr direkt vom Erzeuger, sondern durchlaufen eine Reihe industrieller Verarbeitungs- und Verpackungsprozesse, bevor sie im Supermarktregal bzw. in unserem Einkaufskorb landen. Die Automatisierungstechnik ist ein grundlegender Baustein aller Nahrungsmittel- und Verpackungsmaschinen. Sich h\u00e4ufig \u00e4ndernde Verpackungen in immer kleineren Losgr\u00f6\u00dfen oder immer gr\u00f6\u00dfere Ausbringungsmengen geh\u00f6ren zu den g\u00e4ngigen Anforderungen an die Maschinenbauer. Hinzu kommt noch die Forderung nach vollkommener Kontrolle und Protokollierung der Prozesse. Jeder Hersteller und Verarbeiter von Lebensmitteln m\u00f6chte eine sichere und \u00fcberwachte Produktion von der zu verarbeitenden Ware haben. Hierbei muss auch zwingend die Einhaltung des Verbraucherschutzes des Produktes, im Sinne g\u00e4ngiger Hygienerichtlinien, beachtet werden.<\/p>\n<p>LinMot Antriebe bieten dem Maschinenbauer die optimalen Komponenten, um den Herstellungs- bzw. Verpackungsprozess im Lebensmittelbereich in Bewegung zu setzen.<br \/>\nSpeziell hierf\u00fcr wurden verschiedene Linearmotortypen in hoch hygienischer INOX Bauweise entwickelt.<br \/>\nDiese k\u00f6nnen standardm\u00e4ssig, hochdynamische lineare oder linear-rotative Bewegungen unter dem Geh\u00e4use eines einzelnen Motortyps, ausf\u00fchren.<br \/>\nZusammen mit der freien Programmierbarkeit der Bewegungsparameter \u00fcber den Drive, erzielen die Motoren ein hohes Mass an Flexibilit\u00e4t f\u00fcr Anwendungen wie z.B.:<\/p>\n<div class=\"row\">\n<div class=\"col-sm-4\">\n<ul>\n<li>Abf\u00fcllen von Getr\u00e4nken<\/li>\n<li>Produkte in Verpackungen ablegen<\/li>\n<li>Produkte wiegen<\/li>\n<li>Erzeugnisse dosieren<\/li>\n<\/ul>\n<\/div>\n<div class=\"col-sm-4\">\n<ul>\n<li>Sortieren \u00fcber Pusher oder Pull Nose<\/li>\n<li>Produkte ausschlagen<\/li>\n<li>Lebensmittel schneiden<\/li>\n<li>Verpacken<\/li>\n<\/ul>\n<\/div>\n<div class=\"col-sm-4\">\n<ul>\n<li>Versiegeln<\/li>\n<li>Verdichten<\/li>\n<li>etc.<\/li>\n<\/ul>\n<\/div>\n<\/div>\n<h2>Getr\u00e4nke<\/h2>\n<p>Trinken ist seit langem nicht nur eine Notwendigkeit sondern ein Ausdruck des eigenen Lifestyles.<br \/>\nOb Fruchts\u00e4fte, stilles wie sprudelndes Wasser, Vitamin- und Mineralstoffgetr\u00e4nke, Mischgetr\u00e4nke, Energy-Drinks oder \u00d6ko-Drinks, das Angebot ist unersch\u00f6pflich.<br \/>\nF\u00fcr die Getr\u00e4nkeindustrie heisst das, fortlaufend in der Lage zu sein, die eigene Fertigungsstrategie anpassen zu k\u00f6nnen. Ein Weg, die Getr\u00e4nkeherstellung flexibler und wirtschaftlicher zu gestalten, f\u00fchrt zunehmend \u00fcber eine durchg\u00e4ngige Automatisierung.<\/p>\n<p><a href=\"https:\/\/linmot.com\/produkte\/linearmotoren\/\">LinMot Linearmotoren im hygienischen Design<\/a> bieten w\u00e4hrend des gesamten Herstellungsprozesses hierf\u00fcr die idealen L\u00f6sungen:<\/p>\n<ul>\n<li>Ein- und Mehrachsverschliesser<\/li>\n<li>Ausleiten<\/li>\n<li>Ventilantrieb<\/li>\n<li>Dekorieren<\/li>\n<li>Etikettieren<\/li>\n<li>Packsysteme<\/li>\n<li>Transport<\/li>\n<li>etc.<\/li>\n<\/ul>\n<p>Kunden weltweit nutzen die innovative LinMot Antriebstechnik und sorgen f\u00fcr mehr Flexibilit\u00e4t bei k\u00fcrzeren Produktzyklen.<\/p>\n","protected":false},"excerpt":{"rendered":"<p>Die meisten Lebensmittel, die wir verbrauchen, stammen nicht mehr direkt vom Erzeuger, sondern durchlaufen eine Reihe industrieller Verarbeitungs- und Verpackungsprozesse, bevor sie im Supermarktregal bzw. in unserem Einkaufskorb landen. Die Automatisierungstechnik ist ein grundlegender Baustein aller Nahrungsmittel- und Verpackungsmaschinen. Sich h\u00e4ufig \u00e4ndernde Verpackungen in immer kleineren Losgr\u00f6\u00dfen oder immer gr\u00f6\u00dfere Ausbringungsmengen geh\u00f6ren zu den g\u00e4ngigen [&hellip;]<\/p>\n","protected":false},"author":1,"featured_media":0,"parent":8,"menu_order":0,"comment_status":"closed","ping_status":"closed","template":"","meta":[],"acf":[],"yoast_head":"<!-- This site is optimized with the Yoast SEO plugin v17.5 - https:\/\/yoast.com\/wordpress\/plugins\/seo\/ -->\n<title>Lebensmittel | Linear Motion Technology Leader | LinMot<\/title>\n<meta name=\"description\" content=\"Lebensmittel | Linear Motion Technology Leader | LinMot\" \/>\n<meta name=\"robots\" content=\"noindex, follow, max-snippet:-1, max-image-preview:large, max-video-preview:-1\" \/>\n<meta property=\"og:locale\" content=\"de_DE\" \/>\n<meta property=\"og:type\" content=\"article\" \/>\n<meta property=\"og:title\" content=\"Lebensmittel | Linear Motion Technology Leader | LinMot\" \/>\n<meta property=\"og:description\" content=\"Lebensmittel | Linear Motion Technology Leader | LinMot\" \/>\n<meta property=\"og:url\" content=\"https:\/\/pamoco.papercut.pl\/de\/branchen\/lebensmittel\/\" \/>\n<meta property=\"og:site_name\" content=\"LinMot DE\" \/>\n<meta property=\"article:modified_time\" content=\"2018-08-13T13:39:30+00:00\" \/>\n<meta property=\"og:image\" content=\"https:\/\/linmot.com\/wp-content\/uploads\/2017\/10\/LinMot-Solutions-Food-Products-Industry.jpg\" \/>\n<meta name=\"twitter:card\" content=\"summary\" \/>\n<meta name=\"twitter:label1\" content=\"Gesch\u00e4tzte Lesezeit\" \/>\n\t<meta name=\"twitter:data1\" content=\"2 Minuten\" \/>\n<script type=\"application\/ld+json\" class=\"yoast-schema-graph\">{\"@context\":\"https:\/\/schema.org\",\"@graph\":[{\"@type\":\"WebSite\",\"@id\":\"https:\/\/pamoco.papercut.pl\/de\/#website\",\"url\":\"https:\/\/pamoco.papercut.pl\/de\/\",\"name\":\"LinMot DE\",\"description\":\"Linmot\",\"potentialAction\":[{\"@type\":\"SearchAction\",\"target\":{\"@type\":\"EntryPoint\",\"urlTemplate\":\"https:\/\/pamoco.papercut.pl\/de\/?s={search_term_string}\"},\"query-input\":\"required name=search_term_string\"}],\"inLanguage\":\"de-DE\"},{\"@type\":\"ImageObject\",\"@id\":\"https:\/\/pamoco.papercut.pl\/de\/branchen\/lebensmittel\/#primaryimage\",\"inLanguage\":\"de-DE\",\"url\":\"https:\/\/linmot.com\/wp-content\/uploads\/2017\/10\/LinMot-Solutions-Food-Products-Industry.jpg\",\"contentUrl\":\"https:\/\/linmot.com\/wp-content\/uploads\/2017\/10\/LinMot-Solutions-Food-Products-Industry.jpg\"},{\"@type\":\"WebPage\",\"@id\":\"https:\/\/pamoco.papercut.pl\/de\/branchen\/lebensmittel\/#webpage\",\"url\":\"https:\/\/pamoco.papercut.pl\/de\/branchen\/lebensmittel\/\",\"name\":\"Lebensmittel | Linear Motion Technology Leader | LinMot\",\"isPartOf\":{\"@id\":\"https:\/\/pamoco.papercut.pl\/de\/#website\"},\"primaryImageOfPage\":{\"@id\":\"https:\/\/pamoco.papercut.pl\/de\/branchen\/lebensmittel\/#primaryimage\"},\"datePublished\":\"2017-10-20T21:34:41+00:00\",\"dateModified\":\"2018-08-13T13:39:30+00:00\",\"description\":\"Lebensmittel | Linear Motion Technology Leader | LinMot\",\"breadcrumb\":{\"@id\":\"https:\/\/pamoco.papercut.pl\/de\/branchen\/lebensmittel\/#breadcrumb\"},\"inLanguage\":\"de-DE\",\"potentialAction\":[{\"@type\":\"ReadAction\",\"target\":[\"https:\/\/pamoco.papercut.pl\/de\/branchen\/lebensmittel\/\"]}]},{\"@type\":\"BreadcrumbList\",\"@id\":\"https:\/\/pamoco.papercut.pl\/de\/branchen\/lebensmittel\/#breadcrumb\",\"itemListElement\":[{\"@type\":\"ListItem\",\"position\":1,\"name\":\"LinMot\",\"item\":\"https:\/\/pamoco.papercut.pl\/de\/\"},{\"@type\":\"ListItem\",\"position\":2,\"name\":\"Branchen\",\"item\":\"https:\/\/pamoco.papercut.pl\/de\/branchen\/\"},{\"@type\":\"ListItem\",\"position\":3,\"name\":\"Lebensmittel\"}]}]}<\/script>\n<!-- \/ Yoast SEO plugin. -->","yoast_head_json":{"title":"Lebensmittel | Linear Motion Technology Leader | LinMot","description":"Lebensmittel | Linear Motion Technology Leader | LinMot","robots":{"index":"noindex","follow":"follow","max-snippet":"max-snippet:-1","max-image-preview":"max-image-preview:large","max-video-preview":"max-video-preview:-1"},"og_locale":"de_DE","og_type":"article","og_title":"Lebensmittel | Linear Motion Technology Leader | LinMot","og_description":"Lebensmittel | Linear Motion Technology Leader | LinMot","og_url":"https:\/\/pamoco.papercut.pl\/de\/branchen\/lebensmittel\/","og_site_name":"LinMot DE","article_modified_time":"2018-08-13T13:39:30+00:00","og_image":[{"url":"https:\/\/linmot.com\/wp-content\/uploads\/2017\/10\/LinMot-Solutions-Food-Products-Industry.jpg"}],"twitter_card":"summary","twitter_misc":{"Gesch\u00e4tzte Lesezeit":"2 Minuten"},"schema":{"@context":"https:\/\/schema.org","@graph":[{"@type":"WebSite","@id":"https:\/\/pamoco.papercut.pl\/de\/#website","url":"https:\/\/pamoco.papercut.pl\/de\/","name":"LinMot DE","description":"Linmot","potentialAction":[{"@type":"SearchAction","target":{"@type":"EntryPoint","urlTemplate":"https:\/\/pamoco.papercut.pl\/de\/?s={search_term_string}"},"query-input":"required name=search_term_string"}],"inLanguage":"de-DE"},{"@type":"ImageObject","@id":"https:\/\/pamoco.papercut.pl\/de\/branchen\/lebensmittel\/#primaryimage","inLanguage":"de-DE","url":"https:\/\/linmot.com\/wp-content\/uploads\/2017\/10\/LinMot-Solutions-Food-Products-Industry.jpg","contentUrl":"https:\/\/linmot.com\/wp-content\/uploads\/2017\/10\/LinMot-Solutions-Food-Products-Industry.jpg"},{"@type":"WebPage","@id":"https:\/\/pamoco.papercut.pl\/de\/branchen\/lebensmittel\/#webpage","url":"https:\/\/pamoco.papercut.pl\/de\/branchen\/lebensmittel\/","name":"Lebensmittel | Linear Motion Technology Leader | LinMot","isPartOf":{"@id":"https:\/\/pamoco.papercut.pl\/de\/#website"},"primaryImageOfPage":{"@id":"https:\/\/pamoco.papercut.pl\/de\/branchen\/lebensmittel\/#primaryimage"},"datePublished":"2017-10-20T21:34:41+00:00","dateModified":"2018-08-13T13:39:30+00:00","description":"Lebensmittel | Linear Motion Technology Leader | LinMot","breadcrumb":{"@id":"https:\/\/pamoco.papercut.pl\/de\/branchen\/lebensmittel\/#breadcrumb"},"inLanguage":"de-DE","potentialAction":[{"@type":"ReadAction","target":["https:\/\/pamoco.papercut.pl\/de\/branchen\/lebensmittel\/"]}]},{"@type":"BreadcrumbList","@id":"https:\/\/pamoco.papercut.pl\/de\/branchen\/lebensmittel\/#breadcrumb","itemListElement":[{"@type":"ListItem","position":1,"name":"LinMot","item":"https:\/\/pamoco.papercut.pl\/de\/"},{"@type":"ListItem","position":2,"name":"Branchen","item":"https:\/\/pamoco.papercut.pl\/de\/branchen\/"},{"@type":"ListItem","position":3,"name":"Lebensmittel"}]}]}},"_links":{"self":[{"href":"https:\/\/pamoco.papercut.pl\/de\/wp-json\/wp\/v2\/pages\/58"}],"collection":[{"href":"https:\/\/pamoco.papercut.pl\/de\/wp-json\/wp\/v2\/pages"}],"about":[{"href":"https:\/\/pamoco.papercut.pl\/de\/wp-json\/wp\/v2\/types\/page"}],"author":[{"embeddable":true,"href":"https:\/\/pamoco.papercut.pl\/de\/wp-json\/wp\/v2\/users\/1"}],"replies":[{"embeddable":true,"href":"https:\/\/pamoco.papercut.pl\/de\/wp-json\/wp\/v2\/comments?post=58"}],"version-history":[{"count":10,"href":"https:\/\/pamoco.papercut.pl\/de\/wp-json\/wp\/v2\/pages\/58\/revisions"}],"predecessor-version":[{"id":620,"href":"https:\/\/pamoco.papercut.pl\/de\/wp-json\/wp\/v2\/pages\/58\/revisions\/620"}],"up":[{"embeddable":true,"href":"https:\/\/pamoco.papercut.pl\/de\/wp-json\/wp\/v2\/pages\/8"}],"wp:attachment":[{"href":"https:\/\/pamoco.papercut.pl\/de\/wp-json\/wp\/v2\/media?parent=58"}],"curies":[{"name":"wp","href":"https:\/\/api.w.org\/{rel}","templated":true}]}}