{"id":56,"date":"2017-10-20T23:34:34","date_gmt":"2017-10-20T21:34:34","guid":{"rendered":"https:\/\/linmot.com\/?page_id=56"},"modified":"2018-08-26T19:57:40","modified_gmt":"2018-08-26T17:57:40","slug":"textil","status":"publish","type":"page","link":"https:\/\/pamoco.papercut.pl\/de\/branchen\/textil\/","title":{"rendered":"Textil"},"content":{"rendered":"<img loading=\"lazy\" src=\"https:\/\/linmot.com\/wp-content\/uploads\/2017\/10\/LinMot-Solutions-Textile-Machines-Industry.jpg\" alt=\"\" width=\"940\" height=\"300\" class=\"aligncenter size-full wp-image-205\" srcset=\"https:\/\/pamoco.papercut.pl\/de\/wp-content\/uploads\/sites\/2\/2017\/10\/LinMot-Solutions-Textile-Machines-Industry.jpg 940w, https:\/\/pamoco.papercut.pl\/de\/wp-content\/uploads\/sites\/2\/2017\/10\/LinMot-Solutions-Textile-Machines-Industry-300x96.jpg 300w, https:\/\/pamoco.papercut.pl\/de\/wp-content\/uploads\/sites\/2\/2017\/10\/LinMot-Solutions-Textile-Machines-Industry-768x245.jpg 768w\" sizes=\"(max-width: 940px) 100vw, 940px\" \/>\n<p>Die Anforderungen, welche die Textilindustrie heute an Webmaschinen stellt, sind vielf\u00e4ltig: Gefordert wird ein flexibler und schonender Materialeinsatz, extreme Musterungsvielfalt, eine absolute Funktionssicherheit und fehlerfreie Ware. Zudem verlangt die Branche, dass Stillstandszeiten so gering wie m\u00f6glich gehalten werden und die Produktivit\u00e4t gesteigert wird. <\/p>\n<blockquote><p>Der Einsatz von LinMot Antriebskomponenten hilft in einem hohen Mass, Antworten auf die Anforderungen des Marktes zu geben<\/p><\/blockquote>\n<p><a href=\"https:\/\/linmot.com\/de\/produkte\/linearmotoren\/\">LinMot Linearmotoren<\/a> zeichnen sich durch hochdynamische Bewegungen und eine starke Schmutzunempfindlichkeit aus. Dar\u00fcber hinaus haben sie keinerlei verschleissanf\u00e4llige Komponenten und garantieren somit eine lange Lebensdauer. Diese Vorz\u00fcge kommen seit Jahren in den neusten Webmaschinen zum Tragen. Die Motoren werden beispielsweise zum Verlegen und Positionieren von Zusatzf\u00e4den eingesetzt. Vor allem wenn es um das Stickweben geht, \u00fcbernehmen sie die Antriebsarbeit der Stickachsen. Auch f\u00fcr das pr\u00e4zise Aufwickeln von Textilgarn werden Linearmotoren favorisiert genutzt. Hierzu hat LinMot einen kompletten Funktionsbaustein programmiert, welcher den ganzen Wickelprozess steuert und durch die \u00fcbergeordnete Steuerung einfach abgerufen werden kann. <\/p>\n<p>Durch die fortlaufende Weiterentwicklung der Linearmotoren werden sich auch zuk\u00fcnftig weitere Einsatzm\u00f6glichkeiten in der Textilindustrie ergeben.  <\/p>\n","protected":false},"excerpt":{"rendered":"<p>Die Anforderungen, welche die Textilindustrie heute an Webmaschinen stellt, sind vielf\u00e4ltig: Gefordert wird ein flexibler und schonender Materialeinsatz, extreme Musterungsvielfalt, eine absolute Funktionssicherheit und fehlerfreie Ware. Zudem verlangt die Branche, dass Stillstandszeiten so gering wie m\u00f6glich gehalten werden und die Produktivit\u00e4t gesteigert wird. Der Einsatz von LinMot Antriebskomponenten hilft in einem hohen Mass, Antworten auf [&hellip;]<\/p>\n","protected":false},"author":1,"featured_media":0,"parent":8,"menu_order":0,"comment_status":"closed","ping_status":"closed","template":"","meta":[],"acf":[],"yoast_head":"<!-- This site is optimized with the Yoast SEO plugin v17.5 - https:\/\/yoast.com\/wordpress\/plugins\/seo\/ -->\n<title>Textil | Linear Motion Technology Leader | LinMot<\/title>\n<meta name=\"description\" content=\"Textil | Linear Motion Technology Leader | LinMot\" \/>\n<meta name=\"robots\" content=\"noindex, follow, max-snippet:-1, max-image-preview:large, max-video-preview:-1\" \/>\n<meta property=\"og:locale\" content=\"de_DE\" \/>\n<meta property=\"og:type\" content=\"article\" \/>\n<meta property=\"og:title\" content=\"Textil | Linear Motion Technology Leader | LinMot\" \/>\n<meta property=\"og:description\" content=\"Textil | Linear Motion Technology Leader | LinMot\" \/>\n<meta property=\"og:url\" content=\"https:\/\/pamoco.papercut.pl\/de\/branchen\/textil\/\" \/>\n<meta property=\"og:site_name\" content=\"LinMot DE\" \/>\n<meta property=\"article:modified_time\" content=\"2018-08-26T17:57:40+00:00\" \/>\n<meta property=\"og:image\" content=\"https:\/\/linmot.com\/wp-content\/uploads\/2017\/10\/LinMot-Solutions-Textile-Machines-Industry.jpg\" \/>\n<meta name=\"twitter:card\" content=\"summary\" \/>\n<meta name=\"twitter:label1\" content=\"Gesch\u00e4tzte Lesezeit\" \/>\n\t<meta name=\"twitter:data1\" content=\"1 Minute\" \/>\n<script type=\"application\/ld+json\" class=\"yoast-schema-graph\">{\"@context\":\"https:\/\/schema.org\",\"@graph\":[{\"@type\":\"WebSite\",\"@id\":\"https:\/\/pamoco.papercut.pl\/de\/#website\",\"url\":\"https:\/\/pamoco.papercut.pl\/de\/\",\"name\":\"LinMot DE\",\"description\":\"Linmot\",\"potentialAction\":[{\"@type\":\"SearchAction\",\"target\":{\"@type\":\"EntryPoint\",\"urlTemplate\":\"https:\/\/pamoco.papercut.pl\/de\/?s={search_term_string}\"},\"query-input\":\"required name=search_term_string\"}],\"inLanguage\":\"de-DE\"},{\"@type\":\"ImageObject\",\"@id\":\"https:\/\/pamoco.papercut.pl\/de\/branchen\/textil\/#primaryimage\",\"inLanguage\":\"de-DE\",\"url\":\"https:\/\/linmot.com\/wp-content\/uploads\/2017\/10\/LinMot-Solutions-Textile-Machines-Industry.jpg\",\"contentUrl\":\"https:\/\/linmot.com\/wp-content\/uploads\/2017\/10\/LinMot-Solutions-Textile-Machines-Industry.jpg\"},{\"@type\":\"WebPage\",\"@id\":\"https:\/\/pamoco.papercut.pl\/de\/branchen\/textil\/#webpage\",\"url\":\"https:\/\/pamoco.papercut.pl\/de\/branchen\/textil\/\",\"name\":\"Textil | Linear Motion Technology Leader | LinMot\",\"isPartOf\":{\"@id\":\"https:\/\/pamoco.papercut.pl\/de\/#website\"},\"primaryImageOfPage\":{\"@id\":\"https:\/\/pamoco.papercut.pl\/de\/branchen\/textil\/#primaryimage\"},\"datePublished\":\"2017-10-20T21:34:34+00:00\",\"dateModified\":\"2018-08-26T17:57:40+00:00\",\"description\":\"Textil | Linear Motion Technology Leader | LinMot\",\"breadcrumb\":{\"@id\":\"https:\/\/pamoco.papercut.pl\/de\/branchen\/textil\/#breadcrumb\"},\"inLanguage\":\"de-DE\",\"potentialAction\":[{\"@type\":\"ReadAction\",\"target\":[\"https:\/\/pamoco.papercut.pl\/de\/branchen\/textil\/\"]}]},{\"@type\":\"BreadcrumbList\",\"@id\":\"https:\/\/pamoco.papercut.pl\/de\/branchen\/textil\/#breadcrumb\",\"itemListElement\":[{\"@type\":\"ListItem\",\"position\":1,\"name\":\"LinMot\",\"item\":\"https:\/\/pamoco.papercut.pl\/de\/\"},{\"@type\":\"ListItem\",\"position\":2,\"name\":\"Branchen\",\"item\":\"https:\/\/pamoco.papercut.pl\/de\/branchen\/\"},{\"@type\":\"ListItem\",\"position\":3,\"name\":\"Textil\"}]}]}<\/script>\n<!-- \/ Yoast SEO plugin. -->","yoast_head_json":{"title":"Textil | Linear Motion Technology Leader | LinMot","description":"Textil | Linear Motion Technology Leader | LinMot","robots":{"index":"noindex","follow":"follow","max-snippet":"max-snippet:-1","max-image-preview":"max-image-preview:large","max-video-preview":"max-video-preview:-1"},"og_locale":"de_DE","og_type":"article","og_title":"Textil | Linear Motion Technology Leader | LinMot","og_description":"Textil | Linear Motion Technology Leader | LinMot","og_url":"https:\/\/pamoco.papercut.pl\/de\/branchen\/textil\/","og_site_name":"LinMot DE","article_modified_time":"2018-08-26T17:57:40+00:00","og_image":[{"url":"https:\/\/linmot.com\/wp-content\/uploads\/2017\/10\/LinMot-Solutions-Textile-Machines-Industry.jpg"}],"twitter_card":"summary","twitter_misc":{"Gesch\u00e4tzte Lesezeit":"1 Minute"},"schema":{"@context":"https:\/\/schema.org","@graph":[{"@type":"WebSite","@id":"https:\/\/pamoco.papercut.pl\/de\/#website","url":"https:\/\/pamoco.papercut.pl\/de\/","name":"LinMot DE","description":"Linmot","potentialAction":[{"@type":"SearchAction","target":{"@type":"EntryPoint","urlTemplate":"https:\/\/pamoco.papercut.pl\/de\/?s={search_term_string}"},"query-input":"required name=search_term_string"}],"inLanguage":"de-DE"},{"@type":"ImageObject","@id":"https:\/\/pamoco.papercut.pl\/de\/branchen\/textil\/#primaryimage","inLanguage":"de-DE","url":"https:\/\/linmot.com\/wp-content\/uploads\/2017\/10\/LinMot-Solutions-Textile-Machines-Industry.jpg","contentUrl":"https:\/\/linmot.com\/wp-content\/uploads\/2017\/10\/LinMot-Solutions-Textile-Machines-Industry.jpg"},{"@type":"WebPage","@id":"https:\/\/pamoco.papercut.pl\/de\/branchen\/textil\/#webpage","url":"https:\/\/pamoco.papercut.pl\/de\/branchen\/textil\/","name":"Textil | Linear Motion Technology Leader | LinMot","isPartOf":{"@id":"https:\/\/pamoco.papercut.pl\/de\/#website"},"primaryImageOfPage":{"@id":"https:\/\/pamoco.papercut.pl\/de\/branchen\/textil\/#primaryimage"},"datePublished":"2017-10-20T21:34:34+00:00","dateModified":"2018-08-26T17:57:40+00:00","description":"Textil | Linear Motion Technology Leader | LinMot","breadcrumb":{"@id":"https:\/\/pamoco.papercut.pl\/de\/branchen\/textil\/#breadcrumb"},"inLanguage":"de-DE","potentialAction":[{"@type":"ReadAction","target":["https:\/\/pamoco.papercut.pl\/de\/branchen\/textil\/"]}]},{"@type":"BreadcrumbList","@id":"https:\/\/pamoco.papercut.pl\/de\/branchen\/textil\/#breadcrumb","itemListElement":[{"@type":"ListItem","position":1,"name":"LinMot","item":"https:\/\/pamoco.papercut.pl\/de\/"},{"@type":"ListItem","position":2,"name":"Branchen","item":"https:\/\/pamoco.papercut.pl\/de\/branchen\/"},{"@type":"ListItem","position":3,"name":"Textil"}]}]}},"_links":{"self":[{"href":"https:\/\/pamoco.papercut.pl\/de\/wp-json\/wp\/v2\/pages\/56"}],"collection":[{"href":"https:\/\/pamoco.papercut.pl\/de\/wp-json\/wp\/v2\/pages"}],"about":[{"href":"https:\/\/pamoco.papercut.pl\/de\/wp-json\/wp\/v2\/types\/page"}],"author":[{"embeddable":true,"href":"https:\/\/pamoco.papercut.pl\/de\/wp-json\/wp\/v2\/users\/1"}],"replies":[{"embeddable":true,"href":"https:\/\/pamoco.papercut.pl\/de\/wp-json\/wp\/v2\/comments?post=56"}],"version-history":[{"count":6,"href":"https:\/\/pamoco.papercut.pl\/de\/wp-json\/wp\/v2\/pages\/56\/revisions"}],"predecessor-version":[{"id":814,"href":"https:\/\/pamoco.papercut.pl\/de\/wp-json\/wp\/v2\/pages\/56\/revisions\/814"}],"up":[{"embeddable":true,"href":"https:\/\/pamoco.papercut.pl\/de\/wp-json\/wp\/v2\/pages\/8"}],"wp:attachment":[{"href":"https:\/\/pamoco.papercut.pl\/de\/wp-json\/wp\/v2\/media?parent=56"}],"curies":[{"name":"wp","href":"https:\/\/api.w.org\/{rel}","templated":true}]}}