{"id":559,"date":"2018-05-15T19:20:40","date_gmt":"2018-05-15T17:20:40","guid":{"rendered":"https:\/\/linmot.com\/?page_id=559"},"modified":"2018-08-13T17:34:59","modified_gmt":"2018-08-13T15:34:59","slug":"glossar","status":"publish","type":"page","link":"https:\/\/pamoco.papercut.pl\/de\/support\/glossar\/","title":{"rendered":"Glossar"},"content":{"rendered":"<div class=\"row\">\n<div class=\"col-md-4\">\n<h4>Aktive Statorl\u00e4nge<\/h4>\n<p>L\u00e4nge der elektrischen Motorwicklung innerhalb des Linearmotor-Stators.<br \/>\n<\/div>\n<div class=\"col-md-4\">\n<h4>Anschlussinduktivit\u00e4t<\/h4>\n<p>Wirksame Induktivit\u00e4t zwischen zwei Anschlu\u0308ssen der Motorwicklung.<br \/>\n<\/div>\n<div class=\"col-md-4\">\n<h4>Anschlusswiderstand 25\/Tmax \u00b0C<\/h4>\n<p>Wirksamer ohmscher Widerstand zwischen zwei Anschlu\u0308ssen der Motorwicklung bei entsprechender Wicklungstemperatur.<br \/>\n<\/div>\n<\/div>\n<div class=\"row\">\n<div class=\"col-md-4\">\n<h4>Kraftkonstante<\/h4>\n<p>Die Kraftkonstante beschreibt den Zusammenhang zwischen Phasenstrom und der abgegebenen Kraft innerhalb des Standard Hubbereichs.<br \/>\n<\/div>\n<div class=\"col-md-4\">\n<h4>L\u00e4ufer<\/h4>\n<p>Der L\u00e4ufer ist der stabf\u00f6rmige Teil des Motors, der in den Stator geschoben wird. Der L\u00e4ufer besteht aus einem du\u0308nnwandigen Edelstahlrohr in dem die Motormagnete (Permanentmagnete) untergebracht sind.<br \/>\n<\/div>\n<div class=\"col-md-4\">\n<h4>L\u00e4uferdurchmesser<\/h4>\n<p>Aussendurchmesser des Linearmotor-L\u00e4ufers.<br \/>\n<\/div>\n<\/div>\n<div class=\"row\">\n<div class=\"col-md-4\">\n<h4>L\u00e4ufermasse<\/h4>\n<p>Eigenmasse des L\u00e4ufers.<br \/>\n<\/div>\n<div class=\"col-md-4\">\n<h4>Linearit\u00e4t<\/h4>\n<p>Maximaler Linearit\u00e4tsfehler des Antriebes bezogen auf den maximalen Hub des Linearmotors bei Ansteuerung mit einem LinMot Servo Drive.<br \/>\n<\/div>\n<div class=\"col-md-4\">\n<h4>Linearit\u00e4t mit ES<\/h4>\n<p>Maximaler Linearit\u00e4tsfehler bei Positionierung des Linearmotors mit einem LinMot Servo Drive und einer von LinMot optional lieferbaren externer Positionssensorik.<br \/>\n<\/div>\n<\/div>\n<div class=\"row\">\n<div class=\"col-md-4\">\n<h4>Magnetische L\u00e4uferl\u00e4nge<\/h4>\n<p>Die magnetische L\u00e4uferl\u00e4nge bezeichnet die L\u00e4nge der Magnets\u00e4ule im L\u00e4ufer.<br \/>\n<\/div>\n<div class=\"col-md-4\">\n<h4>Magnetische Periode<\/h4>\n<p>Abstand von Nordpol bis Nordpol erzeugt durch die Magnete im L\u00e4ufer.<br \/>\n<\/div>\n<div class=\"col-md-4\">\n<h4>Max. Dauerkraft [Passivku\u0308hlung \/ Lu\u0308fter \/ Fluid]<\/h4>\n<p>Maximale Kraft, welche der Linearmotor bei einer Ku\u0308hlmedium-Temperatur von 25\u00b0C und verschiedenen Ku\u0308hlungsvarianten dauernd aufbringen kann, ohne dass die maximale Wicklungstemperatur u\u0308berschritten wird.<br \/>\n<\/div>\n<\/div>\n<div class=\"row\">\n<div class=\"col-md-4\">\n<h4>Max. Dauerstrom [Passivku\u0308hlung \/ Lu\u0308fter \/ Fluid]<\/h4>\n<p>Maximale Dauerstromwerte des Linearmotors fu\u0308r unterschiedliche Ku\u0308hlungsvarianten bei einer Temperatur des Ku\u0308hlmediums von 25\u00b0C, ohne dass die maximale Wicklungstemperatur u\u0308berschritten wird.<br \/>\n<\/div>\n<div class=\"col-md-4\">\n<h4>Max. Geschw. @ 1x230VAC<\/h4>\n<p>Maximale Geschwindigkeit des Linearmotors bei Ansteuerung mit einem LinMot Servo Drive bei 1x230VAC Versorgungsspannung.<br \/>\n<\/div>\n<div class=\"col-md-4\">\n<h4>Max. Geschw. @ 3x400VAC<\/h4>\n<p>Maximale Geschwindigkeit des Linearmotors bei Ansteuerung mit einem LinMot Servo Drive bei 3x400VAC Versorgungsspannung.<br \/>\n<\/div>\n<\/div>\n<div class=\"row\">\n<div class=\"col-md-4\">\n<h4>Max. Geschw. @ 48VDC<\/h4>\n<p>Maximale Geschwindigkeit des Linearmotors bei Ansteuerung mit einem LinMot Servo Drive bei 48VDC Versorgungsspannung.<br \/>\n<\/div>\n<div class=\"col-md-4\">\n<h4>Max. Geschw. @ 72VDC<\/h4>\n<p>Maximale Geschwindigkeit des Linearmotors bei Ansteuerung mit einem LinMot Servo Drive bei 72VDC Versorgungsspannung.<br \/>\n<\/div>\n<div class=\"col-md-4\">\n<h4>Max. Randkraft relativ<\/h4>\n<p>Maximale Kraft, die der Motor an den Enden des erweiterten Hubs in Bezug auf die Kraft im Standardhubbereich aufbringt.<br \/>\n<\/div>\n<\/div>\n<div class=\"row\">\n<div class=\"col-md-4\">\n<h4>Max. Wicklungstemperatur<\/h4>\n<p>Maximal zul\u00e4ssige Wicklungstemperatur. Beim Erreichen dieser Temperatur muss der Motor vom Drive ausgeschaltet werden, damit es nicht zu einer Besch\u00e4digung des Motors durch \u00dcberhitzung kommt.<br \/>\n<\/div>\n<div class=\"col-md-4\">\n<h4>Maximalkraft @ 1x230VAC<\/h4>\n<p>Maximale Kraft des Linearmotors bei Ansteuerung mit einem LinMot Servo Drive bei 1x230VAC Versorgungsspannung.<br \/>\n<\/div>\n<div class=\"col-md-4\">\n<h4>Maximalkraft @ 3x400VAC<\/h4>\n<p>Maximale Kraft des Linearmotors bei Ansteuerung mit einem LinMot Servo Drive bei 3x400VAC Versorgungsspannung.<br \/>\n<\/div>\n<\/div>\n<div class=\"row\">\n<div class=\"col-md-4\">\n<h4>Maximalkraft @ 48VDC<\/h4>\n<p>Maximale Kraft des Linearmotors bei Ansteuerung mit einem LinMot Servo Drive bei 48VDC Versorgungsspannung.<br \/>\n<\/div>\n<div class=\"col-md-4\">\n<h4>Maximalkraft @ 72VDC<\/h4>\n<p>Maximale Kraft des Linearmotors bei Ansteuerung mit einem LinMot Servo Drive bei 72VDC Versorgungsspannung.<br \/>\n<\/div>\n<div class=\"col-md-4\">\n<h4>Motortyp FC<\/h4>\n<p>Flu\u0308ssigkeitsgeku\u0308hlte Linearmotor-Statoren (Fluid Cooled) mit integriert Ku\u0308hlschlange fu\u0308r das Ku\u0308hlmedium. Diese Motoren weisen im Vergleich zu normal geku\u0308hlten Motoren eine viel gr\u00f6ssere Leistungsdichte auf.<br \/>\n<\/div>\n<\/div>\n<div class=\"row\">\n<div class=\"col-md-4\">\n<h4>Motortyp HP<\/h4>\n<p>Hochleistungs-Linearmotoren (High Performance), die bei identischen Abmessungen gegenu\u0308ber den Standardmotoren die ann\u00e4hernd doppelte Leistungsdichte aufweisen.<br \/>\n<\/div>\n<div class=\"col-md-4\">\n<h4>Motortyp LC<\/h4>\n<p>Neue Standardmotorenserie, Kompatibel zu den bisherigen Standardmotoren.<br \/>\n<\/div>\n<div class=\"col-md-4\">\n<h4>Nennmoment im Stillstand<\/h4>\n<p>Das Drehmoment, das der rotative Motor im Stillstand dauerhaft aufbringen kann.<br \/>\n<\/div>\n<\/div>\n<div class=\"row\">\n<div class=\"col-md-4\">\n<h4>Polteilung<\/h4>\n<p>Abstand von Nordpol bis Su\u0308dpol erzeugt durch die Magnete im L\u00e4ufer.<br \/>\n<\/div>\n<div class=\"col-md-4\">\n<h4>Positionsaufl\u00f6sung<\/h4>\n<p>Die kleinste Abweichung zwischen Ist- und Sollposition, die vom LinMot Servo Drive erkannt wird, bei Verwendung des Linearmotor internen Positionssensors.<br \/>\n<\/div>\n<div class=\"col-md-4\">\n<h4>Positionsaufl\u00f6sung ES<\/h4>\n<p>Die kleinste Abweichung zwischen Ist- und Sollposition, die vom LinMot Servo Drive erkannt wird, bei Verwendung des von LinMot als Zubeh\u00f6r angebotenen externen Linearsensors.<br \/>\n<\/div>\n<\/div>\n<div class=\"row\">\n<div class=\"col-md-4\">\n<h4>Spitzenstrom @ 1x230VAC<\/h4>\n<p>Maximal zul\u00e4ssiger Phasenstrom (Ipeak) bei 1x230VAC Versorgungsspannung.<br \/>\n<\/div>\n<div class=\"col-md-4\">\n<h4>Spitzenstrom @ 3x400VAC<\/h4>\n<p>Maximal zul\u00e4ssiger Phasenstrom (Ipeak) bei 3x400VAC Versorgungsspannung.<br \/>\n<\/div>\n<div class=\"col-md-4\">\n<h4>Spitzenstrom @ 48VDC<\/h4>\n<p>Maximal zul\u00e4ssiger Phasenstrom (Ipeak) bei 48VDC Versorgungsspannung.<br \/>\n<\/div>\n<\/div>\n<div class=\"row\">\n<div class=\"col-md-4\">\n<h4>Spitzenstrom @ 72VDC<\/h4>\n<p>Maximal zul\u00e4ssiger Phasenstrom (Ipeak) bei 72VDC Versorgungsspannung.<br \/>\n<\/div>\n<div class=\"col-md-4\">\n<h4>Standard Hub (SS)<\/h4>\n<p>Hubbereich, in dem der Linearmotor seine gr\u00f6sste Kraft entfaltet, da alle Wicklungen des Stators (aktiver Bereich) im Magnetfeld des L\u00e4ufers liegen. Die Kraft im Standard-Hubbereich ist konstant.<br \/>\n<\/div>\n<div class=\"col-md-4\">\n<h4>Stator<\/h4>\n<p>Der Stator ist der Motorteil des Linearmotors in dem die Motorwicklungen, die Positionssensorik, die Temperaturu\u0308berwachung und das elektronische Typenschild integriert sind.<br \/>\n<\/div>\n<\/div>\n<div class=\"row\">\n<div class=\"col-md-4\">\n<h4>Stator Bauform S<\/h4>\n<p>Linearmotoren mit besonders kompakter, resp. kurzer Bauweise. In der Typenbezeichnung erkennbar an einem S (Short) nach dem Statordurchmesser.<br \/>\n<\/div>\n<div class=\"col-md-4\">\n<h4>Statordurchmesser<\/h4>\n<p>Aussendurchmesser des Statorrohrs. Zu beachten ist, dass der Durchmesser durch die spezielle Form des Statorrohrs an einigen Stellen gr\u00f6sser sein kann. Die genauen Abmessungen sind der Konstruktionszeichnung zu entnehmen.<br \/>\n<\/div>\n<div class=\"col-md-4\">\n<h4>Statorl\u00e4nge [Steckertyp \/ Kabeltyp]<\/h4>\n<p>L\u00e4nge des Stators ohne Beru\u0308cksichtigung des Motorkabels, des minimalen Biegeradius bei Kabeltypen oder des Steckers bei Stecker-Typen.<br \/>\n<\/div>\n<\/div>\n<div class=\"row\">\n<div class=\"col-md-4\">\n<h4>Statormasse<\/h4>\n<p>Masse des Stators (ohne L\u00e4ufer).<br \/>\n<\/div>\n<div class=\"col-md-4\">\n<h4>Thermische Zeitkonstante [Passivku\u0308hlung \/ Lu\u0308fter \/ Fluid]<\/h4>\n<p>Beschreibt die typische Reaktionszeit fu\u0308r eine Temperatur\u00e4nderung des Stators bei entsprechender Ku\u0308hlungsart.<br \/>\n<\/div>\n<div class=\"col-md-4\">\n<h4>Thermischer Widerstand [Passivku\u0308hlung \/ Lu\u0308fter \/ Fluid]<\/h4>\n<p>Thermischer Widerstand zwischen Statorwicklung und Ku\u0308hlmedium der entsprechenden Ku\u0308hlungsart. Bestimmt die maximale Erw\u00e4rmung bei gegebener Verlustleistung.<br \/>\n<\/div>\n<\/div>\n<div class=\"row\">\n<div class=\"col-md-4\">\n<h4>Tr\u00e4gheitsmoment (rotativ)<\/h4>\n<p>Tr\u00e4gheitsmoment der rotierenden L\u00e4ufermasse eines Motors.<br \/>\n<\/div>\n<div class=\"col-md-4\">\n<h4>Wicklungstyp bei den Motoren P10<\/h4>\n<p>M, U, W: Abh\u00e4ngig vom Wicklungstyp resultieren fu\u0308r eine gegebene Motorfamilie unterschiedliche Phasenstromwerte, Kraft- und Spannungskonstanten sowie maximale Geschwindigkeitswerte bei gegebener Zwischenkreisspannung.<br \/>\n<\/div>\n<div class=\"col-md-4\">\n<h4>Wicklungstyp bei Standardmotoren P01<\/h4>\n<p>E, F, H: Abh\u00e4ngig vom Wicklungstyp resultieren fu\u0308r eine gegebene Motorfamilie unterschiedliche Phasenstromwerte, Kraft- und Spannungskonstanten sowie maximale Geschwindigkeitswerte bei gegebener Zwischenkreisspannung.<br \/>\n<\/div>\n<\/div>\n<div class=\"row\"><\/div>\n<div class=\"col-md-4\">\n<h4>Wiederholgenauigkeit<\/h4>\n<p>Maximale Abweichung der erreichten Position bei wiederholtem Anfahren der gleichen Position unter identischen Bedingungen. Wiederholgenauigkeit bei den rotativen Achsen der Hubdrehmotoren bei Verschliessprozessen.<br \/>\n<\/div>\n<div class=\"col-md-4\">\n<h4>Wiederholgenauigkeit mit ES<\/h4>\n<p>Maximale Abweichung der erreichten Position bei wiederholtem Anfahren der gleichen Position unter identischen Bedingungen mit externer Positionssensorik.<br \/>\n<\/div>\n<div class=\"col-md-4\"><\/div>\n","protected":false},"excerpt":{"rendered":"","protected":false},"author":1,"featured_media":0,"parent":251,"menu_order":0,"comment_status":"closed","ping_status":"closed","template":"","meta":[],"acf":[],"yoast_head":"<!-- This site is optimized with the Yoast SEO plugin v17.5 - https:\/\/yoast.com\/wordpress\/plugins\/seo\/ -->\n<title>Glossar | Linear Motion Technology Leader | LinMot<\/title>\n<meta name=\"description\" content=\"Glossar | Linear Motion Technology Leader | LinMot\" \/>\n<meta name=\"robots\" content=\"noindex, follow, max-snippet:-1, max-image-preview:large, max-video-preview:-1\" \/>\n<meta property=\"og:locale\" content=\"de_DE\" \/>\n<meta property=\"og:type\" content=\"article\" \/>\n<meta property=\"og:title\" content=\"Glossar | Linear Motion Technology Leader | LinMot\" \/>\n<meta property=\"og:description\" content=\"Glossar | Linear Motion Technology Leader | LinMot\" \/>\n<meta property=\"og:url\" content=\"https:\/\/pamoco.papercut.pl\/de\/support\/glossar\/\" \/>\n<meta property=\"og:site_name\" content=\"LinMot DE\" \/>\n<meta property=\"article:modified_time\" content=\"2018-08-13T15:34:59+00:00\" \/>\n<meta name=\"twitter:card\" content=\"summary\" \/>\n<meta name=\"twitter:label1\" content=\"Gesch\u00e4tzte Lesezeit\" \/>\n\t<meta name=\"twitter:data1\" content=\"5 Minuten\" \/>\n<script type=\"application\/ld+json\" class=\"yoast-schema-graph\">{\"@context\":\"https:\/\/schema.org\",\"@graph\":[{\"@type\":\"WebSite\",\"@id\":\"https:\/\/pamoco.papercut.pl\/de\/#website\",\"url\":\"https:\/\/pamoco.papercut.pl\/de\/\",\"name\":\"LinMot DE\",\"description\":\"Linmot\",\"potentialAction\":[{\"@type\":\"SearchAction\",\"target\":{\"@type\":\"EntryPoint\",\"urlTemplate\":\"https:\/\/pamoco.papercut.pl\/de\/?s={search_term_string}\"},\"query-input\":\"required name=search_term_string\"}],\"inLanguage\":\"de-DE\"},{\"@type\":\"WebPage\",\"@id\":\"https:\/\/pamoco.papercut.pl\/de\/support\/glossar\/#webpage\",\"url\":\"https:\/\/pamoco.papercut.pl\/de\/support\/glossar\/\",\"name\":\"Glossar | Linear Motion Technology Leader | LinMot\",\"isPartOf\":{\"@id\":\"https:\/\/pamoco.papercut.pl\/de\/#website\"},\"datePublished\":\"2018-05-15T17:20:40+00:00\",\"dateModified\":\"2018-08-13T15:34:59+00:00\",\"description\":\"Glossar | Linear Motion Technology Leader | LinMot\",\"breadcrumb\":{\"@id\":\"https:\/\/pamoco.papercut.pl\/de\/support\/glossar\/#breadcrumb\"},\"inLanguage\":\"de-DE\",\"potentialAction\":[{\"@type\":\"ReadAction\",\"target\":[\"https:\/\/pamoco.papercut.pl\/de\/support\/glossar\/\"]}]},{\"@type\":\"BreadcrumbList\",\"@id\":\"https:\/\/pamoco.papercut.pl\/de\/support\/glossar\/#breadcrumb\",\"itemListElement\":[{\"@type\":\"ListItem\",\"position\":1,\"name\":\"LinMot\",\"item\":\"https:\/\/pamoco.papercut.pl\/de\/\"},{\"@type\":\"ListItem\",\"position\":2,\"name\":\"Support\",\"item\":\"https:\/\/pamoco.papercut.pl\/de\/support\/\"},{\"@type\":\"ListItem\",\"position\":3,\"name\":\"Glossar\"}]}]}<\/script>\n<!-- \/ Yoast SEO plugin. -->","yoast_head_json":{"title":"Glossar | Linear Motion Technology Leader | LinMot","description":"Glossar | Linear Motion Technology Leader | LinMot","robots":{"index":"noindex","follow":"follow","max-snippet":"max-snippet:-1","max-image-preview":"max-image-preview:large","max-video-preview":"max-video-preview:-1"},"og_locale":"de_DE","og_type":"article","og_title":"Glossar | Linear Motion Technology Leader | LinMot","og_description":"Glossar | Linear Motion Technology Leader | LinMot","og_url":"https:\/\/pamoco.papercut.pl\/de\/support\/glossar\/","og_site_name":"LinMot DE","article_modified_time":"2018-08-13T15:34:59+00:00","twitter_card":"summary","twitter_misc":{"Gesch\u00e4tzte Lesezeit":"5 Minuten"},"schema":{"@context":"https:\/\/schema.org","@graph":[{"@type":"WebSite","@id":"https:\/\/pamoco.papercut.pl\/de\/#website","url":"https:\/\/pamoco.papercut.pl\/de\/","name":"LinMot DE","description":"Linmot","potentialAction":[{"@type":"SearchAction","target":{"@type":"EntryPoint","urlTemplate":"https:\/\/pamoco.papercut.pl\/de\/?s={search_term_string}"},"query-input":"required name=search_term_string"}],"inLanguage":"de-DE"},{"@type":"WebPage","@id":"https:\/\/pamoco.papercut.pl\/de\/support\/glossar\/#webpage","url":"https:\/\/pamoco.papercut.pl\/de\/support\/glossar\/","name":"Glossar | Linear Motion Technology Leader | LinMot","isPartOf":{"@id":"https:\/\/pamoco.papercut.pl\/de\/#website"},"datePublished":"2018-05-15T17:20:40+00:00","dateModified":"2018-08-13T15:34:59+00:00","description":"Glossar | Linear Motion Technology Leader | LinMot","breadcrumb":{"@id":"https:\/\/pamoco.papercut.pl\/de\/support\/glossar\/#breadcrumb"},"inLanguage":"de-DE","potentialAction":[{"@type":"ReadAction","target":["https:\/\/pamoco.papercut.pl\/de\/support\/glossar\/"]}]},{"@type":"BreadcrumbList","@id":"https:\/\/pamoco.papercut.pl\/de\/support\/glossar\/#breadcrumb","itemListElement":[{"@type":"ListItem","position":1,"name":"LinMot","item":"https:\/\/pamoco.papercut.pl\/de\/"},{"@type":"ListItem","position":2,"name":"Support","item":"https:\/\/pamoco.papercut.pl\/de\/support\/"},{"@type":"ListItem","position":3,"name":"Glossar"}]}]}},"_links":{"self":[{"href":"https:\/\/pamoco.papercut.pl\/de\/wp-json\/wp\/v2\/pages\/559"}],"collection":[{"href":"https:\/\/pamoco.papercut.pl\/de\/wp-json\/wp\/v2\/pages"}],"about":[{"href":"https:\/\/pamoco.papercut.pl\/de\/wp-json\/wp\/v2\/types\/page"}],"author":[{"embeddable":true,"href":"https:\/\/pamoco.papercut.pl\/de\/wp-json\/wp\/v2\/users\/1"}],"replies":[{"embeddable":true,"href":"https:\/\/pamoco.papercut.pl\/de\/wp-json\/wp\/v2\/comments?post=559"}],"version-history":[{"count":14,"href":"https:\/\/pamoco.papercut.pl\/de\/wp-json\/wp\/v2\/pages\/559\/revisions"}],"predecessor-version":[{"id":659,"href":"https:\/\/pamoco.papercut.pl\/de\/wp-json\/wp\/v2\/pages\/559\/revisions\/659"}],"up":[{"embeddable":true,"href":"https:\/\/pamoco.papercut.pl\/de\/wp-json\/wp\/v2\/pages\/251"}],"wp:attachment":[{"href":"https:\/\/pamoco.papercut.pl\/de\/wp-json\/wp\/v2\/media?parent=559"}],"curies":[{"name":"wp","href":"https:\/\/api.w.org\/{rel}","templated":true}]}}