{"id":54,"date":"2017-10-20T23:34:25","date_gmt":"2017-10-20T21:34:25","guid":{"rendered":"https:\/\/linmot.com\/?page_id=54"},"modified":"2018-08-13T16:05:27","modified_gmt":"2018-08-13T14:05:27","slug":"holzbearbeitung","status":"publish","type":"page","link":"https:\/\/pamoco.papercut.pl\/de\/branchen\/holzbearbeitung\/","title":{"rendered":"Holzbearbeitung"},"content":{"rendered":"<img loading=\"lazy\" src=\"https:\/\/linmot.com\/wp-content\/uploads\/2017\/10\/LinMot-Solutions-Wood-Processing-Industry.jpg\" alt=\"\" width=\"940\" height=\"300\" class=\"aligncenter size-full wp-image-199\" srcset=\"https:\/\/pamoco.papercut.pl\/de\/wp-content\/uploads\/sites\/2\/2017\/10\/LinMot-Solutions-Wood-Processing-Industry.jpg 940w, https:\/\/pamoco.papercut.pl\/de\/wp-content\/uploads\/sites\/2\/2017\/10\/LinMot-Solutions-Wood-Processing-Industry-300x96.jpg 300w, https:\/\/pamoco.papercut.pl\/de\/wp-content\/uploads\/sites\/2\/2017\/10\/LinMot-Solutions-Wood-Processing-Industry-768x245.jpg 768w\" sizes=\"(max-width: 940px) 100vw, 940px\" \/>\n<p>Die Schnelllebigkeit wechselnder Wohnstile und die Wettbewerbssituation verpflichten die M\u00f6belhersteller auf \u00e4u\u00dferst variable Lieferprogramme. Kleine St\u00fcckzahlen sind in der Fertigung daher mittlerweile eine g\u00e4ngige Forderung an die M\u00f6belindustrie und ihre Zulieferer \u2013 selbstverst\u00e4ndlich bei maximalem Teiledurchsatz. Immer auch unter Beachtung der maximalen Wertsch\u00f6pfung, die in allen Industriebereichen unverzichtbar geworden ist. Bei Maschinen zur Holzbearbeitung spielt deshalb neben hoher Effizienz und kompromissloser Funktionalit\u00e4t, die bestm\u00f6gliche Materialausnutzung eine wichtige Rolle. <\/p>\n<p>Der Einsatz von Linearmotoren leistet einen grossen Beitrag, diese Anforderungen zu erf\u00fcllen.<\/p>\n<blockquote><p>Die Lineartechnologie sorgt beispielsweise f\u00fcr eine automatische Schrittbreitenverstellung, um einen optimalen Materialzuschnitt zu garantieren.<\/p><\/blockquote>\n<p>Mit der Applikation einer \u201efliegenden Schere\u201c kann beispielsweise ein S\u00e4ge- oder Fr\u00e4svorgang derart synchronisiert werden, dass das Werkzeug synchron mit dem Material verf\u00e4hrt und dieses w\u00e4hrend der Bewegung bearbeitet. Weitere Aufgaben der Antriebe sind das schnelle Verfahren mehrerer Bohrwerke, ein exaktes Zuschneiden von Endlosmaterialien oder das Zuf\u00fchren \/ Handling des Materials zur Maschine.<\/p>\n","protected":false},"excerpt":{"rendered":"<p>Die Schnelllebigkeit wechselnder Wohnstile und die Wettbewerbssituation verpflichten die M\u00f6belhersteller auf \u00e4u\u00dferst variable Lieferprogramme. Kleine St\u00fcckzahlen sind in der Fertigung daher mittlerweile eine g\u00e4ngige Forderung an die M\u00f6belindustrie und ihre Zulieferer \u2013 selbstverst\u00e4ndlich bei maximalem Teiledurchsatz. Immer auch unter Beachtung der maximalen Wertsch\u00f6pfung, die in allen Industriebereichen unverzichtbar geworden ist. Bei Maschinen zur Holzbearbeitung spielt [&hellip;]<\/p>\n","protected":false},"author":1,"featured_media":0,"parent":8,"menu_order":0,"comment_status":"closed","ping_status":"closed","template":"","meta":[],"acf":[],"yoast_head":"<!-- This site is optimized with the Yoast SEO plugin v17.5 - https:\/\/yoast.com\/wordpress\/plugins\/seo\/ -->\n<title>Holzbearbeitung | Linear Motion Technology Leader | LinMot<\/title>\n<meta name=\"description\" content=\"Holzbearbeitung | Linear Motion Technology Leader | LinMot\" \/>\n<meta name=\"robots\" content=\"noindex, follow, max-snippet:-1, max-image-preview:large, max-video-preview:-1\" \/>\n<meta property=\"og:locale\" content=\"de_DE\" \/>\n<meta property=\"og:type\" content=\"article\" \/>\n<meta property=\"og:title\" content=\"Holzbearbeitung | Linear Motion Technology Leader | LinMot\" \/>\n<meta property=\"og:description\" content=\"Holzbearbeitung | Linear Motion Technology Leader | LinMot\" \/>\n<meta property=\"og:url\" content=\"https:\/\/pamoco.papercut.pl\/de\/branchen\/holzbearbeitung\/\" \/>\n<meta property=\"og:site_name\" content=\"LinMot DE\" \/>\n<meta property=\"article:modified_time\" content=\"2018-08-13T14:05:27+00:00\" \/>\n<meta property=\"og:image\" content=\"https:\/\/linmot.com\/wp-content\/uploads\/2017\/10\/LinMot-Solutions-Wood-Processing-Industry.jpg\" \/>\n<meta name=\"twitter:card\" content=\"summary\" \/>\n<meta name=\"twitter:label1\" content=\"Gesch\u00e4tzte Lesezeit\" \/>\n\t<meta name=\"twitter:data1\" content=\"1 Minute\" \/>\n<script type=\"application\/ld+json\" class=\"yoast-schema-graph\">{\"@context\":\"https:\/\/schema.org\",\"@graph\":[{\"@type\":\"WebSite\",\"@id\":\"https:\/\/pamoco.papercut.pl\/de\/#website\",\"url\":\"https:\/\/pamoco.papercut.pl\/de\/\",\"name\":\"LinMot DE\",\"description\":\"Linmot\",\"potentialAction\":[{\"@type\":\"SearchAction\",\"target\":{\"@type\":\"EntryPoint\",\"urlTemplate\":\"https:\/\/pamoco.papercut.pl\/de\/?s={search_term_string}\"},\"query-input\":\"required name=search_term_string\"}],\"inLanguage\":\"de-DE\"},{\"@type\":\"ImageObject\",\"@id\":\"https:\/\/pamoco.papercut.pl\/de\/branchen\/holzbearbeitung\/#primaryimage\",\"inLanguage\":\"de-DE\",\"url\":\"https:\/\/linmot.com\/wp-content\/uploads\/2017\/10\/LinMot-Solutions-Wood-Processing-Industry.jpg\",\"contentUrl\":\"https:\/\/linmot.com\/wp-content\/uploads\/2017\/10\/LinMot-Solutions-Wood-Processing-Industry.jpg\"},{\"@type\":\"WebPage\",\"@id\":\"https:\/\/pamoco.papercut.pl\/de\/branchen\/holzbearbeitung\/#webpage\",\"url\":\"https:\/\/pamoco.papercut.pl\/de\/branchen\/holzbearbeitung\/\",\"name\":\"Holzbearbeitung | Linear Motion Technology Leader | LinMot\",\"isPartOf\":{\"@id\":\"https:\/\/pamoco.papercut.pl\/de\/#website\"},\"primaryImageOfPage\":{\"@id\":\"https:\/\/pamoco.papercut.pl\/de\/branchen\/holzbearbeitung\/#primaryimage\"},\"datePublished\":\"2017-10-20T21:34:25+00:00\",\"dateModified\":\"2018-08-13T14:05:27+00:00\",\"description\":\"Holzbearbeitung | Linear Motion Technology Leader | LinMot\",\"breadcrumb\":{\"@id\":\"https:\/\/pamoco.papercut.pl\/de\/branchen\/holzbearbeitung\/#breadcrumb\"},\"inLanguage\":\"de-DE\",\"potentialAction\":[{\"@type\":\"ReadAction\",\"target\":[\"https:\/\/pamoco.papercut.pl\/de\/branchen\/holzbearbeitung\/\"]}]},{\"@type\":\"BreadcrumbList\",\"@id\":\"https:\/\/pamoco.papercut.pl\/de\/branchen\/holzbearbeitung\/#breadcrumb\",\"itemListElement\":[{\"@type\":\"ListItem\",\"position\":1,\"name\":\"LinMot\",\"item\":\"https:\/\/pamoco.papercut.pl\/de\/\"},{\"@type\":\"ListItem\",\"position\":2,\"name\":\"Branchen\",\"item\":\"https:\/\/pamoco.papercut.pl\/de\/branchen\/\"},{\"@type\":\"ListItem\",\"position\":3,\"name\":\"Holzbearbeitung\"}]}]}<\/script>\n<!-- \/ Yoast SEO plugin. -->","yoast_head_json":{"title":"Holzbearbeitung | Linear Motion Technology Leader | LinMot","description":"Holzbearbeitung | Linear Motion Technology Leader | LinMot","robots":{"index":"noindex","follow":"follow","max-snippet":"max-snippet:-1","max-image-preview":"max-image-preview:large","max-video-preview":"max-video-preview:-1"},"og_locale":"de_DE","og_type":"article","og_title":"Holzbearbeitung | Linear Motion Technology Leader | LinMot","og_description":"Holzbearbeitung | Linear Motion Technology Leader | LinMot","og_url":"https:\/\/pamoco.papercut.pl\/de\/branchen\/holzbearbeitung\/","og_site_name":"LinMot DE","article_modified_time":"2018-08-13T14:05:27+00:00","og_image":[{"url":"https:\/\/linmot.com\/wp-content\/uploads\/2017\/10\/LinMot-Solutions-Wood-Processing-Industry.jpg"}],"twitter_card":"summary","twitter_misc":{"Gesch\u00e4tzte Lesezeit":"1 Minute"},"schema":{"@context":"https:\/\/schema.org","@graph":[{"@type":"WebSite","@id":"https:\/\/pamoco.papercut.pl\/de\/#website","url":"https:\/\/pamoco.papercut.pl\/de\/","name":"LinMot DE","description":"Linmot","potentialAction":[{"@type":"SearchAction","target":{"@type":"EntryPoint","urlTemplate":"https:\/\/pamoco.papercut.pl\/de\/?s={search_term_string}"},"query-input":"required name=search_term_string"}],"inLanguage":"de-DE"},{"@type":"ImageObject","@id":"https:\/\/pamoco.papercut.pl\/de\/branchen\/holzbearbeitung\/#primaryimage","inLanguage":"de-DE","url":"https:\/\/linmot.com\/wp-content\/uploads\/2017\/10\/LinMot-Solutions-Wood-Processing-Industry.jpg","contentUrl":"https:\/\/linmot.com\/wp-content\/uploads\/2017\/10\/LinMot-Solutions-Wood-Processing-Industry.jpg"},{"@type":"WebPage","@id":"https:\/\/pamoco.papercut.pl\/de\/branchen\/holzbearbeitung\/#webpage","url":"https:\/\/pamoco.papercut.pl\/de\/branchen\/holzbearbeitung\/","name":"Holzbearbeitung | Linear Motion Technology Leader | LinMot","isPartOf":{"@id":"https:\/\/pamoco.papercut.pl\/de\/#website"},"primaryImageOfPage":{"@id":"https:\/\/pamoco.papercut.pl\/de\/branchen\/holzbearbeitung\/#primaryimage"},"datePublished":"2017-10-20T21:34:25+00:00","dateModified":"2018-08-13T14:05:27+00:00","description":"Holzbearbeitung | Linear Motion Technology Leader | LinMot","breadcrumb":{"@id":"https:\/\/pamoco.papercut.pl\/de\/branchen\/holzbearbeitung\/#breadcrumb"},"inLanguage":"de-DE","potentialAction":[{"@type":"ReadAction","target":["https:\/\/pamoco.papercut.pl\/de\/branchen\/holzbearbeitung\/"]}]},{"@type":"BreadcrumbList","@id":"https:\/\/pamoco.papercut.pl\/de\/branchen\/holzbearbeitung\/#breadcrumb","itemListElement":[{"@type":"ListItem","position":1,"name":"LinMot","item":"https:\/\/pamoco.papercut.pl\/de\/"},{"@type":"ListItem","position":2,"name":"Branchen","item":"https:\/\/pamoco.papercut.pl\/de\/branchen\/"},{"@type":"ListItem","position":3,"name":"Holzbearbeitung"}]}]}},"_links":{"self":[{"href":"https:\/\/pamoco.papercut.pl\/de\/wp-json\/wp\/v2\/pages\/54"}],"collection":[{"href":"https:\/\/pamoco.papercut.pl\/de\/wp-json\/wp\/v2\/pages"}],"about":[{"href":"https:\/\/pamoco.papercut.pl\/de\/wp-json\/wp\/v2\/types\/page"}],"author":[{"embeddable":true,"href":"https:\/\/pamoco.papercut.pl\/de\/wp-json\/wp\/v2\/users\/1"}],"replies":[{"embeddable":true,"href":"https:\/\/pamoco.papercut.pl\/de\/wp-json\/wp\/v2\/comments?post=54"}],"version-history":[{"count":5,"href":"https:\/\/pamoco.papercut.pl\/de\/wp-json\/wp\/v2\/pages\/54\/revisions"}],"predecessor-version":[{"id":623,"href":"https:\/\/pamoco.papercut.pl\/de\/wp-json\/wp\/v2\/pages\/54\/revisions\/623"}],"up":[{"embeddable":true,"href":"https:\/\/pamoco.papercut.pl\/de\/wp-json\/wp\/v2\/pages\/8"}],"wp:attachment":[{"href":"https:\/\/pamoco.papercut.pl\/de\/wp-json\/wp\/v2\/media?parent=54"}],"curies":[{"name":"wp","href":"https:\/\/api.w.org\/{rel}","templated":true}]}}