{"id":52,"date":"2017-10-20T23:34:10","date_gmt":"2017-10-20T21:34:10","guid":{"rendered":"https:\/\/linmot.com\/?page_id=52"},"modified":"2018-08-13T16:07:02","modified_gmt":"2018-08-13T14:07:02","slug":"automobil","status":"publish","type":"page","link":"https:\/\/pamoco.papercut.pl\/de\/branchen\/automobil\/","title":{"rendered":"Automobil"},"content":{"rendered":"<img loading=\"lazy\" src=\"https:\/\/linmot.com\/wp-content\/uploads\/2017\/10\/LinMot-Solutions-Automotive-Industry.jpg\" alt=\"\" width=\"940\" height=\"300\" class=\"aligncenter size-full wp-image-202\" srcset=\"https:\/\/pamoco.papercut.pl\/de\/wp-content\/uploads\/sites\/2\/2017\/10\/LinMot-Solutions-Automotive-Industry.jpg 940w, https:\/\/pamoco.papercut.pl\/de\/wp-content\/uploads\/sites\/2\/2017\/10\/LinMot-Solutions-Automotive-Industry-300x96.jpg 300w, https:\/\/pamoco.papercut.pl\/de\/wp-content\/uploads\/sites\/2\/2017\/10\/LinMot-Solutions-Automotive-Industry-768x245.jpg 768w\" sizes=\"(max-width: 940px) 100vw, 940px\" \/>\n<p>Die Herausforderungen einer modernen Automobilfertigung sind vor allem der zunehmende Wettbewerb, wachsender Kostendruck und die steigende Modellvielfalt.<br \/>\nUm diesen Faktoren effektiv zu begegnen, bedarf es einer konsequenten Optimierung \u00fcber alle Prozesse hinweg.<\/p>\n<blockquote><p>Lineare Antriebskomponenten von LinMot f\u00fchren zu mehr Flexibilit\u00e4t und Produktivit\u00e4t in der Automobilindustrie.<\/p><\/blockquote>\n<p>So k\u00f6nnen nicht nur Funktions- und Dauertests bei Automobilen effektiv realisiert werden, sondern auch Applikationen entlang des Herstellungsprozesses.<br \/>\nDazu geh\u00f6ren vor allem Applikationen im Bereich der Montage, des Materialmanagement und der Fehler\u00fcberpr\u00fcfung.<\/p>\n","protected":false},"excerpt":{"rendered":"<p>Die Herausforderungen einer modernen Automobilfertigung sind vor allem der zunehmende Wettbewerb, wachsender Kostendruck und die steigende Modellvielfalt. Um diesen Faktoren effektiv zu begegnen, bedarf es einer konsequenten Optimierung \u00fcber alle Prozesse hinweg. Lineare Antriebskomponenten von LinMot f\u00fchren zu mehr Flexibilit\u00e4t und Produktivit\u00e4t in der Automobilindustrie. So k\u00f6nnen nicht nur Funktions- und Dauertests bei Automobilen effektiv [&hellip;]<\/p>\n","protected":false},"author":1,"featured_media":0,"parent":8,"menu_order":0,"comment_status":"closed","ping_status":"closed","template":"","meta":[],"acf":[],"yoast_head":"<!-- This site is optimized with the Yoast SEO plugin v17.5 - https:\/\/yoast.com\/wordpress\/plugins\/seo\/ -->\n<title>Automobil | Linear Motion Technology Leader | LinMot<\/title>\n<meta name=\"description\" content=\"Automobil | Linear Motion Technology Leader | LinMot\" \/>\n<meta name=\"robots\" content=\"noindex, follow, max-snippet:-1, max-image-preview:large, max-video-preview:-1\" \/>\n<meta property=\"og:locale\" content=\"de_DE\" \/>\n<meta property=\"og:type\" content=\"article\" \/>\n<meta property=\"og:title\" content=\"Automobil | Linear Motion Technology Leader | LinMot\" \/>\n<meta property=\"og:description\" content=\"Automobil | Linear Motion Technology Leader | LinMot\" \/>\n<meta property=\"og:url\" content=\"https:\/\/pamoco.papercut.pl\/de\/branchen\/automobil\/\" \/>\n<meta property=\"og:site_name\" content=\"LinMot DE\" \/>\n<meta property=\"article:modified_time\" content=\"2018-08-13T14:07:02+00:00\" \/>\n<meta property=\"og:image\" content=\"https:\/\/linmot.com\/wp-content\/uploads\/2017\/10\/LinMot-Solutions-Automotive-Industry.jpg\" \/>\n<meta name=\"twitter:card\" content=\"summary\" \/>\n<script type=\"application\/ld+json\" class=\"yoast-schema-graph\">{\"@context\":\"https:\/\/schema.org\",\"@graph\":[{\"@type\":\"WebSite\",\"@id\":\"https:\/\/pamoco.papercut.pl\/de\/#website\",\"url\":\"https:\/\/pamoco.papercut.pl\/de\/\",\"name\":\"LinMot DE\",\"description\":\"Linmot\",\"potentialAction\":[{\"@type\":\"SearchAction\",\"target\":{\"@type\":\"EntryPoint\",\"urlTemplate\":\"https:\/\/pamoco.papercut.pl\/de\/?s={search_term_string}\"},\"query-input\":\"required name=search_term_string\"}],\"inLanguage\":\"de-DE\"},{\"@type\":\"ImageObject\",\"@id\":\"https:\/\/pamoco.papercut.pl\/de\/branchen\/automobil\/#primaryimage\",\"inLanguage\":\"de-DE\",\"url\":\"https:\/\/linmot.com\/wp-content\/uploads\/2017\/10\/LinMot-Solutions-Automotive-Industry.jpg\",\"contentUrl\":\"https:\/\/linmot.com\/wp-content\/uploads\/2017\/10\/LinMot-Solutions-Automotive-Industry.jpg\"},{\"@type\":\"WebPage\",\"@id\":\"https:\/\/pamoco.papercut.pl\/de\/branchen\/automobil\/#webpage\",\"url\":\"https:\/\/pamoco.papercut.pl\/de\/branchen\/automobil\/\",\"name\":\"Automobil | Linear Motion Technology Leader | LinMot\",\"isPartOf\":{\"@id\":\"https:\/\/pamoco.papercut.pl\/de\/#website\"},\"primaryImageOfPage\":{\"@id\":\"https:\/\/pamoco.papercut.pl\/de\/branchen\/automobil\/#primaryimage\"},\"datePublished\":\"2017-10-20T21:34:10+00:00\",\"dateModified\":\"2018-08-13T14:07:02+00:00\",\"description\":\"Automobil | Linear Motion Technology Leader | LinMot\",\"breadcrumb\":{\"@id\":\"https:\/\/pamoco.papercut.pl\/de\/branchen\/automobil\/#breadcrumb\"},\"inLanguage\":\"de-DE\",\"potentialAction\":[{\"@type\":\"ReadAction\",\"target\":[\"https:\/\/pamoco.papercut.pl\/de\/branchen\/automobil\/\"]}]},{\"@type\":\"BreadcrumbList\",\"@id\":\"https:\/\/pamoco.papercut.pl\/de\/branchen\/automobil\/#breadcrumb\",\"itemListElement\":[{\"@type\":\"ListItem\",\"position\":1,\"name\":\"LinMot\",\"item\":\"https:\/\/pamoco.papercut.pl\/de\/\"},{\"@type\":\"ListItem\",\"position\":2,\"name\":\"Branchen\",\"item\":\"https:\/\/pamoco.papercut.pl\/de\/branchen\/\"},{\"@type\":\"ListItem\",\"position\":3,\"name\":\"Automobil\"}]}]}<\/script>\n<!-- \/ Yoast SEO plugin. -->","yoast_head_json":{"title":"Automobil | Linear Motion Technology Leader | LinMot","description":"Automobil | Linear Motion Technology Leader | LinMot","robots":{"index":"noindex","follow":"follow","max-snippet":"max-snippet:-1","max-image-preview":"max-image-preview:large","max-video-preview":"max-video-preview:-1"},"og_locale":"de_DE","og_type":"article","og_title":"Automobil | Linear Motion Technology Leader | LinMot","og_description":"Automobil | Linear Motion Technology Leader | LinMot","og_url":"https:\/\/pamoco.papercut.pl\/de\/branchen\/automobil\/","og_site_name":"LinMot DE","article_modified_time":"2018-08-13T14:07:02+00:00","og_image":[{"url":"https:\/\/linmot.com\/wp-content\/uploads\/2017\/10\/LinMot-Solutions-Automotive-Industry.jpg"}],"twitter_card":"summary","schema":{"@context":"https:\/\/schema.org","@graph":[{"@type":"WebSite","@id":"https:\/\/pamoco.papercut.pl\/de\/#website","url":"https:\/\/pamoco.papercut.pl\/de\/","name":"LinMot DE","description":"Linmot","potentialAction":[{"@type":"SearchAction","target":{"@type":"EntryPoint","urlTemplate":"https:\/\/pamoco.papercut.pl\/de\/?s={search_term_string}"},"query-input":"required name=search_term_string"}],"inLanguage":"de-DE"},{"@type":"ImageObject","@id":"https:\/\/pamoco.papercut.pl\/de\/branchen\/automobil\/#primaryimage","inLanguage":"de-DE","url":"https:\/\/linmot.com\/wp-content\/uploads\/2017\/10\/LinMot-Solutions-Automotive-Industry.jpg","contentUrl":"https:\/\/linmot.com\/wp-content\/uploads\/2017\/10\/LinMot-Solutions-Automotive-Industry.jpg"},{"@type":"WebPage","@id":"https:\/\/pamoco.papercut.pl\/de\/branchen\/automobil\/#webpage","url":"https:\/\/pamoco.papercut.pl\/de\/branchen\/automobil\/","name":"Automobil | Linear Motion Technology Leader | LinMot","isPartOf":{"@id":"https:\/\/pamoco.papercut.pl\/de\/#website"},"primaryImageOfPage":{"@id":"https:\/\/pamoco.papercut.pl\/de\/branchen\/automobil\/#primaryimage"},"datePublished":"2017-10-20T21:34:10+00:00","dateModified":"2018-08-13T14:07:02+00:00","description":"Automobil | Linear Motion Technology Leader | LinMot","breadcrumb":{"@id":"https:\/\/pamoco.papercut.pl\/de\/branchen\/automobil\/#breadcrumb"},"inLanguage":"de-DE","potentialAction":[{"@type":"ReadAction","target":["https:\/\/pamoco.papercut.pl\/de\/branchen\/automobil\/"]}]},{"@type":"BreadcrumbList","@id":"https:\/\/pamoco.papercut.pl\/de\/branchen\/automobil\/#breadcrumb","itemListElement":[{"@type":"ListItem","position":1,"name":"LinMot","item":"https:\/\/pamoco.papercut.pl\/de\/"},{"@type":"ListItem","position":2,"name":"Branchen","item":"https:\/\/pamoco.papercut.pl\/de\/branchen\/"},{"@type":"ListItem","position":3,"name":"Automobil"}]}]}},"_links":{"self":[{"href":"https:\/\/pamoco.papercut.pl\/de\/wp-json\/wp\/v2\/pages\/52"}],"collection":[{"href":"https:\/\/pamoco.papercut.pl\/de\/wp-json\/wp\/v2\/pages"}],"about":[{"href":"https:\/\/pamoco.papercut.pl\/de\/wp-json\/wp\/v2\/types\/page"}],"author":[{"embeddable":true,"href":"https:\/\/pamoco.papercut.pl\/de\/wp-json\/wp\/v2\/users\/1"}],"replies":[{"embeddable":true,"href":"https:\/\/pamoco.papercut.pl\/de\/wp-json\/wp\/v2\/comments?post=52"}],"version-history":[{"count":5,"href":"https:\/\/pamoco.papercut.pl\/de\/wp-json\/wp\/v2\/pages\/52\/revisions"}],"predecessor-version":[{"id":624,"href":"https:\/\/pamoco.papercut.pl\/de\/wp-json\/wp\/v2\/pages\/52\/revisions\/624"}],"up":[{"embeddable":true,"href":"https:\/\/pamoco.papercut.pl\/de\/wp-json\/wp\/v2\/pages\/8"}],"wp:attachment":[{"href":"https:\/\/pamoco.papercut.pl\/de\/wp-json\/wp\/v2\/media?parent=52"}],"curies":[{"name":"wp","href":"https:\/\/api.w.org\/{rel}","templated":true}]}}