{"id":50,"date":"2017-10-20T23:33:54","date_gmt":"2017-10-20T21:33:54","guid":{"rendered":"https:\/\/linmot.com\/?page_id=50"},"modified":"2018-08-14T13:16:46","modified_gmt":"2018-08-14T11:16:46","slug":"hub-dreh-motoren","status":"publish","type":"page","link":"https:\/\/pamoco.papercut.pl\/de\/produkte\/hub-dreh-motoren\/","title":{"rendered":"Hub-Dreh-Motoren"},"content":{"rendered":"<p>Mit den Hub-Dreh-Linearmotoren der Serie PR01 k\u00f6nnen beliebig kombinierbare Linear- und Rotationsbewegungen realisiert werden. Im kompakten Geh\u00e4use sind sowohl ein elektromagnetischer linearer wie auch ein rotativer Direktantrieb untergebracht die je von einem Servo Drive geregelt werden. In der \u00fcbergeordneten Steuerung lassen sich somit hoch dynamische linear-rotative Bewegungsabl\u00e4ufe realisieren, die entweder synchron zueinander oder v\u00f6llig unabh\u00e4ngig voneinander programmiert werden k\u00f6nnen.<\/p>\n<p>Je nach Anforderung stehen dem Anwender verschiedene Baugr\u00f6ssen zur Verf\u00fcgung, welche ein Spitzenmoment im Bereich von 1.5 bis 8.9 Nm erzeugen. Hubl\u00e4ngen von bis zu 300 mm sorgen f\u00fcr ausreichend Flexibilit\u00e4t im konkreten Anwendungsfall. <\/p>\n<p>Neben der Standardausf\u00fchrung  wird die Produktfamilie durch die Varianten mit Getriebe, Hohlwelle und in Edelstahlausf\u00fchrung erg\u00e4nzt.<\/p>\n<img loading=\"lazy\" src=\"https:\/\/linmot.com\/wp-content\/uploads\/2017\/10\/Linear-Rotary-Motors-Linmot.jpg\" alt=\"\" width=\"612\" height=\"230\" class=\"aligncenter size-full wp-image-181\" srcset=\"https:\/\/pamoco.papercut.pl\/de\/wp-content\/uploads\/sites\/2\/2017\/10\/Linear-Rotary-Motors-Linmot.jpg 612w, https:\/\/pamoco.papercut.pl\/de\/wp-content\/uploads\/sites\/2\/2017\/10\/Linear-Rotary-Motors-Linmot-300x113.jpg 300w\" sizes=\"(max-width: 612px) 100vw, 612px\" \/>\n<div class=\"row\">\n<div class=\"col-sm-4\">\n<ul>\n<li>Linearer und rotativer Direktantrieb<\/li>\n<li>Programmierbare Presskr\u00e4fte und Drehmomente<\/li>\n<\/ul>\n<\/div>\n<div class=\"col-sm-4\">\n<ul>\n<li>Mit Getriebe\u00fcbersetzung oder Hohlwelle<\/li>\n<li>Synchrone lineare und rotative Bewegungen<\/li>\n<\/ul>\n<\/div>\n<div class=\"col-sm-4\">\n<ul>\n<li>Als Edelstahl-Ausf\u00fchrung verf\u00fcgbar<\/li>\n<li>Einfachste Realisierung von Verschliessern &#038; Verschraubern<\/li>\n<\/ul>\n<\/div>\n<\/div>\n<blockquote><p>2 unabh\u00e4ngige Bewegungen mit nur 1 Komponente<\/p><\/blockquote>\n<p>Als innovative Konstruktionselemente lassen sich mit den Hub-Dreh-Motoren komplexe Aufgaben wie Eindrehen, Verschliessen, Umsetzen, Stapeln, Ausrichten und vieles mehr mit einer einzigen Komponente ausf\u00fchren. <\/p>\n<p>Besonders Karussell-Mehrachsverschliesser k\u00f6nnen mit den LinMot Hub-Dreh-Motoren kompakt und effektiv umgesetzt werden.<\/p>\n<img loading=\"lazy\" src=\"https:\/\/linmot.com\/wp-content\/uploads\/2017\/10\/Servo-Linear-Rotary-Motors-Linmot.jpg\" alt=\"\" width=\"732\" height=\"450\" class=\"aligncenter size-full wp-image-183\" srcset=\"https:\/\/pamoco.papercut.pl\/de\/wp-content\/uploads\/sites\/2\/2017\/10\/Servo-Linear-Rotary-Motors-Linmot.jpg 732w, https:\/\/pamoco.papercut.pl\/de\/wp-content\/uploads\/sites\/2\/2017\/10\/Servo-Linear-Rotary-Motors-Linmot-300x184.jpg 300w\" sizes=\"(max-width: 732px) 100vw, 732px\" \/>\n<p>Mit dieser Motortechnologie lassen sich Linear- und Drehbewegung erstmals von der Karussellbewegung entkoppeln. Es lassen sich nun beliebig kombinierbare Linear- und Rotationsbewegungen realisieren. Bewegungsprofile, Geschwindigkeiten, Drehzahlen und Presskr\u00e4fte bzw. Anzugsmomente k\u00f6nnen beliebig und unabh\u00e4ngig voneinander vorgegeben werden. Im Zuge der Prozess\u00fcberwachung kann die Deckelposition am Ende des Verschliess-Vorgangs ausgelesen werden, um Schr\u00e4gsitze zu erkennen. <\/p>\n<p>Die innovativen Mehrachsverschliesser erm\u00f6glichen einen Produktwechsel unkompliziert per Mausclick. Der Anwender erh\u00e4lt fortlaufend alle wichtigen Parameter-Feedbacks, so dass der Anteil von st\u00f6rungsbedingten Ausfallzeiten erheblich minimiert wird. Im Vergleich zu mechanischen Verschliesser Systemen ben\u00f6tigt die LinMot L\u00f6sung mit Hub-Dreh Motoren bis zu 60 % weniger Zeit f\u00fcr einen Verschliessvorgang.<\/p>\n<h2>Standard<\/h2>\n<p>In der Standard-Ausf\u00fchrung der Hub-Dreh-Motoren steht dem Anwender eine Vielfalt an Hubl\u00e4ngen, Presskr\u00e4ften sowie Drehmomenten zur Verf\u00fcgung.<\/p>\n<div class=\"row\">\n<div class=\"col-md-5\">\n<ul>\n<li>Linearer Direktantrieb<\/li>\n<li>Rotativer Direktantrieb<\/li>\n<li>Unabh\u00e4ngige lineare und rotative Bewegungen<\/li>\n<li>Integrierte Positionssensorik<\/li>\n<li>Integrierte Temperatur\u00fcberwachung<\/li>\n<li>Programmierbare Positions-\/ Bewegungsprofile<\/li>\n<li>Programmierbare Presskraft<\/li>\n<li>Programmierbares Drehmoment<\/li>\n<\/ul>\n<\/div>\n<div class=\"col-md-7\">\n<div class=\"carousel slide\" id=\"81a8c17c9519b573b12d28092564aaf0\" data-ride=\"carousel\">  <div class=\"carousel-inner\" role=\"listbox\">    <div class=\"item active\">      <img src=\"https:\/\/pamoco.papercut.pl\/de\/wp-content\/uploads\/sites\/2\/2017\/10\/Linear-Rotary-Motors-Standard-3.jpg\" alt=\"...\">    <\/div>    <div class=\"item\">      <img src=\"https:\/\/pamoco.papercut.pl\/de\/wp-content\/uploads\/sites\/2\/2017\/10\/Linear-Rotary-Motors-Standard-4.jpg\" alt=\"...\">    <\/div>    <div class=\"item\">      <img src=\"https:\/\/pamoco.papercut.pl\/de\/wp-content\/uploads\/sites\/2\/2017\/10\/Linear-Rotary-Motors-Standard-1.jpg\" alt=\"...\">    <\/div>    <div class=\"item\">      <img src=\"https:\/\/pamoco.papercut.pl\/de\/wp-content\/uploads\/sites\/2\/2017\/10\/Linear-Rotary-Motors-Standard-2.jpg\" alt=\"...\">    <\/div>  <\/div><div class=\"navigation\"><a class=\"left carousel-control\" href=\"#81a8c17c9519b573b12d28092564aaf0\" role=\"button\" data-slide=\"prev\"><\/a><a class=\"right carousel-control\" href=\"#81a8c17c9519b573b12d28092564aaf0\" role=\"button\" data-slide=\"next\"><\/a><\/div><\/div>\n<\/div>\n<\/div>\n<h2>Variante Hohlwelle<\/h2>\n<p>Die Hohlwelle weist eine zentrische Durchgangsbohrung in L\u00e4ngsrichtung auf. Es ergibt sich somit die M\u00f6glichkeit das Einsatzspektrum der Hub-Dreh-Motoren zu erweitern. Pressluft, Vakuum oder andere Medien k\u00f6nnen somit durchgef\u00fchrt werden.<\/p>\n<div class=\"row\">\n<div class=\"col-md-5\">\n<ul>\n<li>Ausf\u00fchrung mit Hohlwelle<\/li>\n<li>Innendurchmesser 2.5 \/ 4.0 mm<\/li>\n<li>Einfache Pressluft Zuf\u00fchrung<\/li>\n<li>Aufr\u00fcstbar zum Vakuum-Greifer<\/li>\n<li>Kombinierbar mit einem Pneumatik- oder Elektrogreifer<\/li>\n<\/ul>\n<\/div>\n<div class=\"col-md-7\">\n<div class=\"carousel slide\" id=\"1050cb27dd2f2bed9acb338efb88eb2b\" data-ride=\"carousel\">  <div class=\"carousel-inner\" role=\"listbox\">    <div class=\"item active\">      <img src=\"https:\/\/pamoco.papercut.pl\/de\/wp-content\/uploads\/sites\/2\/2017\/10\/Linear-Rotary-Motor-With-Gearbox.jpg\" alt=\"...\">    <\/div>    <div class=\"item\">      <img src=\"https:\/\/pamoco.papercut.pl\/de\/wp-content\/uploads\/sites\/2\/2017\/10\/Linear-Rotary-Motor-With-Gearbox-2.jpg\" alt=\"...\">    <\/div>  <\/div><div class=\"navigation\"><a class=\"left carousel-control\" href=\"#1050cb27dd2f2bed9acb338efb88eb2b\" role=\"button\" data-slide=\"prev\"><\/a><a class=\"right carousel-control\" href=\"#1050cb27dd2f2bed9acb338efb88eb2b\" role=\"button\" data-slide=\"next\"><\/a><\/div><\/div>\n<\/div>\n<\/div>\n<h2>Variante INOX<\/h2>\n<p>Neben den Standard Hub-Dreh-Motoren sind in der Baureihe PR01-84 Motorvarianten aus Chromstahl verf\u00fcgbar. Dabei sind der vordere Flansch sowie die Drehachse aus Chromstahl. Die Drehachse ist gegen\u00fcber dem Stator abgedichtet. Somit kann im Lebensmittel- und Chemiesektor auch die Hub-Dreh-Technologie optimal genutzt werden.<\/p>\n<div class=\"row\">\n<div class=\"col-md-5\">\n<ul>\n<li>Endteile und Welle aus Edelstahl EN 1.4404 \/ AISI 316<\/li>\n<li>Hygienisches Design<\/li>\n<li>Resistent gegen Reinigungsmittel<\/li>\n<li>Optimaler Einsatz im Lebensmittelbereich<\/li>\n<li>Optimaler Einsatz im Chemiesektor<\/li>\n<li>Mit auswechselbaren Gleitlager<\/li>\n<\/ul>\n<\/div>\n<div class=\"col-md-7\">\n<img loading=\"lazy\" src=\"https:\/\/linmot.com\/de\/wp-content\/uploads\/sites\/2\/2017\/10\/Hub-Dreh-Motoren-mit-Hohlwelle.jpg\" alt=\"\" width=\"612\" height=\"190\" class=\"aligncenter size-full wp-image-702\" srcset=\"https:\/\/pamoco.papercut.pl\/de\/wp-content\/uploads\/sites\/2\/2017\/10\/Hub-Dreh-Motoren-mit-Hohlwelle.jpg 612w, https:\/\/pamoco.papercut.pl\/de\/wp-content\/uploads\/sites\/2\/2017\/10\/Hub-Dreh-Motoren-mit-Hohlwelle-300x93.jpg 300w\" sizes=\"(max-width: 612px) 100vw, 612px\" \/>\n<\/div>\n<\/div>\n","protected":false},"excerpt":{"rendered":"<p>Mit den Hub-Dreh-Linearmotoren der Serie PR01 k\u00f6nnen beliebig kombinierbare Linear- und Rotationsbewegungen realisiert werden. Im kompakten Geh\u00e4use sind sowohl ein elektromagnetischer linearer wie auch ein rotativer Direktantrieb untergebracht die je von einem Servo Drive geregelt werden. In der \u00fcbergeordneten Steuerung lassen sich somit hoch dynamische linear-rotative Bewegungsabl\u00e4ufe realisieren, die entweder synchron zueinander oder v\u00f6llig unabh\u00e4ngig [&hellip;]<\/p>\n","protected":false},"author":1,"featured_media":0,"parent":6,"menu_order":0,"comment_status":"closed","ping_status":"closed","template":"","meta":[],"acf":[],"yoast_head":"<!-- This site is optimized with the Yoast SEO plugin v17.5 - https:\/\/yoast.com\/wordpress\/plugins\/seo\/ -->\n<title>Hub-Dreh-Motoren | Linear Motion Technology Leader | LinMot<\/title>\n<meta name=\"description\" content=\"Hub-Dreh-Motoren | Linear Motion Technology Leader | LinMot\" \/>\n<meta name=\"robots\" content=\"noindex, follow, max-snippet:-1, max-image-preview:large, max-video-preview:-1\" \/>\n<meta property=\"og:locale\" content=\"de_DE\" \/>\n<meta property=\"og:type\" content=\"article\" \/>\n<meta property=\"og:title\" content=\"Hub-Dreh-Motoren | Linear Motion Technology Leader | LinMot\" \/>\n<meta property=\"og:description\" content=\"Hub-Dreh-Motoren | Linear Motion Technology Leader | LinMot\" \/>\n<meta property=\"og:url\" content=\"https:\/\/pamoco.papercut.pl\/de\/produkte\/hub-dreh-motoren\/\" \/>\n<meta property=\"og:site_name\" content=\"LinMot DE\" \/>\n<meta property=\"article:modified_time\" content=\"2018-08-14T11:16:46+00:00\" \/>\n<meta property=\"og:image\" content=\"https:\/\/linmot.com\/wp-content\/uploads\/2017\/10\/Linear-Rotary-Motors-Linmot.jpg\" \/>\n<meta name=\"twitter:card\" content=\"summary\" \/>\n<meta name=\"twitter:label1\" content=\"Gesch\u00e4tzte Lesezeit\" \/>\n\t<meta name=\"twitter:data1\" content=\"3 Minuten\" \/>\n<script type=\"application\/ld+json\" class=\"yoast-schema-graph\">{\"@context\":\"https:\/\/schema.org\",\"@graph\":[{\"@type\":\"WebSite\",\"@id\":\"https:\/\/pamoco.papercut.pl\/de\/#website\",\"url\":\"https:\/\/pamoco.papercut.pl\/de\/\",\"name\":\"LinMot DE\",\"description\":\"Linmot\",\"potentialAction\":[{\"@type\":\"SearchAction\",\"target\":{\"@type\":\"EntryPoint\",\"urlTemplate\":\"https:\/\/pamoco.papercut.pl\/de\/?s={search_term_string}\"},\"query-input\":\"required name=search_term_string\"}],\"inLanguage\":\"de-DE\"},{\"@type\":\"ImageObject\",\"@id\":\"https:\/\/pamoco.papercut.pl\/de\/produkte\/hub-dreh-motoren\/#primaryimage\",\"inLanguage\":\"de-DE\",\"url\":\"https:\/\/linmot.com\/wp-content\/uploads\/2017\/10\/Linear-Rotary-Motors-Linmot.jpg\",\"contentUrl\":\"https:\/\/linmot.com\/wp-content\/uploads\/2017\/10\/Linear-Rotary-Motors-Linmot.jpg\"},{\"@type\":\"WebPage\",\"@id\":\"https:\/\/pamoco.papercut.pl\/de\/produkte\/hub-dreh-motoren\/#webpage\",\"url\":\"https:\/\/pamoco.papercut.pl\/de\/produkte\/hub-dreh-motoren\/\",\"name\":\"Hub-Dreh-Motoren | Linear Motion Technology Leader | LinMot\",\"isPartOf\":{\"@id\":\"https:\/\/pamoco.papercut.pl\/de\/#website\"},\"primaryImageOfPage\":{\"@id\":\"https:\/\/pamoco.papercut.pl\/de\/produkte\/hub-dreh-motoren\/#primaryimage\"},\"datePublished\":\"2017-10-20T21:33:54+00:00\",\"dateModified\":\"2018-08-14T11:16:46+00:00\",\"description\":\"Hub-Dreh-Motoren | Linear Motion Technology Leader | LinMot\",\"breadcrumb\":{\"@id\":\"https:\/\/pamoco.papercut.pl\/de\/produkte\/hub-dreh-motoren\/#breadcrumb\"},\"inLanguage\":\"de-DE\",\"potentialAction\":[{\"@type\":\"ReadAction\",\"target\":[\"https:\/\/pamoco.papercut.pl\/de\/produkte\/hub-dreh-motoren\/\"]}]},{\"@type\":\"BreadcrumbList\",\"@id\":\"https:\/\/pamoco.papercut.pl\/de\/produkte\/hub-dreh-motoren\/#breadcrumb\",\"itemListElement\":[{\"@type\":\"ListItem\",\"position\":1,\"name\":\"LinMot\",\"item\":\"https:\/\/pamoco.papercut.pl\/de\/\"},{\"@type\":\"ListItem\",\"position\":2,\"name\":\"Produkte\",\"item\":\"https:\/\/pamoco.papercut.pl\/de\/produkte\/\"},{\"@type\":\"ListItem\",\"position\":3,\"name\":\"Hub-Dreh-Motoren\"}]}]}<\/script>\n<!-- \/ Yoast SEO plugin. -->","yoast_head_json":{"title":"Hub-Dreh-Motoren | Linear Motion Technology Leader | LinMot","description":"Hub-Dreh-Motoren | Linear Motion Technology Leader | LinMot","robots":{"index":"noindex","follow":"follow","max-snippet":"max-snippet:-1","max-image-preview":"max-image-preview:large","max-video-preview":"max-video-preview:-1"},"og_locale":"de_DE","og_type":"article","og_title":"Hub-Dreh-Motoren | Linear Motion Technology Leader | LinMot","og_description":"Hub-Dreh-Motoren | Linear Motion Technology Leader | LinMot","og_url":"https:\/\/pamoco.papercut.pl\/de\/produkte\/hub-dreh-motoren\/","og_site_name":"LinMot DE","article_modified_time":"2018-08-14T11:16:46+00:00","og_image":[{"url":"https:\/\/linmot.com\/wp-content\/uploads\/2017\/10\/Linear-Rotary-Motors-Linmot.jpg"}],"twitter_card":"summary","twitter_misc":{"Gesch\u00e4tzte Lesezeit":"3 Minuten"},"schema":{"@context":"https:\/\/schema.org","@graph":[{"@type":"WebSite","@id":"https:\/\/pamoco.papercut.pl\/de\/#website","url":"https:\/\/pamoco.papercut.pl\/de\/","name":"LinMot DE","description":"Linmot","potentialAction":[{"@type":"SearchAction","target":{"@type":"EntryPoint","urlTemplate":"https:\/\/pamoco.papercut.pl\/de\/?s={search_term_string}"},"query-input":"required name=search_term_string"}],"inLanguage":"de-DE"},{"@type":"ImageObject","@id":"https:\/\/pamoco.papercut.pl\/de\/produkte\/hub-dreh-motoren\/#primaryimage","inLanguage":"de-DE","url":"https:\/\/linmot.com\/wp-content\/uploads\/2017\/10\/Linear-Rotary-Motors-Linmot.jpg","contentUrl":"https:\/\/linmot.com\/wp-content\/uploads\/2017\/10\/Linear-Rotary-Motors-Linmot.jpg"},{"@type":"WebPage","@id":"https:\/\/pamoco.papercut.pl\/de\/produkte\/hub-dreh-motoren\/#webpage","url":"https:\/\/pamoco.papercut.pl\/de\/produkte\/hub-dreh-motoren\/","name":"Hub-Dreh-Motoren | Linear Motion Technology Leader | LinMot","isPartOf":{"@id":"https:\/\/pamoco.papercut.pl\/de\/#website"},"primaryImageOfPage":{"@id":"https:\/\/pamoco.papercut.pl\/de\/produkte\/hub-dreh-motoren\/#primaryimage"},"datePublished":"2017-10-20T21:33:54+00:00","dateModified":"2018-08-14T11:16:46+00:00","description":"Hub-Dreh-Motoren | Linear Motion Technology Leader | LinMot","breadcrumb":{"@id":"https:\/\/pamoco.papercut.pl\/de\/produkte\/hub-dreh-motoren\/#breadcrumb"},"inLanguage":"de-DE","potentialAction":[{"@type":"ReadAction","target":["https:\/\/pamoco.papercut.pl\/de\/produkte\/hub-dreh-motoren\/"]}]},{"@type":"BreadcrumbList","@id":"https:\/\/pamoco.papercut.pl\/de\/produkte\/hub-dreh-motoren\/#breadcrumb","itemListElement":[{"@type":"ListItem","position":1,"name":"LinMot","item":"https:\/\/pamoco.papercut.pl\/de\/"},{"@type":"ListItem","position":2,"name":"Produkte","item":"https:\/\/pamoco.papercut.pl\/de\/produkte\/"},{"@type":"ListItem","position":3,"name":"Hub-Dreh-Motoren"}]}]}},"_links":{"self":[{"href":"https:\/\/pamoco.papercut.pl\/de\/wp-json\/wp\/v2\/pages\/50"}],"collection":[{"href":"https:\/\/pamoco.papercut.pl\/de\/wp-json\/wp\/v2\/pages"}],"about":[{"href":"https:\/\/pamoco.papercut.pl\/de\/wp-json\/wp\/v2\/types\/page"}],"author":[{"embeddable":true,"href":"https:\/\/pamoco.papercut.pl\/de\/wp-json\/wp\/v2\/users\/1"}],"replies":[{"embeddable":true,"href":"https:\/\/pamoco.papercut.pl\/de\/wp-json\/wp\/v2\/comments?post=50"}],"version-history":[{"count":9,"href":"https:\/\/pamoco.papercut.pl\/de\/wp-json\/wp\/v2\/pages\/50\/revisions"}],"predecessor-version":[{"id":703,"href":"https:\/\/pamoco.papercut.pl\/de\/wp-json\/wp\/v2\/pages\/50\/revisions\/703"}],"up":[{"embeddable":true,"href":"https:\/\/pamoco.papercut.pl\/de\/wp-json\/wp\/v2\/pages\/6"}],"wp:attachment":[{"href":"https:\/\/pamoco.papercut.pl\/de\/wp-json\/wp\/v2\/media?parent=50"}],"curies":[{"name":"wp","href":"https:\/\/api.w.org\/{rel}","templated":true}]}}