{"id":48,"date":"2017-10-20T23:33:40","date_gmt":"2017-10-20T21:33:40","guid":{"rendered":"https:\/\/linmot.com\/?page_id=48"},"modified":"2018-08-14T14:08:49","modified_gmt":"2018-08-14T12:08:49","slug":"magspring","status":"publish","type":"page","link":"https:\/\/pamoco.papercut.pl\/de\/produkte\/magspring\/","title":{"rendered":"MagSpring"},"content":{"rendered":"<p><strong>MagSpring<\/strong> Produkte lassen sich am besten mit dem Begriff<strong> \u201cMagnetische Feder\u201d<\/strong> umschreiben. Der Begriff Feder ist allerdings in dem Sinne zu verstehen, dass MagSpring Komponenten eine konstante Kraft \u00fcber den gesamten Arbeitsbereich erzeugen, w\u00e4hrend eine typische Kennlinie einer mechanischen Feder eine wegabh\u00e4ngige Zunahme der Kraft aufweist. Durch die wegunabh\u00e4ngige Krafterzeugung lassen sich MagSpring&#8217;s vorz\u00fcglich f\u00fcr die Kompensation von Gewichtkr\u00e4ften in vertikalen Antriebsanordnungen einsetzen.<\/p>\n<p>Das Produkt besteht aus 2 Hauptkomponenten. Dabei umgibt der Stator, den im Zentrum liegenden L\u00e4ufer. Je nach St\u00e4rkeklasse der MagSpring befinden sich die Permanentmagnete entweder im Stator, im L\u00e4ufer oder in beiden Komponenten. Die Lagerung des L\u00e4ufers erfolgt \u00fcber eine integrierte Gleitf\u00fchrung, sodass MagSpring Produkte konstruktiv, vergleichbar mit Gasdruckfedern eingesetzt werden k\u00f6nnen.<\/p>\n<blockquote><p>Konstante Kraft \u00fcber den ganzen Hub<\/p><\/blockquote>\n<p>Die Funktionsweise beruht auf der Anziehungskraft von Permanentmagneten. Entsprechend ist keine Energieversorgung (Strom, Druckluft etc.) notwendig, sodass auch sicherheitstechnisch relevante Anwendungen m\u00f6glich sind. Durch die spezielle Ausf\u00fchrung der flussf\u00fchrenden Komponenten sowie der Magnete werden die stark nichtlinearen Zusammenh\u00e4nge zwischen Kraft und Weg von Magnet-Eisen-Anordnungen in einen konstanten Kraftverlauf \u00fcbergef\u00fchrt.<\/p>\n<div class=\"row\">\n<div class=\"col-md-5\">\n<ul>\n<li>Rein passiv, ben\u00f6tigt weder Strom noch Druckluft<\/li>\n<li>Unterschiedliche Hubbereiche und Kr\u00e4fte<\/li>\n<li>Kr\u00e4fte bis 60 N<\/li>\n<li>H\u00fcbe bis 290 mm<\/li>\n<li>Kombinierbar mit H-F\u00fchrung<\/li>\n<li>Auch f\u00fcr dynamische Bewegungen geeignet<\/li>\n<li>Einfache Konstruktion<\/li>\n<\/ul>\n<\/div>\n<div class=\"col-md-7\">\n<div class=\"carousel slide\" id=\"fd3b136153e0decdc57f207b115e08f2\" data-ride=\"carousel\">  <div class=\"carousel-inner\" role=\"listbox\">    <div class=\"item active\">      <img src=\"https:\/\/pamoco.papercut.pl\/de\/wp-content\/uploads\/sites\/2\/2017\/10\/MagSpring-4-Linmot.jpg\" alt=\"...\">    <\/div>    <div class=\"item\">      <img src=\"https:\/\/pamoco.papercut.pl\/de\/wp-content\/uploads\/sites\/2\/2017\/10\/MagSpring-1-Linmot.jpg\" alt=\"...\">    <\/div>    <div class=\"item\">      <img src=\"https:\/\/pamoco.papercut.pl\/de\/wp-content\/uploads\/sites\/2\/2017\/10\/MagSpring-2-Linmot.jpg\" alt=\"...\">    <\/div>    <div class=\"item\">      <img src=\"https:\/\/pamoco.papercut.pl\/de\/wp-content\/uploads\/sites\/2\/2017\/10\/MagSpring-3-Linmot.jpg\" alt=\"...\">    <\/div>  <\/div><div class=\"navigation\"><a class=\"left carousel-control\" href=\"#fd3b136153e0decdc57f207b115e08f2\" role=\"button\" data-slide=\"prev\"><\/a><a class=\"right carousel-control\" href=\"#fd3b136153e0decdc57f207b115e08f2\" role=\"button\" data-slide=\"next\"><\/a><\/div><\/div>\n<\/div>\n<\/div>\n<blockquote><p>Ausfallsicherung und Kompensation der Gewichtskraft<\/p><\/blockquote>\n<p>Die konstante Kraft \u00fcber den ganzen Hubbereich eignet sich vorz\u00fcglich als Ausfallsicherung und f\u00fcr die Kompensation der Gewichtskraft bei vertikaler Einbaulage. Dank der Gewichtskraft-Kompensation durch die MagSpring wird der Linearmotor nur noch f\u00fcr die Positionierung bzw. das Aufbringen der dynamischen Kr\u00e4fte eingesetzt und kann entsprechend kleiner dimensioniert werden.<\/p>\n<h2>Produktvorteile<\/h2>\n<p>Dank der konstanten Kraft- Wegkennlinie sind nebst dem Gewichtsausgleich bei vertikaler Einbaulage zahlreiche weitere Einsatzf\u00e4lle, wie etwa die lageunabh\u00e4ngige Erzeugung einer konstanten Anpresskraft, das Aufbringen einer konstanten Haltekraft \u00fcber einen grossen Hubbereich oder die einseitige Kraftunterst\u00fctzung bei komplexen Antriebsaufgaben realisierbar.<\/p>\n<div class=\"row\">\n<div class=\"col-md-4\">\n<h4>Befestigung<\/h4>\n<p>Die Statoren k\u00f6nnen wahlweise \u00fcber das Feingewinde oder eine Klemmung befestigt werden. F\u00fcr beide Baugr\u00f6ssen gibt es geeignete Befestigungsflansche. Bei der Fixierung des L\u00e4ufers an der Lastmasse ist darauf zu achten, dass Parallelit\u00e4tsfehler durch eine flexible Befestigung ausgeglichen werden.<br \/>\n<\/div>\n<div class=\"col-md-4\">\n<h4>Haltefunktion (Power-off)<\/h4>\n<p>Da MagSpring&#8217;s rein passive Elemente sind, kann im stromlosen Zustand eine definierte Funktion bzw. Lage einer Einrichtung sichergestellt werden. Z. B. das Hochheben eines Greifers oder Druckkopfes in vertikalen Anordnungen oder das Einziehen oder Ausfahren eines Schiebers mit konstanter Kraft.<br \/>\n<\/div>\n<div class=\"col-md-4\">\n<h4>Sichere Warteposition<\/h4>\n<p>Bei einer Unterbrechung der elektrischen Energieversorgung verhindert die MagSpring zudem, dass die Vertikalachse in den unteren Endanschlag f\u00e4llt. Ist die Kraft der MagSpring gr\u00f6sser als die Gewichtskraft, wird die Achse auf die obere Endposition gezogen.<br \/>\n<\/div>\n<\/div>\n<div class=\"row\">\n<div class=\"col-md-4\">\n<h4>Gewichtskraftkompensation<\/h4>\n<p>Bei vertikaler Einbaulage m\u00fcssen Linearmotoren und andere Direktantriebe dauernd eine konstante Kraft aufbringen, um der Gewichtskraft entgegen zu wirken. <\/p>\n<p>Mit einer parallel zum Linearmotor eingebauten MagSpring kann die Gewichtkraft passiv kompensiert werden. Der Linearmotor wird nur noch f\u00fcr den eigentlichen Positionierbetrieb bzw. das Aufbringen der dynamischen Kr\u00e4fte eingesetzt und kann entsprechend kleiner dimensioniert werden.<br \/>\n<\/div>\n<div class=\"col-md-4\">\n<h4>Anwendung konstante Kraft<\/h4>\n<p>Dank der konstanten Kraft-Wegkennlinie sind vielf\u00e4ltige weitere Einsatzf\u00e4lle m\u00f6glich, wie etwa die lageunabh\u00e4ngige Erzeugung einer konstanten Anpresskraft, das Aufbringen einer konstanten Haltekraft \u00fcber einen grossen Hubbereich oder die einseitige Kraftunterst\u00fctzung in Antriebsaufgaben.<\/p>\n<p>Die effektive Kraft liegt aufgrund der Material- und Fertigungstoleranz im Bereich von +\/-10% der Nennkraft.<br \/>\n<\/div>\n<\/div>\n","protected":false},"excerpt":{"rendered":"<p>MagSpring Produkte lassen sich am besten mit dem Begriff \u201cMagnetische Feder\u201d umschreiben. Der Begriff Feder ist allerdings in dem Sinne zu verstehen, dass MagSpring Komponenten eine konstante Kraft \u00fcber den gesamten Arbeitsbereich erzeugen, w\u00e4hrend eine typische Kennlinie einer mechanischen Feder eine wegabh\u00e4ngige Zunahme der Kraft aufweist. Durch die wegunabh\u00e4ngige Krafterzeugung lassen sich MagSpring&#8217;s vorz\u00fcglich f\u00fcr [&hellip;]<\/p>\n","protected":false},"author":1,"featured_media":0,"parent":6,"menu_order":0,"comment_status":"closed","ping_status":"closed","template":"","meta":[],"acf":[],"yoast_head":"<!-- This site is optimized with the Yoast SEO plugin v17.5 - https:\/\/yoast.com\/wordpress\/plugins\/seo\/ -->\n<title>MagSpring | Linear Motion Technology Leader | LinMot<\/title>\n<meta name=\"description\" content=\"MagSpring | Linear Motion Technology Leader | LinMot\" \/>\n<meta name=\"robots\" content=\"noindex, follow, max-snippet:-1, max-image-preview:large, max-video-preview:-1\" \/>\n<meta property=\"og:locale\" content=\"de_DE\" \/>\n<meta property=\"og:type\" content=\"article\" \/>\n<meta property=\"og:title\" content=\"MagSpring | Linear Motion Technology Leader | LinMot\" \/>\n<meta property=\"og:description\" content=\"MagSpring | Linear Motion Technology Leader | LinMot\" \/>\n<meta property=\"og:url\" content=\"https:\/\/pamoco.papercut.pl\/de\/produkte\/magspring\/\" \/>\n<meta property=\"og:site_name\" content=\"LinMot DE\" \/>\n<meta property=\"article:modified_time\" content=\"2018-08-14T12:08:49+00:00\" \/>\n<meta name=\"twitter:card\" content=\"summary\" \/>\n<meta name=\"twitter:label1\" content=\"Gesch\u00e4tzte Lesezeit\" \/>\n\t<meta name=\"twitter:data1\" content=\"3 Minuten\" \/>\n<script type=\"application\/ld+json\" class=\"yoast-schema-graph\">{\"@context\":\"https:\/\/schema.org\",\"@graph\":[{\"@type\":\"WebSite\",\"@id\":\"https:\/\/pamoco.papercut.pl\/de\/#website\",\"url\":\"https:\/\/pamoco.papercut.pl\/de\/\",\"name\":\"LinMot DE\",\"description\":\"Linmot\",\"potentialAction\":[{\"@type\":\"SearchAction\",\"target\":{\"@type\":\"EntryPoint\",\"urlTemplate\":\"https:\/\/pamoco.papercut.pl\/de\/?s={search_term_string}\"},\"query-input\":\"required name=search_term_string\"}],\"inLanguage\":\"de-DE\"},{\"@type\":\"WebPage\",\"@id\":\"https:\/\/pamoco.papercut.pl\/de\/produkte\/magspring\/#webpage\",\"url\":\"https:\/\/pamoco.papercut.pl\/de\/produkte\/magspring\/\",\"name\":\"MagSpring | Linear Motion Technology Leader | LinMot\",\"isPartOf\":{\"@id\":\"https:\/\/pamoco.papercut.pl\/de\/#website\"},\"datePublished\":\"2017-10-20T21:33:40+00:00\",\"dateModified\":\"2018-08-14T12:08:49+00:00\",\"description\":\"MagSpring | Linear Motion Technology Leader | LinMot\",\"breadcrumb\":{\"@id\":\"https:\/\/pamoco.papercut.pl\/de\/produkte\/magspring\/#breadcrumb\"},\"inLanguage\":\"de-DE\",\"potentialAction\":[{\"@type\":\"ReadAction\",\"target\":[\"https:\/\/pamoco.papercut.pl\/de\/produkte\/magspring\/\"]}]},{\"@type\":\"BreadcrumbList\",\"@id\":\"https:\/\/pamoco.papercut.pl\/de\/produkte\/magspring\/#breadcrumb\",\"itemListElement\":[{\"@type\":\"ListItem\",\"position\":1,\"name\":\"LinMot\",\"item\":\"https:\/\/pamoco.papercut.pl\/de\/\"},{\"@type\":\"ListItem\",\"position\":2,\"name\":\"Produkte\",\"item\":\"https:\/\/pamoco.papercut.pl\/de\/produkte\/\"},{\"@type\":\"ListItem\",\"position\":3,\"name\":\"MagSpring\"}]}]}<\/script>\n<!-- \/ Yoast SEO plugin. -->","yoast_head_json":{"title":"MagSpring | Linear Motion Technology Leader | LinMot","description":"MagSpring | Linear Motion Technology Leader | LinMot","robots":{"index":"noindex","follow":"follow","max-snippet":"max-snippet:-1","max-image-preview":"max-image-preview:large","max-video-preview":"max-video-preview:-1"},"og_locale":"de_DE","og_type":"article","og_title":"MagSpring | Linear Motion Technology Leader | LinMot","og_description":"MagSpring | Linear Motion Technology Leader | LinMot","og_url":"https:\/\/pamoco.papercut.pl\/de\/produkte\/magspring\/","og_site_name":"LinMot DE","article_modified_time":"2018-08-14T12:08:49+00:00","twitter_card":"summary","twitter_misc":{"Gesch\u00e4tzte Lesezeit":"3 Minuten"},"schema":{"@context":"https:\/\/schema.org","@graph":[{"@type":"WebSite","@id":"https:\/\/pamoco.papercut.pl\/de\/#website","url":"https:\/\/pamoco.papercut.pl\/de\/","name":"LinMot DE","description":"Linmot","potentialAction":[{"@type":"SearchAction","target":{"@type":"EntryPoint","urlTemplate":"https:\/\/pamoco.papercut.pl\/de\/?s={search_term_string}"},"query-input":"required name=search_term_string"}],"inLanguage":"de-DE"},{"@type":"WebPage","@id":"https:\/\/pamoco.papercut.pl\/de\/produkte\/magspring\/#webpage","url":"https:\/\/pamoco.papercut.pl\/de\/produkte\/magspring\/","name":"MagSpring | Linear Motion Technology Leader | LinMot","isPartOf":{"@id":"https:\/\/pamoco.papercut.pl\/de\/#website"},"datePublished":"2017-10-20T21:33:40+00:00","dateModified":"2018-08-14T12:08:49+00:00","description":"MagSpring | Linear Motion Technology Leader | LinMot","breadcrumb":{"@id":"https:\/\/pamoco.papercut.pl\/de\/produkte\/magspring\/#breadcrumb"},"inLanguage":"de-DE","potentialAction":[{"@type":"ReadAction","target":["https:\/\/pamoco.papercut.pl\/de\/produkte\/magspring\/"]}]},{"@type":"BreadcrumbList","@id":"https:\/\/pamoco.papercut.pl\/de\/produkte\/magspring\/#breadcrumb","itemListElement":[{"@type":"ListItem","position":1,"name":"LinMot","item":"https:\/\/pamoco.papercut.pl\/de\/"},{"@type":"ListItem","position":2,"name":"Produkte","item":"https:\/\/pamoco.papercut.pl\/de\/produkte\/"},{"@type":"ListItem","position":3,"name":"MagSpring"}]}]}},"_links":{"self":[{"href":"https:\/\/pamoco.papercut.pl\/de\/wp-json\/wp\/v2\/pages\/48"}],"collection":[{"href":"https:\/\/pamoco.papercut.pl\/de\/wp-json\/wp\/v2\/pages"}],"about":[{"href":"https:\/\/pamoco.papercut.pl\/de\/wp-json\/wp\/v2\/types\/page"}],"author":[{"embeddable":true,"href":"https:\/\/pamoco.papercut.pl\/de\/wp-json\/wp\/v2\/users\/1"}],"replies":[{"embeddable":true,"href":"https:\/\/pamoco.papercut.pl\/de\/wp-json\/wp\/v2\/comments?post=48"}],"version-history":[{"count":8,"href":"https:\/\/pamoco.papercut.pl\/de\/wp-json\/wp\/v2\/pages\/48\/revisions"}],"predecessor-version":[{"id":707,"href":"https:\/\/pamoco.papercut.pl\/de\/wp-json\/wp\/v2\/pages\/48\/revisions\/707"}],"up":[{"embeddable":true,"href":"https:\/\/pamoco.papercut.pl\/de\/wp-json\/wp\/v2\/pages\/6"}],"wp:attachment":[{"href":"https:\/\/pamoco.papercut.pl\/de\/wp-json\/wp\/v2\/media?parent=48"}],"curies":[{"name":"wp","href":"https:\/\/api.w.org\/{rel}","templated":true}]}}