{"id":473,"date":"2018-04-24T18:45:40","date_gmt":"2018-04-24T16:45:40","guid":{"rendered":"https:\/\/linmot.com\/?page_id=473"},"modified":"2018-08-13T17:16:54","modified_gmt":"2018-08-13T15:16:54","slug":"wahl-der-motorgroesse","status":"publish","type":"page","link":"https:\/\/pamoco.papercut.pl\/de\/support\/linmot-tutorials\/wahl-der-motorgroesse\/","title":{"rendered":"Wahl der Motorgr\u00f6\u00dfe"},"content":{"rendered":"<h2>LinMot Designer &#8211; Anleitungen<\/h2>\n<div class=\"row\">\n<div class=\"col-md-6\">\n<h4>XZ Heben und Weglegen \u2013 Teil 1<\/h4>\n<p><iframe loading=\"lazy\" src=\"\/\/www.youtube.com\/embed\/pr73uxe9Vkw\" width=\"460\" height=\"288\" frameborder=\"0\" allowfullscreen=\"allowfullscreen\"><\/iframe><br \/>\nDieser Kurzfilm enth\u00e4lt die wichtigsten Eigenschaften der Anwendung LinMot Designer und beschreibt die Erstellung einer einfachen Gr\u00f6\u00dfenbestimmungsdatei f\u00fcr die Z-Achse des Systems.<br \/>\n<\/div>\n<div class=\"col-md-6\">\n<h4>XZ Heben und Weglegen \u2013 Teil 2<\/h4>\n<p><iframe loading=\"lazy\" src=\"\/\/www.youtube.com\/embed\/4cnBtYTSOzU\" width=\"460\" height=\"288\" frameborder=\"0\" allowfullscreen=\"allowfullscreen\"><\/iframe><br \/>\nDieser Kurzfilm beschreibt die Feineinstellung der vorgenommenen Gr\u00f6\u00dfenwahl der Z-Achse und befasst sich mit fortgeschrittenden Funktionen des LinMot Designer.<br \/>\n<\/div>\n<\/div>\n<div class=\"row\">\n<div class=\"col-md-6\">\n<h4>XZ Pick and Place &#8211; Teil 3<\/h4>\n<p><iframe loading=\"lazy\" src=\"\/\/www.youtube.com\/embed\/3hkicUkTHmU\" width=\"460\" height=\"288\" frameborder=\"0\" allowfullscreen=\"allowfullscreen\"><\/iframe><br \/>\nDieser Kurzfilm beschreibt die Gr\u00f6\u00dfenwahl der X-Achse des Verfahrens XZ Heben und Weglegen.<br \/>\n<\/div>\n<div class=\"col-md-6\">\n<h4>Tipps und Tricks f\u00fcr den LinMot Designer<\/h4>\n<p><iframe loading=\"lazy\" src=\"\/\/www.youtube.com\/embed\/ThDj5BZFjss\" width=\"460\" height=\"288\" frameborder=\"0\" allowfullscreen=\"allowfullscreen\"><\/iframe><br \/>\nTipps und Tricks.<br \/>\n<\/div>\n<\/div>\n","protected":false},"excerpt":{"rendered":"<p>LinMot Designer &#8211; Anleitungen<\/p>\n","protected":false},"author":1,"featured_media":0,"parent":259,"menu_order":0,"comment_status":"closed","ping_status":"closed","template":"","meta":[],"acf":[],"yoast_head":"<!-- This site is optimized with the Yoast SEO plugin v17.5 - https:\/\/yoast.com\/wordpress\/plugins\/seo\/ -->\n<title>Wahl der Motorgr\u00f6\u00dfe | Linear Motion Technology Leader | LinMot<\/title>\n<meta name=\"description\" content=\"Wahl der Motorgr\u00f6\u00dfe | Linear Motion Technology Leader | LinMot\" \/>\n<meta name=\"robots\" content=\"noindex, follow, max-snippet:-1, max-image-preview:large, max-video-preview:-1\" \/>\n<meta property=\"og:locale\" content=\"de_DE\" \/>\n<meta property=\"og:type\" content=\"article\" \/>\n<meta property=\"og:title\" content=\"Wahl der Motorgr\u00f6\u00dfe | Linear Motion Technology Leader | LinMot\" \/>\n<meta property=\"og:description\" content=\"Wahl der Motorgr\u00f6\u00dfe | Linear Motion Technology Leader | LinMot\" \/>\n<meta property=\"og:url\" content=\"https:\/\/pamoco.papercut.pl\/de\/support\/linmot-tutorials\/wahl-der-motorgroesse\/\" \/>\n<meta property=\"og:site_name\" content=\"LinMot DE\" \/>\n<meta property=\"article:modified_time\" content=\"2018-08-13T15:16:54+00:00\" \/>\n<meta name=\"twitter:card\" content=\"summary\" \/>\n<meta name=\"twitter:label1\" content=\"Gesch\u00e4tzte Lesezeit\" \/>\n\t<meta name=\"twitter:data1\" content=\"1 Minute\" \/>\n<script type=\"application\/ld+json\" class=\"yoast-schema-graph\">{\"@context\":\"https:\/\/schema.org\",\"@graph\":[{\"@type\":\"WebSite\",\"@id\":\"https:\/\/pamoco.papercut.pl\/de\/#website\",\"url\":\"https:\/\/pamoco.papercut.pl\/de\/\",\"name\":\"LinMot DE\",\"description\":\"Linmot\",\"potentialAction\":[{\"@type\":\"SearchAction\",\"target\":{\"@type\":\"EntryPoint\",\"urlTemplate\":\"https:\/\/pamoco.papercut.pl\/de\/?s={search_term_string}\"},\"query-input\":\"required name=search_term_string\"}],\"inLanguage\":\"de-DE\"},{\"@type\":\"WebPage\",\"@id\":\"https:\/\/pamoco.papercut.pl\/de\/support\/linmot-tutorials\/wahl-der-motorgroesse\/#webpage\",\"url\":\"https:\/\/pamoco.papercut.pl\/de\/support\/linmot-tutorials\/wahl-der-motorgroesse\/\",\"name\":\"Wahl der Motorgr\\u00f6\\u00dfe | Linear Motion Technology Leader | LinMot\",\"isPartOf\":{\"@id\":\"https:\/\/pamoco.papercut.pl\/de\/#website\"},\"datePublished\":\"2018-04-24T16:45:40+00:00\",\"dateModified\":\"2018-08-13T15:16:54+00:00\",\"description\":\"Wahl der Motorgr\\u00f6\\u00dfe | Linear Motion Technology Leader | LinMot\",\"breadcrumb\":{\"@id\":\"https:\/\/pamoco.papercut.pl\/de\/support\/linmot-tutorials\/wahl-der-motorgroesse\/#breadcrumb\"},\"inLanguage\":\"de-DE\",\"potentialAction\":[{\"@type\":\"ReadAction\",\"target\":[\"https:\/\/pamoco.papercut.pl\/de\/support\/linmot-tutorials\/wahl-der-motorgroesse\/\"]}]},{\"@type\":\"BreadcrumbList\",\"@id\":\"https:\/\/pamoco.papercut.pl\/de\/support\/linmot-tutorials\/wahl-der-motorgroesse\/#breadcrumb\",\"itemListElement\":[{\"@type\":\"ListItem\",\"position\":1,\"name\":\"LinMot\",\"item\":\"https:\/\/pamoco.papercut.pl\/de\/\"},{\"@type\":\"ListItem\",\"position\":2,\"name\":\"Support\",\"item\":\"https:\/\/pamoco.papercut.pl\/de\/support\/\"},{\"@type\":\"ListItem\",\"position\":3,\"name\":\"LinMot Tutorials\",\"item\":\"https:\/\/pamoco.papercut.pl\/de\/support\/linmot-tutorials\/\"},{\"@type\":\"ListItem\",\"position\":4,\"name\":\"Wahl der Motorgr\\u00f6\\u00dfe\"}]}]}<\/script>\n<!-- \/ Yoast SEO plugin. -->","yoast_head_json":{"title":"Wahl der Motorgr\u00f6\u00dfe | Linear Motion Technology Leader | LinMot","description":"Wahl der Motorgr\u00f6\u00dfe | Linear Motion Technology Leader | LinMot","robots":{"index":"noindex","follow":"follow","max-snippet":"max-snippet:-1","max-image-preview":"max-image-preview:large","max-video-preview":"max-video-preview:-1"},"og_locale":"de_DE","og_type":"article","og_title":"Wahl der Motorgr\u00f6\u00dfe | Linear Motion Technology Leader | LinMot","og_description":"Wahl der Motorgr\u00f6\u00dfe | Linear Motion Technology Leader | LinMot","og_url":"https:\/\/pamoco.papercut.pl\/de\/support\/linmot-tutorials\/wahl-der-motorgroesse\/","og_site_name":"LinMot DE","article_modified_time":"2018-08-13T15:16:54+00:00","twitter_card":"summary","twitter_misc":{"Gesch\u00e4tzte Lesezeit":"1 Minute"},"schema":{"@context":"https:\/\/schema.org","@graph":[{"@type":"WebSite","@id":"https:\/\/pamoco.papercut.pl\/de\/#website","url":"https:\/\/pamoco.papercut.pl\/de\/","name":"LinMot DE","description":"Linmot","potentialAction":[{"@type":"SearchAction","target":{"@type":"EntryPoint","urlTemplate":"https:\/\/pamoco.papercut.pl\/de\/?s={search_term_string}"},"query-input":"required name=search_term_string"}],"inLanguage":"de-DE"},{"@type":"WebPage","@id":"https:\/\/pamoco.papercut.pl\/de\/support\/linmot-tutorials\/wahl-der-motorgroesse\/#webpage","url":"https:\/\/pamoco.papercut.pl\/de\/support\/linmot-tutorials\/wahl-der-motorgroesse\/","name":"Wahl der Motorgr\u00f6\u00dfe | Linear Motion Technology Leader | LinMot","isPartOf":{"@id":"https:\/\/pamoco.papercut.pl\/de\/#website"},"datePublished":"2018-04-24T16:45:40+00:00","dateModified":"2018-08-13T15:16:54+00:00","description":"Wahl der Motorgr\u00f6\u00dfe | Linear Motion Technology Leader | LinMot","breadcrumb":{"@id":"https:\/\/pamoco.papercut.pl\/de\/support\/linmot-tutorials\/wahl-der-motorgroesse\/#breadcrumb"},"inLanguage":"de-DE","potentialAction":[{"@type":"ReadAction","target":["https:\/\/pamoco.papercut.pl\/de\/support\/linmot-tutorials\/wahl-der-motorgroesse\/"]}]},{"@type":"BreadcrumbList","@id":"https:\/\/pamoco.papercut.pl\/de\/support\/linmot-tutorials\/wahl-der-motorgroesse\/#breadcrumb","itemListElement":[{"@type":"ListItem","position":1,"name":"LinMot","item":"https:\/\/pamoco.papercut.pl\/de\/"},{"@type":"ListItem","position":2,"name":"Support","item":"https:\/\/pamoco.papercut.pl\/de\/support\/"},{"@type":"ListItem","position":3,"name":"LinMot Tutorials","item":"https:\/\/pamoco.papercut.pl\/de\/support\/linmot-tutorials\/"},{"@type":"ListItem","position":4,"name":"Wahl der Motorgr\u00f6\u00dfe"}]}]}},"_links":{"self":[{"href":"https:\/\/pamoco.papercut.pl\/de\/wp-json\/wp\/v2\/pages\/473"}],"collection":[{"href":"https:\/\/pamoco.papercut.pl\/de\/wp-json\/wp\/v2\/pages"}],"about":[{"href":"https:\/\/pamoco.papercut.pl\/de\/wp-json\/wp\/v2\/types\/page"}],"author":[{"embeddable":true,"href":"https:\/\/pamoco.papercut.pl\/de\/wp-json\/wp\/v2\/users\/1"}],"replies":[{"embeddable":true,"href":"https:\/\/pamoco.papercut.pl\/de\/wp-json\/wp\/v2\/comments?post=473"}],"version-history":[{"count":3,"href":"https:\/\/pamoco.papercut.pl\/de\/wp-json\/wp\/v2\/pages\/473\/revisions"}],"predecessor-version":[{"id":653,"href":"https:\/\/pamoco.papercut.pl\/de\/wp-json\/wp\/v2\/pages\/473\/revisions\/653"}],"up":[{"embeddable":true,"href":"https:\/\/pamoco.papercut.pl\/de\/wp-json\/wp\/v2\/pages\/259"}],"wp:attachment":[{"href":"https:\/\/pamoco.papercut.pl\/de\/wp-json\/wp\/v2\/media?parent=473"}],"curies":[{"name":"wp","href":"https:\/\/api.w.org\/{rel}","templated":true}]}}