{"id":469,"date":"2018-04-24T18:45:18","date_gmt":"2018-04-24T16:45:18","guid":{"rendered":"https:\/\/linmot.com\/?page_id=469"},"modified":"2018-08-13T17:09:15","modified_gmt":"2018-08-13T15:09:15","slug":"konfiguration-des-motors","status":"publish","type":"page","link":"https:\/\/pamoco.papercut.pl\/de\/support\/linmot-tutorials\/konfiguration-des-motors\/","title":{"rendered":"Konfiguration des Motors"},"content":{"rendered":"<h2>Grundlagen<\/h2>\n<div class=\"row\">\n<div class=\"col-md-6\">\n<h4>Firmenware Herunterladen<\/h4>\n<p><iframe loading=\"lazy\" src=\"\/\/www.youtube.com\/embed\/09QvQl3-eJ4\" width=\"460\" height=\"288\" frameborder=\"0\" allowfullscreen=\"allowfullscreen\"><\/iframe><br \/>\nDieser Kurzfilm aus der Kurzfilmreihe von LinMot erl\u00e4utert dem Benutzer die einleitenden Schritte der Konfiguration von LinMot Talk in Form des Herunterladens der Firmenware.<br \/>\n<\/div>\n<div class=\"col-md-6\">\n<h4>Der Motor-Assistent<\/h4>\n<p><iframe loading=\"lazy\" src=\"\/\/www.youtube.com\/embed\/nDeefPbugyY\" width=\"460\" height=\"288\" frameborder=\"0\" allowfullscreen=\"allowfullscreen\"><\/iframe><br \/>\nDieser Kurzfilm aus der Kurzfilmreihe von LinMot erl\u00e4utert dem Benutzer die Konfiguration des Motors mit Hilfe des Motor-Assistenten \u00fcber LinMot Talk.<br \/>\n<\/div>\n<\/div>\n<div class=\"row\">\n<div class=\"col-md-6\">\n<h4>Ihr erster Hub<\/h4>\n<p><iframe loading=\"lazy\" src=\"\/\/www.youtube.com\/embed\/D-Vo7SKO78I\" width=\"460\" height=\"288\" frameborder=\"0\" allowfullscreen=\"allowfullscreen\"><\/iframe><br \/>\nDieser Kurzfilm aus der Kurzfilmreihe von LinMot erl\u00e4utert dem Benutzer den ersten Hub des Motors. Diese besondere Lernanleitung stellt einen trapezf\u00f6rmigen Hub bei zwei unterschiedlichen Geschwindigkeiten dar.<br \/>\n<\/div>\n<div class=\"col-md-6\">\n<h4>Konfigurationsdatei Speichern<\/h4>\n<p><iframe loading=\"lazy\" src=\"\/\/www.youtube.com\/embed\/Ne67WU2suqI\" width=\"460\" height=\"288\" frameborder=\"0\" allowfullscreen=\"allowfullscreen\"><\/iframe><br \/>\nDie Konfiguration von LinMot Talk \u2013 Speichern der Konfigurationsdatei.<br \/>\n<\/div>\n<\/div>\n<div class=\"row\">\n<div class=\"col-md-6\">\n<h4>Grundlegende Anpassung der PID-Einstellungen<\/h4>\n<p><iframe loading=\"lazy\" src=\"\/\/www.youtube.com\/embed\/vTQQAszWcNo\" width=\"460\" height=\"288\" frameborder=\"0\" allowfullscreen=\"allowfullscreen\"><\/iframe><br \/>\nDieser Kurzfilm beschreibt die Grundlagen des Einstellungsprozesses und die Lage der Parameterdaten.<br \/>\n<\/div>\n<div class=\"col-md-6\">\n<\/div>\n<\/div>\n<h2>Bewegungen auf Grund von Kurven<\/h2>\n<div class=\"row\">\n<div class=\"col-md-6\">\n<h4>Bewegungen auf Grund von Kurven Teil 1: Konfiguration der Kurven<\/h4>\n<p><iframe loading=\"lazy\" src=\"\/\/www.youtube.com\/embed\/pfWBd1kVao8\" width=\"460\" height=\"288\" frameborder=\"0\" allowfullscreen=\"allowfullscreen\"><\/iframe><br \/>\nDieser Kurzfilm aus der Kurzfilmreihe von LinMot erl\u00e4utert dem Benutzer Benutzer die Konfiguration einer Bewegung auf Grund einer Kurve in LinMot Talk.<br \/>\n<\/div>\n<div class=\"col-md-6\">\n<h4>Bewegungen auf Grund von Kurven Teil 1: Ausf\u00fchrung der Bewegung<\/h4>\n<p><iframe loading=\"lazy\" src=\"\/\/www.youtube.com\/embed\/q5rz1NL8-4Y\" width=\"460\" height=\"288\" frameborder=\"0\" allowfullscreen=\"allowfullscreen\"><\/iframe><br \/>\nDieser Kurzfilm aus der Kurzfilmreihe von LinMot erl\u00e4utert dem Benutzer die tats\u00e4chliche Ausf\u00fchrung dieser Bewegung in LinMot Talk.<br \/>\n<\/div>\n<\/div>\n<h2>Diskreter Input\/Output<\/h2>\n<div class=\"row\">\n<div class=\"col-md-6\">\n<h4>Diskreter Input\/Output Teil 1: Eing\u00e4nge<\/h4>\n<p><iframe loading=\"lazy\" src=\"\/\/www.youtube.com\/embed\/IaFY9hhMhgg\" width=\"460\" height=\"288\" frameborder=\"0\" allowfullscreen=\"allowfullscreen\"><\/iframe><br \/>\nDieser Kurzfilm aus der Kurzfilmreihe von LinMot erl\u00e4utert dem Benutzer die Konfiguration der diskreten Eing\u00e4nge und Ausg\u00e4nge mit Hilfe von LinMot Talk. Teil 1 befasst sich mit den Eing\u00e4ngen.<br \/>\n<\/div>\n<div class=\"col-md-6\">\n<h4>Diskreter Input\/Output Teil 2: Ausg\u00e4nge<\/h4>\n<p><iframe loading=\"lazy\" src=\"\/\/www.youtube.com\/embed\/b2Iu6r5QGf8\" width=\"460\" height=\"288\" frameborder=\"0\" allowfullscreen=\"allowfullscreen\"><\/iframe><br \/>\nDieser Kurzfilm aus der Kurzfilmreihe von LinMot erl\u00e4utert dem Benutzer die Konfiguration der diskreten Eing\u00e4nge und Ausg\u00e4nge mit Hilfe von LinMot Talk. Teil 2 befasst sich mit den Ausg\u00e4ngen.<br \/>\n<\/div>\n<\/div>\n<h2>Die EasySteps-Anwendung<\/h2>\n<div class=\"row\">\n<div class=\"col-md-6\">\n<h4>EasySteps Teil 1: Voreinstellungen<\/h4>\n<p><iframe loading=\"lazy\" src=\"\/\/www.youtube.com\/embed\/J-f71EQkXlU\" width=\"460\" height=\"288\" frameborder=\"0\" allowfullscreen=\"allowfullscreen\"><\/iframe><br \/>\nEin Kurzfilm \u00fcber die Installation und Konfiguration der EasySteps-Anwendung.<br \/>\n<\/div>\n<div class=\"col-md-6\">\n<h4>EasySteps Teil 2: Die analoge Parameterskala<\/h4>\n<p><iframe loading=\"lazy\" src=\"\/\/www.youtube.com\/embed\/5HtKmK9j3tQ\" width=\"460\" height=\"288\" frameborder=\"0\" allowfullscreen=\"allowfullscreen\"><\/iframe><br \/>\nBeschreibt, wie der Motor \u00fcber analoge Eing\u00e4nge zu steuern ist.<br \/>\n<\/div>\n<\/div>\n<div class=\"row\">\n<div class=\"col-md-6\">\n<h4>EasySteps Teil 3: Eingang\/Ausgang-Bewegungen<\/h4>\n<p><iframe loading=\"lazy\" src=\"\/\/www.youtube.com\/embed\/fyiJGDF7Ulk\" width=\"460\" height=\"288\" frameborder=\"0\" allowfullscreen=\"allowfullscreen\"><\/iframe><br \/>\nBeschreibt, wie die Funktionen des linearen Motors \u00fcber diskrete Eing\u00e4nge und Ausg\u00e4nge zu steuern sind.<br \/>\n<\/div>\n<div class=\"col-md-6\">\n<\/div>\n<\/div>\n<h2>Befehltabelle<\/h2>\n<div class=\"row\">\n<div class=\"col-md-6\">\n<h4>Befehltabelle: Kontinuierliche Bewegung zwischen zwei Punkten<\/h4>\n<p><iframe loading=\"lazy\" src=\"\/\/www.youtube.com\/embed\/TgWFxDsaqco\" width=\"460\" height=\"288\" frameborder=\"0\" allowfullscreen=\"allowfullscreen\"><\/iframe><br \/>\nLinMot Talk \u2013 Konfiguration \u2013 Befehltabelle: Kontinuierliche Bewegung zwischen zwei Punkten.<br \/>\n<\/div>\n<div class=\"col-md-6\">\n<h4>Befehltabelle: WENN-Bedingungen<\/h4>\n<p><iframe loading=\"lazy\" src=\"\/\/www.youtube.com\/embed\/wDoKKXA867g\" width=\"460\" height=\"288\" frameborder=\"0\" allowfullscreen=\"allowfullscreen\"><\/iframe><br \/>\nLinMot Talk \u2013 Konfiguration \u2013 Befehltabelle: WENN-Bedingungen.<br \/>\n<\/div>\n<\/div>\n<div class=\"row\">\n<div class=\"col-md-6\">\n<h4>X4-Schnittstellen-Ausg\u00e4nge mit Maske<\/h4>\n<p><iframe loading=\"lazy\" src=\"\/\/www.youtube.com\/embed\/sDeDvrFT3yE\" width=\"460\" height=\"288\" frameborder=\"0\" allowfullscreen=\"allowfullscreen\"><\/iframe><br \/>\nBefehltabelle: X4-Schnittstellen-Ausg\u00e4nge mit Maske<br \/>\n<\/div>\n<div class=\"col-md-6\">\n<\/div>\n<\/div>\n<h2>Kraftkontrolle<\/h2>\n<div class=\"row\">\n<div class=\"col-md-6\">\n<h4>Kraftkontrolle \u2013 Teil 1<\/h4>\n<p><iframe loading=\"lazy\" src=\"\/\/www.youtube.com\/embed\/QE5H2AUDj_k\" width=\"460\" height=\"288\" frameborder=\"0\" allowfullscreen=\"allowfullscreen\"><\/iframe><br \/>\nDieser Film beschreibt die Installation eines Zugangsschl\u00fcssels f\u00fcr die gesch\u00fctzten Technologien und die Konfiguration der Parameter der Belastungszellen \u00fcber LinMot Talk. Die Zugangsschl\u00fcssel sind mit den einzelnen Seriennummern der Motoren verbunden und gelten nur f\u00fcr diejenigen Motoren, welchen sie zugewiesen worden sind. Hier ist ein Verweis auf die Kraftkontrolle innerhalb einer geschlossenen Schleife.<br \/>\n<\/div>\n<div class=\"col-md-6\">\n<h4>Kraftkontrolle \u2013 Teil 2<\/h4>\n<p><iframe loading=\"lazy\" src=\"\/\/www.youtube.com\/embed\/hvyfkAAAd4Y\" width=\"460\" height=\"288\" frameborder=\"0\" allowfullscreen=\"allowfullscreen\"><\/iframe><br \/>\nDieser Kurzfilm umfasst die Bewegungsbefehle f\u00fcr die Kraftkontrolle innerhalb einer geschlossenen Schleife. <a href=\"http:\/\/shop.linmot.com\/data\/import\/Software\/0185-1096-E_1V1_MA_TF_ForceControl.pdf\" target=\"_blank\">Alle Befehle sind mit Beschreibungen aufgelistet<\/a>.<br \/>\n<\/div>\n<\/div>\n<h2>Eigenschaften<\/h2>\n<div class=\"row\">\n<div class=\"col-md-6\">\n<h4>Grundlegende Oszilloskop-Eigenschaften<\/h4>\n<p><iframe loading=\"lazy\" src=\"\/\/www.youtube.com\/embed\/BnhoSvgmXhE\" width=\"460\" height=\"288\" frameborder=\"0\" allowfullscreen=\"allowfullscreen\"><\/iframe><br \/>\nKonfiguration von LinMot Talk &#8211; Grundlegende Oszilloskop-Eigenschaften.<br \/>\n<\/div>\n<div class=\"col-md-6\">\n<h4>Einloggen \u00fcber das Ethernet und sonstige Eigenschaften<\/h4>\n<p><iframe loading=\"lazy\" src=\"\/\/www.youtube.com\/embed\/rNHzzXrmV_E\" width=\"460\" height=\"288\" frameborder=\"0\" allowfullscreen=\"allowfullscreen\"><\/iframe><br \/>\nEinloggen \u00fcber das Ethernet ist eine Eigenschaft, die nur f\u00fcr die Ethernet-\/IP-Motoren der Reihen E14x0, E12x0 sowie C1250 verf\u00fcgbar ist.<br \/>\n<\/div>\n<\/div>\n","protected":false},"excerpt":{"rendered":"<p>Grundlagen Bewegungen auf Grund von Kurven Diskreter Input\/Output Die EasySteps-Anwendung Befehltabelle Kraftkontrolle Eigenschaften<\/p>\n","protected":false},"author":1,"featured_media":0,"parent":259,"menu_order":0,"comment_status":"closed","ping_status":"closed","template":"","meta":[],"acf":[],"yoast_head":"<!-- This site is optimized with the Yoast SEO plugin v17.5 - https:\/\/yoast.com\/wordpress\/plugins\/seo\/ -->\n<title>Konfiguration des Motors | Linear Motion Technology Leader | LinMot<\/title>\n<meta name=\"description\" content=\"Konfiguration des Motors | Linear Motion Technology Leader | LinMot\" \/>\n<meta name=\"robots\" content=\"noindex, follow, max-snippet:-1, max-image-preview:large, max-video-preview:-1\" \/>\n<meta property=\"og:locale\" content=\"de_DE\" \/>\n<meta property=\"og:type\" content=\"article\" \/>\n<meta property=\"og:title\" content=\"Konfiguration des Motors | Linear Motion Technology Leader | LinMot\" \/>\n<meta property=\"og:description\" content=\"Konfiguration des Motors | Linear Motion Technology Leader | LinMot\" \/>\n<meta property=\"og:url\" content=\"https:\/\/pamoco.papercut.pl\/de\/support\/linmot-tutorials\/konfiguration-des-motors\/\" \/>\n<meta property=\"og:site_name\" content=\"LinMot DE\" \/>\n<meta property=\"article:modified_time\" content=\"2018-08-13T15:09:15+00:00\" \/>\n<meta name=\"twitter:card\" content=\"summary\" \/>\n<meta name=\"twitter:label1\" content=\"Gesch\u00e4tzte Lesezeit\" \/>\n\t<meta name=\"twitter:data1\" content=\"3 Minuten\" \/>\n<script type=\"application\/ld+json\" class=\"yoast-schema-graph\">{\"@context\":\"https:\/\/schema.org\",\"@graph\":[{\"@type\":\"WebSite\",\"@id\":\"https:\/\/pamoco.papercut.pl\/de\/#website\",\"url\":\"https:\/\/pamoco.papercut.pl\/de\/\",\"name\":\"LinMot DE\",\"description\":\"Linmot\",\"potentialAction\":[{\"@type\":\"SearchAction\",\"target\":{\"@type\":\"EntryPoint\",\"urlTemplate\":\"https:\/\/pamoco.papercut.pl\/de\/?s={search_term_string}\"},\"query-input\":\"required name=search_term_string\"}],\"inLanguage\":\"de-DE\"},{\"@type\":\"WebPage\",\"@id\":\"https:\/\/pamoco.papercut.pl\/de\/support\/linmot-tutorials\/konfiguration-des-motors\/#webpage\",\"url\":\"https:\/\/pamoco.papercut.pl\/de\/support\/linmot-tutorials\/konfiguration-des-motors\/\",\"name\":\"Konfiguration des Motors | Linear Motion Technology Leader | LinMot\",\"isPartOf\":{\"@id\":\"https:\/\/pamoco.papercut.pl\/de\/#website\"},\"datePublished\":\"2018-04-24T16:45:18+00:00\",\"dateModified\":\"2018-08-13T15:09:15+00:00\",\"description\":\"Konfiguration des Motors | Linear Motion Technology Leader | LinMot\",\"breadcrumb\":{\"@id\":\"https:\/\/pamoco.papercut.pl\/de\/support\/linmot-tutorials\/konfiguration-des-motors\/#breadcrumb\"},\"inLanguage\":\"de-DE\",\"potentialAction\":[{\"@type\":\"ReadAction\",\"target\":[\"https:\/\/pamoco.papercut.pl\/de\/support\/linmot-tutorials\/konfiguration-des-motors\/\"]}]},{\"@type\":\"BreadcrumbList\",\"@id\":\"https:\/\/pamoco.papercut.pl\/de\/support\/linmot-tutorials\/konfiguration-des-motors\/#breadcrumb\",\"itemListElement\":[{\"@type\":\"ListItem\",\"position\":1,\"name\":\"LinMot\",\"item\":\"https:\/\/pamoco.papercut.pl\/de\/\"},{\"@type\":\"ListItem\",\"position\":2,\"name\":\"Support\",\"item\":\"https:\/\/pamoco.papercut.pl\/de\/support\/\"},{\"@type\":\"ListItem\",\"position\":3,\"name\":\"LinMot Tutorials\",\"item\":\"https:\/\/pamoco.papercut.pl\/de\/support\/linmot-tutorials\/\"},{\"@type\":\"ListItem\",\"position\":4,\"name\":\"Konfiguration des Motors\"}]}]}<\/script>\n<!-- \/ Yoast SEO plugin. -->","yoast_head_json":{"title":"Konfiguration des Motors | Linear Motion Technology Leader | LinMot","description":"Konfiguration des Motors | Linear Motion Technology Leader | LinMot","robots":{"index":"noindex","follow":"follow","max-snippet":"max-snippet:-1","max-image-preview":"max-image-preview:large","max-video-preview":"max-video-preview:-1"},"og_locale":"de_DE","og_type":"article","og_title":"Konfiguration des Motors | Linear Motion Technology Leader | LinMot","og_description":"Konfiguration des Motors | Linear Motion Technology Leader | LinMot","og_url":"https:\/\/pamoco.papercut.pl\/de\/support\/linmot-tutorials\/konfiguration-des-motors\/","og_site_name":"LinMot DE","article_modified_time":"2018-08-13T15:09:15+00:00","twitter_card":"summary","twitter_misc":{"Gesch\u00e4tzte Lesezeit":"3 Minuten"},"schema":{"@context":"https:\/\/schema.org","@graph":[{"@type":"WebSite","@id":"https:\/\/pamoco.papercut.pl\/de\/#website","url":"https:\/\/pamoco.papercut.pl\/de\/","name":"LinMot DE","description":"Linmot","potentialAction":[{"@type":"SearchAction","target":{"@type":"EntryPoint","urlTemplate":"https:\/\/pamoco.papercut.pl\/de\/?s={search_term_string}"},"query-input":"required name=search_term_string"}],"inLanguage":"de-DE"},{"@type":"WebPage","@id":"https:\/\/pamoco.papercut.pl\/de\/support\/linmot-tutorials\/konfiguration-des-motors\/#webpage","url":"https:\/\/pamoco.papercut.pl\/de\/support\/linmot-tutorials\/konfiguration-des-motors\/","name":"Konfiguration des Motors | Linear Motion Technology Leader | LinMot","isPartOf":{"@id":"https:\/\/pamoco.papercut.pl\/de\/#website"},"datePublished":"2018-04-24T16:45:18+00:00","dateModified":"2018-08-13T15:09:15+00:00","description":"Konfiguration des Motors | Linear Motion Technology Leader | LinMot","breadcrumb":{"@id":"https:\/\/pamoco.papercut.pl\/de\/support\/linmot-tutorials\/konfiguration-des-motors\/#breadcrumb"},"inLanguage":"de-DE","potentialAction":[{"@type":"ReadAction","target":["https:\/\/pamoco.papercut.pl\/de\/support\/linmot-tutorials\/konfiguration-des-motors\/"]}]},{"@type":"BreadcrumbList","@id":"https:\/\/pamoco.papercut.pl\/de\/support\/linmot-tutorials\/konfiguration-des-motors\/#breadcrumb","itemListElement":[{"@type":"ListItem","position":1,"name":"LinMot","item":"https:\/\/pamoco.papercut.pl\/de\/"},{"@type":"ListItem","position":2,"name":"Support","item":"https:\/\/pamoco.papercut.pl\/de\/support\/"},{"@type":"ListItem","position":3,"name":"LinMot Tutorials","item":"https:\/\/pamoco.papercut.pl\/de\/support\/linmot-tutorials\/"},{"@type":"ListItem","position":4,"name":"Konfiguration des Motors"}]}]}},"_links":{"self":[{"href":"https:\/\/pamoco.papercut.pl\/de\/wp-json\/wp\/v2\/pages\/469"}],"collection":[{"href":"https:\/\/pamoco.papercut.pl\/de\/wp-json\/wp\/v2\/pages"}],"about":[{"href":"https:\/\/pamoco.papercut.pl\/de\/wp-json\/wp\/v2\/types\/page"}],"author":[{"embeddable":true,"href":"https:\/\/pamoco.papercut.pl\/de\/wp-json\/wp\/v2\/users\/1"}],"replies":[{"embeddable":true,"href":"https:\/\/pamoco.papercut.pl\/de\/wp-json\/wp\/v2\/comments?post=469"}],"version-history":[{"count":7,"href":"https:\/\/pamoco.papercut.pl\/de\/wp-json\/wp\/v2\/pages\/469\/revisions"}],"predecessor-version":[{"id":649,"href":"https:\/\/pamoco.papercut.pl\/de\/wp-json\/wp\/v2\/pages\/469\/revisions\/649"}],"up":[{"embeddable":true,"href":"https:\/\/pamoco.papercut.pl\/de\/wp-json\/wp\/v2\/pages\/259"}],"wp:attachment":[{"href":"https:\/\/pamoco.papercut.pl\/de\/wp-json\/wp\/v2\/media?parent=469"}],"curies":[{"name":"wp","href":"https:\/\/api.w.org\/{rel}","templated":true}]}}