{"id":446,"date":"2017-12-10T20:01:16","date_gmt":"2017-12-10T19:01:16","guid":{"rendered":"https:\/\/linmot.com\/?page_id=446"},"modified":"2018-08-26T18:21:50","modified_gmt":"2018-08-26T16:21:50","slug":"uebersicht-software-kompatibilitaet","status":"publish","type":"page","link":"https:\/\/pamoco.papercut.pl\/de\/download\/linmot-talk-drive-konfiguration\/uebersicht-software-kompatibilitaet\/","title":{"rendered":"\u00dcbersicht Software Kompatibilit\u00e4t"},"content":{"rendered":"<img loading=\"lazy\" src=\"https:\/\/linmot.com\/de\/wp-content\/uploads\/sites\/2\/2017\/12\/tabelka2.jpg\" alt=\"\" width=\"940\" height=\"280\" class=\"aligncenter size-full wp-image-807\" srcset=\"https:\/\/pamoco.papercut.pl\/de\/wp-content\/uploads\/sites\/2\/2017\/12\/tabelka2.jpg 940w, https:\/\/pamoco.papercut.pl\/de\/wp-content\/uploads\/sites\/2\/2017\/12\/tabelka2-300x89.jpg 300w, https:\/\/pamoco.papercut.pl\/de\/wp-content\/uploads\/sites\/2\/2017\/12\/tabelka2-768x229.jpg 768w\" sizes=\"(max-width: 940px) 100vw, 940px\" \/><br \/>\n<div class=\"row\">\n<div class=\"col-md-4\">\n<h4 class=\"download-title\">Installation manuals<\/h4>\n<p class=\"bodytext\">LinMot-Talk on Windows 7 (64Bit) using XP mode<\/p>\n<\/p><\/div>\n<div class=\"col-md-8\">\n<div class=\"download-box\">\n            <a target=\"_blank\" href=\"https:\/\/linmot.com\/fileadmin\/\/user_upload\/Downloads\/software-firmware\/software-compatibility\/Install_LinMot-Talk_XP_Mode_e_recent.pdf\"><span class=\"name\">English<\/span><span class=\"size\">294.62 KB<\/span><\/a>\n        <\/div>\n<\/p><\/div>\n<\/div>\n<div class=\"row\">\n<div class=\"col-md-4\">\n<p class=\"bodytext\">LinMot-Talk on Windows 8 (64Bit) using VMware<\/p>\n<\/p><\/div>\n<div class=\"col-md-8\">\n<div class=\"download-box\">\n            <a target=\"_blank\" href=\"https:\/\/linmot.com\/fileadmin\/\/user_upload\/Downloads\/software-firmware\/software-compatibility\/Install_LinMot-Talk_Win8_e_recent.pdf\"><span class=\"name\">English<\/span><span class=\"size\">349.54 KB<\/span><\/a>\n        <\/div>\n<\/p><\/div>\n<\/div>\n","protected":false},"excerpt":{"rendered":"<p>Installation manuals LinMot-Talk on Windows 7 (64Bit) using XP mode English294.62 KB LinMot-Talk on Windows 8 (64Bit) using VMware English349.54 KB<\/p>\n","protected":false},"author":1,"featured_media":0,"parent":427,"menu_order":0,"comment_status":"closed","ping_status":"closed","template":"","meta":[],"acf":[],"yoast_head":"<!-- This site is optimized with the Yoast SEO plugin v17.5 - https:\/\/yoast.com\/wordpress\/plugins\/seo\/ -->\n<title>\u00dcbersicht Software Kompatibilit\u00e4t | Linear Motion Technology Leader | LinMot<\/title>\n<meta name=\"description\" content=\"\u00dcbersicht Software Kompatibilit\u00e4t | Linear Motion Technology Leader | LinMot\" \/>\n<meta name=\"robots\" content=\"noindex, follow, max-snippet:-1, max-image-preview:large, max-video-preview:-1\" \/>\n<meta property=\"og:locale\" content=\"de_DE\" \/>\n<meta property=\"og:type\" content=\"article\" \/>\n<meta property=\"og:title\" content=\"\u00dcbersicht Software Kompatibilit\u00e4t | Linear Motion Technology Leader | LinMot\" \/>\n<meta property=\"og:description\" content=\"\u00dcbersicht Software Kompatibilit\u00e4t | Linear Motion Technology Leader | LinMot\" \/>\n<meta property=\"og:url\" content=\"https:\/\/pamoco.papercut.pl\/de\/download\/linmot-talk-drive-konfiguration\/uebersicht-software-kompatibilitaet\/\" \/>\n<meta property=\"og:site_name\" content=\"LinMot DE\" \/>\n<meta property=\"article:modified_time\" content=\"2018-08-26T16:21:50+00:00\" \/>\n<meta property=\"og:image\" content=\"https:\/\/linmot.com\/de\/wp-content\/uploads\/sites\/2\/2017\/12\/tabelka2.jpg\" \/>\n<meta name=\"twitter:card\" content=\"summary\" \/>\n<script type=\"application\/ld+json\" class=\"yoast-schema-graph\">{\"@context\":\"https:\/\/schema.org\",\"@graph\":[{\"@type\":\"WebSite\",\"@id\":\"https:\/\/pamoco.papercut.pl\/de\/#website\",\"url\":\"https:\/\/pamoco.papercut.pl\/de\/\",\"name\":\"LinMot DE\",\"description\":\"Linmot\",\"potentialAction\":[{\"@type\":\"SearchAction\",\"target\":{\"@type\":\"EntryPoint\",\"urlTemplate\":\"https:\/\/pamoco.papercut.pl\/de\/?s={search_term_string}\"},\"query-input\":\"required name=search_term_string\"}],\"inLanguage\":\"de-DE\"},{\"@type\":\"ImageObject\",\"@id\":\"https:\/\/pamoco.papercut.pl\/de\/download\/linmot-talk-drive-konfiguration\/uebersicht-software-kompatibilitaet\/#primaryimage\",\"inLanguage\":\"de-DE\",\"url\":\"https:\/\/linmot.com\/de\/wp-content\/uploads\/sites\/2\/2017\/12\/tabelka2.jpg\",\"contentUrl\":\"https:\/\/linmot.com\/de\/wp-content\/uploads\/sites\/2\/2017\/12\/tabelka2.jpg\"},{\"@type\":\"WebPage\",\"@id\":\"https:\/\/pamoco.papercut.pl\/de\/download\/linmot-talk-drive-konfiguration\/uebersicht-software-kompatibilitaet\/#webpage\",\"url\":\"https:\/\/pamoco.papercut.pl\/de\/download\/linmot-talk-drive-konfiguration\/uebersicht-software-kompatibilitaet\/\",\"name\":\"\\u00dcbersicht Software Kompatibilit\\u00e4t | Linear Motion Technology Leader | LinMot\",\"isPartOf\":{\"@id\":\"https:\/\/pamoco.papercut.pl\/de\/#website\"},\"primaryImageOfPage\":{\"@id\":\"https:\/\/pamoco.papercut.pl\/de\/download\/linmot-talk-drive-konfiguration\/uebersicht-software-kompatibilitaet\/#primaryimage\"},\"datePublished\":\"2017-12-10T19:01:16+00:00\",\"dateModified\":\"2018-08-26T16:21:50+00:00\",\"description\":\"\\u00dcbersicht Software Kompatibilit\\u00e4t | Linear Motion Technology Leader | LinMot\",\"breadcrumb\":{\"@id\":\"https:\/\/pamoco.papercut.pl\/de\/download\/linmot-talk-drive-konfiguration\/uebersicht-software-kompatibilitaet\/#breadcrumb\"},\"inLanguage\":\"de-DE\",\"potentialAction\":[{\"@type\":\"ReadAction\",\"target\":[\"https:\/\/pamoco.papercut.pl\/de\/download\/linmot-talk-drive-konfiguration\/uebersicht-software-kompatibilitaet\/\"]}]},{\"@type\":\"BreadcrumbList\",\"@id\":\"https:\/\/pamoco.papercut.pl\/de\/download\/linmot-talk-drive-konfiguration\/uebersicht-software-kompatibilitaet\/#breadcrumb\",\"itemListElement\":[{\"@type\":\"ListItem\",\"position\":1,\"name\":\"LinMot\",\"item\":\"https:\/\/pamoco.papercut.pl\/de\/\"},{\"@type\":\"ListItem\",\"position\":2,\"name\":\"Download\",\"item\":\"https:\/\/pamoco.papercut.pl\/de\/download\/\"},{\"@type\":\"ListItem\",\"position\":3,\"name\":\"LinMot Talk (Drive-Konfiguration)\",\"item\":\"https:\/\/pamoco.papercut.pl\/de\/download\/linmot-talk-drive-konfiguration\/\"},{\"@type\":\"ListItem\",\"position\":4,\"name\":\"\\u00dcbersicht Software Kompatibilit\\u00e4t\"}]}]}<\/script>\n<!-- \/ Yoast SEO plugin. -->","yoast_head_json":{"title":"\u00dcbersicht Software Kompatibilit\u00e4t | Linear Motion Technology Leader | LinMot","description":"\u00dcbersicht Software Kompatibilit\u00e4t | Linear Motion Technology Leader | LinMot","robots":{"index":"noindex","follow":"follow","max-snippet":"max-snippet:-1","max-image-preview":"max-image-preview:large","max-video-preview":"max-video-preview:-1"},"og_locale":"de_DE","og_type":"article","og_title":"\u00dcbersicht Software Kompatibilit\u00e4t | Linear Motion Technology Leader | LinMot","og_description":"\u00dcbersicht Software Kompatibilit\u00e4t | Linear Motion Technology Leader | LinMot","og_url":"https:\/\/pamoco.papercut.pl\/de\/download\/linmot-talk-drive-konfiguration\/uebersicht-software-kompatibilitaet\/","og_site_name":"LinMot DE","article_modified_time":"2018-08-26T16:21:50+00:00","og_image":[{"url":"https:\/\/linmot.com\/de\/wp-content\/uploads\/sites\/2\/2017\/12\/tabelka2.jpg"}],"twitter_card":"summary","schema":{"@context":"https:\/\/schema.org","@graph":[{"@type":"WebSite","@id":"https:\/\/pamoco.papercut.pl\/de\/#website","url":"https:\/\/pamoco.papercut.pl\/de\/","name":"LinMot DE","description":"Linmot","potentialAction":[{"@type":"SearchAction","target":{"@type":"EntryPoint","urlTemplate":"https:\/\/pamoco.papercut.pl\/de\/?s={search_term_string}"},"query-input":"required name=search_term_string"}],"inLanguage":"de-DE"},{"@type":"ImageObject","@id":"https:\/\/pamoco.papercut.pl\/de\/download\/linmot-talk-drive-konfiguration\/uebersicht-software-kompatibilitaet\/#primaryimage","inLanguage":"de-DE","url":"https:\/\/linmot.com\/de\/wp-content\/uploads\/sites\/2\/2017\/12\/tabelka2.jpg","contentUrl":"https:\/\/linmot.com\/de\/wp-content\/uploads\/sites\/2\/2017\/12\/tabelka2.jpg"},{"@type":"WebPage","@id":"https:\/\/pamoco.papercut.pl\/de\/download\/linmot-talk-drive-konfiguration\/uebersicht-software-kompatibilitaet\/#webpage","url":"https:\/\/pamoco.papercut.pl\/de\/download\/linmot-talk-drive-konfiguration\/uebersicht-software-kompatibilitaet\/","name":"\u00dcbersicht Software Kompatibilit\u00e4t | Linear Motion Technology Leader | LinMot","isPartOf":{"@id":"https:\/\/pamoco.papercut.pl\/de\/#website"},"primaryImageOfPage":{"@id":"https:\/\/pamoco.papercut.pl\/de\/download\/linmot-talk-drive-konfiguration\/uebersicht-software-kompatibilitaet\/#primaryimage"},"datePublished":"2017-12-10T19:01:16+00:00","dateModified":"2018-08-26T16:21:50+00:00","description":"\u00dcbersicht Software Kompatibilit\u00e4t | Linear Motion Technology Leader | LinMot","breadcrumb":{"@id":"https:\/\/pamoco.papercut.pl\/de\/download\/linmot-talk-drive-konfiguration\/uebersicht-software-kompatibilitaet\/#breadcrumb"},"inLanguage":"de-DE","potentialAction":[{"@type":"ReadAction","target":["https:\/\/pamoco.papercut.pl\/de\/download\/linmot-talk-drive-konfiguration\/uebersicht-software-kompatibilitaet\/"]}]},{"@type":"BreadcrumbList","@id":"https:\/\/pamoco.papercut.pl\/de\/download\/linmot-talk-drive-konfiguration\/uebersicht-software-kompatibilitaet\/#breadcrumb","itemListElement":[{"@type":"ListItem","position":1,"name":"LinMot","item":"https:\/\/pamoco.papercut.pl\/de\/"},{"@type":"ListItem","position":2,"name":"Download","item":"https:\/\/pamoco.papercut.pl\/de\/download\/"},{"@type":"ListItem","position":3,"name":"LinMot Talk (Drive-Konfiguration)","item":"https:\/\/pamoco.papercut.pl\/de\/download\/linmot-talk-drive-konfiguration\/"},{"@type":"ListItem","position":4,"name":"\u00dcbersicht Software Kompatibilit\u00e4t"}]}]}},"_links":{"self":[{"href":"https:\/\/pamoco.papercut.pl\/de\/wp-json\/wp\/v2\/pages\/446"}],"collection":[{"href":"https:\/\/pamoco.papercut.pl\/de\/wp-json\/wp\/v2\/pages"}],"about":[{"href":"https:\/\/pamoco.papercut.pl\/de\/wp-json\/wp\/v2\/types\/page"}],"author":[{"embeddable":true,"href":"https:\/\/pamoco.papercut.pl\/de\/wp-json\/wp\/v2\/users\/1"}],"replies":[{"embeddable":true,"href":"https:\/\/pamoco.papercut.pl\/de\/wp-json\/wp\/v2\/comments?post=446"}],"version-history":[{"count":3,"href":"https:\/\/pamoco.papercut.pl\/de\/wp-json\/wp\/v2\/pages\/446\/revisions"}],"predecessor-version":[{"id":808,"href":"https:\/\/pamoco.papercut.pl\/de\/wp-json\/wp\/v2\/pages\/446\/revisions\/808"}],"up":[{"embeddable":true,"href":"https:\/\/pamoco.papercut.pl\/de\/wp-json\/wp\/v2\/pages\/427"}],"wp:attachment":[{"href":"https:\/\/pamoco.papercut.pl\/de\/wp-json\/wp\/v2\/media?parent=446"}],"curies":[{"name":"wp","href":"https:\/\/api.w.org\/{rel}","templated":true}]}}