{"id":44,"date":"2017-10-20T23:33:10","date_gmt":"2017-10-20T21:33:10","guid":{"rendered":"https:\/\/linmot.com\/?page_id=44"},"modified":"2018-08-26T18:19:10","modified_gmt":"2018-08-26T16:19:10","slug":"linearfuehrungen","status":"publish","type":"page","link":"https:\/\/pamoco.papercut.pl\/de\/produkte\/linearfuehrungen\/","title":{"rendered":"Linearf\u00fchrungen"},"content":{"rendered":"<p><strong>LinMot Linearf\u00fchrungen<\/strong> sind kompakte F\u00fchrungseinheiten f\u00fcr Linearmotoren. <\/p>\n<p>Die F\u00fchrungen werden zur Lagerung der Last, zur Aufnahme von externen Kr\u00e4ften, Dreh- und Biegemomenten und zugleich als Verdrehsicherung eingesetzt. Sie bieten hohe F\u00fchrungsgenauigkeit und erm\u00f6glichen die dynamische und pr\u00e4zise Positionierung der Last.<\/p>\n<p>Die Last wird direkt an der Frontplatte der Linearf\u00fchrung montiert. Die mechanischen Abmessungen und Montagem\u00f6glichkeiten sind kompatibel zu pneumatischen H-F\u00fchrungen. Die Modulbauweise der F\u00fchrungen erm\u00f6glicht die einfache Montage von Zubeh\u00f6rteilen, wie etwa einer mechanischen Bremse oder einer magnetischen Feder MagSpring zum Lastausgleich bei vertikaler Einbaulage.<\/p>\n<p>LinMot bietet zwei Grundtypen von F\u00fchrungen an. <strong>Die H-F\u00fchrung und die Br\u00fcckenf\u00fchrung B<\/strong>, welche eine zus\u00e4tzliche hintere Endplatte beinhaltet.<\/p>\n<h2>H-F\u00fchrung<\/h2>\n<p>Die Linearf\u00fchrungen der Serie H01 und H10 sind kompakte F\u00fchrungseinheiten mit integrierten Kugelb\u00fcchsen oder Gleitlagern f\u00fcr die LinMot Linearmotoren der Serie P01 und P10.<\/p>\n<div class=\"row\">\n<div class=\"col-md-5\">\n<ul>\n<li>Aufnahme von externen Kr\u00e4ften, Dreh- und Biegemomenten<\/li>\n<li>Verdrehsicherheit<\/li>\n<li>Kompatibel zu pneumatischen F\u00fchrungen<\/li>\n<li>Integrierte Linearkugellager oder Sinter-Gleitlager<\/li>\n<li>Last kann direkt an Frontplatte montiert werden<\/li>\n<\/ul>\n<\/div>\n<div class=\"col-md-7\">\n<div class=\"carousel slide\" id=\"2a6c8725d6881b2b91b9b6ac735f3899\" data-ride=\"carousel\">  <div class=\"carousel-inner\" role=\"listbox\">    <div class=\"item active\">      <img src=\"https:\/\/pamoco.papercut.pl\/de\/wp-content\/uploads\/sites\/2\/2017\/10\/linear-guides_H_B_4.jpg\" alt=\"...\">    <\/div>    <div class=\"item\">      <img src=\"https:\/\/pamoco.papercut.pl\/de\/wp-content\/uploads\/sites\/2\/2017\/10\/linear-guides_H_2.jpg\" alt=\"...\">    <\/div>    <div class=\"item\">      <img src=\"https:\/\/pamoco.papercut.pl\/de\/wp-content\/uploads\/sites\/2\/2017\/10\/linear-guides_H_3.jpg\" alt=\"...\">    <\/div>    <div class=\"item\">      <img src=\"https:\/\/pamoco.papercut.pl\/de\/wp-content\/uploads\/sites\/2\/2017\/10\/linear-guides_H_1.jpg\" alt=\"...\">    <\/div>  <\/div><div class=\"navigation\"><a class=\"left carousel-control\" href=\"#2a6c8725d6881b2b91b9b6ac735f3899\" role=\"button\" data-slide=\"prev\"><\/a><a class=\"right carousel-control\" href=\"#2a6c8725d6881b2b91b9b6ac735f3899\" role=\"button\" data-slide=\"next\"><\/a><\/div><\/div>\n<\/div>\n<\/div>\n<h2>B-F\u00fchrung<\/h2>\n<p>Die Br\u00fcckenf\u00fchrungen der Serie B01 sind kompakte F\u00fchrungseinheiten mit integrierten Kugelb\u00fcchsen oder Gleitlagern f\u00fcr den Betrieb von LinMot Linearmotoren P01 zusammen mit untermassigen L\u00e4ufern. Die r\u00fcckseitige Endplatte verleiht der Br\u00fcckenf\u00fchrung eine erh\u00f6hte mechanische Steifigkeit.<\/p>\n<div class=\"row\">\n<div class=\"col-md-5\">\n<ul>\n<li>Erh\u00f6hte Steifigkeit durch Endplatte<\/li>\n<li>Einsatz bei untermassigen L\u00e4ufern<\/li>\n<li>Aufnahme von externen Kr\u00e4ften, Dreh- und Biegemomenten Verdrehsicherheit<\/li>\n<li>Kompatibel zu pneumatischenF\u00fchrungen<\/li>\n<li>Integrierte Linearkugellager oder Sinter-Gleitlager<\/li>\n<li>Last kann direkt an Frontplatte montiert werden<\/li>\n<\/ul>\n<\/div>\n<div class=\"col-md-7\">\n<div class=\"carousel slide\" id=\"06c39e895071318609db7e32ad90ad20\" data-ride=\"carousel\">  <div class=\"carousel-inner\" role=\"listbox\">    <div class=\"item active\">      <img src=\"https:\/\/pamoco.papercut.pl\/de\/wp-content\/uploads\/sites\/2\/2017\/10\/linear-guides_B_1.jpg\" alt=\"...\">    <\/div>    <div class=\"item\">      <img src=\"https:\/\/pamoco.papercut.pl\/de\/wp-content\/uploads\/sites\/2\/2017\/10\/linear-guides_B_2.jpg\" alt=\"...\">    <\/div>    <div class=\"item\">      <img src=\"https:\/\/pamoco.papercut.pl\/de\/wp-content\/uploads\/sites\/2\/2017\/10\/linear-guides_B_3.jpg\" alt=\"...\">    <\/div>  <\/div><div class=\"navigation\"><a class=\"left carousel-control\" href=\"#06c39e895071318609db7e32ad90ad20\" role=\"button\" data-slide=\"prev\"><\/a><a class=\"right carousel-control\" href=\"#06c39e895071318609db7e32ad90ad20\" role=\"button\" data-slide=\"next\"><\/a><\/div><\/div>\n<\/div>\n<\/div>\n<h2>Edelstahl-F\u00fchrung<\/h2>\n<p>Die Edelstahl-F\u00fchrungen der Serie H01 sind kompakte F\u00fchrungseinheiten f\u00fcr den Betrieb von LinMot Motoren der Serie P01-37-SSC und P01-48-SSC zusammen mit untermassigen L\u00e4ufern.<\/p>\n<p>Die F\u00fchrung, die aus zwei F\u00fchrungsbl\u00f6cken, zwei F\u00fchrungswellen und einer Last -Montageplatte besteht, ist aus nicht rostenden Stahl (WkNr. 1.4404, AISI 316 L) gefertigt. F\u00fcr die pr\u00e4zise Linearbewegung sorgen geh\u00e4rtete Wellen, welche \u00fcber Kunststoff gleitend gelagert sind. Das eingesetzte Lagermaterial ist speziell auf den Einsatz im Lebensmittel- und Medizinbereich ausgelegt und gem\u00e4ss FDA zugelassen.<\/p>\n<div class=\"row\">\n<div class=\"col-md-5\">\n<ul>\n<li>Aus Edelstahl gefertigt (1.4404 \/ AISI 316)<\/li>\n<li>Geh\u00e4rtete Edelstahl-F\u00fchrungswellen<\/li>\n<li>Gleitlager mit FDA Zulassung<\/li>\n<li>Keine Dichtungen; Verbindungen sind geschweisst<\/li>\n<li>Abgeschr\u00e4gte \/ Abgerundete Oberfl\u00e4chen<\/li>\n<li>Motorinnenraum komplett durchsp\u00fclbar<\/li>\n<\/ul>\n<\/div>\n<div class=\"col-md-7\">\n<div class=\"carousel slide\" id=\"21084232b82ddcad663b22d13f615d93\" data-ride=\"carousel\">  <div class=\"carousel-inner\" role=\"listbox\">    <div class=\"item active\">      <img src=\"https:\/\/pamoco.papercut.pl\/de\/wp-content\/uploads\/sites\/2\/2017\/10\/H01-SSC_2.jpg\" alt=\"...\">    <\/div>    <div class=\"item\">      <img src=\"https:\/\/pamoco.papercut.pl\/de\/wp-content\/uploads\/sites\/2\/2017\/10\/H01-SSC_3.jpg\" alt=\"...\">    <\/div>    <div class=\"item\">      <img src=\"https:\/\/pamoco.papercut.pl\/de\/wp-content\/uploads\/sites\/2\/2017\/10\/H01-SSC_1.jpg\" alt=\"...\">    <\/div>  <\/div><div class=\"navigation\"><a class=\"left carousel-control\" href=\"#21084232b82ddcad663b22d13f615d93\" role=\"button\" data-slide=\"prev\"><\/a><a class=\"right carousel-control\" href=\"#21084232b82ddcad663b22d13f615d93\" role=\"button\" data-slide=\"next\"><\/a><\/div><\/div>\n<\/div>\n<\/div>\n<h2>Produktvorteile<\/h2>\n<p>Die kompletten Linear oder Br\u00fcckenmodule, bestehend aus F\u00fchrung und Linearmotor, sind hoch dynamische Konstruktionselemente. Die kompakte Bauweise und die freie Positionierbarkeit bringen vor allem in Textil- und Verpackungsmaschinen, der Montage- und Zuf\u00fchrtechnik, in der Laborautomation sowie Anlage- und Sondermaschinenbau wesentliche Vorteile.<\/p>\n<div class=\"row\">\n<div class=\"col-md-4\">\n<h4>Sinter-Gleitlager<\/h4>\n<p>F\u00fcr Anwendungen in Umgebungen mit starker Verschmutzung, Feuchte oder im Nassbereich empfiehlt sich der Einsatz von Linearf\u00fchrungen mit Gleitlagern und rostfreien Wellen. Auch bei hochdynamischen Anwendungen mit Beschleunigungen \u00fcber 50 m\/s2 wird der Einsatz von Br\u00fcckenf\u00fchrungen mit Gleitlagern empfohlen.<br \/>\n<\/div>\n<div class=\"col-md-4\">\n<h4>Kugelb\u00fcchsen<\/h4>\n<p>F\u00fcr Standardanwendungen und bei normalen Umgebungsbedingungen empfiehlt sich der Einsatz von Linearf\u00fchrungen mit Kugelb\u00fcchsen. <\/p>\n<p>Linearf\u00fchrungen mit Kugelb\u00fcchsen haben sehr gute Laufeigenschaften und gew\u00e4hrleisten einen nahezu reibungsfreien Betrieb.<br \/>\n<\/div>\n<div class=\"col-md-4\">\n<h4>Option MagSpring<\/h4>\n<p>In Anwendungen mit vertikaler Einbaurichtung kann eine MagSpring als Gewichtausgleich eingesetzt werden.<\/p>\n<p>Zudem verhindert die MagSpring, dass der Linearmotor beim Ausschalten oder bei Stromausfall auf den unteren Endanschlag f\u00e4llt. F\u00fcr die Montage der magnetischen Feder ist entsprechendes Zubeh\u00f6r lieferbar.<br \/>\n<\/div>\n<\/div>\n<div class=\"row\">\n<div class=\"col-md-4\">\n<h4>Hygienic Design<\/h4>\n<p>Durch die Wahl des Materials und die konstruktiven Details ist die Edelstahl-F\u00fchrung H01-SSC optimal auf die, in der Pharma- oder Lebensmittelindustrie, \u00fcbliche Verwendung von aggressiven Fl\u00fcssigkeiten und Schaumreinigern, ausgelegt.<\/p>\n<p>Charakteristisch am Hygenic-Design sind die abgerundeten Oberfl\u00e4chen, die einer besseren Reinigung dienen. Zudem sorgt ein Kanal in den F\u00fchrungsbl\u00f6cken f\u00fcr die komplette Durchsp\u00fclbarkeit des Motors.<br \/>\n<\/div>\n<div class=\"col-md-4\">\n<h4>Option Bremse<\/h4>\n<p>Als Option kann an den F\u00fchrungen H bzw. B01-37 und H bzw. B01-48 eine mechanische Bremse montiert werden. <\/p>\n<p>Die pneumatische Bremse wird vom Servo Drive angesteuert. Die Bremse wirkt auf die F\u00fchrungsstange der Linearf\u00fchrung und wird mittels Druckluft (4-6 Bar) gel\u00fcftet. Ohne Druckluft ist die Bremse aktiv.<br \/>\n<\/div>\n<div class=\"col-md-4\">\n<h4>Mechanische Kompatibilit\u00e4t<\/h4>\n<p>LinMot F\u00fchrungen sind mechanisch kompatibel zu pneumatischen H-F\u00fchrungen.<\/p>\n<p>Dies erm\u00f6glicht den einfachen Austausch der Antriebstechnologie, falls mehr Flexibilit\u00e4t oder Dynamik gefordert wird.<br \/>\n<\/div>\n<\/div>\n<div class=\"row\">\n<div class=\"col-md-4\">\n<h4>Option L\u00fcfter<\/h4>\n<p>Mit einem zus\u00e4tzlichen L\u00fcfter kann die Dauerkraft des Linearmotors ann\u00e4hernd verdoppelt werden. <\/p>\n<p>Der optionale L\u00fcfter kann direkt auf der F\u00fchrung befestigt werden.<br \/>\n<\/div>\n<\/div>\n<div class=\"row\">\n<div class=\"col-md-4\">\n<h4>Option L\u00fcfter<\/h4>\n<p>Mit einem zus\u00e4tzlichen L\u00fcfter kann die Dauerkraft des Linearmotors ann\u00e4hernd verdoppelt werden. <\/p>\n<p>Der optionale L\u00fcfter kann direkt auf der F\u00fchrung befestigt werden.<br \/>\n<\/div>\n<\/div>\n","protected":false},"excerpt":{"rendered":"<p>LinMot Linearf\u00fchrungen sind kompakte F\u00fchrungseinheiten f\u00fcr Linearmotoren. Die F\u00fchrungen werden zur Lagerung der Last, zur Aufnahme von externen Kr\u00e4ften, Dreh- und Biegemomenten und zugleich als Verdrehsicherung eingesetzt. Sie bieten hohe F\u00fchrungsgenauigkeit und erm\u00f6glichen die dynamische und pr\u00e4zise Positionierung der Last. Die Last wird direkt an der Frontplatte der Linearf\u00fchrung montiert. Die mechanischen Abmessungen und Montagem\u00f6glichkeiten [&hellip;]<\/p>\n","protected":false},"author":1,"featured_media":0,"parent":6,"menu_order":0,"comment_status":"closed","ping_status":"closed","template":"","meta":[],"acf":[],"yoast_head":"<!-- This site is optimized with the Yoast SEO plugin v17.5 - https:\/\/yoast.com\/wordpress\/plugins\/seo\/ -->\n<title>Linearf\u00fchrungen | Linear Motion Technology Leader | LinMot<\/title>\n<meta name=\"description\" content=\"Linearf\u00fchrungen | Linear Motion Technology Leader | LinMot\" \/>\n<meta name=\"robots\" content=\"noindex, follow, max-snippet:-1, max-image-preview:large, max-video-preview:-1\" \/>\n<meta property=\"og:locale\" content=\"de_DE\" \/>\n<meta property=\"og:type\" content=\"article\" \/>\n<meta property=\"og:title\" content=\"Linearf\u00fchrungen | Linear Motion Technology Leader | LinMot\" \/>\n<meta property=\"og:description\" content=\"Linearf\u00fchrungen | Linear Motion Technology Leader | LinMot\" \/>\n<meta property=\"og:url\" content=\"https:\/\/pamoco.papercut.pl\/de\/produkte\/linearfuehrungen\/\" \/>\n<meta property=\"og:site_name\" content=\"LinMot DE\" \/>\n<meta property=\"article:modified_time\" content=\"2018-08-26T16:19:10+00:00\" \/>\n<meta name=\"twitter:card\" content=\"summary\" \/>\n<meta name=\"twitter:label1\" content=\"Gesch\u00e4tzte Lesezeit\" \/>\n\t<meta name=\"twitter:data1\" content=\"4 Minuten\" \/>\n<script type=\"application\/ld+json\" class=\"yoast-schema-graph\">{\"@context\":\"https:\/\/schema.org\",\"@graph\":[{\"@type\":\"WebSite\",\"@id\":\"https:\/\/pamoco.papercut.pl\/de\/#website\",\"url\":\"https:\/\/pamoco.papercut.pl\/de\/\",\"name\":\"LinMot DE\",\"description\":\"Linmot\",\"potentialAction\":[{\"@type\":\"SearchAction\",\"target\":{\"@type\":\"EntryPoint\",\"urlTemplate\":\"https:\/\/pamoco.papercut.pl\/de\/?s={search_term_string}\"},\"query-input\":\"required name=search_term_string\"}],\"inLanguage\":\"de-DE\"},{\"@type\":\"WebPage\",\"@id\":\"https:\/\/pamoco.papercut.pl\/de\/produkte\/linearfuehrungen\/#webpage\",\"url\":\"https:\/\/pamoco.papercut.pl\/de\/produkte\/linearfuehrungen\/\",\"name\":\"Linearf\\u00fchrungen | Linear Motion Technology Leader | LinMot\",\"isPartOf\":{\"@id\":\"https:\/\/pamoco.papercut.pl\/de\/#website\"},\"datePublished\":\"2017-10-20T21:33:10+00:00\",\"dateModified\":\"2018-08-26T16:19:10+00:00\",\"description\":\"Linearf\\u00fchrungen | Linear Motion Technology Leader | LinMot\",\"breadcrumb\":{\"@id\":\"https:\/\/pamoco.papercut.pl\/de\/produkte\/linearfuehrungen\/#breadcrumb\"},\"inLanguage\":\"de-DE\",\"potentialAction\":[{\"@type\":\"ReadAction\",\"target\":[\"https:\/\/pamoco.papercut.pl\/de\/produkte\/linearfuehrungen\/\"]}]},{\"@type\":\"BreadcrumbList\",\"@id\":\"https:\/\/pamoco.papercut.pl\/de\/produkte\/linearfuehrungen\/#breadcrumb\",\"itemListElement\":[{\"@type\":\"ListItem\",\"position\":1,\"name\":\"LinMot\",\"item\":\"https:\/\/pamoco.papercut.pl\/de\/\"},{\"@type\":\"ListItem\",\"position\":2,\"name\":\"Produkte\",\"item\":\"https:\/\/pamoco.papercut.pl\/de\/produkte\/\"},{\"@type\":\"ListItem\",\"position\":3,\"name\":\"Linearf\\u00fchrungen\"}]}]}<\/script>\n<!-- \/ Yoast SEO plugin. -->","yoast_head_json":{"title":"Linearf\u00fchrungen | Linear Motion Technology Leader | LinMot","description":"Linearf\u00fchrungen | Linear Motion Technology Leader | LinMot","robots":{"index":"noindex","follow":"follow","max-snippet":"max-snippet:-1","max-image-preview":"max-image-preview:large","max-video-preview":"max-video-preview:-1"},"og_locale":"de_DE","og_type":"article","og_title":"Linearf\u00fchrungen | Linear Motion Technology Leader | LinMot","og_description":"Linearf\u00fchrungen | Linear Motion Technology Leader | LinMot","og_url":"https:\/\/pamoco.papercut.pl\/de\/produkte\/linearfuehrungen\/","og_site_name":"LinMot DE","article_modified_time":"2018-08-26T16:19:10+00:00","twitter_card":"summary","twitter_misc":{"Gesch\u00e4tzte Lesezeit":"4 Minuten"},"schema":{"@context":"https:\/\/schema.org","@graph":[{"@type":"WebSite","@id":"https:\/\/pamoco.papercut.pl\/de\/#website","url":"https:\/\/pamoco.papercut.pl\/de\/","name":"LinMot DE","description":"Linmot","potentialAction":[{"@type":"SearchAction","target":{"@type":"EntryPoint","urlTemplate":"https:\/\/pamoco.papercut.pl\/de\/?s={search_term_string}"},"query-input":"required name=search_term_string"}],"inLanguage":"de-DE"},{"@type":"WebPage","@id":"https:\/\/pamoco.papercut.pl\/de\/produkte\/linearfuehrungen\/#webpage","url":"https:\/\/pamoco.papercut.pl\/de\/produkte\/linearfuehrungen\/","name":"Linearf\u00fchrungen | Linear Motion Technology Leader | LinMot","isPartOf":{"@id":"https:\/\/pamoco.papercut.pl\/de\/#website"},"datePublished":"2017-10-20T21:33:10+00:00","dateModified":"2018-08-26T16:19:10+00:00","description":"Linearf\u00fchrungen | Linear Motion Technology Leader | LinMot","breadcrumb":{"@id":"https:\/\/pamoco.papercut.pl\/de\/produkte\/linearfuehrungen\/#breadcrumb"},"inLanguage":"de-DE","potentialAction":[{"@type":"ReadAction","target":["https:\/\/pamoco.papercut.pl\/de\/produkte\/linearfuehrungen\/"]}]},{"@type":"BreadcrumbList","@id":"https:\/\/pamoco.papercut.pl\/de\/produkte\/linearfuehrungen\/#breadcrumb","itemListElement":[{"@type":"ListItem","position":1,"name":"LinMot","item":"https:\/\/pamoco.papercut.pl\/de\/"},{"@type":"ListItem","position":2,"name":"Produkte","item":"https:\/\/pamoco.papercut.pl\/de\/produkte\/"},{"@type":"ListItem","position":3,"name":"Linearf\u00fchrungen"}]}]}},"_links":{"self":[{"href":"https:\/\/pamoco.papercut.pl\/de\/wp-json\/wp\/v2\/pages\/44"}],"collection":[{"href":"https:\/\/pamoco.papercut.pl\/de\/wp-json\/wp\/v2\/pages"}],"about":[{"href":"https:\/\/pamoco.papercut.pl\/de\/wp-json\/wp\/v2\/types\/page"}],"author":[{"embeddable":true,"href":"https:\/\/pamoco.papercut.pl\/de\/wp-json\/wp\/v2\/users\/1"}],"replies":[{"embeddable":true,"href":"https:\/\/pamoco.papercut.pl\/de\/wp-json\/wp\/v2\/comments?post=44"}],"version-history":[{"count":13,"href":"https:\/\/pamoco.papercut.pl\/de\/wp-json\/wp\/v2\/pages\/44\/revisions"}],"predecessor-version":[{"id":806,"href":"https:\/\/pamoco.papercut.pl\/de\/wp-json\/wp\/v2\/pages\/44\/revisions\/806"}],"up":[{"embeddable":true,"href":"https:\/\/pamoco.papercut.pl\/de\/wp-json\/wp\/v2\/pages\/6"}],"wp:attachment":[{"href":"https:\/\/pamoco.papercut.pl\/de\/wp-json\/wp\/v2\/media?parent=44"}],"curies":[{"name":"wp","href":"https:\/\/api.w.org\/{rel}","templated":true}]}}