{"id":425,"date":"2017-12-10T19:52:09","date_gmt":"2017-12-10T18:52:09","guid":{"rendered":"https:\/\/linmot.com\/?page_id=425"},"modified":"2018-08-26T19:58:23","modified_gmt":"2018-08-26T17:58:23","slug":"linmot-designer-motorauslegung","status":"publish","type":"page","link":"https:\/\/pamoco.papercut.pl\/de\/download\/linmot-designer-motorauslegung\/","title":{"rendered":"LinMot Designer (Motorauslegung)"},"content":{"rendered":"<p>Der Einsatz eines linearen Antriebssystems beginnt mit der Auslegung der Linearmotoren. Um den Konstrukteur bei diesem Schritt zu unterst\u00fctzen, stellt LinMot mit dem Auslegungsprogramm LinMot Designer ein einfach zu bedienendes Werkzeug zur Verf\u00fcgung.<\/p>\n<p>Der LinMot Designer berechnet aufgrund der geforderten Bewegungsabl\u00e4ufe und Lasten in K\u00fcrze die f\u00fcr die Antriebsauswahl ben\u00f6tigten Parameter und stellt sie in Relation zum selektierten Linearmotor und Servo Controller.<\/p>\n<h3>Software<\/h3>\n<div class=\"row\">\n<div class=\"col-md-4\">\n<h4 class=\"download-title\">LinMot Designer 1.9.2<\/h4>\n<p class=\"bodytext\">Tutorial: LinMot Designer Software.<\/p>\n<\/p><\/div>\n<div class=\"col-md-8\">\n<div class=\"download-box\">\n            <a target=\"_blank\" href=\"http:\/\/linmot.com\/fileadmin\/\/user_upload\/Downloads\/software-firmware\/motor-sizing\/Tutorial.pdf\"><span class=\"name\">PDF<\/span><span class=\"size\">5.33 MB<\/span><\/a>\n        <\/div>\n<\/p><\/div>\n<\/div>\n<div class=\"row\">\n<div class=\"col-md-4\">\n<h4 class=\"download-title\">Setup<\/h4>\n<p class=\"bodytext\">Installation setup: Install LinMot Designer and the related documents on the PC. Version 1.9.2 d32 (Program Version 1.9.2, Data File Version: 32)<\/p>\n<\/p><\/div>\n<div class=\"col-md-8\">\n<div class=\"download-box\">\n            <a target=\"_blank\" href=\"http:\/\/linmot.com\/fileadmin\/\/user_upload\/Downloads\/software-firmware\/motor-sizing\/lindesign_setup_192_d32.exe\"><span class=\"name\">Setup<\/span><span class=\"size\">9.04 MB<\/span><\/a>\n        <\/div>\n<\/p><\/div>\n<\/div>\n<div class=\"row\">\n<div class=\"col-md-4\">\n        <br \/><b>Relevant content<\/b><\/p>\n<p class=\"bodytext\"><a href=\"https:\/\/linmot.com\/de\/download\/linmot-talk-drive-konfiguration\/uebersicht-software-kompatibilitaet\/\">Software Compatibility<\/a><\/p>\n<\/p><\/div>\n<\/div>\n<div class=\"row\">\n<div class=\"col-md-4\">\n<a class=\"button\" href=\"https:\/\/linmot.com\/de\/download\/linmot-designer-motorauslegung\/old-versions\/\">View Old Versions<\/a>\n    <\/div>\n<\/div>\n","protected":false},"excerpt":{"rendered":"<p>Der Einsatz eines linearen Antriebssystems beginnt mit der Auslegung der Linearmotoren. Um den Konstrukteur bei diesem Schritt zu unterst\u00fctzen, stellt LinMot mit dem Auslegungsprogramm LinMot Designer ein einfach zu bedienendes Werkzeug zur Verf\u00fcgung. Der LinMot Designer berechnet aufgrund der geforderten Bewegungsabl\u00e4ufe und Lasten in K\u00fcrze die f\u00fcr die Antriebsauswahl ben\u00f6tigten Parameter und stellt sie in [&hellip;]<\/p>\n","protected":false},"author":1,"featured_media":0,"parent":10,"menu_order":0,"comment_status":"closed","ping_status":"closed","template":"","meta":[],"acf":[],"yoast_head":"<!-- This site is optimized with the Yoast SEO plugin v17.5 - https:\/\/yoast.com\/wordpress\/plugins\/seo\/ -->\n<title>LinMot Designer (Motorauslegung) | Linear Motion Technology Leader | LinMot<\/title>\n<meta name=\"description\" content=\"LinMot Designer (Motorauslegung) | Linear Motion Technology Leader | LinMot\" \/>\n<meta name=\"robots\" content=\"noindex, follow, max-snippet:-1, max-image-preview:large, max-video-preview:-1\" \/>\n<meta property=\"og:locale\" content=\"de_DE\" \/>\n<meta property=\"og:type\" content=\"article\" \/>\n<meta property=\"og:title\" content=\"LinMot Designer (Motorauslegung) | Linear Motion Technology Leader | LinMot\" \/>\n<meta property=\"og:description\" content=\"LinMot Designer (Motorauslegung) | Linear Motion Technology Leader | LinMot\" \/>\n<meta property=\"og:url\" content=\"https:\/\/pamoco.papercut.pl\/de\/download\/linmot-designer-motorauslegung\/\" \/>\n<meta property=\"og:site_name\" content=\"LinMot DE\" \/>\n<meta property=\"article:modified_time\" content=\"2018-08-26T17:58:23+00:00\" \/>\n<meta name=\"twitter:card\" content=\"summary\" \/>\n<meta name=\"twitter:label1\" content=\"Gesch\u00e4tzte Lesezeit\" \/>\n\t<meta name=\"twitter:data1\" content=\"1 Minute\" \/>\n<script type=\"application\/ld+json\" class=\"yoast-schema-graph\">{\"@context\":\"https:\/\/schema.org\",\"@graph\":[{\"@type\":\"WebSite\",\"@id\":\"https:\/\/pamoco.papercut.pl\/de\/#website\",\"url\":\"https:\/\/pamoco.papercut.pl\/de\/\",\"name\":\"LinMot DE\",\"description\":\"Linmot\",\"potentialAction\":[{\"@type\":\"SearchAction\",\"target\":{\"@type\":\"EntryPoint\",\"urlTemplate\":\"https:\/\/pamoco.papercut.pl\/de\/?s={search_term_string}\"},\"query-input\":\"required name=search_term_string\"}],\"inLanguage\":\"de-DE\"},{\"@type\":\"WebPage\",\"@id\":\"https:\/\/pamoco.papercut.pl\/de\/download\/linmot-designer-motorauslegung\/#webpage\",\"url\":\"https:\/\/pamoco.papercut.pl\/de\/download\/linmot-designer-motorauslegung\/\",\"name\":\"LinMot Designer (Motorauslegung) | Linear Motion Technology Leader | LinMot\",\"isPartOf\":{\"@id\":\"https:\/\/pamoco.papercut.pl\/de\/#website\"},\"datePublished\":\"2017-12-10T18:52:09+00:00\",\"dateModified\":\"2018-08-26T17:58:23+00:00\",\"description\":\"LinMot Designer (Motorauslegung) | Linear Motion Technology Leader | LinMot\",\"breadcrumb\":{\"@id\":\"https:\/\/pamoco.papercut.pl\/de\/download\/linmot-designer-motorauslegung\/#breadcrumb\"},\"inLanguage\":\"de-DE\",\"potentialAction\":[{\"@type\":\"ReadAction\",\"target\":[\"https:\/\/pamoco.papercut.pl\/de\/download\/linmot-designer-motorauslegung\/\"]}]},{\"@type\":\"BreadcrumbList\",\"@id\":\"https:\/\/pamoco.papercut.pl\/de\/download\/linmot-designer-motorauslegung\/#breadcrumb\",\"itemListElement\":[{\"@type\":\"ListItem\",\"position\":1,\"name\":\"LinMot\",\"item\":\"https:\/\/pamoco.papercut.pl\/de\/\"},{\"@type\":\"ListItem\",\"position\":2,\"name\":\"Download\",\"item\":\"https:\/\/pamoco.papercut.pl\/de\/download\/\"},{\"@type\":\"ListItem\",\"position\":3,\"name\":\"LinMot Designer (Motorauslegung)\"}]}]}<\/script>\n<!-- \/ Yoast SEO plugin. -->","yoast_head_json":{"title":"LinMot Designer (Motorauslegung) | Linear Motion Technology Leader | LinMot","description":"LinMot Designer (Motorauslegung) | Linear Motion Technology Leader | LinMot","robots":{"index":"noindex","follow":"follow","max-snippet":"max-snippet:-1","max-image-preview":"max-image-preview:large","max-video-preview":"max-video-preview:-1"},"og_locale":"de_DE","og_type":"article","og_title":"LinMot Designer (Motorauslegung) | Linear Motion Technology Leader | LinMot","og_description":"LinMot Designer (Motorauslegung) | Linear Motion Technology Leader | LinMot","og_url":"https:\/\/pamoco.papercut.pl\/de\/download\/linmot-designer-motorauslegung\/","og_site_name":"LinMot DE","article_modified_time":"2018-08-26T17:58:23+00:00","twitter_card":"summary","twitter_misc":{"Gesch\u00e4tzte Lesezeit":"1 Minute"},"schema":{"@context":"https:\/\/schema.org","@graph":[{"@type":"WebSite","@id":"https:\/\/pamoco.papercut.pl\/de\/#website","url":"https:\/\/pamoco.papercut.pl\/de\/","name":"LinMot DE","description":"Linmot","potentialAction":[{"@type":"SearchAction","target":{"@type":"EntryPoint","urlTemplate":"https:\/\/pamoco.papercut.pl\/de\/?s={search_term_string}"},"query-input":"required name=search_term_string"}],"inLanguage":"de-DE"},{"@type":"WebPage","@id":"https:\/\/pamoco.papercut.pl\/de\/download\/linmot-designer-motorauslegung\/#webpage","url":"https:\/\/pamoco.papercut.pl\/de\/download\/linmot-designer-motorauslegung\/","name":"LinMot Designer (Motorauslegung) | Linear Motion Technology Leader | LinMot","isPartOf":{"@id":"https:\/\/pamoco.papercut.pl\/de\/#website"},"datePublished":"2017-12-10T18:52:09+00:00","dateModified":"2018-08-26T17:58:23+00:00","description":"LinMot Designer (Motorauslegung) | Linear Motion Technology Leader | LinMot","breadcrumb":{"@id":"https:\/\/pamoco.papercut.pl\/de\/download\/linmot-designer-motorauslegung\/#breadcrumb"},"inLanguage":"de-DE","potentialAction":[{"@type":"ReadAction","target":["https:\/\/pamoco.papercut.pl\/de\/download\/linmot-designer-motorauslegung\/"]}]},{"@type":"BreadcrumbList","@id":"https:\/\/pamoco.papercut.pl\/de\/download\/linmot-designer-motorauslegung\/#breadcrumb","itemListElement":[{"@type":"ListItem","position":1,"name":"LinMot","item":"https:\/\/pamoco.papercut.pl\/de\/"},{"@type":"ListItem","position":2,"name":"Download","item":"https:\/\/pamoco.papercut.pl\/de\/download\/"},{"@type":"ListItem","position":3,"name":"LinMot Designer (Motorauslegung)"}]}]}},"_links":{"self":[{"href":"https:\/\/pamoco.papercut.pl\/de\/wp-json\/wp\/v2\/pages\/425"}],"collection":[{"href":"https:\/\/pamoco.papercut.pl\/de\/wp-json\/wp\/v2\/pages"}],"about":[{"href":"https:\/\/pamoco.papercut.pl\/de\/wp-json\/wp\/v2\/types\/page"}],"author":[{"embeddable":true,"href":"https:\/\/pamoco.papercut.pl\/de\/wp-json\/wp\/v2\/users\/1"}],"replies":[{"embeddable":true,"href":"https:\/\/pamoco.papercut.pl\/de\/wp-json\/wp\/v2\/comments?post=425"}],"version-history":[{"count":8,"href":"https:\/\/pamoco.papercut.pl\/de\/wp-json\/wp\/v2\/pages\/425\/revisions"}],"predecessor-version":[{"id":815,"href":"https:\/\/pamoco.papercut.pl\/de\/wp-json\/wp\/v2\/pages\/425\/revisions\/815"}],"up":[{"embeddable":true,"href":"https:\/\/pamoco.papercut.pl\/de\/wp-json\/wp\/v2\/pages\/10"}],"wp:attachment":[{"href":"https:\/\/pamoco.papercut.pl\/de\/wp-json\/wp\/v2\/media?parent=425"}],"curies":[{"name":"wp","href":"https:\/\/api.w.org\/{rel}","templated":true}]}}