{"id":42,"date":"2017-10-20T23:32:53","date_gmt":"2017-10-20T21:32:53","guid":{"rendered":"https:\/\/linmot.com\/?page_id=42"},"modified":"2018-08-14T12:51:03","modified_gmt":"2018-08-14T10:51:03","slug":"atex-motoren","status":"publish","type":"page","link":"https:\/\/pamoco.papercut.pl\/de\/produkte\/atex-motoren\/","title":{"rendered":"ATEX Motoren"},"content":{"rendered":"<p>\u00dcberall dort, wo sich explosionsf\u00e4hige Gas- oder Dampf-Luftgemische bilden oder brennbare St\u00e4ube auftreten k\u00f6nnen, werden spezielle elektrische Antriebe gefordert.<br \/>\nF\u00fcr diese speziellen Bedingungen ist die LinMot ATEX Variante der Linearmotoren entwickelt worden.<\/p>\n<p>Die Motoren sind komplett in Edelstahl gekapselt und ben\u00f6tigen keine Dichtungen. S\u00e4mtliche F\u00fcgeverbindungen sind geschweisst. F\u00fcr einen vollst\u00e4ndigen Verschluss des Motors, werden die Wicklungen sowie das weitere Innenleben des Stators mit Epoxidharz vergossen. Ein optimaler Schutz des Motors ist somit gew\u00e4hrleistet und die Gefahr eines ausgehenden Funkenschlags wird eliminiert.<br \/>\nDa in explosiver Atmosph\u00e4re die Oberfl\u00e4chentemperatur von gr\u00f6sster Bedeutung ist, wurde in den Motoren eine zus\u00e4tzliche Temperatur\u00fcberwachung integriert. Neben den Sensoren zur \u00dcberwachung der Wicklungstemperatur im Stator, sind dar\u00fcber hinaus weitere Temperatursensoren unter dem Motorengeh\u00e4use angebracht.<br \/>\nDies erlaubt eine 2-kanalige Temperatur\u00fcberwachung, wobei im Falle des \u00dcberhitzens, mit dem \u00fcbergeordneten Kanal ein Unterbruch der Drive-Speisung ausgel\u00f6st wird.<br \/>\nZum Zweck einer erh\u00f6hten Dauerleistung, k\u00f6nnen die Motoren mit einer optionalen Wasserk\u00fchlung ausgestattet werden.<\/p>\n<p>Die ATEX Motorfamilie setzt sich aus 2 Baugr\u00f6ssen zusammen, f\u00fcr die ein breites Sortiment an L\u00e4uferl\u00e4ngen verf\u00fcgbar ist. Die Verfahrl\u00e4nge reicht dabei bis zu einem Hub von 980 mm.<\/p>\n<div class=\"row\">\n<div class=\"col-md-5\">\n<ul>\n<li>Edelstahl-Geh\u00e4use<\/li>\n<li>Hygienisches Design<\/li>\n<li>Geschweisste Verbindungen<\/li>\n<li>Komplett gekapselt (IP69K)<\/li>\n<li>Optional mit integrierter Wasserk\u00fchlung<\/li>\n<li>F\u00fcr den Einsatz in Gas Zonen 1 \/ 2<\/li>\n<li>Geeignet f\u00fcr den Einsatz in Staub Zonen 21 \/ 22<\/li>\n<\/ul>\n<\/div>\n<div class=\"col-md-7\">\n<div class=\"carousel slide\" id=\"ceddf8794e2e0b6a8139ef9dba1d1e23\" data-ride=\"carousel\">  <div class=\"carousel-inner\" role=\"listbox\">    <div class=\"item active\">      <img src=\"https:\/\/pamoco.papercut.pl\/de\/wp-content\/uploads\/sites\/2\/2018\/08\/atex-motors-2018.jpg\" alt=\"...\">    <\/div>    <div class=\"item\">      <img src=\"https:\/\/pamoco.papercut.pl\/de\/wp-content\/uploads\/sites\/2\/2018\/08\/atex-motors-2018-4.jpg\" alt=\"...\">    <\/div>    <div class=\"item\">      <img src=\"https:\/\/pamoco.papercut.pl\/de\/wp-content\/uploads\/sites\/2\/2018\/08\/atex-motors-2018-3.jpg\" alt=\"...\">    <\/div>    <div class=\"item\">      <img src=\"https:\/\/pamoco.papercut.pl\/de\/wp-content\/uploads\/sites\/2\/2018\/08\/atex-motors-2018-2.jpg\" alt=\"...\">    <\/div>  <\/div><div class=\"navigation\"><a class=\"left carousel-control\" href=\"#ceddf8794e2e0b6a8139ef9dba1d1e23\" role=\"button\" data-slide=\"prev\"><\/a><a class=\"right carousel-control\" href=\"#ceddf8794e2e0b6a8139ef9dba1d1e23\" role=\"button\" data-slide=\"next\"><\/a><\/div><\/div>\n<\/div>\n<\/div>\n<blockquote><p>Sicherer Antrieb bei Explosionsgefahr<\/p><\/blockquote>\n<p>Da die Motoren bewusst sehr kompakt konstruiert sind und ohne unn\u00f6tige Kanten, Ecken sowie Bohrungen und Verschraubungen auskommen, gibt es keine Stellen an denen sich explosives Material sammeln kann. Somit entfallen zus\u00e4tzliche, potentielle Z\u00fcndquellen und die Gefahr einer ungleichm\u00e4ssigen Erw\u00e4rmung wird deutlich minimiert. Unzul\u00e4ssig hohe Temperaturen werden vermieden, so dass die normgem\u00e4sse Z\u00fcndschutzart Ex e (Erh\u00f6hte Sicherheit) garantiert werden kann.<br \/>\nDie Eigenschaften der Motoren sind derart ausgelegt, dass die aktuellen europ\u00e4ischen Vorschriften erf\u00fcllt werden.<br \/>\nDemzufolge umfasst der Einsatzbereich der Motoren, eine explosionsf\u00e4hige Atmosph\u00e4re, welche gelegentlich auftritt und aus Gasen, D\u00e4mpfen, Nebel und Staub bestehen kann (Zoneneinteilung 1, 21, 2, 22 entsprechend DIN EN 60079-14).<br \/>\nSelbst in Umgebungen mit einer niedrigen Z\u00fcndtemperatur ab 85 \u00b0C k\u00f6nnen LinMot ATEX Motoren eingesetzt werden.<\/p>\n<p>Von den ATEX Motoren der Marke LinMot profitiert der Anwender in verschiedenen Sektoren wie z.B. bei Druckmaschinen, Lackieranlagen, Kunststoffverarbeitungsmaschinen oder in der chemischen, petrochemischen und pharmazeutischen Industrie.<\/p>\n","protected":false},"excerpt":{"rendered":"<p>\u00dcberall dort, wo sich explosionsf\u00e4hige Gas- oder Dampf-Luftgemische bilden oder brennbare St\u00e4ube auftreten k\u00f6nnen, werden spezielle elektrische Antriebe gefordert. F\u00fcr diese speziellen Bedingungen ist die LinMot ATEX Variante der Linearmotoren entwickelt worden. Die Motoren sind komplett in Edelstahl gekapselt und ben\u00f6tigen keine Dichtungen. S\u00e4mtliche F\u00fcgeverbindungen sind geschweisst. F\u00fcr einen vollst\u00e4ndigen Verschluss des Motors, werden die [&hellip;]<\/p>\n","protected":false},"author":1,"featured_media":0,"parent":6,"menu_order":0,"comment_status":"closed","ping_status":"closed","template":"","meta":[],"acf":[],"yoast_head":"<!-- This site is optimized with the Yoast SEO plugin v17.5 - https:\/\/yoast.com\/wordpress\/plugins\/seo\/ -->\n<title>ATEX Motoren | Linear Motion Technology Leader | LinMot<\/title>\n<meta name=\"description\" content=\"ATEX Motoren | Linear Motion Technology Leader | LinMot\" \/>\n<meta name=\"robots\" content=\"noindex, follow, max-snippet:-1, max-image-preview:large, max-video-preview:-1\" \/>\n<meta property=\"og:locale\" content=\"de_DE\" \/>\n<meta property=\"og:type\" content=\"article\" \/>\n<meta property=\"og:title\" content=\"ATEX Motoren | Linear Motion Technology Leader | LinMot\" \/>\n<meta property=\"og:description\" content=\"ATEX Motoren | Linear Motion Technology Leader | LinMot\" \/>\n<meta property=\"og:url\" content=\"https:\/\/pamoco.papercut.pl\/de\/produkte\/atex-motoren\/\" \/>\n<meta property=\"og:site_name\" content=\"LinMot DE\" \/>\n<meta property=\"article:modified_time\" content=\"2018-08-14T10:51:03+00:00\" \/>\n<meta name=\"twitter:card\" content=\"summary\" \/>\n<meta name=\"twitter:label1\" content=\"Gesch\u00e4tzte Lesezeit\" \/>\n\t<meta name=\"twitter:data1\" content=\"2 Minuten\" \/>\n<script type=\"application\/ld+json\" class=\"yoast-schema-graph\">{\"@context\":\"https:\/\/schema.org\",\"@graph\":[{\"@type\":\"WebSite\",\"@id\":\"https:\/\/pamoco.papercut.pl\/de\/#website\",\"url\":\"https:\/\/pamoco.papercut.pl\/de\/\",\"name\":\"LinMot DE\",\"description\":\"Linmot\",\"potentialAction\":[{\"@type\":\"SearchAction\",\"target\":{\"@type\":\"EntryPoint\",\"urlTemplate\":\"https:\/\/pamoco.papercut.pl\/de\/?s={search_term_string}\"},\"query-input\":\"required name=search_term_string\"}],\"inLanguage\":\"de-DE\"},{\"@type\":\"WebPage\",\"@id\":\"https:\/\/pamoco.papercut.pl\/de\/produkte\/atex-motoren\/#webpage\",\"url\":\"https:\/\/pamoco.papercut.pl\/de\/produkte\/atex-motoren\/\",\"name\":\"ATEX Motoren | Linear Motion Technology Leader | LinMot\",\"isPartOf\":{\"@id\":\"https:\/\/pamoco.papercut.pl\/de\/#website\"},\"datePublished\":\"2017-10-20T21:32:53+00:00\",\"dateModified\":\"2018-08-14T10:51:03+00:00\",\"description\":\"ATEX Motoren | Linear Motion Technology Leader | LinMot\",\"breadcrumb\":{\"@id\":\"https:\/\/pamoco.papercut.pl\/de\/produkte\/atex-motoren\/#breadcrumb\"},\"inLanguage\":\"de-DE\",\"potentialAction\":[{\"@type\":\"ReadAction\",\"target\":[\"https:\/\/pamoco.papercut.pl\/de\/produkte\/atex-motoren\/\"]}]},{\"@type\":\"BreadcrumbList\",\"@id\":\"https:\/\/pamoco.papercut.pl\/de\/produkte\/atex-motoren\/#breadcrumb\",\"itemListElement\":[{\"@type\":\"ListItem\",\"position\":1,\"name\":\"LinMot\",\"item\":\"https:\/\/pamoco.papercut.pl\/de\/\"},{\"@type\":\"ListItem\",\"position\":2,\"name\":\"Produkte\",\"item\":\"https:\/\/pamoco.papercut.pl\/de\/produkte\/\"},{\"@type\":\"ListItem\",\"position\":3,\"name\":\"ATEX Motoren\"}]}]}<\/script>\n<!-- \/ Yoast SEO plugin. -->","yoast_head_json":{"title":"ATEX Motoren | Linear Motion Technology Leader | LinMot","description":"ATEX Motoren | Linear Motion Technology Leader | LinMot","robots":{"index":"noindex","follow":"follow","max-snippet":"max-snippet:-1","max-image-preview":"max-image-preview:large","max-video-preview":"max-video-preview:-1"},"og_locale":"de_DE","og_type":"article","og_title":"ATEX Motoren | Linear Motion Technology Leader | LinMot","og_description":"ATEX Motoren | Linear Motion Technology Leader | LinMot","og_url":"https:\/\/pamoco.papercut.pl\/de\/produkte\/atex-motoren\/","og_site_name":"LinMot DE","article_modified_time":"2018-08-14T10:51:03+00:00","twitter_card":"summary","twitter_misc":{"Gesch\u00e4tzte Lesezeit":"2 Minuten"},"schema":{"@context":"https:\/\/schema.org","@graph":[{"@type":"WebSite","@id":"https:\/\/pamoco.papercut.pl\/de\/#website","url":"https:\/\/pamoco.papercut.pl\/de\/","name":"LinMot DE","description":"Linmot","potentialAction":[{"@type":"SearchAction","target":{"@type":"EntryPoint","urlTemplate":"https:\/\/pamoco.papercut.pl\/de\/?s={search_term_string}"},"query-input":"required name=search_term_string"}],"inLanguage":"de-DE"},{"@type":"WebPage","@id":"https:\/\/pamoco.papercut.pl\/de\/produkte\/atex-motoren\/#webpage","url":"https:\/\/pamoco.papercut.pl\/de\/produkte\/atex-motoren\/","name":"ATEX Motoren | Linear Motion Technology Leader | LinMot","isPartOf":{"@id":"https:\/\/pamoco.papercut.pl\/de\/#website"},"datePublished":"2017-10-20T21:32:53+00:00","dateModified":"2018-08-14T10:51:03+00:00","description":"ATEX Motoren | Linear Motion Technology Leader | LinMot","breadcrumb":{"@id":"https:\/\/pamoco.papercut.pl\/de\/produkte\/atex-motoren\/#breadcrumb"},"inLanguage":"de-DE","potentialAction":[{"@type":"ReadAction","target":["https:\/\/pamoco.papercut.pl\/de\/produkte\/atex-motoren\/"]}]},{"@type":"BreadcrumbList","@id":"https:\/\/pamoco.papercut.pl\/de\/produkte\/atex-motoren\/#breadcrumb","itemListElement":[{"@type":"ListItem","position":1,"name":"LinMot","item":"https:\/\/pamoco.papercut.pl\/de\/"},{"@type":"ListItem","position":2,"name":"Produkte","item":"https:\/\/pamoco.papercut.pl\/de\/produkte\/"},{"@type":"ListItem","position":3,"name":"ATEX Motoren"}]}]}},"_links":{"self":[{"href":"https:\/\/pamoco.papercut.pl\/de\/wp-json\/wp\/v2\/pages\/42"}],"collection":[{"href":"https:\/\/pamoco.papercut.pl\/de\/wp-json\/wp\/v2\/pages"}],"about":[{"href":"https:\/\/pamoco.papercut.pl\/de\/wp-json\/wp\/v2\/types\/page"}],"author":[{"embeddable":true,"href":"https:\/\/pamoco.papercut.pl\/de\/wp-json\/wp\/v2\/users\/1"}],"replies":[{"embeddable":true,"href":"https:\/\/pamoco.papercut.pl\/de\/wp-json\/wp\/v2\/comments?post=42"}],"version-history":[{"count":8,"href":"https:\/\/pamoco.papercut.pl\/de\/wp-json\/wp\/v2\/pages\/42\/revisions"}],"predecessor-version":[{"id":694,"href":"https:\/\/pamoco.papercut.pl\/de\/wp-json\/wp\/v2\/pages\/42\/revisions\/694"}],"up":[{"embeddable":true,"href":"https:\/\/pamoco.papercut.pl\/de\/wp-json\/wp\/v2\/pages\/6"}],"wp:attachment":[{"href":"https:\/\/pamoco.papercut.pl\/de\/wp-json\/wp\/v2\/media?parent=42"}],"curies":[{"name":"wp","href":"https:\/\/api.w.org\/{rel}","templated":true}]}}