{"id":40,"date":"2017-10-20T23:32:42","date_gmt":"2017-10-20T21:32:42","guid":{"rendered":"https:\/\/linmot.com\/?page_id=40"},"modified":"2018-08-26T20:39:16","modified_gmt":"2018-08-26T18:39:16","slug":"inox-motoren","status":"publish","type":"page","link":"https:\/\/pamoco.papercut.pl\/de\/produkte\/inox-motoren\/","title":{"rendered":"INOX Motoren"},"content":{"rendered":"<p>Entwickelt f\u00fcr eine anspruchsvolle Umgebung, sind diese kompakten <a href=\"https:\/\/linmot.com\/de\/produkte\/linearmotoren\/\">Linearmotoren<\/a> komplett in <strong>Edelstahl EN 1.4404\/AISI 316 ausgef\u00fchrt<\/strong>.<br \/>\nBei der Motorkonstruktion liegt das Augenmerk auf einem hygienischen Design. Um die Ablagerungen von Schmutz zu vermeiden, ist der Motor ohne unn\u00f6tige Kanten, Ecken sowie Bohrungen und Verschraubungen ausgef\u00fchrt.  Dar\u00fcber hinaus sind alle F\u00fcgeverbindungen geschweisst, so dass keine Dichtungen ben\u00f6tigt werden. <\/p>\n<p>Die Wicklungen des LinMot Motors sind komplett mit Epoxidharz vergossen, wodurch die Kupferf\u00fcllung und auch das Statorpaket vor Kondensatbildung bzw. Korrosion gesch\u00fctzt sind.<br \/>\nDank der kompletten Kapselung sind die Motoren zudem vor dem Eindringen von Staub und Wasser (Hochdruck-\/Dampfstrahlreinigung) sicher. Durch diese Dichtigkeit erf\u00fcllen sie somit die Schutzart IP69K gem\u00e4ss DIN EN 60529.<br \/>\nSpeziell entwickelte Kunststofflager sorgen f\u00fcr eine vereinfachte Reinigung und viel Zeitersparnis bei Wash-Down Anwendungen.<\/p>\n<p>Zur Temperatur\u00fcberwachung sind alle Linearmotoren mit Sensoren ausgestattet, welche die Daten an den Drive weitergeben. Die Daten k\u00f6nnen in der \u00fcbergeordneten Steuerung so ausgewertet werden, dass der Motor in Abh\u00e4ngigkeit von der Verarbeitung (z. B. Lebensmittel wie Fisch) in einem konstanten Temperaturbereich gehalten werden kann.<br \/>\nAls Option bietet LinMot ferner eine integrierte Wasserk\u00fchlung f\u00fcr tiefe Oberfl\u00e4chentemperaturen an, die zu einer h\u00f6heren Leistung und gleichzeitig zur Verringerung von Keimbildung f\u00fchrt.<\/p>\n<div class=\"row\">\n<div class=\"col-md-5\">\n<ul>\n<li>Edelstahl-Geh\u00e4use<\/li>\n<li>Hygienisches Design<\/li>\n<li>Geschweisste F\u00fcgeverbindungen<\/li>\n<li>Komplett gekapselt (IP69K)<\/li>\n<li> Optional mit integrierter Wasserk\u00fchlung\n <\/li>\n<\/ul>\n<\/div>\n<div class=\"col-md-7\">\n<div class=\"carousel slide\" id=\"db038fccc705ce6dbd09c0de7c705dd5\" data-ride=\"carousel\">  <div class=\"carousel-inner\" role=\"listbox\">    <div class=\"item active\">      <img src=\"https:\/\/pamoco.papercut.pl\/de\/wp-content\/uploads\/sites\/2\/2017\/10\/linmot-stainless-steel-motors-2-1.jpg\" alt=\"...\">    <\/div>    <div class=\"item\">      <img src=\"https:\/\/pamoco.papercut.pl\/de\/wp-content\/uploads\/sites\/2\/2017\/10\/linmot-stainless-steel-motors-1.jpg\" alt=\"...\">    <\/div>  <\/div><div class=\"navigation\"><a class=\"left carousel-control\" href=\"#db038fccc705ce6dbd09c0de7c705dd5\" role=\"button\" data-slide=\"prev\"><\/a><a class=\"right carousel-control\" href=\"#db038fccc705ce6dbd09c0de7c705dd5\" role=\"button\" data-slide=\"next\"><\/a><\/div><\/div>\n<\/div>\n<\/div>\n<blockquote><p>Entwickelt f\u00fcr eine anspruchsvolle Umgebung<\/p><\/blockquote>\n<p>In drei Baugr\u00f6\u00dfen mit einer Hubspanne bis 980 mm bieten die <strong>Edelstahlmotoren<\/strong> Hygiene auf h\u00f6chstem Niveau. Sie erm\u00f6glichen den Einsatz in Maschinen und Anlagen f\u00fcr die Verarbeitung von Lebensmitteln oder der Pharmaindustrie. Dort kommen sie problemlos mit extrem rauer oder korrosionsgef\u00e4hrdeter Umgebung zurecht und k\u00f6nnen bedenkenlos mit allen branchen\u00fcblichen Mitteln gereinigt werden.<\/p>\n","protected":false},"excerpt":{"rendered":"<p>Entwickelt f\u00fcr eine anspruchsvolle Umgebung, sind diese kompakten Linearmotoren komplett in Edelstahl EN 1.4404\/AISI 316 ausgef\u00fchrt. Bei der Motorkonstruktion liegt das Augenmerk auf einem hygienischen Design. Um die Ablagerungen von Schmutz zu vermeiden, ist der Motor ohne unn\u00f6tige Kanten, Ecken sowie Bohrungen und Verschraubungen ausgef\u00fchrt. Dar\u00fcber hinaus sind alle F\u00fcgeverbindungen geschweisst, so dass keine Dichtungen [&hellip;]<\/p>\n","protected":false},"author":1,"featured_media":0,"parent":6,"menu_order":0,"comment_status":"closed","ping_status":"closed","template":"","meta":[],"acf":[],"yoast_head":"<!-- This site is optimized with the Yoast SEO plugin v17.5 - https:\/\/yoast.com\/wordpress\/plugins\/seo\/ -->\n<title>INOX Motoren | Linear Motion Technology Leader | LinMot<\/title>\n<meta name=\"description\" content=\"INOX Motoren | Linear Motion Technology Leader | LinMot\" \/>\n<meta name=\"robots\" content=\"noindex, follow, max-snippet:-1, max-image-preview:large, max-video-preview:-1\" \/>\n<meta property=\"og:locale\" content=\"de_DE\" \/>\n<meta property=\"og:type\" content=\"article\" \/>\n<meta property=\"og:title\" content=\"INOX Motoren | Linear Motion Technology Leader | LinMot\" \/>\n<meta property=\"og:description\" content=\"INOX Motoren | Linear Motion Technology Leader | LinMot\" \/>\n<meta property=\"og:url\" content=\"https:\/\/pamoco.papercut.pl\/de\/produkte\/inox-motoren\/\" \/>\n<meta property=\"og:site_name\" content=\"LinMot DE\" \/>\n<meta property=\"article:modified_time\" content=\"2018-08-26T18:39:16+00:00\" \/>\n<meta name=\"twitter:card\" content=\"summary\" \/>\n<meta name=\"twitter:label1\" content=\"Gesch\u00e4tzte Lesezeit\" \/>\n\t<meta name=\"twitter:data1\" content=\"2 Minuten\" \/>\n<script type=\"application\/ld+json\" class=\"yoast-schema-graph\">{\"@context\":\"https:\/\/schema.org\",\"@graph\":[{\"@type\":\"WebSite\",\"@id\":\"https:\/\/pamoco.papercut.pl\/de\/#website\",\"url\":\"https:\/\/pamoco.papercut.pl\/de\/\",\"name\":\"LinMot DE\",\"description\":\"Linmot\",\"potentialAction\":[{\"@type\":\"SearchAction\",\"target\":{\"@type\":\"EntryPoint\",\"urlTemplate\":\"https:\/\/pamoco.papercut.pl\/de\/?s={search_term_string}\"},\"query-input\":\"required name=search_term_string\"}],\"inLanguage\":\"de-DE\"},{\"@type\":\"WebPage\",\"@id\":\"https:\/\/pamoco.papercut.pl\/de\/produkte\/inox-motoren\/#webpage\",\"url\":\"https:\/\/pamoco.papercut.pl\/de\/produkte\/inox-motoren\/\",\"name\":\"INOX Motoren | Linear Motion Technology Leader | LinMot\",\"isPartOf\":{\"@id\":\"https:\/\/pamoco.papercut.pl\/de\/#website\"},\"datePublished\":\"2017-10-20T21:32:42+00:00\",\"dateModified\":\"2018-08-26T18:39:16+00:00\",\"description\":\"INOX Motoren | Linear Motion Technology Leader | LinMot\",\"breadcrumb\":{\"@id\":\"https:\/\/pamoco.papercut.pl\/de\/produkte\/inox-motoren\/#breadcrumb\"},\"inLanguage\":\"de-DE\",\"potentialAction\":[{\"@type\":\"ReadAction\",\"target\":[\"https:\/\/pamoco.papercut.pl\/de\/produkte\/inox-motoren\/\"]}]},{\"@type\":\"BreadcrumbList\",\"@id\":\"https:\/\/pamoco.papercut.pl\/de\/produkte\/inox-motoren\/#breadcrumb\",\"itemListElement\":[{\"@type\":\"ListItem\",\"position\":1,\"name\":\"LinMot\",\"item\":\"https:\/\/pamoco.papercut.pl\/de\/\"},{\"@type\":\"ListItem\",\"position\":2,\"name\":\"Produkte\",\"item\":\"https:\/\/pamoco.papercut.pl\/de\/produkte\/\"},{\"@type\":\"ListItem\",\"position\":3,\"name\":\"INOX Motoren\"}]}]}<\/script>\n<!-- \/ Yoast SEO plugin. -->","yoast_head_json":{"title":"INOX Motoren | Linear Motion Technology Leader | LinMot","description":"INOX Motoren | Linear Motion Technology Leader | LinMot","robots":{"index":"noindex","follow":"follow","max-snippet":"max-snippet:-1","max-image-preview":"max-image-preview:large","max-video-preview":"max-video-preview:-1"},"og_locale":"de_DE","og_type":"article","og_title":"INOX Motoren | Linear Motion Technology Leader | LinMot","og_description":"INOX Motoren | Linear Motion Technology Leader | LinMot","og_url":"https:\/\/pamoco.papercut.pl\/de\/produkte\/inox-motoren\/","og_site_name":"LinMot DE","article_modified_time":"2018-08-26T18:39:16+00:00","twitter_card":"summary","twitter_misc":{"Gesch\u00e4tzte Lesezeit":"2 Minuten"},"schema":{"@context":"https:\/\/schema.org","@graph":[{"@type":"WebSite","@id":"https:\/\/pamoco.papercut.pl\/de\/#website","url":"https:\/\/pamoco.papercut.pl\/de\/","name":"LinMot DE","description":"Linmot","potentialAction":[{"@type":"SearchAction","target":{"@type":"EntryPoint","urlTemplate":"https:\/\/pamoco.papercut.pl\/de\/?s={search_term_string}"},"query-input":"required name=search_term_string"}],"inLanguage":"de-DE"},{"@type":"WebPage","@id":"https:\/\/pamoco.papercut.pl\/de\/produkte\/inox-motoren\/#webpage","url":"https:\/\/pamoco.papercut.pl\/de\/produkte\/inox-motoren\/","name":"INOX Motoren | Linear Motion Technology Leader | LinMot","isPartOf":{"@id":"https:\/\/pamoco.papercut.pl\/de\/#website"},"datePublished":"2017-10-20T21:32:42+00:00","dateModified":"2018-08-26T18:39:16+00:00","description":"INOX Motoren | Linear Motion Technology Leader | LinMot","breadcrumb":{"@id":"https:\/\/pamoco.papercut.pl\/de\/produkte\/inox-motoren\/#breadcrumb"},"inLanguage":"de-DE","potentialAction":[{"@type":"ReadAction","target":["https:\/\/pamoco.papercut.pl\/de\/produkte\/inox-motoren\/"]}]},{"@type":"BreadcrumbList","@id":"https:\/\/pamoco.papercut.pl\/de\/produkte\/inox-motoren\/#breadcrumb","itemListElement":[{"@type":"ListItem","position":1,"name":"LinMot","item":"https:\/\/pamoco.papercut.pl\/de\/"},{"@type":"ListItem","position":2,"name":"Produkte","item":"https:\/\/pamoco.papercut.pl\/de\/produkte\/"},{"@type":"ListItem","position":3,"name":"INOX Motoren"}]}]}},"_links":{"self":[{"href":"https:\/\/pamoco.papercut.pl\/de\/wp-json\/wp\/v2\/pages\/40"}],"collection":[{"href":"https:\/\/pamoco.papercut.pl\/de\/wp-json\/wp\/v2\/pages"}],"about":[{"href":"https:\/\/pamoco.papercut.pl\/de\/wp-json\/wp\/v2\/types\/page"}],"author":[{"embeddable":true,"href":"https:\/\/pamoco.papercut.pl\/de\/wp-json\/wp\/v2\/users\/1"}],"replies":[{"embeddable":true,"href":"https:\/\/pamoco.papercut.pl\/de\/wp-json\/wp\/v2\/comments?post=40"}],"version-history":[{"count":8,"href":"https:\/\/pamoco.papercut.pl\/de\/wp-json\/wp\/v2\/pages\/40\/revisions"}],"predecessor-version":[{"id":821,"href":"https:\/\/pamoco.papercut.pl\/de\/wp-json\/wp\/v2\/pages\/40\/revisions\/821"}],"up":[{"embeddable":true,"href":"https:\/\/pamoco.papercut.pl\/de\/wp-json\/wp\/v2\/pages\/6"}],"wp:attachment":[{"href":"https:\/\/pamoco.papercut.pl\/de\/wp-json\/wp\/v2\/media?parent=40"}],"curies":[{"name":"wp","href":"https:\/\/api.w.org\/{rel}","templated":true}]}}