{"id":38,"date":"2017-10-20T23:32:28","date_gmt":"2017-10-20T21:32:28","guid":{"rendered":"https:\/\/linmot.com\/?page_id=38"},"modified":"2018-09-07T10:56:28","modified_gmt":"2018-09-07T08:56:28","slug":"linearmotoren","status":"publish","type":"page","link":"https:\/\/pamoco.papercut.pl\/de\/produkte\/linearmotoren\/","title":{"rendered":"Linearmotoren"},"content":{"rendered":"<p>M\u00fcssen translative Bewegungen m\u00f6glichst reibungsarm, dynamisch und mit hoher Flexibilit\u00e4t ausgef\u00fchrt werden, setzt der Anwender Linearsysteme ein. Den Kern des LinMot Antriebssystems bilden die Steuerungselektronik, der Servo Drive, und die Linearmotoren.<\/p>\n<p><strong>Die Motoren von LinMot<\/strong> sind elektromagnetische Direktantriebe in tubularer Form. Die lineare Bewegung wird ohne Zwischenschaltung von mechanischen Getrieben, Spindeln oder Riemen rein elektrisch und verschleissfrei erzeugt. Der Linearmotor setzt sich aus lediglich zwei Teilen zusammen: Dem L\u00e4ufer und dem Stator. Der L\u00e4ufer besteht aus Neodym-Magneten, die in einem hochpr\u00e4zisen Edelstahlrohr untergebracht sind. Im Stator befinden sich die Motorwicklungen, die Lagerung f\u00fcr den L\u00e4ufer, die Positionserfassung sowie die Mikroprozessorschaltung f\u00fcr die \u00dcberwachung des Motors.<\/p>\n<p>Die interne Positionssensorik misst und \u00fcberwacht die aktuelle Position des Linearmotors nicht nur im Stillstand, sondern auch w\u00e4hrend der Bewegung. Positionsabweichungen werden sofort erkannt und der \u00fcbergeordneten Steuerung gemeldet. Dies garantiert eine hohe Betriebssicherheit und zuverl\u00e4ssige Fehlererkennung. LinMot Linearmotoren k\u00f6nnen im ganzen Hubbereich frei positioniert werden. Zudem kann sowohl die Verfahrgeschwindigkeit wie auch die Beschleunigung pr\u00e4zise vorgegeben werden. Bei komplexeren Bewegungen k\u00f6nnen beliebige Verfahrprofile als Kurven im Servo Drive gespeichert und vom Motor in der gew\u00fcnschten Geschwindigkeit abgefahren werden.<\/p>\n<img loading=\"lazy\" class=\"size-full wp-image-174 aligncenter\" src=\"https:\/\/linmot.com\/wp-content\/uploads\/2017\/10\/Linear-Motors-Profile-Linmot.jpg\" alt=\"\" width=\"400\" height=\"306\" srcset=\"https:\/\/pamoco.papercut.pl\/de\/wp-content\/uploads\/sites\/2\/2017\/10\/Linear-Motors-Profile-Linmot.jpg 400w, https:\/\/pamoco.papercut.pl\/de\/wp-content\/uploads\/sites\/2\/2017\/10\/Linear-Motors-Profile-Linmot-300x230.jpg 300w\" sizes=\"(max-width: 400px) 100vw, 400px\" \/>\n<div class=\"row\">\n<div class=\"col-md-4\">\n<ul>\n<li>Frei positionierbar<\/li>\n<li>Extreme Dynamik<\/li>\n<li>Hohe Lebensdauer<\/li>\n<\/ul>\n<\/div>\n<div class=\"col-md-4\">\n<ul>\n<li>Geschwindigkeit einstellbar<\/li>\n<li>\u00dcberwachte Bewegungen<\/li>\n<li>Beschleunigung einstellbar<\/li>\n<\/ul>\n<\/div>\n<div class=\"col-md-4\">\n<ul>\n<li>Sanfte Bewegungen<\/li>\n<li>Programmierbare Kraft<\/li>\n<li>Synchronisierung m\u00f6glich<\/li>\n<\/ul>\n<\/div>\n<\/div>\n<blockquote><p>Geschwindigkeiten bis zu 7,3 m\/s und Beschleunigungen von \u00fcber 780 m\/s2 erm\u00f6glichen sehr kurze Positionierzeiten und hohe Taktzahlen<\/p><\/blockquote>\n<p>Die Konstruktion der Linearmotoren macht sie zu Standardelementen im Bereich des Maschinenbaus, wo sie h\u00e4ufig Pneumatikantriebe und mechanische Kurvenscheiben ersetzen. <strong>Mit LinMot Linearmotoren<\/strong> und den einfachen F\u00fchrungen findet der Ingenieur die notwendigen Komponenten zur Konstruktion kompletter linearer Antriebssysteme.<\/p>\n<h2>Standard Motoren<\/h2>\n<p>Die Standard Variante der Linearmotoren kann universell eingesetzt werden und deckt ein breites Einsatzspektrum ab. Mit den kompakten Antrieben werden vielf\u00e4ltige Positionieraufgaben im Kleinspannungsbereich ausgef\u00fchrt. Die Motorenfamilie umfasst 3 Typen mit unterschiedlichen Stator- und Hubl\u00e4ngen Ausf\u00fchrungen. Dem Anwender stehen eine max. Hubl\u00e4nge von 1830 mm und Spitzenkraft von 1024 N zur Verf\u00fcgung. Durch die vergossenen Motorenkomponenten wird der Motor auch bei intensiven Einsatz optimal gesch\u00fctzt.<\/p>\n<div class=\"row\">\n<div class=\"col-md-5\">\n<ul>\n<li>Hoch dynamische Antriebe<\/li>\n<li>Breites Hubspektrum<\/li>\n<li>Verf\u00fcgbar mit Kabelabgang oder mit schwenkbaren Winkelstecker<\/li>\n<li>Optional mit Luftk\u00fchlung<\/li>\n<li>Vielf\u00e4ltige Einsatzm\u00f6glichkeiten bei Handlingeinrichtungen sowie im Anlagen- und Maschinenbau<\/li>\n<\/ul>\n<\/div>\n<div class=\"col-md-7\">\n<div class=\"carousel slide\" id=\"cedb43188f7d068ce4a2f19752fb9bb2\" data-ride=\"carousel\">  <div class=\"carousel-inner\" role=\"listbox\">    <div class=\"item active\">      <img src=\"https:\/\/pamoco.papercut.pl\/de\/wp-content\/uploads\/sites\/2\/2017\/10\/Standard-Linear-Motors-3-Linmot.jpg\" alt=\"...\">    <\/div>    <div class=\"item\">      <img src=\"https:\/\/pamoco.papercut.pl\/de\/wp-content\/uploads\/sites\/2\/2017\/10\/Standard-Linear-Motors-Linmot.jpg\" alt=\"...\">    <\/div>    <div class=\"item\">      <img src=\"https:\/\/pamoco.papercut.pl\/de\/wp-content\/uploads\/sites\/2\/2017\/10\/Standard-Linear-Motors-2-Linmot.jpg\" alt=\"...\">    <\/div>  <\/div><div class=\"navigation\"><a class=\"left carousel-control\" href=\"#cedb43188f7d068ce4a2f19752fb9bb2\" role=\"button\" data-slide=\"prev\"><\/a><a class=\"right carousel-control\" href=\"#cedb43188f7d068ce4a2f19752fb9bb2\" role=\"button\" data-slide=\"next\"><\/a><\/div><\/div>\n<\/div>\n<\/div>\n<h2>HP Motoren<\/h2>\n<p>Die Linearmotoren der High Performance weisen im Vergleich zu den Standard Motoren bei gleicher Baugr\u00f6sse und identischen Abmessungen eine wesentlich h\u00f6here Leistung auf. Massgebend daf\u00fcr sind Weiterentwicklungen an der Motorwicklung, im Magnetkreis und der Einsatz von Hochleistungsmaterialien.<br \/>\nMit den High Performance Motoren kann der Anwender auf die ann\u00e4hernd doppelte Nennleistung zur\u00fcckgreifen. Die h\u00f6here Leistung bei gleicher Bauform erlaubt die problemlose Leistungssteigerung von bestehenden Maschinen und Anlagen, ohne die mechanische Konstruktion \u00fcberarbeiten zu m\u00fcssen.<\/p>\n<div class=\"row\">\n<div class=\"col-md-5\">\n<ul>\n<li>Besonders starker Magnetkreis<\/li>\n<li>Erh\u00f6hte Dauerkraft und Beschleunigung<\/li>\n<li>Erm\u00f6glicht h\u00f6here Betriebstemperaturen<\/li>\n<li>Optimal bei Anwendungen mit limitierter Eigenmasse<\/li>\n<\/ul>\n<\/div>\n<div class=\"col-md-7\">\n<img loading=\"lazy\" class=\"alignnone size-full wp-image-354\" src=\"https:\/\/linmot.com\/wp-content\/uploads\/2017\/10\/High-Performance-Linear-Motors-Linmot.jpg\" alt=\"High Performance Linear Motors Linmot\" width=\"612\" height=\"190\" srcset=\"https:\/\/pamoco.papercut.pl\/de\/wp-content\/uploads\/sites\/2\/2017\/10\/High-Performance-Linear-Motors-Linmot.jpg 612w, https:\/\/pamoco.papercut.pl\/de\/wp-content\/uploads\/sites\/2\/2017\/10\/High-Performance-Linear-Motors-Linmot-300x93.jpg 300w\" sizes=\"(max-width: 612px) 100vw, 612px\" \/>\n<\/div>\n<\/div>\n<h2>Kurzmotoren<\/h2>\n<p>Diese Motorenart ist die k\u00fcrzeste Bauform der LinMot Linearmotoren. <\/p>\n<p>Die Kurzmotoren wurden speziell f\u00fcr Anwendungen mit eingeschr\u00e4nkten Platzverh\u00e4ltnissen entwickelt. Durch die kurze Bauform k\u00f6nnen auch Mehrachsanwendungen mit mehreren Statoren auf einem L\u00e4ufer auf kleinstem Bauraum realisiert werden. Um dem Konstrukteur m\u00f6glichst grosse Freiheiten bei der Kabelf\u00fchrung einzur\u00e4umen, werden diese Motoren mit drei Abdeckungen f\u00fcr einen Kabelabgang jeweils links, rechts oder vorne ausgeliefert. <\/p>\n<p>F\u00fcr eine einfache und schnelle Installation ist das Motorkabel unter der Abdeckung steckbar.<\/p>\n<div class=\"row\">\n<div class=\"col-md-5\">\n<ul>\n<li>Kurze Bauform mit einer minimalen Statorl\u00e4nge von 90 mm<\/li>\n<li>Integrierter Montageflansch<\/li>\n<li>Steckbares Motorkabel mit Abdeckung<\/li>\n<li>Frei positionierbarer Kabelgang<\/li>\n<li>F\u00fcr den Einsatz bei limitierten Platzverh\u00e4ltnissen sowie bei Multi-Achs Anwendungen<\/li>\n<\/ul>\n<\/div>\n<div class=\"col-md-7\">\n<div class=\"carousel slide\" id=\"462caed7633d538eeb94af027d3de3bd\" data-ride=\"carousel\">  <div class=\"carousel-inner\" role=\"listbox\">    <div class=\"item active\">      <img src=\"https:\/\/pamoco.papercut.pl\/de\/wp-content\/uploads\/sites\/2\/2017\/10\/Short-Motors-Linmot-1.jpg\" alt=\"...\">    <\/div>    <div class=\"item\">      <img src=\"https:\/\/pamoco.papercut.pl\/de\/wp-content\/uploads\/sites\/2\/2017\/10\/Short-Motors-2-Linmot-1.jpg\" alt=\"...\">    <\/div>    <div class=\"item\">      <img src=\"https:\/\/pamoco.papercut.pl\/de\/wp-content\/uploads\/sites\/2\/2017\/10\/Short-Motors-3-Linmot.jpg\" alt=\"...\">    <\/div>  <\/div><div class=\"navigation\"><a class=\"left carousel-control\" href=\"#462caed7633d538eeb94af027d3de3bd\" role=\"button\" data-slide=\"prev\"><\/a><a class=\"right carousel-control\" href=\"#462caed7633d538eeb94af027d3de3bd\" role=\"button\" data-slide=\"next\"><\/a><\/div><\/div>\n<\/div>\n<\/div>\n<h2>Linearmotoren 3&#215;400 VAC<\/h2>\n<p>Die Linearmotoren der Serie P10 sind die leistungsst\u00e4rksten Motoren in der LinMot Produktfamilie. Mit der h\u00f6heren Leistung und Spitzenkr\u00e4ften bis zu 2700 N stellen die Motoren h\u00f6here Anforderungen an die Antriebseinheiten und die Servo Drives. Daher hat LinMot ein v\u00f6llig neues Konzept entwickelt und setzt ausschliesslich bei dieser Motor-Serie auf die 3x400VAC Technologie sowie auf Servo Drives mit direkter Einspeisung aus dem Netz. Abh\u00e4ngig von der Applikation k\u00f6nnen die Motoren auch mit gleichgerichteten 1x230VAC betrieben werden.<\/p>\n<p>F\u00fcr eine bessere Integration der Antriebe in fremde Steuerungskonzepte, sorgen die eingebauten Standard Encoder. Die Motoren k\u00f6nnen somit problemlos von Drives beliebiger Hersteller angesteuert werden. Wie bei den kleineren Antrieben sind die Motoren mit drehbaren IP67 Stecker ausgestattet. F\u00fcr die verschiedenen Hubl\u00e4ngen gibt es ein festgelegtes, systematisch geordnetes L\u00e4uferprogramm.<\/p>\n<p><strong>Die Motorfamilie P10-54<\/strong> sind kompakte, tubulare Linearmotoren mittlerer Leistung f\u00fcr dynamische Positionieraufgaben oder die Abl\u00f6sung von Pneumatik. Wahlweise ausgestattet mit einem 1Vpp Sin\/Cos Geber oder einem A\/B Inkrementalgeber lassen sich durch Drives beliebiger Hersteller ansteuern.<\/p>\n<div class=\"row\">\n<div class=\"col-md-5\">\n<ul>\n<li>230VAC und 3 x 400VAC Technologie<\/li>\n<li>Kr\u00e4fte bis zu 335 N<\/li>\n<li>LinMot Encoder oder A\/B Inkrementalencoder<\/li>\n<li>Extrem hohe Dynamik<\/li>\n<li>Operation with commonly available servo controllers<\/li>\n<li>Auch mit Standard \u201cthird party\u201d Drives zu betreiben<\/li>\n<\/ul>\n<\/div>\n<div class=\"col-md-7\">\n<div class=\"carousel slide\" id=\"d3fd3c8ebc0f1c3af0057b164d2c1aac\" data-ride=\"carousel\">  <div class=\"carousel-inner\" role=\"listbox\">    <div class=\"item active\">      <img src=\"https:\/\/pamoco.papercut.pl\/de\/wp-content\/uploads\/sites\/2\/2017\/10\/2018-LinMot-P10-54_2.jpg\" alt=\"...\">    <\/div>    <div class=\"item\">      <img src=\"https:\/\/pamoco.papercut.pl\/de\/wp-content\/uploads\/sites\/2\/2017\/10\/2018-LinMot-P10-54_1.jpg\" alt=\"...\">    <\/div>    <div class=\"item\">      <img src=\"https:\/\/pamoco.papercut.pl\/de\/wp-content\/uploads\/sites\/2\/2017\/10\/2018-LinMot-P10-54_Montage_240.jpg\" alt=\"...\">    <\/div>  <\/div><div class=\"navigation\"><a class=\"left carousel-control\" href=\"#d3fd3c8ebc0f1c3af0057b164d2c1aac\" role=\"button\" data-slide=\"prev\"><\/a><a class=\"right carousel-control\" href=\"#d3fd3c8ebc0f1c3af0057b164d2c1aac\" role=\"button\" data-slide=\"next\"><\/a><\/div><\/div>\n<\/div>\n<\/div>\n<p><strong>Die Linearmotoren der Serie P10-70<\/strong> sind die leistungsst\u00e4rksten LinMot Antriebe f\u00fcr dynamische lineare Bewegungen. Ansteuerbar durch beliebige Drive Hersteller oder mit den LinMot Servo Drives E1400 und C1400.<\/p>\n<div class=\"row\">\n<div class=\"col-md-5\">\n<ul>\n<li>3 x 400VAC Technologie<\/li>\n<li>Spitzenkraft bis zu 561 N<\/li>\n<li>Extrem hohe Beschleunigungen<\/li>\n<li>Separate Stecker f\u00fcr Sensor und Leistungskabel<\/li>\n<li>Auch mit standardm\u00e4ssigen \u201ethird party\u201c Servo Drives zu betreiben<\/li>\n<\/ul>\n<\/div>\n<div class=\"col-md-7\">\n<div class=\"carousel slide\" id=\"cac378c2163419e440f683a04ce61798\" data-ride=\"carousel\">  <div class=\"carousel-inner\" role=\"listbox\">    <div class=\"item active\">      <img src=\"https:\/\/pamoco.papercut.pl\/de\/wp-content\/uploads\/sites\/2\/2017\/10\/linear-motors-serier-p10_1-new-3.jpg\" alt=\"...\">    <\/div>    <div class=\"item\">      <img src=\"https:\/\/pamoco.papercut.pl\/de\/wp-content\/uploads\/sites\/2\/2017\/10\/linear-motors-series-p10_2-3.jpg\" alt=\"...\">    <\/div>    <div class=\"item\">      <img src=\"https:\/\/pamoco.papercut.pl\/de\/wp-content\/uploads\/sites\/2\/2017\/10\/linear-motors-series-p10_3-1.jpg\" alt=\"...\">    <\/div>  <\/div><div class=\"navigation\"><a class=\"left carousel-control\" href=\"#cac378c2163419e440f683a04ce61798\" role=\"button\" data-slide=\"prev\"><\/a><a class=\"right carousel-control\" href=\"#cac378c2163419e440f683a04ce61798\" role=\"button\" data-slide=\"next\"><\/a><\/div><\/div>\n<\/div>\n<\/div>\n<h2>Motoren mit integrierter F\u00fchrung<\/h2>\n<p>Die Linearmotoren des Typs P04 bringen alle Vorz\u00fcge der tubularen Linearmotoren mit und bieten zus\u00e4tzlich den Vorteil einer integrierten F\u00fchrung.<\/p>\n<p>Der P04-Aktuator l\u00e4sst sich mit den aus der Pneumatik bekannten mechanischem Zubeh\u00f6r ausr\u00fcsten. Dadurch wird der Ersatz von Pneumatik noch einfacher, da sich alle aus der Pneumatik bekannten Montagem\u00f6glichkeiten realisieren lassen. Mit der freien Positionierbarkeit und Beschleunigungen von bis zu 50 m\/s2 sind dynamisch-pr\u00e4zise Bewegungen die Hauptdisziplin des Motortyps. Dar\u00fcber hinaus werden Querbelastungen von der integrierten Lagerung aufgenommen, so dass sich einfache Anwendungen wie Ausst\u00f6sser ohne zus\u00e4tzliche Komponenten realisieren lassen.<\/p>\n<div class=\"row\">\n<div class=\"col-md-5\">\n<ul>\n<li>Spitzenkraft bis zu 572 N<\/li>\n<li>H\u00fcbe bis 150 mm<\/li>\n<li>Mit geh\u00e4rteter Pr\u00e4zisionswelle f\u00fcr Querbelastung<\/li>\n<li>Montageanschl\u00fcsse nach ISO f\u00fcr Pneumatikzylinder<\/li>\n<li>Stator komplett gekapselt (IP65)<\/li>\n<li>Ideal f\u00fcr Einsatz bei schweren Bedingungen<\/li>\n<\/ul>\n<\/div>\n<div class=\"col-md-7\">\n<div class=\"carousel slide\" id=\"d27c793398640c07800e3bf4c42f071c\" data-ride=\"carousel\">  <div class=\"carousel-inner\" role=\"listbox\">    <div class=\"item active\">      <img src=\"https:\/\/pamoco.papercut.pl\/de\/wp-content\/uploads\/sites\/2\/2017\/10\/2018-LinMot-Schwenkflansch.jpg\" alt=\"...\">    <\/div>    <div class=\"item\">      <img src=\"https:\/\/pamoco.papercut.pl\/de\/wp-content\/uploads\/sites\/2\/2017\/10\/2018-LinMot-FlanschVorne.jpg\" alt=\"...\">    <\/div>    <div class=\"item\">      <img src=\"https:\/\/pamoco.papercut.pl\/de\/wp-content\/uploads\/sites\/2\/2017\/10\/2018-LinMot-Gabelgelenk.jpg\" alt=\"...\">    <\/div>    <div class=\"item\">      <img src=\"https:\/\/pamoco.papercut.pl\/de\/wp-content\/uploads\/sites\/2\/2017\/10\/2018-LinMot-P04_motoren_contentpage.jpg\" alt=\"...\">    <\/div>    <div class=\"item\">      <img src=\"https:\/\/pamoco.papercut.pl\/de\/wp-content\/uploads\/sites\/2\/2017\/10\/2018-LinMot-P04_motoren_frontpage.jpg\" alt=\"...\">    <\/div>  <\/div><div class=\"navigation\"><a class=\"left carousel-control\" href=\"#d27c793398640c07800e3bf4c42f071c\" role=\"button\" data-slide=\"prev\"><\/a><a class=\"right carousel-control\" href=\"#d27c793398640c07800e3bf4c42f071c\" role=\"button\" data-slide=\"next\"><\/a><\/div><\/div>\n<\/div>\n<\/div>\n","protected":false},"excerpt":{"rendered":"<p>M\u00fcssen translative Bewegungen m\u00f6glichst reibungsarm, dynamisch und mit hoher Flexibilit\u00e4t ausgef\u00fchrt werden, setzt der Anwender Linearsysteme ein. Den Kern des LinMot Antriebssystems bilden die Steuerungselektronik, der Servo Drive, und die Linearmotoren. Die Motoren von LinMot sind elektromagnetische Direktantriebe in tubularer Form. Die lineare Bewegung wird ohne Zwischenschaltung von mechanischen Getrieben, Spindeln oder Riemen rein elektrisch [&hellip;]<\/p>\n","protected":false},"author":1,"featured_media":0,"parent":6,"menu_order":0,"comment_status":"closed","ping_status":"closed","template":"","meta":[],"acf":[],"yoast_head":"<!-- This site is optimized with the Yoast SEO plugin v17.5 - https:\/\/yoast.com\/wordpress\/plugins\/seo\/ -->\n<title>Linearmotoren | Linear Motion Technology Leader | LinMot<\/title>\n<meta name=\"description\" content=\"Linearmotoren | Linear Motion Technology Leader | LinMot\" \/>\n<meta name=\"robots\" content=\"noindex, follow, max-snippet:-1, max-image-preview:large, max-video-preview:-1\" \/>\n<meta property=\"og:locale\" content=\"de_DE\" \/>\n<meta property=\"og:type\" content=\"article\" \/>\n<meta property=\"og:title\" content=\"Linearmotoren | Linear Motion Technology Leader | LinMot\" \/>\n<meta property=\"og:description\" content=\"Linearmotoren | Linear Motion Technology Leader | LinMot\" \/>\n<meta property=\"og:url\" content=\"https:\/\/pamoco.papercut.pl\/de\/produkte\/linearmotoren\/\" \/>\n<meta property=\"og:site_name\" content=\"LinMot DE\" \/>\n<meta property=\"article:modified_time\" content=\"2018-09-07T08:56:28+00:00\" \/>\n<meta property=\"og:image\" content=\"https:\/\/linmot.com\/wp-content\/uploads\/2017\/10\/Linear-Motors-Profile-Linmot.jpg\" \/>\n<meta name=\"twitter:card\" content=\"summary\" \/>\n<meta name=\"twitter:label1\" content=\"Gesch\u00e4tzte Lesezeit\" \/>\n\t<meta name=\"twitter:data1\" content=\"5 Minuten\" \/>\n<script type=\"application\/ld+json\" class=\"yoast-schema-graph\">{\"@context\":\"https:\/\/schema.org\",\"@graph\":[{\"@type\":\"WebSite\",\"@id\":\"https:\/\/pamoco.papercut.pl\/de\/#website\",\"url\":\"https:\/\/pamoco.papercut.pl\/de\/\",\"name\":\"LinMot DE\",\"description\":\"Linmot\",\"potentialAction\":[{\"@type\":\"SearchAction\",\"target\":{\"@type\":\"EntryPoint\",\"urlTemplate\":\"https:\/\/pamoco.papercut.pl\/de\/?s={search_term_string}\"},\"query-input\":\"required name=search_term_string\"}],\"inLanguage\":\"de-DE\"},{\"@type\":\"ImageObject\",\"@id\":\"https:\/\/pamoco.papercut.pl\/de\/produkte\/linearmotoren\/#primaryimage\",\"inLanguage\":\"de-DE\",\"url\":\"https:\/\/linmot.com\/wp-content\/uploads\/2017\/10\/Linear-Motors-Profile-Linmot.jpg\",\"contentUrl\":\"https:\/\/linmot.com\/wp-content\/uploads\/2017\/10\/Linear-Motors-Profile-Linmot.jpg\"},{\"@type\":\"WebPage\",\"@id\":\"https:\/\/pamoco.papercut.pl\/de\/produkte\/linearmotoren\/#webpage\",\"url\":\"https:\/\/pamoco.papercut.pl\/de\/produkte\/linearmotoren\/\",\"name\":\"Linearmotoren | Linear Motion Technology Leader | LinMot\",\"isPartOf\":{\"@id\":\"https:\/\/pamoco.papercut.pl\/de\/#website\"},\"primaryImageOfPage\":{\"@id\":\"https:\/\/pamoco.papercut.pl\/de\/produkte\/linearmotoren\/#primaryimage\"},\"datePublished\":\"2017-10-20T21:32:28+00:00\",\"dateModified\":\"2018-09-07T08:56:28+00:00\",\"description\":\"Linearmotoren | Linear Motion Technology Leader | LinMot\",\"breadcrumb\":{\"@id\":\"https:\/\/pamoco.papercut.pl\/de\/produkte\/linearmotoren\/#breadcrumb\"},\"inLanguage\":\"de-DE\",\"potentialAction\":[{\"@type\":\"ReadAction\",\"target\":[\"https:\/\/pamoco.papercut.pl\/de\/produkte\/linearmotoren\/\"]}]},{\"@type\":\"BreadcrumbList\",\"@id\":\"https:\/\/pamoco.papercut.pl\/de\/produkte\/linearmotoren\/#breadcrumb\",\"itemListElement\":[{\"@type\":\"ListItem\",\"position\":1,\"name\":\"LinMot\",\"item\":\"https:\/\/pamoco.papercut.pl\/de\/\"},{\"@type\":\"ListItem\",\"position\":2,\"name\":\"Produkte\",\"item\":\"https:\/\/pamoco.papercut.pl\/de\/produkte\/\"},{\"@type\":\"ListItem\",\"position\":3,\"name\":\"Linearmotoren\"}]}]}<\/script>\n<!-- \/ Yoast SEO plugin. -->","yoast_head_json":{"title":"Linearmotoren | Linear Motion Technology Leader | LinMot","description":"Linearmotoren | Linear Motion Technology Leader | LinMot","robots":{"index":"noindex","follow":"follow","max-snippet":"max-snippet:-1","max-image-preview":"max-image-preview:large","max-video-preview":"max-video-preview:-1"},"og_locale":"de_DE","og_type":"article","og_title":"Linearmotoren | Linear Motion Technology Leader | LinMot","og_description":"Linearmotoren | Linear Motion Technology Leader | LinMot","og_url":"https:\/\/pamoco.papercut.pl\/de\/produkte\/linearmotoren\/","og_site_name":"LinMot DE","article_modified_time":"2018-09-07T08:56:28+00:00","og_image":[{"url":"https:\/\/linmot.com\/wp-content\/uploads\/2017\/10\/Linear-Motors-Profile-Linmot.jpg"}],"twitter_card":"summary","twitter_misc":{"Gesch\u00e4tzte Lesezeit":"5 Minuten"},"schema":{"@context":"https:\/\/schema.org","@graph":[{"@type":"WebSite","@id":"https:\/\/pamoco.papercut.pl\/de\/#website","url":"https:\/\/pamoco.papercut.pl\/de\/","name":"LinMot DE","description":"Linmot","potentialAction":[{"@type":"SearchAction","target":{"@type":"EntryPoint","urlTemplate":"https:\/\/pamoco.papercut.pl\/de\/?s={search_term_string}"},"query-input":"required name=search_term_string"}],"inLanguage":"de-DE"},{"@type":"ImageObject","@id":"https:\/\/pamoco.papercut.pl\/de\/produkte\/linearmotoren\/#primaryimage","inLanguage":"de-DE","url":"https:\/\/linmot.com\/wp-content\/uploads\/2017\/10\/Linear-Motors-Profile-Linmot.jpg","contentUrl":"https:\/\/linmot.com\/wp-content\/uploads\/2017\/10\/Linear-Motors-Profile-Linmot.jpg"},{"@type":"WebPage","@id":"https:\/\/pamoco.papercut.pl\/de\/produkte\/linearmotoren\/#webpage","url":"https:\/\/pamoco.papercut.pl\/de\/produkte\/linearmotoren\/","name":"Linearmotoren | Linear Motion Technology Leader | LinMot","isPartOf":{"@id":"https:\/\/pamoco.papercut.pl\/de\/#website"},"primaryImageOfPage":{"@id":"https:\/\/pamoco.papercut.pl\/de\/produkte\/linearmotoren\/#primaryimage"},"datePublished":"2017-10-20T21:32:28+00:00","dateModified":"2018-09-07T08:56:28+00:00","description":"Linearmotoren | Linear Motion Technology Leader | LinMot","breadcrumb":{"@id":"https:\/\/pamoco.papercut.pl\/de\/produkte\/linearmotoren\/#breadcrumb"},"inLanguage":"de-DE","potentialAction":[{"@type":"ReadAction","target":["https:\/\/pamoco.papercut.pl\/de\/produkte\/linearmotoren\/"]}]},{"@type":"BreadcrumbList","@id":"https:\/\/pamoco.papercut.pl\/de\/produkte\/linearmotoren\/#breadcrumb","itemListElement":[{"@type":"ListItem","position":1,"name":"LinMot","item":"https:\/\/pamoco.papercut.pl\/de\/"},{"@type":"ListItem","position":2,"name":"Produkte","item":"https:\/\/pamoco.papercut.pl\/de\/produkte\/"},{"@type":"ListItem","position":3,"name":"Linearmotoren"}]}]}},"_links":{"self":[{"href":"https:\/\/pamoco.papercut.pl\/de\/wp-json\/wp\/v2\/pages\/38"}],"collection":[{"href":"https:\/\/pamoco.papercut.pl\/de\/wp-json\/wp\/v2\/pages"}],"about":[{"href":"https:\/\/pamoco.papercut.pl\/de\/wp-json\/wp\/v2\/types\/page"}],"author":[{"embeddable":true,"href":"https:\/\/pamoco.papercut.pl\/de\/wp-json\/wp\/v2\/users\/1"}],"replies":[{"embeddable":true,"href":"https:\/\/pamoco.papercut.pl\/de\/wp-json\/wp\/v2\/comments?post=38"}],"version-history":[{"count":17,"href":"https:\/\/pamoco.papercut.pl\/de\/wp-json\/wp\/v2\/pages\/38\/revisions"}],"predecessor-version":[{"id":841,"href":"https:\/\/pamoco.papercut.pl\/de\/wp-json\/wp\/v2\/pages\/38\/revisions\/841"}],"up":[{"embeddable":true,"href":"https:\/\/pamoco.papercut.pl\/de\/wp-json\/wp\/v2\/pages\/6"}],"wp:attachment":[{"href":"https:\/\/pamoco.papercut.pl\/de\/wp-json\/wp\/v2\/media?parent=38"}],"curies":[{"name":"wp","href":"https:\/\/api.w.org\/{rel}","templated":true}]}}