{"id":28,"date":"2017-10-20T23:31:26","date_gmt":"2017-10-20T21:31:26","guid":{"rendered":"https:\/\/linmot.com\/?page_id=28"},"modified":"2018-08-13T18:38:33","modified_gmt":"2018-08-13T16:38:33","slug":"partner","status":"publish","type":"page","link":"https:\/\/pamoco.papercut.pl\/de\/unternehmensprofil\/partner\/","title":{"rendered":"Partner"},"content":{"rendered":"<p>LinMot verf\u00fcgt \u00fcber eine Vielzahl von Partnern und Systemintegratoren f\u00fcr die Hardware-Integration und Software-Implementierung.<\/p>\n<p>LinMot Partner und Systemintegratoren haben eine enorme Produkt- und Anwendungserfahrung in der Abwicklung komplexer Automatisierungsl\u00f6sungen mit LinMot Linearmotoren und Antrieben. Software-Integratoren unterst\u00fctzen die Konstruktionsabteilungen der Maschinenhersteller bei der Umsetzung der Automatisierung, bei der Erstinbetriebnahme und bei der langfristigen Wartung. LinMot Hardware-Integratoren k\u00f6nnen eine gro\u00dfe Auswahl an Modulen oder Teilmodulen wie Pick &#038; Place-Einheiten, Portalsystemen oder komplette Handling Units bieten.<\/p>\n<p>Fragen Sie <a href=\"https:\/\/linmot.com\/de\/unternehmensprofil\/contact\/\">Ihre LinMot Ansprechperson vor Ort<\/a> nach einem LinMot Partner und sie werden von diesen Dienstleistungen und Produkten sofort profitieren.<\/p>\n","protected":false},"excerpt":{"rendered":"<p>LinMot verf\u00fcgt \u00fcber eine Vielzahl von Partnern und Systemintegratoren f\u00fcr die Hardware-Integration und Software-Implementierung. LinMot Partner und Systemintegratoren haben eine enorme Produkt- und Anwendungserfahrung in der Abwicklung komplexer Automatisierungsl\u00f6sungen mit LinMot Linearmotoren und Antrieben. Software-Integratoren unterst\u00fctzen die Konstruktionsabteilungen der Maschinenhersteller bei der Umsetzung der Automatisierung, bei der Erstinbetriebnahme und bei der langfristigen Wartung. LinMot Hardware-Integratoren [&hellip;]<\/p>\n","protected":false},"author":1,"featured_media":0,"parent":4,"menu_order":0,"comment_status":"closed","ping_status":"closed","template":"","meta":[],"acf":[],"yoast_head":"<!-- This site is optimized with the Yoast SEO plugin v17.5 - https:\/\/yoast.com\/wordpress\/plugins\/seo\/ -->\n<title>Partner | Linear Motion Technology Leader | LinMot<\/title>\n<meta name=\"description\" content=\"Partner | Linear Motion Technology Leader | LinMot\" \/>\n<meta name=\"robots\" content=\"noindex, follow, max-snippet:-1, max-image-preview:large, max-video-preview:-1\" \/>\n<meta property=\"og:locale\" content=\"de_DE\" \/>\n<meta property=\"og:type\" content=\"article\" \/>\n<meta property=\"og:title\" content=\"Partner | Linear Motion Technology Leader | LinMot\" \/>\n<meta property=\"og:description\" content=\"Partner | Linear Motion Technology Leader | LinMot\" \/>\n<meta property=\"og:url\" content=\"https:\/\/pamoco.papercut.pl\/de\/unternehmensprofil\/partner\/\" \/>\n<meta property=\"og:site_name\" content=\"LinMot DE\" \/>\n<meta property=\"article:modified_time\" content=\"2018-08-13T16:38:33+00:00\" \/>\n<meta name=\"twitter:card\" content=\"summary\" \/>\n<script type=\"application\/ld+json\" class=\"yoast-schema-graph\">{\"@context\":\"https:\/\/schema.org\",\"@graph\":[{\"@type\":\"WebSite\",\"@id\":\"https:\/\/pamoco.papercut.pl\/de\/#website\",\"url\":\"https:\/\/pamoco.papercut.pl\/de\/\",\"name\":\"LinMot DE\",\"description\":\"Linmot\",\"potentialAction\":[{\"@type\":\"SearchAction\",\"target\":{\"@type\":\"EntryPoint\",\"urlTemplate\":\"https:\/\/pamoco.papercut.pl\/de\/?s={search_term_string}\"},\"query-input\":\"required name=search_term_string\"}],\"inLanguage\":\"de-DE\"},{\"@type\":\"WebPage\",\"@id\":\"https:\/\/pamoco.papercut.pl\/de\/unternehmensprofil\/partner\/#webpage\",\"url\":\"https:\/\/pamoco.papercut.pl\/de\/unternehmensprofil\/partner\/\",\"name\":\"Partner | Linear Motion Technology Leader | LinMot\",\"isPartOf\":{\"@id\":\"https:\/\/pamoco.papercut.pl\/de\/#website\"},\"datePublished\":\"2017-10-20T21:31:26+00:00\",\"dateModified\":\"2018-08-13T16:38:33+00:00\",\"description\":\"Partner | Linear Motion Technology Leader | LinMot\",\"breadcrumb\":{\"@id\":\"https:\/\/pamoco.papercut.pl\/de\/unternehmensprofil\/partner\/#breadcrumb\"},\"inLanguage\":\"de-DE\",\"potentialAction\":[{\"@type\":\"ReadAction\",\"target\":[\"https:\/\/pamoco.papercut.pl\/de\/unternehmensprofil\/partner\/\"]}]},{\"@type\":\"BreadcrumbList\",\"@id\":\"https:\/\/pamoco.papercut.pl\/de\/unternehmensprofil\/partner\/#breadcrumb\",\"itemListElement\":[{\"@type\":\"ListItem\",\"position\":1,\"name\":\"LinMot\",\"item\":\"https:\/\/pamoco.papercut.pl\/de\/\"},{\"@type\":\"ListItem\",\"position\":2,\"name\":\"Unternehmensprofil\",\"item\":\"https:\/\/pamoco.papercut.pl\/de\/unternehmensprofil\/\"},{\"@type\":\"ListItem\",\"position\":3,\"name\":\"Partner\"}]}]}<\/script>\n<!-- \/ Yoast SEO plugin. -->","yoast_head_json":{"title":"Partner | Linear Motion Technology Leader | LinMot","description":"Partner | Linear Motion Technology Leader | LinMot","robots":{"index":"noindex","follow":"follow","max-snippet":"max-snippet:-1","max-image-preview":"max-image-preview:large","max-video-preview":"max-video-preview:-1"},"og_locale":"de_DE","og_type":"article","og_title":"Partner | Linear Motion Technology Leader | LinMot","og_description":"Partner | Linear Motion Technology Leader | LinMot","og_url":"https:\/\/pamoco.papercut.pl\/de\/unternehmensprofil\/partner\/","og_site_name":"LinMot DE","article_modified_time":"2018-08-13T16:38:33+00:00","twitter_card":"summary","schema":{"@context":"https:\/\/schema.org","@graph":[{"@type":"WebSite","@id":"https:\/\/pamoco.papercut.pl\/de\/#website","url":"https:\/\/pamoco.papercut.pl\/de\/","name":"LinMot DE","description":"Linmot","potentialAction":[{"@type":"SearchAction","target":{"@type":"EntryPoint","urlTemplate":"https:\/\/pamoco.papercut.pl\/de\/?s={search_term_string}"},"query-input":"required name=search_term_string"}],"inLanguage":"de-DE"},{"@type":"WebPage","@id":"https:\/\/pamoco.papercut.pl\/de\/unternehmensprofil\/partner\/#webpage","url":"https:\/\/pamoco.papercut.pl\/de\/unternehmensprofil\/partner\/","name":"Partner | Linear Motion Technology Leader | LinMot","isPartOf":{"@id":"https:\/\/pamoco.papercut.pl\/de\/#website"},"datePublished":"2017-10-20T21:31:26+00:00","dateModified":"2018-08-13T16:38:33+00:00","description":"Partner | Linear Motion Technology Leader | LinMot","breadcrumb":{"@id":"https:\/\/pamoco.papercut.pl\/de\/unternehmensprofil\/partner\/#breadcrumb"},"inLanguage":"de-DE","potentialAction":[{"@type":"ReadAction","target":["https:\/\/pamoco.papercut.pl\/de\/unternehmensprofil\/partner\/"]}]},{"@type":"BreadcrumbList","@id":"https:\/\/pamoco.papercut.pl\/de\/unternehmensprofil\/partner\/#breadcrumb","itemListElement":[{"@type":"ListItem","position":1,"name":"LinMot","item":"https:\/\/pamoco.papercut.pl\/de\/"},{"@type":"ListItem","position":2,"name":"Unternehmensprofil","item":"https:\/\/pamoco.papercut.pl\/de\/unternehmensprofil\/"},{"@type":"ListItem","position":3,"name":"Partner"}]}]}},"_links":{"self":[{"href":"https:\/\/pamoco.papercut.pl\/de\/wp-json\/wp\/v2\/pages\/28"}],"collection":[{"href":"https:\/\/pamoco.papercut.pl\/de\/wp-json\/wp\/v2\/pages"}],"about":[{"href":"https:\/\/pamoco.papercut.pl\/de\/wp-json\/wp\/v2\/types\/page"}],"author":[{"embeddable":true,"href":"https:\/\/pamoco.papercut.pl\/de\/wp-json\/wp\/v2\/users\/1"}],"replies":[{"embeddable":true,"href":"https:\/\/pamoco.papercut.pl\/de\/wp-json\/wp\/v2\/comments?post=28"}],"version-history":[{"count":5,"href":"https:\/\/pamoco.papercut.pl\/de\/wp-json\/wp\/v2\/pages\/28\/revisions"}],"predecessor-version":[{"id":666,"href":"https:\/\/pamoco.papercut.pl\/de\/wp-json\/wp\/v2\/pages\/28\/revisions\/666"}],"up":[{"embeddable":true,"href":"https:\/\/pamoco.papercut.pl\/de\/wp-json\/wp\/v2\/pages\/4"}],"wp:attachment":[{"href":"https:\/\/pamoco.papercut.pl\/de\/wp-json\/wp\/v2\/media?parent=28"}],"curies":[{"name":"wp","href":"https:\/\/api.w.org\/{rel}","templated":true}]}}