{"id":251,"date":"2017-11-07T16:00:41","date_gmt":"2017-11-07T15:00:41","guid":{"rendered":"https:\/\/linmot.com\/?page_id=251"},"modified":"2018-08-13T16:44:28","modified_gmt":"2018-08-13T14:44:28","slug":"support","status":"publish","type":"page","link":"https:\/\/pamoco.papercut.pl\/de\/support\/","title":{"rendered":"Support"},"content":{"rendered":"<p>Ihr erster Ansprechpartner f\u00fcr alle Support-Anfragen ist der zust\u00e4ndige Vertriebsmitarbeiter oder H\u00e4ndler. Er kennt Ihre Anwendung und die verwendeten Komponenten. Daher sind diese Ansprechpartner im ersten Schritt am besten geeignet Ihnen optimal zu helfen.<br \/>\nAuf der Unterseite Kontakt finden sie den entsprechenden Ansprechpartner.<\/p>\n<p>Zur technischen Unterst\u00fctzung des Vertriebs stehen Ihnen erfahrene Anwendungstechniker zur Verf\u00fcgung, die kompetente Teams an beiden Hauptsitzen in Europa und USA bilden. Falls erforderlich, treten die Techniker direkt in Kontakt mit dem Kunden. Das erfolgt jedoch nur nach Absprache mit dem zust\u00e4ndigen Vertriebspartner.<\/p>\n<div class=\"row\">\n<div class=\"col-md-4\">\n<h4>Hauptsitz<\/h4>\n<p class=\"bodytext\"><b>Tel.<\/b>: +41 (0)56 544 71 00<br \/>\n<b>Fax<\/b>: +41 (0)56 544 71 01<br \/>\n<b>e-Mail<\/b>: support@linmot.com<br \/>\n<b>Skype<\/b>:\u00a0support.linmot<\/p>\n<\/div>\n<div class=\"col-md-4\">\n<h4>Deutschland<\/h4>\n<p class=\"bodytext\"><b>Tel.<\/b>: +49 (0) 7531 58 47 410<br \/>\n<b>Fax<\/b>: +41 (0)56 544 71 01<br \/>\n<b>e-Mail<\/b>: support@linmot.de<br \/>\n<b>Skype<\/b>: support.linmot<\/p>\n<\/div>\n<div class=\"col-md-4\">\n<h4>USA<\/h4>\n<p class=\"bodytext\"><b>Tel.<\/b>: 877-804-0718 \/ 262-743-1284<br \/>\n<b>Fax<\/b>: 800-463-8708 \/ 262-723-6688<br \/>\n<b>e-Mail<\/b>: usasupport@linmot.com<\/p>\n<\/div>\n<\/div>\n","protected":false},"excerpt":{"rendered":"<p>Ihr erster Ansprechpartner f\u00fcr alle Support-Anfragen ist der zust\u00e4ndige Vertriebsmitarbeiter oder H\u00e4ndler. Er kennt Ihre Anwendung und die verwendeten Komponenten. Daher sind diese Ansprechpartner im ersten Schritt am besten geeignet Ihnen optimal zu helfen. Auf der Unterseite Kontakt finden sie den entsprechenden Ansprechpartner. Zur technischen Unterst\u00fctzung des Vertriebs stehen Ihnen erfahrene Anwendungstechniker zur Verf\u00fcgung, die [&hellip;]<\/p>\n","protected":false},"author":1,"featured_media":0,"parent":0,"menu_order":0,"comment_status":"closed","ping_status":"closed","template":"","meta":[],"acf":[],"yoast_head":"<!-- This site is optimized with the Yoast SEO plugin v17.5 - https:\/\/yoast.com\/wordpress\/plugins\/seo\/ -->\n<title>Support | Linear Motion Technology Leader | LinMot<\/title>\n<meta name=\"description\" content=\"Support | Linear Motion Technology Leader | LinMot\" \/>\n<meta name=\"robots\" content=\"noindex, follow, max-snippet:-1, max-image-preview:large, max-video-preview:-1\" \/>\n<meta property=\"og:locale\" content=\"de_DE\" \/>\n<meta property=\"og:type\" content=\"article\" \/>\n<meta property=\"og:title\" content=\"Support | Linear Motion Technology Leader | LinMot\" \/>\n<meta property=\"og:description\" content=\"Support | Linear Motion Technology Leader | LinMot\" \/>\n<meta property=\"og:url\" content=\"https:\/\/pamoco.papercut.pl\/de\/support\/\" \/>\n<meta property=\"og:site_name\" content=\"LinMot DE\" \/>\n<meta property=\"article:modified_time\" content=\"2018-08-13T14:44:28+00:00\" \/>\n<meta name=\"twitter:card\" content=\"summary\" \/>\n<meta name=\"twitter:label1\" content=\"Gesch\u00e4tzte Lesezeit\" \/>\n\t<meta name=\"twitter:data1\" content=\"1 Minute\" \/>\n<script type=\"application\/ld+json\" class=\"yoast-schema-graph\">{\"@context\":\"https:\/\/schema.org\",\"@graph\":[{\"@type\":\"WebSite\",\"@id\":\"https:\/\/pamoco.papercut.pl\/de\/#website\",\"url\":\"https:\/\/pamoco.papercut.pl\/de\/\",\"name\":\"LinMot DE\",\"description\":\"Linmot\",\"potentialAction\":[{\"@type\":\"SearchAction\",\"target\":{\"@type\":\"EntryPoint\",\"urlTemplate\":\"https:\/\/pamoco.papercut.pl\/de\/?s={search_term_string}\"},\"query-input\":\"required name=search_term_string\"}],\"inLanguage\":\"de-DE\"},{\"@type\":\"WebPage\",\"@id\":\"https:\/\/pamoco.papercut.pl\/de\/support\/#webpage\",\"url\":\"https:\/\/pamoco.papercut.pl\/de\/support\/\",\"name\":\"Support | Linear Motion Technology Leader | LinMot\",\"isPartOf\":{\"@id\":\"https:\/\/pamoco.papercut.pl\/de\/#website\"},\"datePublished\":\"2017-11-07T15:00:41+00:00\",\"dateModified\":\"2018-08-13T14:44:28+00:00\",\"description\":\"Support | Linear Motion Technology Leader | LinMot\",\"breadcrumb\":{\"@id\":\"https:\/\/pamoco.papercut.pl\/de\/support\/#breadcrumb\"},\"inLanguage\":\"de-DE\",\"potentialAction\":[{\"@type\":\"ReadAction\",\"target\":[\"https:\/\/pamoco.papercut.pl\/de\/support\/\"]}]},{\"@type\":\"BreadcrumbList\",\"@id\":\"https:\/\/pamoco.papercut.pl\/de\/support\/#breadcrumb\",\"itemListElement\":[{\"@type\":\"ListItem\",\"position\":1,\"name\":\"LinMot\",\"item\":\"https:\/\/pamoco.papercut.pl\/de\/\"},{\"@type\":\"ListItem\",\"position\":2,\"name\":\"Support\"}]}]}<\/script>\n<!-- \/ Yoast SEO plugin. -->","yoast_head_json":{"title":"Support | Linear Motion Technology Leader | LinMot","description":"Support | Linear Motion Technology Leader | LinMot","robots":{"index":"noindex","follow":"follow","max-snippet":"max-snippet:-1","max-image-preview":"max-image-preview:large","max-video-preview":"max-video-preview:-1"},"og_locale":"de_DE","og_type":"article","og_title":"Support | Linear Motion Technology Leader | LinMot","og_description":"Support | Linear Motion Technology Leader | LinMot","og_url":"https:\/\/pamoco.papercut.pl\/de\/support\/","og_site_name":"LinMot DE","article_modified_time":"2018-08-13T14:44:28+00:00","twitter_card":"summary","twitter_misc":{"Gesch\u00e4tzte Lesezeit":"1 Minute"},"schema":{"@context":"https:\/\/schema.org","@graph":[{"@type":"WebSite","@id":"https:\/\/pamoco.papercut.pl\/de\/#website","url":"https:\/\/pamoco.papercut.pl\/de\/","name":"LinMot DE","description":"Linmot","potentialAction":[{"@type":"SearchAction","target":{"@type":"EntryPoint","urlTemplate":"https:\/\/pamoco.papercut.pl\/de\/?s={search_term_string}"},"query-input":"required name=search_term_string"}],"inLanguage":"de-DE"},{"@type":"WebPage","@id":"https:\/\/pamoco.papercut.pl\/de\/support\/#webpage","url":"https:\/\/pamoco.papercut.pl\/de\/support\/","name":"Support | Linear Motion Technology Leader | LinMot","isPartOf":{"@id":"https:\/\/pamoco.papercut.pl\/de\/#website"},"datePublished":"2017-11-07T15:00:41+00:00","dateModified":"2018-08-13T14:44:28+00:00","description":"Support | Linear Motion Technology Leader | LinMot","breadcrumb":{"@id":"https:\/\/pamoco.papercut.pl\/de\/support\/#breadcrumb"},"inLanguage":"de-DE","potentialAction":[{"@type":"ReadAction","target":["https:\/\/pamoco.papercut.pl\/de\/support\/"]}]},{"@type":"BreadcrumbList","@id":"https:\/\/pamoco.papercut.pl\/de\/support\/#breadcrumb","itemListElement":[{"@type":"ListItem","position":1,"name":"LinMot","item":"https:\/\/pamoco.papercut.pl\/de\/"},{"@type":"ListItem","position":2,"name":"Support"}]}]}},"_links":{"self":[{"href":"https:\/\/pamoco.papercut.pl\/de\/wp-json\/wp\/v2\/pages\/251"}],"collection":[{"href":"https:\/\/pamoco.papercut.pl\/de\/wp-json\/wp\/v2\/pages"}],"about":[{"href":"https:\/\/pamoco.papercut.pl\/de\/wp-json\/wp\/v2\/types\/page"}],"author":[{"embeddable":true,"href":"https:\/\/pamoco.papercut.pl\/de\/wp-json\/wp\/v2\/users\/1"}],"replies":[{"embeddable":true,"href":"https:\/\/pamoco.papercut.pl\/de\/wp-json\/wp\/v2\/comments?post=251"}],"version-history":[{"count":10,"href":"https:\/\/pamoco.papercut.pl\/de\/wp-json\/wp\/v2\/pages\/251\/revisions"}],"predecessor-version":[{"id":639,"href":"https:\/\/pamoco.papercut.pl\/de\/wp-json\/wp\/v2\/pages\/251\/revisions\/639"}],"wp:attachment":[{"href":"https:\/\/pamoco.papercut.pl\/de\/wp-json\/wp\/v2\/media?parent=251"}],"curies":[{"name":"wp","href":"https:\/\/api.w.org\/{rel}","templated":true}]}}