{"id":223,"date":"2017-11-07T15:29:07","date_gmt":"2017-11-07T14:29:07","guid":{"rendered":"https:\/\/linmot.com\/?page_id=223"},"modified":"2018-08-13T15:21:26","modified_gmt":"2018-08-13T13:21:26","slug":"handling-montage","status":"publish","type":"page","link":"https:\/\/pamoco.papercut.pl\/de\/branchen\/handling-montage\/","title":{"rendered":"Handling &#038; Montage"},"content":{"rendered":"<img loading=\"lazy\" src=\"https:\/\/linmot.com\/wp-content\/uploads\/2017\/11\/LinMot-Solutions-Hadling-Assembling-Industry.jpg\" alt=\"\" width=\"940\" height=\"300\" class=\"aligncenter size-full wp-image-224\" srcset=\"https:\/\/pamoco.papercut.pl\/de\/wp-content\/uploads\/sites\/2\/2017\/11\/LinMot-Solutions-Hadling-Assembling-Industry.jpg 940w, https:\/\/pamoco.papercut.pl\/de\/wp-content\/uploads\/sites\/2\/2017\/11\/LinMot-Solutions-Hadling-Assembling-Industry-300x96.jpg 300w, https:\/\/pamoco.papercut.pl\/de\/wp-content\/uploads\/sites\/2\/2017\/11\/LinMot-Solutions-Hadling-Assembling-Industry-768x245.jpg 768w\" sizes=\"(max-width: 940px) 100vw, 940px\" \/>\n<p>Im globalen Wettbewerb ist die Spanne des \u201eTime-to-market\u201c ein zunehmend erfolgsversprechender Faktor geworden. K\u00fcrzere Innovationszyklen und gro\u00dfe Variantenvielfalt stellen dabei die gr\u00f6ssten Herausforderungen. Um diesen Anforderungen gerecht zu werden, bedarf es einer immer flexibleren Produktion mit intelligenten Automatisierungsl\u00f6sungen.<\/p>\n<p>Hauptansatz f\u00fcr eine leistungsf\u00e4higere Fertigung sind modular aufgebaute Anlagen, in denen Elemente auf einfachste Weise rekonfiguriert werden k\u00f6nnen. Die Integration von zus\u00e4tzlichen Modulen mit neuen Funktionalit\u00e4ten in bestehende Linien soll einfach umgesetzt werden, mit dem Ziel die Wiederverwendbarkeit der Produktionsanlage zu erh\u00f6hen. Neben der gesteigerten Flexibilit\u00e4t ben\u00f6tigt eine moderne Anlage eine h\u00f6chstm\u00f6gliche Produktionsgeschwindigkeit sowie eine sichere Nachverfolgbarkeit in Form einer l\u00fcckenlosen elektronischen Prozessdokumentation.<\/p>\n<p>Mit frei programmierbaren und hochdynamischen Linearmotoren findet der Anlageningenieur die optimalen Komponenten f\u00fcr eine moderne Produktionsmaschine, die den geltenden Anforderungen problemlos standhalten kann.<\/p>\n<p>Zahlreiche bereits realisierte Anwendungen zeigen, dass die Antriebstechnik von LinMot die Produktivit\u00e4t und Flexibilit\u00e4t von Montageautomaten und Handlingsystemen signifikant steigern kann. Das Einsatzspektrum umfasst alle denkbaren Antriebsaufgaben:<\/p>\n<div class=\"row\">\n<div class=\"col-sm-4\">\n<ul>\n<li>Zuf\u00fchrungen<\/li>\n<li>Transfersysteme<\/li>\n<li>Pick &#038; Place Module<\/li>\n<li>Palettiereinheiten<\/li>\n<li>Stapeleinheiten<\/li>\n<li>XY-Tische<\/li>\n<\/ul>\n<\/div>\n<div class=\"col-sm-4\">\n<ul>\n<li>F\u00fcgemodule<\/li>\n<li>Pr\u00e4zisionspressen<\/li>\n<li>Sortieranlagen<\/li>\n<li>Schraubautomaten<\/li>\n<li>Dosiereinheiten<\/li>\n<li>Leimstationen<\/li>\n<\/ul>\n<\/div>\n<div class=\"col-sm-4\">\n<ul>\n<li>Qualit\u00e4tssicherung<\/li>\n<li>Pr\u00fcfmodule<\/li>\n<li>Kamerapositionierung<\/li>\n<li>Beleuchtungspositionierung<\/li>\n<li>etc.<\/li>\n<\/ul>\n<\/div>\n<\/div>\n","protected":false},"excerpt":{"rendered":"<p>Im globalen Wettbewerb ist die Spanne des \u201eTime-to-market\u201c ein zunehmend erfolgsversprechender Faktor geworden. K\u00fcrzere Innovationszyklen und gro\u00dfe Variantenvielfalt stellen dabei die gr\u00f6ssten Herausforderungen. Um diesen Anforderungen gerecht zu werden, bedarf es einer immer flexibleren Produktion mit intelligenten Automatisierungsl\u00f6sungen. Hauptansatz f\u00fcr eine leistungsf\u00e4higere Fertigung sind modular aufgebaute Anlagen, in denen Elemente auf einfachste Weise rekonfiguriert werden [&hellip;]<\/p>\n","protected":false},"author":1,"featured_media":0,"parent":8,"menu_order":0,"comment_status":"closed","ping_status":"closed","template":"","meta":[],"acf":[],"yoast_head":"<!-- This site is optimized with the Yoast SEO plugin v17.5 - https:\/\/yoast.com\/wordpress\/plugins\/seo\/ -->\n<title>Handling &amp; Montage | Linear Motion Technology Leader | LinMot<\/title>\n<meta name=\"description\" content=\"Handling &amp; Montage | Linear Motion Technology Leader | LinMot\" \/>\n<meta name=\"robots\" content=\"noindex, follow, max-snippet:-1, max-image-preview:large, max-video-preview:-1\" \/>\n<meta property=\"og:locale\" content=\"de_DE\" \/>\n<meta property=\"og:type\" content=\"article\" \/>\n<meta property=\"og:title\" content=\"Handling &amp; Montage | Linear Motion Technology Leader | LinMot\" \/>\n<meta property=\"og:description\" content=\"Handling &amp; Montage | Linear Motion Technology Leader | LinMot\" \/>\n<meta property=\"og:url\" content=\"https:\/\/pamoco.papercut.pl\/de\/branchen\/handling-montage\/\" \/>\n<meta property=\"og:site_name\" content=\"LinMot DE\" \/>\n<meta property=\"article:modified_time\" content=\"2018-08-13T13:21:26+00:00\" \/>\n<meta property=\"og:image\" content=\"https:\/\/linmot.com\/wp-content\/uploads\/2017\/11\/LinMot-Solutions-Hadling-Assembling-Industry.jpg\" \/>\n<meta name=\"twitter:card\" content=\"summary\" \/>\n<meta name=\"twitter:label1\" content=\"Gesch\u00e4tzte Lesezeit\" \/>\n\t<meta name=\"twitter:data1\" content=\"1 Minute\" \/>\n<script type=\"application\/ld+json\" class=\"yoast-schema-graph\">{\"@context\":\"https:\/\/schema.org\",\"@graph\":[{\"@type\":\"WebSite\",\"@id\":\"https:\/\/pamoco.papercut.pl\/de\/#website\",\"url\":\"https:\/\/pamoco.papercut.pl\/de\/\",\"name\":\"LinMot DE\",\"description\":\"Linmot\",\"potentialAction\":[{\"@type\":\"SearchAction\",\"target\":{\"@type\":\"EntryPoint\",\"urlTemplate\":\"https:\/\/pamoco.papercut.pl\/de\/?s={search_term_string}\"},\"query-input\":\"required name=search_term_string\"}],\"inLanguage\":\"de-DE\"},{\"@type\":\"ImageObject\",\"@id\":\"https:\/\/pamoco.papercut.pl\/de\/branchen\/handling-montage\/#primaryimage\",\"inLanguage\":\"de-DE\",\"url\":\"https:\/\/linmot.com\/wp-content\/uploads\/2017\/11\/LinMot-Solutions-Hadling-Assembling-Industry.jpg\",\"contentUrl\":\"https:\/\/linmot.com\/wp-content\/uploads\/2017\/11\/LinMot-Solutions-Hadling-Assembling-Industry.jpg\"},{\"@type\":\"WebPage\",\"@id\":\"https:\/\/pamoco.papercut.pl\/de\/branchen\/handling-montage\/#webpage\",\"url\":\"https:\/\/pamoco.papercut.pl\/de\/branchen\/handling-montage\/\",\"name\":\"Handling & Montage | Linear Motion Technology Leader | LinMot\",\"isPartOf\":{\"@id\":\"https:\/\/pamoco.papercut.pl\/de\/#website\"},\"primaryImageOfPage\":{\"@id\":\"https:\/\/pamoco.papercut.pl\/de\/branchen\/handling-montage\/#primaryimage\"},\"datePublished\":\"2017-11-07T14:29:07+00:00\",\"dateModified\":\"2018-08-13T13:21:26+00:00\",\"description\":\"Handling & Montage | Linear Motion Technology Leader | LinMot\",\"breadcrumb\":{\"@id\":\"https:\/\/pamoco.papercut.pl\/de\/branchen\/handling-montage\/#breadcrumb\"},\"inLanguage\":\"de-DE\",\"potentialAction\":[{\"@type\":\"ReadAction\",\"target\":[\"https:\/\/pamoco.papercut.pl\/de\/branchen\/handling-montage\/\"]}]},{\"@type\":\"BreadcrumbList\",\"@id\":\"https:\/\/pamoco.papercut.pl\/de\/branchen\/handling-montage\/#breadcrumb\",\"itemListElement\":[{\"@type\":\"ListItem\",\"position\":1,\"name\":\"LinMot\",\"item\":\"https:\/\/pamoco.papercut.pl\/de\/\"},{\"@type\":\"ListItem\",\"position\":2,\"name\":\"Branchen\",\"item\":\"https:\/\/pamoco.papercut.pl\/de\/branchen\/\"},{\"@type\":\"ListItem\",\"position\":3,\"name\":\"Handling &#038; Montage\"}]}]}<\/script>\n<!-- \/ Yoast SEO plugin. -->","yoast_head_json":{"title":"Handling & Montage | Linear Motion Technology Leader | LinMot","description":"Handling & Montage | Linear Motion Technology Leader | LinMot","robots":{"index":"noindex","follow":"follow","max-snippet":"max-snippet:-1","max-image-preview":"max-image-preview:large","max-video-preview":"max-video-preview:-1"},"og_locale":"de_DE","og_type":"article","og_title":"Handling & Montage | Linear Motion Technology Leader | LinMot","og_description":"Handling & Montage | Linear Motion Technology Leader | LinMot","og_url":"https:\/\/pamoco.papercut.pl\/de\/branchen\/handling-montage\/","og_site_name":"LinMot DE","article_modified_time":"2018-08-13T13:21:26+00:00","og_image":[{"url":"https:\/\/linmot.com\/wp-content\/uploads\/2017\/11\/LinMot-Solutions-Hadling-Assembling-Industry.jpg"}],"twitter_card":"summary","twitter_misc":{"Gesch\u00e4tzte Lesezeit":"1 Minute"},"schema":{"@context":"https:\/\/schema.org","@graph":[{"@type":"WebSite","@id":"https:\/\/pamoco.papercut.pl\/de\/#website","url":"https:\/\/pamoco.papercut.pl\/de\/","name":"LinMot DE","description":"Linmot","potentialAction":[{"@type":"SearchAction","target":{"@type":"EntryPoint","urlTemplate":"https:\/\/pamoco.papercut.pl\/de\/?s={search_term_string}"},"query-input":"required name=search_term_string"}],"inLanguage":"de-DE"},{"@type":"ImageObject","@id":"https:\/\/pamoco.papercut.pl\/de\/branchen\/handling-montage\/#primaryimage","inLanguage":"de-DE","url":"https:\/\/linmot.com\/wp-content\/uploads\/2017\/11\/LinMot-Solutions-Hadling-Assembling-Industry.jpg","contentUrl":"https:\/\/linmot.com\/wp-content\/uploads\/2017\/11\/LinMot-Solutions-Hadling-Assembling-Industry.jpg"},{"@type":"WebPage","@id":"https:\/\/pamoco.papercut.pl\/de\/branchen\/handling-montage\/#webpage","url":"https:\/\/pamoco.papercut.pl\/de\/branchen\/handling-montage\/","name":"Handling & Montage | Linear Motion Technology Leader | LinMot","isPartOf":{"@id":"https:\/\/pamoco.papercut.pl\/de\/#website"},"primaryImageOfPage":{"@id":"https:\/\/pamoco.papercut.pl\/de\/branchen\/handling-montage\/#primaryimage"},"datePublished":"2017-11-07T14:29:07+00:00","dateModified":"2018-08-13T13:21:26+00:00","description":"Handling & Montage | Linear Motion Technology Leader | LinMot","breadcrumb":{"@id":"https:\/\/pamoco.papercut.pl\/de\/branchen\/handling-montage\/#breadcrumb"},"inLanguage":"de-DE","potentialAction":[{"@type":"ReadAction","target":["https:\/\/pamoco.papercut.pl\/de\/branchen\/handling-montage\/"]}]},{"@type":"BreadcrumbList","@id":"https:\/\/pamoco.papercut.pl\/de\/branchen\/handling-montage\/#breadcrumb","itemListElement":[{"@type":"ListItem","position":1,"name":"LinMot","item":"https:\/\/pamoco.papercut.pl\/de\/"},{"@type":"ListItem","position":2,"name":"Branchen","item":"https:\/\/pamoco.papercut.pl\/de\/branchen\/"},{"@type":"ListItem","position":3,"name":"Handling &#038; Montage"}]}]}},"_links":{"self":[{"href":"https:\/\/pamoco.papercut.pl\/de\/wp-json\/wp\/v2\/pages\/223"}],"collection":[{"href":"https:\/\/pamoco.papercut.pl\/de\/wp-json\/wp\/v2\/pages"}],"about":[{"href":"https:\/\/pamoco.papercut.pl\/de\/wp-json\/wp\/v2\/types\/page"}],"author":[{"embeddable":true,"href":"https:\/\/pamoco.papercut.pl\/de\/wp-json\/wp\/v2\/users\/1"}],"replies":[{"embeddable":true,"href":"https:\/\/pamoco.papercut.pl\/de\/wp-json\/wp\/v2\/comments?post=223"}],"version-history":[{"count":4,"href":"https:\/\/pamoco.papercut.pl\/de\/wp-json\/wp\/v2\/pages\/223\/revisions"}],"predecessor-version":[{"id":612,"href":"https:\/\/pamoco.papercut.pl\/de\/wp-json\/wp\/v2\/pages\/223\/revisions\/612"}],"up":[{"embeddable":true,"href":"https:\/\/pamoco.papercut.pl\/de\/wp-json\/wp\/v2\/pages\/8"}],"wp:attachment":[{"href":"https:\/\/pamoco.papercut.pl\/de\/wp-json\/wp\/v2\/media?parent=223"}],"curies":[{"name":"wp","href":"https:\/\/api.w.org\/{rel}","templated":true}]}}