{"id":220,"date":"2017-11-07T15:27:15","date_gmt":"2017-11-07T14:27:15","guid":{"rendered":"https:\/\/linmot.com\/?page_id=220"},"modified":"2018-08-13T15:25:41","modified_gmt":"2018-08-13T13:25:41","slug":"medizin-pharma","status":"publish","type":"page","link":"https:\/\/pamoco.papercut.pl\/de\/branchen\/medizin-pharma\/","title":{"rendered":"Medizin &#038; Pharma"},"content":{"rendered":"<img loading=\"lazy\" src=\"https:\/\/linmot.com\/wp-content\/uploads\/2017\/11\/LinMot-Solutions-Medical-Pharmaceutical-Industry.jpg\" alt=\"\" width=\"940\" height=\"300\" class=\"aligncenter size-full wp-image-221\" srcset=\"https:\/\/pamoco.papercut.pl\/de\/wp-content\/uploads\/sites\/2\/2017\/11\/LinMot-Solutions-Medical-Pharmaceutical-Industry.jpg 940w, https:\/\/pamoco.papercut.pl\/de\/wp-content\/uploads\/sites\/2\/2017\/11\/LinMot-Solutions-Medical-Pharmaceutical-Industry-300x96.jpg 300w, https:\/\/pamoco.papercut.pl\/de\/wp-content\/uploads\/sites\/2\/2017\/11\/LinMot-Solutions-Medical-Pharmaceutical-Industry-768x245.jpg 768w\" sizes=\"(max-width: 940px) 100vw, 940px\" \/>\n<p>Das Einsatzspektrum von Linearantrieben im Medizin und Pharma-Sektor ist sehr breit angelegt.<br \/>\nBedarf es des Handlings von Blutproben, m\u00fcssen Pillen gez\u00e4hlt bzw. aufgef\u00fcllt werden oder geht es um das anspruchsvolle Verpacken von Arzneimittel, LinMot Antriebskomponenten bieten ein H\u00f6chstmass an Dynamik und Pr\u00e4zision zur Realisierung dieser Aufgaben.<br \/>\nDurch das hygienische Design der Linearmotoren k\u00f6nnen die hochempfindlichen Produkte entsprechend der Reinraum Bestimmungen sauber verarbeitet werden.<\/p>\n<p>Der Kunde profitiert aus den Erfahrungen von bereits umgesetzten Antriebsl\u00f6sungen in Bereich von:<\/p>\n<div class=\"row\">\n<div class=\"col-sm-4\">\n<ul>\n<li>Flexible F\u00fcllstationen<\/li>\n<li>Dosieren und Z\u00e4hlen<\/li>\n<li>Einschieben<\/li>\n<li>Einlegen<\/li>\n<\/ul>\n<\/div>\n<div class=\"col-sm-4\">\n<ul>\n<li>Verschliessen<\/li>\n<li>Aufdr\u00fccken von Verschl\u00fcssen<\/li>\n<li>Kartonieren<\/li>\n<li>Etikettieren<\/li>\n<\/ul>\n<\/div>\n<div class=\"col-sm-4\">\n<ul>\n<li>Pick und Place Systeme<\/li>\n<li>Produktehandling und Palettierung<\/li>\n<li>Blister &#038; Tray und Schalenhandling<\/li>\n<li>Verpackungssysteme in Blister &#038; Trays<\/li>\n<\/ul>\n<\/div>\n<\/div>\n","protected":false},"excerpt":{"rendered":"<p>Das Einsatzspektrum von Linearantrieben im Medizin und Pharma-Sektor ist sehr breit angelegt. Bedarf es des Handlings von Blutproben, m\u00fcssen Pillen gez\u00e4hlt bzw. aufgef\u00fcllt werden oder geht es um das anspruchsvolle Verpacken von Arzneimittel, LinMot Antriebskomponenten bieten ein H\u00f6chstmass an Dynamik und Pr\u00e4zision zur Realisierung dieser Aufgaben. Durch das hygienische Design der Linearmotoren k\u00f6nnen die hochempfindlichen [&hellip;]<\/p>\n","protected":false},"author":1,"featured_media":0,"parent":8,"menu_order":0,"comment_status":"closed","ping_status":"closed","template":"","meta":[],"acf":[],"yoast_head":"<!-- This site is optimized with the Yoast SEO plugin v17.5 - https:\/\/yoast.com\/wordpress\/plugins\/seo\/ -->\n<title>Medizin &amp; Pharma | Linear Motion Technology Leader | LinMot<\/title>\n<meta name=\"description\" content=\"Medizin &amp; Pharma | Linear Motion Technology Leader | LinMot\" \/>\n<meta name=\"robots\" content=\"noindex, follow, max-snippet:-1, max-image-preview:large, max-video-preview:-1\" \/>\n<meta property=\"og:locale\" content=\"de_DE\" \/>\n<meta property=\"og:type\" content=\"article\" \/>\n<meta property=\"og:title\" content=\"Medizin &amp; Pharma | Linear Motion Technology Leader | LinMot\" \/>\n<meta property=\"og:description\" content=\"Medizin &amp; Pharma | Linear Motion Technology Leader | LinMot\" \/>\n<meta property=\"og:url\" content=\"https:\/\/pamoco.papercut.pl\/de\/branchen\/medizin-pharma\/\" \/>\n<meta property=\"og:site_name\" content=\"LinMot DE\" \/>\n<meta property=\"article:modified_time\" content=\"2018-08-13T13:25:41+00:00\" \/>\n<meta property=\"og:image\" content=\"https:\/\/linmot.com\/wp-content\/uploads\/2017\/11\/LinMot-Solutions-Medical-Pharmaceutical-Industry.jpg\" \/>\n<meta name=\"twitter:card\" content=\"summary\" \/>\n<meta name=\"twitter:label1\" content=\"Gesch\u00e4tzte Lesezeit\" \/>\n\t<meta name=\"twitter:data1\" content=\"1 Minute\" \/>\n<script type=\"application\/ld+json\" class=\"yoast-schema-graph\">{\"@context\":\"https:\/\/schema.org\",\"@graph\":[{\"@type\":\"WebSite\",\"@id\":\"https:\/\/pamoco.papercut.pl\/de\/#website\",\"url\":\"https:\/\/pamoco.papercut.pl\/de\/\",\"name\":\"LinMot DE\",\"description\":\"Linmot\",\"potentialAction\":[{\"@type\":\"SearchAction\",\"target\":{\"@type\":\"EntryPoint\",\"urlTemplate\":\"https:\/\/pamoco.papercut.pl\/de\/?s={search_term_string}\"},\"query-input\":\"required name=search_term_string\"}],\"inLanguage\":\"de-DE\"},{\"@type\":\"ImageObject\",\"@id\":\"https:\/\/pamoco.papercut.pl\/de\/branchen\/medizin-pharma\/#primaryimage\",\"inLanguage\":\"de-DE\",\"url\":\"https:\/\/linmot.com\/wp-content\/uploads\/2017\/11\/LinMot-Solutions-Medical-Pharmaceutical-Industry.jpg\",\"contentUrl\":\"https:\/\/linmot.com\/wp-content\/uploads\/2017\/11\/LinMot-Solutions-Medical-Pharmaceutical-Industry.jpg\"},{\"@type\":\"WebPage\",\"@id\":\"https:\/\/pamoco.papercut.pl\/de\/branchen\/medizin-pharma\/#webpage\",\"url\":\"https:\/\/pamoco.papercut.pl\/de\/branchen\/medizin-pharma\/\",\"name\":\"Medizin & Pharma | Linear Motion Technology Leader | LinMot\",\"isPartOf\":{\"@id\":\"https:\/\/pamoco.papercut.pl\/de\/#website\"},\"primaryImageOfPage\":{\"@id\":\"https:\/\/pamoco.papercut.pl\/de\/branchen\/medizin-pharma\/#primaryimage\"},\"datePublished\":\"2017-11-07T14:27:15+00:00\",\"dateModified\":\"2018-08-13T13:25:41+00:00\",\"description\":\"Medizin & Pharma | Linear Motion Technology Leader | LinMot\",\"breadcrumb\":{\"@id\":\"https:\/\/pamoco.papercut.pl\/de\/branchen\/medizin-pharma\/#breadcrumb\"},\"inLanguage\":\"de-DE\",\"potentialAction\":[{\"@type\":\"ReadAction\",\"target\":[\"https:\/\/pamoco.papercut.pl\/de\/branchen\/medizin-pharma\/\"]}]},{\"@type\":\"BreadcrumbList\",\"@id\":\"https:\/\/pamoco.papercut.pl\/de\/branchen\/medizin-pharma\/#breadcrumb\",\"itemListElement\":[{\"@type\":\"ListItem\",\"position\":1,\"name\":\"LinMot\",\"item\":\"https:\/\/pamoco.papercut.pl\/de\/\"},{\"@type\":\"ListItem\",\"position\":2,\"name\":\"Branchen\",\"item\":\"https:\/\/pamoco.papercut.pl\/de\/branchen\/\"},{\"@type\":\"ListItem\",\"position\":3,\"name\":\"Medizin &#038; Pharma\"}]}]}<\/script>\n<!-- \/ Yoast SEO plugin. -->","yoast_head_json":{"title":"Medizin & Pharma | Linear Motion Technology Leader | LinMot","description":"Medizin & Pharma | Linear Motion Technology Leader | LinMot","robots":{"index":"noindex","follow":"follow","max-snippet":"max-snippet:-1","max-image-preview":"max-image-preview:large","max-video-preview":"max-video-preview:-1"},"og_locale":"de_DE","og_type":"article","og_title":"Medizin & Pharma | Linear Motion Technology Leader | LinMot","og_description":"Medizin & Pharma | Linear Motion Technology Leader | LinMot","og_url":"https:\/\/pamoco.papercut.pl\/de\/branchen\/medizin-pharma\/","og_site_name":"LinMot DE","article_modified_time":"2018-08-13T13:25:41+00:00","og_image":[{"url":"https:\/\/linmot.com\/wp-content\/uploads\/2017\/11\/LinMot-Solutions-Medical-Pharmaceutical-Industry.jpg"}],"twitter_card":"summary","twitter_misc":{"Gesch\u00e4tzte Lesezeit":"1 Minute"},"schema":{"@context":"https:\/\/schema.org","@graph":[{"@type":"WebSite","@id":"https:\/\/pamoco.papercut.pl\/de\/#website","url":"https:\/\/pamoco.papercut.pl\/de\/","name":"LinMot DE","description":"Linmot","potentialAction":[{"@type":"SearchAction","target":{"@type":"EntryPoint","urlTemplate":"https:\/\/pamoco.papercut.pl\/de\/?s={search_term_string}"},"query-input":"required name=search_term_string"}],"inLanguage":"de-DE"},{"@type":"ImageObject","@id":"https:\/\/pamoco.papercut.pl\/de\/branchen\/medizin-pharma\/#primaryimage","inLanguage":"de-DE","url":"https:\/\/linmot.com\/wp-content\/uploads\/2017\/11\/LinMot-Solutions-Medical-Pharmaceutical-Industry.jpg","contentUrl":"https:\/\/linmot.com\/wp-content\/uploads\/2017\/11\/LinMot-Solutions-Medical-Pharmaceutical-Industry.jpg"},{"@type":"WebPage","@id":"https:\/\/pamoco.papercut.pl\/de\/branchen\/medizin-pharma\/#webpage","url":"https:\/\/pamoco.papercut.pl\/de\/branchen\/medizin-pharma\/","name":"Medizin & Pharma | Linear Motion Technology Leader | LinMot","isPartOf":{"@id":"https:\/\/pamoco.papercut.pl\/de\/#website"},"primaryImageOfPage":{"@id":"https:\/\/pamoco.papercut.pl\/de\/branchen\/medizin-pharma\/#primaryimage"},"datePublished":"2017-11-07T14:27:15+00:00","dateModified":"2018-08-13T13:25:41+00:00","description":"Medizin & Pharma | Linear Motion Technology Leader | LinMot","breadcrumb":{"@id":"https:\/\/pamoco.papercut.pl\/de\/branchen\/medizin-pharma\/#breadcrumb"},"inLanguage":"de-DE","potentialAction":[{"@type":"ReadAction","target":["https:\/\/pamoco.papercut.pl\/de\/branchen\/medizin-pharma\/"]}]},{"@type":"BreadcrumbList","@id":"https:\/\/pamoco.papercut.pl\/de\/branchen\/medizin-pharma\/#breadcrumb","itemListElement":[{"@type":"ListItem","position":1,"name":"LinMot","item":"https:\/\/pamoco.papercut.pl\/de\/"},{"@type":"ListItem","position":2,"name":"Branchen","item":"https:\/\/pamoco.papercut.pl\/de\/branchen\/"},{"@type":"ListItem","position":3,"name":"Medizin &#038; Pharma"}]}]}},"_links":{"self":[{"href":"https:\/\/pamoco.papercut.pl\/de\/wp-json\/wp\/v2\/pages\/220"}],"collection":[{"href":"https:\/\/pamoco.papercut.pl\/de\/wp-json\/wp\/v2\/pages"}],"about":[{"href":"https:\/\/pamoco.papercut.pl\/de\/wp-json\/wp\/v2\/types\/page"}],"author":[{"embeddable":true,"href":"https:\/\/pamoco.papercut.pl\/de\/wp-json\/wp\/v2\/users\/1"}],"replies":[{"embeddable":true,"href":"https:\/\/pamoco.papercut.pl\/de\/wp-json\/wp\/v2\/comments?post=220"}],"version-history":[{"count":4,"href":"https:\/\/pamoco.papercut.pl\/de\/wp-json\/wp\/v2\/pages\/220\/revisions"}],"predecessor-version":[{"id":614,"href":"https:\/\/pamoco.papercut.pl\/de\/wp-json\/wp\/v2\/pages\/220\/revisions\/614"}],"up":[{"embeddable":true,"href":"https:\/\/pamoco.papercut.pl\/de\/wp-json\/wp\/v2\/pages\/8"}],"wp:attachment":[{"href":"https:\/\/pamoco.papercut.pl\/de\/wp-json\/wp\/v2\/media?parent=220"}],"curies":[{"name":"wp","href":"https:\/\/api.w.org\/{rel}","templated":true}]}}