{"id":216,"date":"2017-11-07T15:25:11","date_gmt":"2017-11-07T14:25:11","guid":{"rendered":"https:\/\/linmot.com\/?page_id=216"},"modified":"2018-08-13T14:50:22","modified_gmt":"2018-08-13T12:50:22","slug":"verpacken","status":"publish","type":"page","link":"https:\/\/pamoco.papercut.pl\/de\/branchen\/verpacken\/","title":{"rendered":"Verpacken"},"content":{"rendered":"<img loading=\"lazy\" src=\"https:\/\/linmot.com\/wp-content\/uploads\/2017\/11\/LinMot-Solutions-Packaging-Industry.jpg\" alt=\"\" width=\"940\" height=\"300\" class=\"aligncenter size-full wp-image-218\" srcset=\"https:\/\/pamoco.papercut.pl\/de\/wp-content\/uploads\/sites\/2\/2017\/11\/LinMot-Solutions-Packaging-Industry.jpg 940w, https:\/\/pamoco.papercut.pl\/de\/wp-content\/uploads\/sites\/2\/2017\/11\/LinMot-Solutions-Packaging-Industry-300x96.jpg 300w, https:\/\/pamoco.papercut.pl\/de\/wp-content\/uploads\/sites\/2\/2017\/11\/LinMot-Solutions-Packaging-Industry-768x245.jpg 768w\" sizes=\"(max-width: 940px) 100vw, 940px\" \/>\n<p><strong>Verpackungen<\/strong> sind aus dem Alltag nicht mehr Wegzudenken. Mit der Vielfalt an Produkten die uns t\u00e4glich begegnen geht auch die Vielfalt von Verpackungsarten einher. Dabei ist nicht nur die Funktionalit\u00e4t und das Design entscheidend, sondern auch die Produktion. Sie muss zu angemessenen Herstellungskosten technologisch umsetzbar sein. F\u00fcr die Umsetzung dieser Anforderungen braucht es innovative, flexible und voll automatisierte Verpackungsmaschinen.<\/p>\n<blockquote><p>Mit der LinMot Lineartechnologie gelingt es diese Maschinen in h\u00f6chst effektiver Weise auszur\u00fcsten.<\/p><\/blockquote>\n<p>Die hochdynamischen und langlebigen Antriebe sorgen f\u00fcr eine hohe <strong>Produktivit\u00e4t und Verf\u00fcgbarkeit<\/strong>. Die Programmierbarkeit der Antriebe erm\u00f6glicht eine schnelle Anpassung an neue Produkte und Verpackungsarten per Knopfdruck und bietet eine permanente Kontrolle der Bewegungsparameter. <\/p>\n<p>In vielen dieser Anwendungen wird der Linearmotor als Ersatz f\u00fcr Pneumatikzylinder eingesetzt, um die Maschinen und Anlagen flexibler, produktiver, zuverl\u00e4ssiger zu machen und zugleich die Energiekosten pro Verpackung zu senken.<\/p>\n<div class=\"row\">\n<div class=\"col-sm-4\">\n<ul>\n<li>Einschieben<\/li>\n<li>Zuf\u00fchren<\/li>\n<li>Umleiten<\/li>\n<\/ul>\n<\/div>\n<div class=\"col-sm-4\">\n<ul>\n<li>Kartonieren<\/li>\n<li>Versiegeln<\/li>\n<li>Etikettieren<\/li>\n<\/ul>\n<\/div>\n<div class=\"col-sm-4\">\n<ul>\n<li>Ausleiten<\/li>\n<li>Ausstossen<\/li>\n<li>etc.<\/li>\n<\/ul>\n<\/div>\n<\/div>\n<p>In vielen dieser Anwendungen wird der Linearmotor als Ersatz f\u00fcr Pneumatikzylinder eingesetzt, um die Maschinen und Anlagen flexibler, produktiver, zuverl\u00e4ssiger zu machen und zugleich die Energiekosten pro Verpackung zu senken.<\/p>\n","protected":false},"excerpt":{"rendered":"<p>Verpackungen sind aus dem Alltag nicht mehr Wegzudenken. Mit der Vielfalt an Produkten die uns t\u00e4glich begegnen geht auch die Vielfalt von Verpackungsarten einher. Dabei ist nicht nur die Funktionalit\u00e4t und das Design entscheidend, sondern auch die Produktion. Sie muss zu angemessenen Herstellungskosten technologisch umsetzbar sein. F\u00fcr die Umsetzung dieser Anforderungen braucht es innovative, flexible [&hellip;]<\/p>\n","protected":false},"author":1,"featured_media":0,"parent":8,"menu_order":0,"comment_status":"closed","ping_status":"closed","template":"","meta":[],"acf":[],"yoast_head":"<!-- This site is optimized with the Yoast SEO plugin v17.5 - https:\/\/yoast.com\/wordpress\/plugins\/seo\/ -->\n<title>Verpacken | Linear Motion Technology Leader | LinMot<\/title>\n<meta name=\"description\" content=\"Verpacken | Linear Motion Technology Leader | LinMot\" \/>\n<meta name=\"robots\" content=\"noindex, follow, max-snippet:-1, max-image-preview:large, max-video-preview:-1\" \/>\n<meta property=\"og:locale\" content=\"de_DE\" \/>\n<meta property=\"og:type\" content=\"article\" \/>\n<meta property=\"og:title\" content=\"Verpacken | Linear Motion Technology Leader | LinMot\" \/>\n<meta property=\"og:description\" content=\"Verpacken | Linear Motion Technology Leader | LinMot\" \/>\n<meta property=\"og:url\" content=\"https:\/\/pamoco.papercut.pl\/de\/branchen\/verpacken\/\" \/>\n<meta property=\"og:site_name\" content=\"LinMot DE\" \/>\n<meta property=\"article:modified_time\" content=\"2018-08-13T12:50:22+00:00\" \/>\n<meta property=\"og:image\" content=\"https:\/\/linmot.com\/wp-content\/uploads\/2017\/11\/LinMot-Solutions-Packaging-Industry.jpg\" \/>\n<meta name=\"twitter:card\" content=\"summary\" \/>\n<meta name=\"twitter:label1\" content=\"Gesch\u00e4tzte Lesezeit\" \/>\n\t<meta name=\"twitter:data1\" content=\"1 Minute\" \/>\n<script type=\"application\/ld+json\" class=\"yoast-schema-graph\">{\"@context\":\"https:\/\/schema.org\",\"@graph\":[{\"@type\":\"WebSite\",\"@id\":\"https:\/\/pamoco.papercut.pl\/de\/#website\",\"url\":\"https:\/\/pamoco.papercut.pl\/de\/\",\"name\":\"LinMot DE\",\"description\":\"Linmot\",\"potentialAction\":[{\"@type\":\"SearchAction\",\"target\":{\"@type\":\"EntryPoint\",\"urlTemplate\":\"https:\/\/pamoco.papercut.pl\/de\/?s={search_term_string}\"},\"query-input\":\"required name=search_term_string\"}],\"inLanguage\":\"de-DE\"},{\"@type\":\"ImageObject\",\"@id\":\"https:\/\/pamoco.papercut.pl\/de\/branchen\/verpacken\/#primaryimage\",\"inLanguage\":\"de-DE\",\"url\":\"https:\/\/linmot.com\/wp-content\/uploads\/2017\/11\/LinMot-Solutions-Packaging-Industry.jpg\",\"contentUrl\":\"https:\/\/linmot.com\/wp-content\/uploads\/2017\/11\/LinMot-Solutions-Packaging-Industry.jpg\"},{\"@type\":\"WebPage\",\"@id\":\"https:\/\/pamoco.papercut.pl\/de\/branchen\/verpacken\/#webpage\",\"url\":\"https:\/\/pamoco.papercut.pl\/de\/branchen\/verpacken\/\",\"name\":\"Verpacken | Linear Motion Technology Leader | LinMot\",\"isPartOf\":{\"@id\":\"https:\/\/pamoco.papercut.pl\/de\/#website\"},\"primaryImageOfPage\":{\"@id\":\"https:\/\/pamoco.papercut.pl\/de\/branchen\/verpacken\/#primaryimage\"},\"datePublished\":\"2017-11-07T14:25:11+00:00\",\"dateModified\":\"2018-08-13T12:50:22+00:00\",\"description\":\"Verpacken | Linear Motion Technology Leader | LinMot\",\"breadcrumb\":{\"@id\":\"https:\/\/pamoco.papercut.pl\/de\/branchen\/verpacken\/#breadcrumb\"},\"inLanguage\":\"de-DE\",\"potentialAction\":[{\"@type\":\"ReadAction\",\"target\":[\"https:\/\/pamoco.papercut.pl\/de\/branchen\/verpacken\/\"]}]},{\"@type\":\"BreadcrumbList\",\"@id\":\"https:\/\/pamoco.papercut.pl\/de\/branchen\/verpacken\/#breadcrumb\",\"itemListElement\":[{\"@type\":\"ListItem\",\"position\":1,\"name\":\"LinMot\",\"item\":\"https:\/\/pamoco.papercut.pl\/de\/\"},{\"@type\":\"ListItem\",\"position\":2,\"name\":\"Branchen\",\"item\":\"https:\/\/pamoco.papercut.pl\/de\/branchen\/\"},{\"@type\":\"ListItem\",\"position\":3,\"name\":\"Verpacken\"}]}]}<\/script>\n<!-- \/ Yoast SEO plugin. -->","yoast_head_json":{"title":"Verpacken | Linear Motion Technology Leader | LinMot","description":"Verpacken | Linear Motion Technology Leader | LinMot","robots":{"index":"noindex","follow":"follow","max-snippet":"max-snippet:-1","max-image-preview":"max-image-preview:large","max-video-preview":"max-video-preview:-1"},"og_locale":"de_DE","og_type":"article","og_title":"Verpacken | Linear Motion Technology Leader | LinMot","og_description":"Verpacken | Linear Motion Technology Leader | LinMot","og_url":"https:\/\/pamoco.papercut.pl\/de\/branchen\/verpacken\/","og_site_name":"LinMot DE","article_modified_time":"2018-08-13T12:50:22+00:00","og_image":[{"url":"https:\/\/linmot.com\/wp-content\/uploads\/2017\/11\/LinMot-Solutions-Packaging-Industry.jpg"}],"twitter_card":"summary","twitter_misc":{"Gesch\u00e4tzte Lesezeit":"1 Minute"},"schema":{"@context":"https:\/\/schema.org","@graph":[{"@type":"WebSite","@id":"https:\/\/pamoco.papercut.pl\/de\/#website","url":"https:\/\/pamoco.papercut.pl\/de\/","name":"LinMot DE","description":"Linmot","potentialAction":[{"@type":"SearchAction","target":{"@type":"EntryPoint","urlTemplate":"https:\/\/pamoco.papercut.pl\/de\/?s={search_term_string}"},"query-input":"required name=search_term_string"}],"inLanguage":"de-DE"},{"@type":"ImageObject","@id":"https:\/\/pamoco.papercut.pl\/de\/branchen\/verpacken\/#primaryimage","inLanguage":"de-DE","url":"https:\/\/linmot.com\/wp-content\/uploads\/2017\/11\/LinMot-Solutions-Packaging-Industry.jpg","contentUrl":"https:\/\/linmot.com\/wp-content\/uploads\/2017\/11\/LinMot-Solutions-Packaging-Industry.jpg"},{"@type":"WebPage","@id":"https:\/\/pamoco.papercut.pl\/de\/branchen\/verpacken\/#webpage","url":"https:\/\/pamoco.papercut.pl\/de\/branchen\/verpacken\/","name":"Verpacken | Linear Motion Technology Leader | LinMot","isPartOf":{"@id":"https:\/\/pamoco.papercut.pl\/de\/#website"},"primaryImageOfPage":{"@id":"https:\/\/pamoco.papercut.pl\/de\/branchen\/verpacken\/#primaryimage"},"datePublished":"2017-11-07T14:25:11+00:00","dateModified":"2018-08-13T12:50:22+00:00","description":"Verpacken | Linear Motion Technology Leader | LinMot","breadcrumb":{"@id":"https:\/\/pamoco.papercut.pl\/de\/branchen\/verpacken\/#breadcrumb"},"inLanguage":"de-DE","potentialAction":[{"@type":"ReadAction","target":["https:\/\/pamoco.papercut.pl\/de\/branchen\/verpacken\/"]}]},{"@type":"BreadcrumbList","@id":"https:\/\/pamoco.papercut.pl\/de\/branchen\/verpacken\/#breadcrumb","itemListElement":[{"@type":"ListItem","position":1,"name":"LinMot","item":"https:\/\/pamoco.papercut.pl\/de\/"},{"@type":"ListItem","position":2,"name":"Branchen","item":"https:\/\/pamoco.papercut.pl\/de\/branchen\/"},{"@type":"ListItem","position":3,"name":"Verpacken"}]}]}},"_links":{"self":[{"href":"https:\/\/pamoco.papercut.pl\/de\/wp-json\/wp\/v2\/pages\/216"}],"collection":[{"href":"https:\/\/pamoco.papercut.pl\/de\/wp-json\/wp\/v2\/pages"}],"about":[{"href":"https:\/\/pamoco.papercut.pl\/de\/wp-json\/wp\/v2\/types\/page"}],"author":[{"embeddable":true,"href":"https:\/\/pamoco.papercut.pl\/de\/wp-json\/wp\/v2\/users\/1"}],"replies":[{"embeddable":true,"href":"https:\/\/pamoco.papercut.pl\/de\/wp-json\/wp\/v2\/comments?post=216"}],"version-history":[{"count":6,"href":"https:\/\/pamoco.papercut.pl\/de\/wp-json\/wp\/v2\/pages\/216\/revisions"}],"predecessor-version":[{"id":609,"href":"https:\/\/pamoco.papercut.pl\/de\/wp-json\/wp\/v2\/pages\/216\/revisions\/609"}],"up":[{"embeddable":true,"href":"https:\/\/pamoco.papercut.pl\/de\/wp-json\/wp\/v2\/pages\/8"}],"wp:attachment":[{"href":"https:\/\/pamoco.papercut.pl\/de\/wp-json\/wp\/v2\/media?parent=216"}],"curies":[{"name":"wp","href":"https:\/\/api.w.org\/{rel}","templated":true}]}}