{"id":214,"date":"2017-11-07T15:23:55","date_gmt":"2017-11-07T14:23:55","guid":{"rendered":"https:\/\/linmot.com\/?page_id=214"},"modified":"2018-08-14T21:50:12","modified_gmt":"2018-08-14T19:50:12","slug":"drucken-etikettieren","status":"publish","type":"page","link":"https:\/\/pamoco.papercut.pl\/de\/branchen\/drucken-etikettieren\/","title":{"rendered":"Drucken &#038; Etikettieren"},"content":{"rendered":"<img loading=\"lazy\" src=\"https:\/\/linmot.com\/de\/wp-content\/uploads\/sites\/2\/2017\/11\/LinMot-Solutions-Printing-Labeling-Industry.jpg\" alt=\"\" width=\"940\" height=\"300\" class=\"aligncenter size-full wp-image-715\" srcset=\"https:\/\/pamoco.papercut.pl\/de\/wp-content\/uploads\/sites\/2\/2017\/11\/LinMot-Solutions-Printing-Labeling-Industry.jpg 940w, https:\/\/pamoco.papercut.pl\/de\/wp-content\/uploads\/sites\/2\/2017\/11\/LinMot-Solutions-Printing-Labeling-Industry-300x96.jpg 300w, https:\/\/pamoco.papercut.pl\/de\/wp-content\/uploads\/sites\/2\/2017\/11\/LinMot-Solutions-Printing-Labeling-Industry-768x245.jpg 768w\" sizes=\"(max-width: 940px) 100vw, 940px\" \/>\n<p>Die zentrale Herausforderung im Bereich des Druckens und Etikettierens ist die kosteneffiziente und fehlerfreie Produktion von Auftr\u00e4gen mit kurzer Laufl\u00e4nge bei reproduzierbarer hoher Qualit\u00e4t. Eine hochdynamische, pr\u00e4zise Antriebstechnologie ist dabei von grosser Bedeutung. <\/p>\n<p>LinMot bietet hierzu die idealen Komponenten aus denen sich ein breites Anwendungsspektrum ergibt. So k\u00f6nnen beispielsweise Etikettiermodule  mit LinMot Linearmotoren ohne Zeitaufwand umger\u00fcstet werden, da der Verfahrweg per Software frei einstellbar ist.<br \/>\nEmpfindliche Produkte k\u00f6nnen mittels Linearmotortechnologie schneller bedruckt werden, da der Druckvorgang positions-, geschwindigkeits- und kraftkontrolliert durchgef\u00fchrt wird. Es treten keinerlei Kraftst\u00f6sse auf, wie dies bei pneumatischen L\u00f6sungen der Fall ist.<\/p>\n<p>Generell f\u00fchren die frei programmierbaren Kraft- und Bewegungsprofile zu entscheidenden Prozessverbesserungen gegen\u00fcber anderen Antriebsarten und er\u00f6ffnen viele neue Applikationsfelder wie z. B.:<\/p>\n<div class=\"row\">\n<div class=\"col-sm-4\">\n<ul>\n<li>Inspektionssysteme<\/li>\n<li>Papierzuf\u00fchrung<\/li>\n<li>Dekorieren<\/li>\n<\/ul>\n<\/div>\n<div class=\"col-sm-4\">\n<ul>\n<li>Farbmischsysteme<\/li>\n<li>Tampondruck<\/li>\n<li>Siebdruck<\/li>\n<\/ul>\n<\/div>\n<div class=\"col-sm-4\">\n<ul>\n<li>Rackelsteuerung<\/li>\n<li>Etiketten<\/li>\n<li>etc.<\/li>\n<\/ul>\n<\/div>\n<\/div>\n","protected":false},"excerpt":{"rendered":"<p>Die zentrale Herausforderung im Bereich des Druckens und Etikettierens ist die kosteneffiziente und fehlerfreie Produktion von Auftr\u00e4gen mit kurzer Laufl\u00e4nge bei reproduzierbarer hoher Qualit\u00e4t. Eine hochdynamische, pr\u00e4zise Antriebstechnologie ist dabei von grosser Bedeutung. LinMot bietet hierzu die idealen Komponenten aus denen sich ein breites Anwendungsspektrum ergibt. So k\u00f6nnen beispielsweise Etikettiermodule mit LinMot Linearmotoren ohne Zeitaufwand [&hellip;]<\/p>\n","protected":false},"author":1,"featured_media":0,"parent":8,"menu_order":0,"comment_status":"closed","ping_status":"closed","template":"","meta":[],"acf":[],"yoast_head":"<!-- This site is optimized with the Yoast SEO plugin v17.5 - https:\/\/yoast.com\/wordpress\/plugins\/seo\/ -->\n<title>Drucken &amp; Etikettieren | Linear Motion Technology Leader | LinMot<\/title>\n<meta name=\"description\" content=\"Drucken &amp; Etikettieren | Linear Motion Technology Leader | LinMot\" \/>\n<meta name=\"robots\" content=\"noindex, follow, max-snippet:-1, max-image-preview:large, max-video-preview:-1\" \/>\n<meta property=\"og:locale\" content=\"de_DE\" \/>\n<meta property=\"og:type\" content=\"article\" \/>\n<meta property=\"og:title\" content=\"Drucken &amp; Etikettieren | Linear Motion Technology Leader | LinMot\" \/>\n<meta property=\"og:description\" content=\"Drucken &amp; Etikettieren | Linear Motion Technology Leader | LinMot\" \/>\n<meta property=\"og:url\" content=\"https:\/\/pamoco.papercut.pl\/de\/branchen\/drucken-etikettieren\/\" \/>\n<meta property=\"og:site_name\" content=\"LinMot DE\" \/>\n<meta property=\"article:modified_time\" content=\"2018-08-14T19:50:12+00:00\" \/>\n<meta property=\"og:image\" content=\"https:\/\/linmot.com\/de\/wp-content\/uploads\/sites\/2\/2017\/11\/LinMot-Solutions-Printing-Labeling-Industry.jpg\" \/>\n<meta name=\"twitter:card\" content=\"summary\" \/>\n<meta name=\"twitter:label1\" content=\"Gesch\u00e4tzte Lesezeit\" \/>\n\t<meta name=\"twitter:data1\" content=\"1 Minute\" \/>\n<script type=\"application\/ld+json\" class=\"yoast-schema-graph\">{\"@context\":\"https:\/\/schema.org\",\"@graph\":[{\"@type\":\"WebSite\",\"@id\":\"https:\/\/pamoco.papercut.pl\/de\/#website\",\"url\":\"https:\/\/pamoco.papercut.pl\/de\/\",\"name\":\"LinMot DE\",\"description\":\"Linmot\",\"potentialAction\":[{\"@type\":\"SearchAction\",\"target\":{\"@type\":\"EntryPoint\",\"urlTemplate\":\"https:\/\/pamoco.papercut.pl\/de\/?s={search_term_string}\"},\"query-input\":\"required name=search_term_string\"}],\"inLanguage\":\"de-DE\"},{\"@type\":\"ImageObject\",\"@id\":\"https:\/\/pamoco.papercut.pl\/de\/branchen\/drucken-etikettieren\/#primaryimage\",\"inLanguage\":\"de-DE\",\"url\":\"https:\/\/linmot.com\/de\/wp-content\/uploads\/sites\/2\/2017\/11\/LinMot-Solutions-Printing-Labeling-Industry.jpg\",\"contentUrl\":\"https:\/\/linmot.com\/de\/wp-content\/uploads\/sites\/2\/2017\/11\/LinMot-Solutions-Printing-Labeling-Industry.jpg\"},{\"@type\":\"WebPage\",\"@id\":\"https:\/\/pamoco.papercut.pl\/de\/branchen\/drucken-etikettieren\/#webpage\",\"url\":\"https:\/\/pamoco.papercut.pl\/de\/branchen\/drucken-etikettieren\/\",\"name\":\"Drucken & Etikettieren | Linear Motion Technology Leader | LinMot\",\"isPartOf\":{\"@id\":\"https:\/\/pamoco.papercut.pl\/de\/#website\"},\"primaryImageOfPage\":{\"@id\":\"https:\/\/pamoco.papercut.pl\/de\/branchen\/drucken-etikettieren\/#primaryimage\"},\"datePublished\":\"2017-11-07T14:23:55+00:00\",\"dateModified\":\"2018-08-14T19:50:12+00:00\",\"description\":\"Drucken & Etikettieren | Linear Motion Technology Leader | LinMot\",\"breadcrumb\":{\"@id\":\"https:\/\/pamoco.papercut.pl\/de\/branchen\/drucken-etikettieren\/#breadcrumb\"},\"inLanguage\":\"de-DE\",\"potentialAction\":[{\"@type\":\"ReadAction\",\"target\":[\"https:\/\/pamoco.papercut.pl\/de\/branchen\/drucken-etikettieren\/\"]}]},{\"@type\":\"BreadcrumbList\",\"@id\":\"https:\/\/pamoco.papercut.pl\/de\/branchen\/drucken-etikettieren\/#breadcrumb\",\"itemListElement\":[{\"@type\":\"ListItem\",\"position\":1,\"name\":\"LinMot\",\"item\":\"https:\/\/pamoco.papercut.pl\/de\/\"},{\"@type\":\"ListItem\",\"position\":2,\"name\":\"Branchen\",\"item\":\"https:\/\/pamoco.papercut.pl\/de\/branchen\/\"},{\"@type\":\"ListItem\",\"position\":3,\"name\":\"Drucken &#038; Etikettieren\"}]}]}<\/script>\n<!-- \/ Yoast SEO plugin. -->","yoast_head_json":{"title":"Drucken & Etikettieren | Linear Motion Technology Leader | LinMot","description":"Drucken & Etikettieren | Linear Motion Technology Leader | LinMot","robots":{"index":"noindex","follow":"follow","max-snippet":"max-snippet:-1","max-image-preview":"max-image-preview:large","max-video-preview":"max-video-preview:-1"},"og_locale":"de_DE","og_type":"article","og_title":"Drucken & Etikettieren | Linear Motion Technology Leader | LinMot","og_description":"Drucken & Etikettieren | Linear Motion Technology Leader | LinMot","og_url":"https:\/\/pamoco.papercut.pl\/de\/branchen\/drucken-etikettieren\/","og_site_name":"LinMot DE","article_modified_time":"2018-08-14T19:50:12+00:00","og_image":[{"url":"https:\/\/linmot.com\/de\/wp-content\/uploads\/sites\/2\/2017\/11\/LinMot-Solutions-Printing-Labeling-Industry.jpg"}],"twitter_card":"summary","twitter_misc":{"Gesch\u00e4tzte Lesezeit":"1 Minute"},"schema":{"@context":"https:\/\/schema.org","@graph":[{"@type":"WebSite","@id":"https:\/\/pamoco.papercut.pl\/de\/#website","url":"https:\/\/pamoco.papercut.pl\/de\/","name":"LinMot DE","description":"Linmot","potentialAction":[{"@type":"SearchAction","target":{"@type":"EntryPoint","urlTemplate":"https:\/\/pamoco.papercut.pl\/de\/?s={search_term_string}"},"query-input":"required name=search_term_string"}],"inLanguage":"de-DE"},{"@type":"ImageObject","@id":"https:\/\/pamoco.papercut.pl\/de\/branchen\/drucken-etikettieren\/#primaryimage","inLanguage":"de-DE","url":"https:\/\/linmot.com\/de\/wp-content\/uploads\/sites\/2\/2017\/11\/LinMot-Solutions-Printing-Labeling-Industry.jpg","contentUrl":"https:\/\/linmot.com\/de\/wp-content\/uploads\/sites\/2\/2017\/11\/LinMot-Solutions-Printing-Labeling-Industry.jpg"},{"@type":"WebPage","@id":"https:\/\/pamoco.papercut.pl\/de\/branchen\/drucken-etikettieren\/#webpage","url":"https:\/\/pamoco.papercut.pl\/de\/branchen\/drucken-etikettieren\/","name":"Drucken & Etikettieren | Linear Motion Technology Leader | LinMot","isPartOf":{"@id":"https:\/\/pamoco.papercut.pl\/de\/#website"},"primaryImageOfPage":{"@id":"https:\/\/pamoco.papercut.pl\/de\/branchen\/drucken-etikettieren\/#primaryimage"},"datePublished":"2017-11-07T14:23:55+00:00","dateModified":"2018-08-14T19:50:12+00:00","description":"Drucken & Etikettieren | Linear Motion Technology Leader | LinMot","breadcrumb":{"@id":"https:\/\/pamoco.papercut.pl\/de\/branchen\/drucken-etikettieren\/#breadcrumb"},"inLanguage":"de-DE","potentialAction":[{"@type":"ReadAction","target":["https:\/\/pamoco.papercut.pl\/de\/branchen\/drucken-etikettieren\/"]}]},{"@type":"BreadcrumbList","@id":"https:\/\/pamoco.papercut.pl\/de\/branchen\/drucken-etikettieren\/#breadcrumb","itemListElement":[{"@type":"ListItem","position":1,"name":"LinMot","item":"https:\/\/pamoco.papercut.pl\/de\/"},{"@type":"ListItem","position":2,"name":"Branchen","item":"https:\/\/pamoco.papercut.pl\/de\/branchen\/"},{"@type":"ListItem","position":3,"name":"Drucken &#038; Etikettieren"}]}]}},"_links":{"self":[{"href":"https:\/\/pamoco.papercut.pl\/de\/wp-json\/wp\/v2\/pages\/214"}],"collection":[{"href":"https:\/\/pamoco.papercut.pl\/de\/wp-json\/wp\/v2\/pages"}],"about":[{"href":"https:\/\/pamoco.papercut.pl\/de\/wp-json\/wp\/v2\/types\/page"}],"author":[{"embeddable":true,"href":"https:\/\/pamoco.papercut.pl\/de\/wp-json\/wp\/v2\/users\/1"}],"replies":[{"embeddable":true,"href":"https:\/\/pamoco.papercut.pl\/de\/wp-json\/wp\/v2\/comments?post=214"}],"version-history":[{"count":5,"href":"https:\/\/pamoco.papercut.pl\/de\/wp-json\/wp\/v2\/pages\/214\/revisions"}],"predecessor-version":[{"id":716,"href":"https:\/\/pamoco.papercut.pl\/de\/wp-json\/wp\/v2\/pages\/214\/revisions\/716"}],"up":[{"embeddable":true,"href":"https:\/\/pamoco.papercut.pl\/de\/wp-json\/wp\/v2\/pages\/8"}],"wp:attachment":[{"href":"https:\/\/pamoco.papercut.pl\/de\/wp-json\/wp\/v2\/media?parent=214"}],"curies":[{"name":"wp","href":"https:\/\/api.w.org\/{rel}","templated":true}]}}