{"id":211,"date":"2017-11-07T15:22:42","date_gmt":"2017-11-07T14:22:42","guid":{"rendered":"https:\/\/linmot.com\/?page_id=211"},"modified":"2018-08-13T15:29:44","modified_gmt":"2018-08-13T13:29:44","slug":"laborautomation","status":"publish","type":"page","link":"https:\/\/pamoco.papercut.pl\/de\/branchen\/laborautomation\/","title":{"rendered":"Laborautomation"},"content":{"rendered":"<img loading=\"lazy\" src=\"https:\/\/linmot.com\/wp-content\/uploads\/2017\/11\/LinMot-Solutions-Laboratory-Automation-Industry.jpg\" alt=\"\" width=\"940\" height=\"300\" class=\"aligncenter size-full wp-image-212\" srcset=\"https:\/\/pamoco.papercut.pl\/de\/wp-content\/uploads\/sites\/2\/2017\/11\/LinMot-Solutions-Laboratory-Automation-Industry.jpg 940w, https:\/\/pamoco.papercut.pl\/de\/wp-content\/uploads\/sites\/2\/2017\/11\/LinMot-Solutions-Laboratory-Automation-Industry-300x96.jpg 300w, https:\/\/pamoco.papercut.pl\/de\/wp-content\/uploads\/sites\/2\/2017\/11\/LinMot-Solutions-Laboratory-Automation-Industry-768x245.jpg 768w\" sizes=\"(max-width: 940px) 100vw, 940px\" \/>\n<p><strong>Laborautomation<\/strong> gewinnt in den modernen Life Sciences eine immer gr\u00f6\u00dfere Bedeutung. Der Anspruch immer mehr Datenpunkte zu erzeugen, dabei Fehler zu vermeiden, die Experimente nachvollziehbar zu dokumentieren und gleichzeitig die Kosten zu senken, treibt diese Entwicklung.<br \/>\nAutomatisierte Workstations oder Laborautomaten setzen bei den gew\u00e4hlten Antriebsarten ein hohes Mass an Flexibilit\u00e4t und Reproduzierbarkeit voraus. LinMot Komponenten erf\u00fcllen diese Anforderungen <strong>und sind zudem ger\u00e4uscharm, wartungsarm<\/strong> und sorgen f\u00fcr ruckfreie, <strong>sanfte Bewegungen<\/strong>.<br \/>\nDa elektromagnetische Antriebe verschleissfrei arbeiten, k\u00f6nnen sie problemlos in einer Reinraum Umgebung eingesetzt werden. Die aussergew\u00f6hnlich kompakten LinMot Linearmotoren lassen sich ideal in Automaten einsetzen, da sie selbst auf kleinsten Raum eingebaut werden k\u00f6nnen.<br \/>\nDabei \u00fcbernehmen sie eine Vielfalt an Aufgaben wie z.B.<\/p>\n<div class=\"row\">\n<div class=\"col-sm-4\">\n<ul>\n<li>Handling<\/li>\n<li>Be- und Entladen<\/li>\n<\/ul>\n<\/div>\n<div class=\"col-sm-4\">\n<ul>\n<li>Pick &#038; place<\/li>\n<li>Einschieben<\/li>\n<\/ul>\n<\/div>\n<div class=\"col-sm-4\">\n<ul>\n<li>Verschliessen<\/li>\n<li>etc.<\/li>\n<\/ul>\n<\/div>\n<\/div>\n","protected":false},"excerpt":{"rendered":"<p>Laborautomation gewinnt in den modernen Life Sciences eine immer gr\u00f6\u00dfere Bedeutung. Der Anspruch immer mehr Datenpunkte zu erzeugen, dabei Fehler zu vermeiden, die Experimente nachvollziehbar zu dokumentieren und gleichzeitig die Kosten zu senken, treibt diese Entwicklung. Automatisierte Workstations oder Laborautomaten setzen bei den gew\u00e4hlten Antriebsarten ein hohes Mass an Flexibilit\u00e4t und Reproduzierbarkeit voraus. LinMot Komponenten [&hellip;]<\/p>\n","protected":false},"author":1,"featured_media":0,"parent":8,"menu_order":0,"comment_status":"closed","ping_status":"closed","template":"","meta":[],"acf":[],"yoast_head":"<!-- This site is optimized with the Yoast SEO plugin v17.5 - https:\/\/yoast.com\/wordpress\/plugins\/seo\/ -->\n<title>Laborautomation | Linear Motion Technology Leader | LinMot<\/title>\n<meta name=\"description\" content=\"Laborautomation | Linear Motion Technology Leader | LinMot\" \/>\n<meta name=\"robots\" content=\"noindex, follow, max-snippet:-1, max-image-preview:large, max-video-preview:-1\" \/>\n<meta property=\"og:locale\" content=\"de_DE\" \/>\n<meta property=\"og:type\" content=\"article\" \/>\n<meta property=\"og:title\" content=\"Laborautomation | Linear Motion Technology Leader | LinMot\" \/>\n<meta property=\"og:description\" content=\"Laborautomation | Linear Motion Technology Leader | LinMot\" \/>\n<meta property=\"og:url\" content=\"https:\/\/pamoco.papercut.pl\/de\/branchen\/laborautomation\/\" \/>\n<meta property=\"og:site_name\" content=\"LinMot DE\" \/>\n<meta property=\"article:modified_time\" content=\"2018-08-13T13:29:44+00:00\" \/>\n<meta property=\"og:image\" content=\"https:\/\/linmot.com\/wp-content\/uploads\/2017\/11\/LinMot-Solutions-Laboratory-Automation-Industry.jpg\" \/>\n<meta name=\"twitter:card\" content=\"summary\" \/>\n<meta name=\"twitter:label1\" content=\"Gesch\u00e4tzte Lesezeit\" \/>\n\t<meta name=\"twitter:data1\" content=\"1 Minute\" \/>\n<script type=\"application\/ld+json\" class=\"yoast-schema-graph\">{\"@context\":\"https:\/\/schema.org\",\"@graph\":[{\"@type\":\"WebSite\",\"@id\":\"https:\/\/pamoco.papercut.pl\/de\/#website\",\"url\":\"https:\/\/pamoco.papercut.pl\/de\/\",\"name\":\"LinMot DE\",\"description\":\"Linmot\",\"potentialAction\":[{\"@type\":\"SearchAction\",\"target\":{\"@type\":\"EntryPoint\",\"urlTemplate\":\"https:\/\/pamoco.papercut.pl\/de\/?s={search_term_string}\"},\"query-input\":\"required name=search_term_string\"}],\"inLanguage\":\"de-DE\"},{\"@type\":\"ImageObject\",\"@id\":\"https:\/\/pamoco.papercut.pl\/de\/branchen\/laborautomation\/#primaryimage\",\"inLanguage\":\"de-DE\",\"url\":\"https:\/\/linmot.com\/wp-content\/uploads\/2017\/11\/LinMot-Solutions-Laboratory-Automation-Industry.jpg\",\"contentUrl\":\"https:\/\/linmot.com\/wp-content\/uploads\/2017\/11\/LinMot-Solutions-Laboratory-Automation-Industry.jpg\"},{\"@type\":\"WebPage\",\"@id\":\"https:\/\/pamoco.papercut.pl\/de\/branchen\/laborautomation\/#webpage\",\"url\":\"https:\/\/pamoco.papercut.pl\/de\/branchen\/laborautomation\/\",\"name\":\"Laborautomation | Linear Motion Technology Leader | LinMot\",\"isPartOf\":{\"@id\":\"https:\/\/pamoco.papercut.pl\/de\/#website\"},\"primaryImageOfPage\":{\"@id\":\"https:\/\/pamoco.papercut.pl\/de\/branchen\/laborautomation\/#primaryimage\"},\"datePublished\":\"2017-11-07T14:22:42+00:00\",\"dateModified\":\"2018-08-13T13:29:44+00:00\",\"description\":\"Laborautomation | Linear Motion Technology Leader | LinMot\",\"breadcrumb\":{\"@id\":\"https:\/\/pamoco.papercut.pl\/de\/branchen\/laborautomation\/#breadcrumb\"},\"inLanguage\":\"de-DE\",\"potentialAction\":[{\"@type\":\"ReadAction\",\"target\":[\"https:\/\/pamoco.papercut.pl\/de\/branchen\/laborautomation\/\"]}]},{\"@type\":\"BreadcrumbList\",\"@id\":\"https:\/\/pamoco.papercut.pl\/de\/branchen\/laborautomation\/#breadcrumb\",\"itemListElement\":[{\"@type\":\"ListItem\",\"position\":1,\"name\":\"LinMot\",\"item\":\"https:\/\/pamoco.papercut.pl\/de\/\"},{\"@type\":\"ListItem\",\"position\":2,\"name\":\"Branchen\",\"item\":\"https:\/\/pamoco.papercut.pl\/de\/branchen\/\"},{\"@type\":\"ListItem\",\"position\":3,\"name\":\"Laborautomation\"}]}]}<\/script>\n<!-- \/ Yoast SEO plugin. -->","yoast_head_json":{"title":"Laborautomation | Linear Motion Technology Leader | LinMot","description":"Laborautomation | Linear Motion Technology Leader | LinMot","robots":{"index":"noindex","follow":"follow","max-snippet":"max-snippet:-1","max-image-preview":"max-image-preview:large","max-video-preview":"max-video-preview:-1"},"og_locale":"de_DE","og_type":"article","og_title":"Laborautomation | Linear Motion Technology Leader | LinMot","og_description":"Laborautomation | Linear Motion Technology Leader | LinMot","og_url":"https:\/\/pamoco.papercut.pl\/de\/branchen\/laborautomation\/","og_site_name":"LinMot DE","article_modified_time":"2018-08-13T13:29:44+00:00","og_image":[{"url":"https:\/\/linmot.com\/wp-content\/uploads\/2017\/11\/LinMot-Solutions-Laboratory-Automation-Industry.jpg"}],"twitter_card":"summary","twitter_misc":{"Gesch\u00e4tzte Lesezeit":"1 Minute"},"schema":{"@context":"https:\/\/schema.org","@graph":[{"@type":"WebSite","@id":"https:\/\/pamoco.papercut.pl\/de\/#website","url":"https:\/\/pamoco.papercut.pl\/de\/","name":"LinMot DE","description":"Linmot","potentialAction":[{"@type":"SearchAction","target":{"@type":"EntryPoint","urlTemplate":"https:\/\/pamoco.papercut.pl\/de\/?s={search_term_string}"},"query-input":"required name=search_term_string"}],"inLanguage":"de-DE"},{"@type":"ImageObject","@id":"https:\/\/pamoco.papercut.pl\/de\/branchen\/laborautomation\/#primaryimage","inLanguage":"de-DE","url":"https:\/\/linmot.com\/wp-content\/uploads\/2017\/11\/LinMot-Solutions-Laboratory-Automation-Industry.jpg","contentUrl":"https:\/\/linmot.com\/wp-content\/uploads\/2017\/11\/LinMot-Solutions-Laboratory-Automation-Industry.jpg"},{"@type":"WebPage","@id":"https:\/\/pamoco.papercut.pl\/de\/branchen\/laborautomation\/#webpage","url":"https:\/\/pamoco.papercut.pl\/de\/branchen\/laborautomation\/","name":"Laborautomation | Linear Motion Technology Leader | LinMot","isPartOf":{"@id":"https:\/\/pamoco.papercut.pl\/de\/#website"},"primaryImageOfPage":{"@id":"https:\/\/pamoco.papercut.pl\/de\/branchen\/laborautomation\/#primaryimage"},"datePublished":"2017-11-07T14:22:42+00:00","dateModified":"2018-08-13T13:29:44+00:00","description":"Laborautomation | Linear Motion Technology Leader | LinMot","breadcrumb":{"@id":"https:\/\/pamoco.papercut.pl\/de\/branchen\/laborautomation\/#breadcrumb"},"inLanguage":"de-DE","potentialAction":[{"@type":"ReadAction","target":["https:\/\/pamoco.papercut.pl\/de\/branchen\/laborautomation\/"]}]},{"@type":"BreadcrumbList","@id":"https:\/\/pamoco.papercut.pl\/de\/branchen\/laborautomation\/#breadcrumb","itemListElement":[{"@type":"ListItem","position":1,"name":"LinMot","item":"https:\/\/pamoco.papercut.pl\/de\/"},{"@type":"ListItem","position":2,"name":"Branchen","item":"https:\/\/pamoco.papercut.pl\/de\/branchen\/"},{"@type":"ListItem","position":3,"name":"Laborautomation"}]}]}},"_links":{"self":[{"href":"https:\/\/pamoco.papercut.pl\/de\/wp-json\/wp\/v2\/pages\/211"}],"collection":[{"href":"https:\/\/pamoco.papercut.pl\/de\/wp-json\/wp\/v2\/pages"}],"about":[{"href":"https:\/\/pamoco.papercut.pl\/de\/wp-json\/wp\/v2\/types\/page"}],"author":[{"embeddable":true,"href":"https:\/\/pamoco.papercut.pl\/de\/wp-json\/wp\/v2\/users\/1"}],"replies":[{"embeddable":true,"href":"https:\/\/pamoco.papercut.pl\/de\/wp-json\/wp\/v2\/comments?post=211"}],"version-history":[{"count":6,"href":"https:\/\/pamoco.papercut.pl\/de\/wp-json\/wp\/v2\/pages\/211\/revisions"}],"predecessor-version":[{"id":617,"href":"https:\/\/pamoco.papercut.pl\/de\/wp-json\/wp\/v2\/pages\/211\/revisions\/617"}],"up":[{"embeddable":true,"href":"https:\/\/pamoco.papercut.pl\/de\/wp-json\/wp\/v2\/pages\/8"}],"wp:attachment":[{"href":"https:\/\/pamoco.papercut.pl\/de\/wp-json\/wp\/v2\/media?parent=211"}],"curies":[{"name":"wp","href":"https:\/\/api.w.org\/{rel}","templated":true}]}}