{"id":208,"date":"2017-11-07T15:20:23","date_gmt":"2017-11-07T14:20:23","guid":{"rendered":"https:\/\/linmot.com\/?page_id=208"},"modified":"2018-08-13T15:32:22","modified_gmt":"2018-08-13T13:32:22","slug":"halbleiter-elektronik","status":"publish","type":"page","link":"https:\/\/pamoco.papercut.pl\/de\/branchen\/halbleiter-elektronik\/","title":{"rendered":"Halbleiter &#038; Elektronik"},"content":{"rendered":"<img loading=\"lazy\" src=\"https:\/\/linmot.com\/wp-content\/uploads\/2017\/11\/LinMot-Solutions-Semiconductors-Electronics-Industry.jpg\" alt=\"\" width=\"940\" height=\"300\" class=\"aligncenter size-full wp-image-209\" srcset=\"https:\/\/pamoco.papercut.pl\/de\/wp-content\/uploads\/sites\/2\/2017\/11\/LinMot-Solutions-Semiconductors-Electronics-Industry.jpg 940w, https:\/\/pamoco.papercut.pl\/de\/wp-content\/uploads\/sites\/2\/2017\/11\/LinMot-Solutions-Semiconductors-Electronics-Industry-300x96.jpg 300w, https:\/\/pamoco.papercut.pl\/de\/wp-content\/uploads\/sites\/2\/2017\/11\/LinMot-Solutions-Semiconductors-Electronics-Industry-768x245.jpg 768w\" sizes=\"(max-width: 940px) 100vw, 940px\" \/>\n<p>In der Halbleiterindustrie ist die Verf\u00fcgbarkeit von Anlagen und Maschinen eine absolute Forderung. Eine moderne Elektronikfertigung muss mit h\u00e4ufigen Produktwechseln zurechtkommen.<br \/>\nMit den innovativen Antriebsl\u00f6sungen von LinMot und den intelligenten Antriebs- und Steuerkomponenten lassen sich Fertigungs- sowie Ausr\u00fcstungs-\/F\u00f6rdertechnik-Anwendungen effektiv umsetzen.<\/p>\n<p><strong>Tubulare Linearmotoren<\/strong> finden bereits einen vielf\u00e4ltigen Einsatz bei:<\/p>\n<div class=\"row\">\n<div class=\"col-sm-4\">\n<ul>\n<li>Front-End Maschinen<\/li>\n<li>Back-End Maschinen<\/li>\n<li>Waver Handling<\/li>\n<li>Halbleiter Handling<\/li>\n<li>Halbleiter Pr\u00fcfautomaten<\/li>\n<\/ul>\n<\/div>\n<div class=\"col-sm-4\">\n<ul>\n<li>Halbleiter Verpackungsautomaten<\/li>\n<li>Siebdruck<\/li>\n<li>Rackelsteuerung<\/li>\n<li>Best\u00fcckungsautomaten<\/li>\n<li>Flying Probe Tester<\/li>\n<\/ul>\n<\/div>\n<div class=\"col-sm-4\">\n<ul>\n<li>Nutzentrenner<\/li>\n<li>CD\/DVD Produktionsanlagen &#038; Verpackungsmaschinen<\/li>\n<li>etc.<\/li>\n<\/ul>\n<\/div>\n<\/div>\n<p>Die LinMot Antriebstechnologie bringt jede Kunden-Anwendung auf ein neues Level und <strong>hilft die Gesamtkosten zu senken<\/strong>.<\/p>\n","protected":false},"excerpt":{"rendered":"<p>In der Halbleiterindustrie ist die Verf\u00fcgbarkeit von Anlagen und Maschinen eine absolute Forderung. Eine moderne Elektronikfertigung muss mit h\u00e4ufigen Produktwechseln zurechtkommen. Mit den innovativen Antriebsl\u00f6sungen von LinMot und den intelligenten Antriebs- und Steuerkomponenten lassen sich Fertigungs- sowie Ausr\u00fcstungs-\/F\u00f6rdertechnik-Anwendungen effektiv umsetzen. Tubulare Linearmotoren finden bereits einen vielf\u00e4ltigen Einsatz bei: Die LinMot Antriebstechnologie bringt jede Kunden-Anwendung auf [&hellip;]<\/p>\n","protected":false},"author":1,"featured_media":0,"parent":8,"menu_order":0,"comment_status":"closed","ping_status":"closed","template":"","meta":[],"acf":[],"yoast_head":"<!-- This site is optimized with the Yoast SEO plugin v17.5 - https:\/\/yoast.com\/wordpress\/plugins\/seo\/ -->\n<title>Halbleiter &amp; Elektronik | Linear Motion Technology Leader | LinMot<\/title>\n<meta name=\"description\" content=\"Halbleiter &amp; Elektronik | Linear Motion Technology Leader | LinMot\" \/>\n<meta name=\"robots\" content=\"noindex, follow, max-snippet:-1, max-image-preview:large, max-video-preview:-1\" \/>\n<meta property=\"og:locale\" content=\"de_DE\" \/>\n<meta property=\"og:type\" content=\"article\" \/>\n<meta property=\"og:title\" content=\"Halbleiter &amp; Elektronik | Linear Motion Technology Leader | LinMot\" \/>\n<meta property=\"og:description\" content=\"Halbleiter &amp; Elektronik | Linear Motion Technology Leader | LinMot\" \/>\n<meta property=\"og:url\" content=\"https:\/\/pamoco.papercut.pl\/de\/branchen\/halbleiter-elektronik\/\" \/>\n<meta property=\"og:site_name\" content=\"LinMot DE\" \/>\n<meta property=\"article:modified_time\" content=\"2018-08-13T13:32:22+00:00\" \/>\n<meta property=\"og:image\" content=\"https:\/\/linmot.com\/wp-content\/uploads\/2017\/11\/LinMot-Solutions-Semiconductors-Electronics-Industry.jpg\" \/>\n<meta name=\"twitter:card\" content=\"summary\" \/>\n<meta name=\"twitter:label1\" content=\"Gesch\u00e4tzte Lesezeit\" \/>\n\t<meta name=\"twitter:data1\" content=\"1 Minute\" \/>\n<script type=\"application\/ld+json\" class=\"yoast-schema-graph\">{\"@context\":\"https:\/\/schema.org\",\"@graph\":[{\"@type\":\"WebSite\",\"@id\":\"https:\/\/pamoco.papercut.pl\/de\/#website\",\"url\":\"https:\/\/pamoco.papercut.pl\/de\/\",\"name\":\"LinMot DE\",\"description\":\"Linmot\",\"potentialAction\":[{\"@type\":\"SearchAction\",\"target\":{\"@type\":\"EntryPoint\",\"urlTemplate\":\"https:\/\/pamoco.papercut.pl\/de\/?s={search_term_string}\"},\"query-input\":\"required name=search_term_string\"}],\"inLanguage\":\"de-DE\"},{\"@type\":\"ImageObject\",\"@id\":\"https:\/\/pamoco.papercut.pl\/de\/branchen\/halbleiter-elektronik\/#primaryimage\",\"inLanguage\":\"de-DE\",\"url\":\"https:\/\/linmot.com\/wp-content\/uploads\/2017\/11\/LinMot-Solutions-Semiconductors-Electronics-Industry.jpg\",\"contentUrl\":\"https:\/\/linmot.com\/wp-content\/uploads\/2017\/11\/LinMot-Solutions-Semiconductors-Electronics-Industry.jpg\"},{\"@type\":\"WebPage\",\"@id\":\"https:\/\/pamoco.papercut.pl\/de\/branchen\/halbleiter-elektronik\/#webpage\",\"url\":\"https:\/\/pamoco.papercut.pl\/de\/branchen\/halbleiter-elektronik\/\",\"name\":\"Halbleiter & Elektronik | Linear Motion Technology Leader | LinMot\",\"isPartOf\":{\"@id\":\"https:\/\/pamoco.papercut.pl\/de\/#website\"},\"primaryImageOfPage\":{\"@id\":\"https:\/\/pamoco.papercut.pl\/de\/branchen\/halbleiter-elektronik\/#primaryimage\"},\"datePublished\":\"2017-11-07T14:20:23+00:00\",\"dateModified\":\"2018-08-13T13:32:22+00:00\",\"description\":\"Halbleiter & Elektronik | Linear Motion Technology Leader | LinMot\",\"breadcrumb\":{\"@id\":\"https:\/\/pamoco.papercut.pl\/de\/branchen\/halbleiter-elektronik\/#breadcrumb\"},\"inLanguage\":\"de-DE\",\"potentialAction\":[{\"@type\":\"ReadAction\",\"target\":[\"https:\/\/pamoco.papercut.pl\/de\/branchen\/halbleiter-elektronik\/\"]}]},{\"@type\":\"BreadcrumbList\",\"@id\":\"https:\/\/pamoco.papercut.pl\/de\/branchen\/halbleiter-elektronik\/#breadcrumb\",\"itemListElement\":[{\"@type\":\"ListItem\",\"position\":1,\"name\":\"LinMot\",\"item\":\"https:\/\/pamoco.papercut.pl\/de\/\"},{\"@type\":\"ListItem\",\"position\":2,\"name\":\"Branchen\",\"item\":\"https:\/\/pamoco.papercut.pl\/de\/branchen\/\"},{\"@type\":\"ListItem\",\"position\":3,\"name\":\"Halbleiter &#038; Elektronik\"}]}]}<\/script>\n<!-- \/ Yoast SEO plugin. -->","yoast_head_json":{"title":"Halbleiter & Elektronik | Linear Motion Technology Leader | LinMot","description":"Halbleiter & Elektronik | Linear Motion Technology Leader | LinMot","robots":{"index":"noindex","follow":"follow","max-snippet":"max-snippet:-1","max-image-preview":"max-image-preview:large","max-video-preview":"max-video-preview:-1"},"og_locale":"de_DE","og_type":"article","og_title":"Halbleiter & Elektronik | Linear Motion Technology Leader | LinMot","og_description":"Halbleiter & Elektronik | Linear Motion Technology Leader | LinMot","og_url":"https:\/\/pamoco.papercut.pl\/de\/branchen\/halbleiter-elektronik\/","og_site_name":"LinMot DE","article_modified_time":"2018-08-13T13:32:22+00:00","og_image":[{"url":"https:\/\/linmot.com\/wp-content\/uploads\/2017\/11\/LinMot-Solutions-Semiconductors-Electronics-Industry.jpg"}],"twitter_card":"summary","twitter_misc":{"Gesch\u00e4tzte Lesezeit":"1 Minute"},"schema":{"@context":"https:\/\/schema.org","@graph":[{"@type":"WebSite","@id":"https:\/\/pamoco.papercut.pl\/de\/#website","url":"https:\/\/pamoco.papercut.pl\/de\/","name":"LinMot DE","description":"Linmot","potentialAction":[{"@type":"SearchAction","target":{"@type":"EntryPoint","urlTemplate":"https:\/\/pamoco.papercut.pl\/de\/?s={search_term_string}"},"query-input":"required name=search_term_string"}],"inLanguage":"de-DE"},{"@type":"ImageObject","@id":"https:\/\/pamoco.papercut.pl\/de\/branchen\/halbleiter-elektronik\/#primaryimage","inLanguage":"de-DE","url":"https:\/\/linmot.com\/wp-content\/uploads\/2017\/11\/LinMot-Solutions-Semiconductors-Electronics-Industry.jpg","contentUrl":"https:\/\/linmot.com\/wp-content\/uploads\/2017\/11\/LinMot-Solutions-Semiconductors-Electronics-Industry.jpg"},{"@type":"WebPage","@id":"https:\/\/pamoco.papercut.pl\/de\/branchen\/halbleiter-elektronik\/#webpage","url":"https:\/\/pamoco.papercut.pl\/de\/branchen\/halbleiter-elektronik\/","name":"Halbleiter & Elektronik | Linear Motion Technology Leader | LinMot","isPartOf":{"@id":"https:\/\/pamoco.papercut.pl\/de\/#website"},"primaryImageOfPage":{"@id":"https:\/\/pamoco.papercut.pl\/de\/branchen\/halbleiter-elektronik\/#primaryimage"},"datePublished":"2017-11-07T14:20:23+00:00","dateModified":"2018-08-13T13:32:22+00:00","description":"Halbleiter & Elektronik | Linear Motion Technology Leader | LinMot","breadcrumb":{"@id":"https:\/\/pamoco.papercut.pl\/de\/branchen\/halbleiter-elektronik\/#breadcrumb"},"inLanguage":"de-DE","potentialAction":[{"@type":"ReadAction","target":["https:\/\/pamoco.papercut.pl\/de\/branchen\/halbleiter-elektronik\/"]}]},{"@type":"BreadcrumbList","@id":"https:\/\/pamoco.papercut.pl\/de\/branchen\/halbleiter-elektronik\/#breadcrumb","itemListElement":[{"@type":"ListItem","position":1,"name":"LinMot","item":"https:\/\/pamoco.papercut.pl\/de\/"},{"@type":"ListItem","position":2,"name":"Branchen","item":"https:\/\/pamoco.papercut.pl\/de\/branchen\/"},{"@type":"ListItem","position":3,"name":"Halbleiter &#038; Elektronik"}]}]}},"_links":{"self":[{"href":"https:\/\/pamoco.papercut.pl\/de\/wp-json\/wp\/v2\/pages\/208"}],"collection":[{"href":"https:\/\/pamoco.papercut.pl\/de\/wp-json\/wp\/v2\/pages"}],"about":[{"href":"https:\/\/pamoco.papercut.pl\/de\/wp-json\/wp\/v2\/types\/page"}],"author":[{"embeddable":true,"href":"https:\/\/pamoco.papercut.pl\/de\/wp-json\/wp\/v2\/users\/1"}],"replies":[{"embeddable":true,"href":"https:\/\/pamoco.papercut.pl\/de\/wp-json\/wp\/v2\/comments?post=208"}],"version-history":[{"count":5,"href":"https:\/\/pamoco.papercut.pl\/de\/wp-json\/wp\/v2\/pages\/208\/revisions"}],"predecessor-version":[{"id":619,"href":"https:\/\/pamoco.papercut.pl\/de\/wp-json\/wp\/v2\/pages\/208\/revisions\/619"}],"up":[{"embeddable":true,"href":"https:\/\/pamoco.papercut.pl\/de\/wp-json\/wp\/v2\/pages\/8"}],"wp:attachment":[{"href":"https:\/\/pamoco.papercut.pl\/de\/wp-json\/wp\/v2\/media?parent=208"}],"curies":[{"name":"wp","href":"https:\/\/api.w.org\/{rel}","templated":true}]}}