{"id":193,"date":"2017-11-07T15:05:31","date_gmt":"2017-11-07T14:05:31","guid":{"rendered":"https:\/\/linmot.com\/?page_id=193"},"modified":"2018-08-21T10:41:12","modified_gmt":"2018-08-21T08:41:12","slug":"zubehoer","status":"publish","type":"page","link":"https:\/\/pamoco.papercut.pl\/de\/produkte\/zubehoer\/","title":{"rendered":"Zubeh\u00f6r"},"content":{"rendered":"<div class=\"main_d\">\n<div id=\"c316\" class=\"csc-default\">\n<p class=\"bodytext\">Das auf die Linearmotoren abgestimmte Zubeh\u00f6rprogramm von LinMot erlaubt die schnelle und unkomplizierte Realisierung und Inbetriebnahme der unterschiedlichsten Aufgabestellungen. Zudem garantiert das, speziell f\u00fcr LinMot entwickelte, original Motor Zubeh\u00f6r den sicheren und st\u00f6rungsfreien Betrieb der Linearmotoren.<\/p>\n<h2>Elektrisch<\/h2>\n<\/div>\n<\/div>\n<div class=\"row\">\n<div class=\"col-md-4\">\n<h4>Motorkabel<\/h4>\n<p><img loading=\"lazy\" class=\"aligncenter size-full wp-image-294\" src=\"https:\/\/linmot.com\/wp-content\/uploads\/2017\/11\/LinMot-motor-cable.jpg\" alt=\"Motor cable\" width=\"300\" height=\"150\" \/><br \/>\nF\u00fcr den station\u00e4ren Betrieb oder Schleppketten &#8211; und Roboteranwendung<br \/>\n<\/div>\n<div class=\"col-md-4\">\n<h4>Verbindungskabel und Konverter<\/h4>\n<p><img loading=\"lazy\" class=\"alignnone size-full wp-image-414\" src=\"https:\/\/linmot.com\/wp-content\/uploads\/2017\/11\/LinMot-connector-cable-and-converter.jpg\" alt=\"Connection cable and converter\" width=\"300\" height=\"150\" \/><br \/>\nPC Konfigurationskabel und Schnittstellenkabel<br \/>\n<\/div>\n<div class=\"col-md-4\">\n<h4>Externer Positionssensor<\/h4>\n<p><img loading=\"lazy\" class=\"alignnone size-full wp-image-415\" src=\"https:\/\/linmot.com\/wp-content\/uploads\/2017\/11\/LinMot-external-position-sensor.jpg\" alt=\"External position sensor\" width=\"300\" height=\"150\" \/><br \/>\nF\u00fcr hochgenau Anwendungen im \u03bcm-Bereich und \/ oder Absolut-Positionserfassung.<br \/>\n<\/div>\n<\/div>\n<div class=\"row\">\n<div class=\"col-md-4\">\n<h4>Control Box<\/h4>\n<p><img loading=\"lazy\" class=\"alignnone size-full wp-image-416\" src=\"https:\/\/linmot.com\/wp-content\/uploads\/2017\/11\/accessories-linmot-control-box.jpg\" alt=\"Control Box\" width=\"230\" height=\"115\" \/><br \/>\nF\u00fcr eine schnelle Inbetriebnahme von Servo Drives<br \/>\n<\/div>\n<div class=\"col-md-4\">\n<h4>Schaltnetzteil<\/h4>\n<p><img loading=\"lazy\" class=\"alignnone size-full wp-image-417\" src=\"https:\/\/linmot.com\/wp-content\/uploads\/2017\/11\/accessories-linmot-power-supplies.jpg\" alt=\"Power Supplies\" width=\"230\" height=\"115\" \/><br \/>\nIn den Leistungsklassen 300W, 500W, 1000 W<br \/>\n<\/div>\n<div class=\"col-md-4\">\n<h4>Transformatorspeisung<\/h4>\n<p><img loading=\"lazy\" class=\"alignnone size-full wp-image-418\" src=\"https:\/\/linmot.com\/wp-content\/uploads\/2017\/11\/LinMot-transformer-supplies.jpg\" alt=\"Transformer Supplies\" width=\"300\" height=\"150\" \/><br \/>\nIn den Leistungsklassen 420VA \/ 900VA \/ 1500VA<br \/>\n<\/div>\n<\/div>\n<h2>Mechanisch<\/h2>\n<div class=\"row\">\n<div class=\"col-md-4\">\n<h4>Motorflansche<\/h4>\n<p><img loading=\"lazy\" class=\"alignnone size-full wp-image-419\" src=\"https:\/\/linmot.com\/wp-content\/uploads\/2017\/11\/LinMot-mounting-flanges.jpg\" alt=\"Mounting Flanges\" width=\"300\" height=\"150\" \/><br \/>\nGarantiert schnelle Motormontage und optimale K\u00fchlung<br \/>\n<\/div>\n<div class=\"col-md-4\">\n<h4>L\u00e4ufer Befestigung<\/h4>\n<p><img loading=\"lazy\" class=\"alignnone size-full wp-image-420\" src=\"https:\/\/linmot.com\/wp-content\/uploads\/2017\/11\/LinMot-slider-mounting.jpg\" alt=\"Slider Mounting\" width=\"300\" height=\"150\" \/><br \/>\nVerhindert eine \u00fcberbestimmte Lagerung und Fluchtungsfehler<br \/>\n<\/div>\n<div class=\"col-md-4\">\n<h4>Bremse<\/h4>\n<p><img loading=\"lazy\" class=\"alignnone size-full wp-image-421\" src=\"https:\/\/linmot.com\/wp-content\/uploads\/2017\/11\/LinMot-brake.jpg\" alt=\"Brake\" width=\"300\" height=\"150\" \/><br \/>\nH\u00e4lt die Last bei vertikaler Einbaulage auch beim Ausschalten auf Position<br \/>\n<\/div>\n<\/div>\n","protected":false},"excerpt":{"rendered":"<p>Das auf die Linearmotoren abgestimmte Zubeh\u00f6rprogramm von LinMot erlaubt die schnelle und unkomplizierte Realisierung und Inbetriebnahme der unterschiedlichsten Aufgabestellungen. Zudem garantiert das, speziell f\u00fcr LinMot entwickelte, original Motor Zubeh\u00f6r den sicheren und st\u00f6rungsfreien Betrieb der Linearmotoren. Elektrisch Mechanisch<\/p>\n","protected":false},"author":1,"featured_media":0,"parent":6,"menu_order":0,"comment_status":"closed","ping_status":"closed","template":"","meta":[],"acf":[],"yoast_head":"<!-- This site is optimized with the Yoast SEO plugin v17.5 - https:\/\/yoast.com\/wordpress\/plugins\/seo\/ -->\n<title>Zubeh\u00f6r | Linear Motion Technology Leader | LinMot<\/title>\n<meta name=\"description\" content=\"Zubeh\u00f6r | Linear Motion Technology Leader | LinMot\" \/>\n<meta name=\"robots\" content=\"noindex, follow, max-snippet:-1, max-image-preview:large, max-video-preview:-1\" \/>\n<meta property=\"og:locale\" content=\"de_DE\" \/>\n<meta property=\"og:type\" content=\"article\" \/>\n<meta property=\"og:title\" content=\"Zubeh\u00f6r | Linear Motion Technology Leader | LinMot\" \/>\n<meta property=\"og:description\" content=\"Zubeh\u00f6r | Linear Motion Technology Leader | LinMot\" \/>\n<meta property=\"og:url\" content=\"https:\/\/pamoco.papercut.pl\/de\/produkte\/zubehoer\/\" \/>\n<meta property=\"og:site_name\" content=\"LinMot DE\" \/>\n<meta property=\"article:modified_time\" content=\"2018-08-21T08:41:12+00:00\" \/>\n<meta property=\"og:image\" content=\"https:\/\/linmot.com\/wp-content\/uploads\/2017\/11\/LinMot-motor-cable.jpg\" \/>\n<meta name=\"twitter:card\" content=\"summary\" \/>\n<meta name=\"twitter:label1\" content=\"Gesch\u00e4tzte Lesezeit\" \/>\n\t<meta name=\"twitter:data1\" content=\"1 Minute\" \/>\n<script type=\"application\/ld+json\" class=\"yoast-schema-graph\">{\"@context\":\"https:\/\/schema.org\",\"@graph\":[{\"@type\":\"WebSite\",\"@id\":\"https:\/\/pamoco.papercut.pl\/de\/#website\",\"url\":\"https:\/\/pamoco.papercut.pl\/de\/\",\"name\":\"LinMot DE\",\"description\":\"Linmot\",\"potentialAction\":[{\"@type\":\"SearchAction\",\"target\":{\"@type\":\"EntryPoint\",\"urlTemplate\":\"https:\/\/pamoco.papercut.pl\/de\/?s={search_term_string}\"},\"query-input\":\"required name=search_term_string\"}],\"inLanguage\":\"de-DE\"},{\"@type\":\"ImageObject\",\"@id\":\"https:\/\/pamoco.papercut.pl\/de\/produkte\/zubehoer\/#primaryimage\",\"inLanguage\":\"de-DE\",\"url\":\"https:\/\/linmot.com\/wp-content\/uploads\/2017\/11\/LinMot-motor-cable.jpg\",\"contentUrl\":\"https:\/\/linmot.com\/wp-content\/uploads\/2017\/11\/LinMot-motor-cable.jpg\"},{\"@type\":\"WebPage\",\"@id\":\"https:\/\/pamoco.papercut.pl\/de\/produkte\/zubehoer\/#webpage\",\"url\":\"https:\/\/pamoco.papercut.pl\/de\/produkte\/zubehoer\/\",\"name\":\"Zubeh\\u00f6r | Linear Motion Technology Leader | LinMot\",\"isPartOf\":{\"@id\":\"https:\/\/pamoco.papercut.pl\/de\/#website\"},\"primaryImageOfPage\":{\"@id\":\"https:\/\/pamoco.papercut.pl\/de\/produkte\/zubehoer\/#primaryimage\"},\"datePublished\":\"2017-11-07T14:05:31+00:00\",\"dateModified\":\"2018-08-21T08:41:12+00:00\",\"description\":\"Zubeh\\u00f6r | Linear Motion Technology Leader | LinMot\",\"breadcrumb\":{\"@id\":\"https:\/\/pamoco.papercut.pl\/de\/produkte\/zubehoer\/#breadcrumb\"},\"inLanguage\":\"de-DE\",\"potentialAction\":[{\"@type\":\"ReadAction\",\"target\":[\"https:\/\/pamoco.papercut.pl\/de\/produkte\/zubehoer\/\"]}]},{\"@type\":\"BreadcrumbList\",\"@id\":\"https:\/\/pamoco.papercut.pl\/de\/produkte\/zubehoer\/#breadcrumb\",\"itemListElement\":[{\"@type\":\"ListItem\",\"position\":1,\"name\":\"LinMot\",\"item\":\"https:\/\/pamoco.papercut.pl\/de\/\"},{\"@type\":\"ListItem\",\"position\":2,\"name\":\"Produkte\",\"item\":\"https:\/\/pamoco.papercut.pl\/de\/produkte\/\"},{\"@type\":\"ListItem\",\"position\":3,\"name\":\"Zubeh\\u00f6r\"}]}]}<\/script>\n<!-- \/ Yoast SEO plugin. -->","yoast_head_json":{"title":"Zubeh\u00f6r | Linear Motion Technology Leader | LinMot","description":"Zubeh\u00f6r | Linear Motion Technology Leader | LinMot","robots":{"index":"noindex","follow":"follow","max-snippet":"max-snippet:-1","max-image-preview":"max-image-preview:large","max-video-preview":"max-video-preview:-1"},"og_locale":"de_DE","og_type":"article","og_title":"Zubeh\u00f6r | Linear Motion Technology Leader | LinMot","og_description":"Zubeh\u00f6r | Linear Motion Technology Leader | LinMot","og_url":"https:\/\/pamoco.papercut.pl\/de\/produkte\/zubehoer\/","og_site_name":"LinMot DE","article_modified_time":"2018-08-21T08:41:12+00:00","og_image":[{"url":"https:\/\/linmot.com\/wp-content\/uploads\/2017\/11\/LinMot-motor-cable.jpg"}],"twitter_card":"summary","twitter_misc":{"Gesch\u00e4tzte Lesezeit":"1 Minute"},"schema":{"@context":"https:\/\/schema.org","@graph":[{"@type":"WebSite","@id":"https:\/\/pamoco.papercut.pl\/de\/#website","url":"https:\/\/pamoco.papercut.pl\/de\/","name":"LinMot DE","description":"Linmot","potentialAction":[{"@type":"SearchAction","target":{"@type":"EntryPoint","urlTemplate":"https:\/\/pamoco.papercut.pl\/de\/?s={search_term_string}"},"query-input":"required name=search_term_string"}],"inLanguage":"de-DE"},{"@type":"ImageObject","@id":"https:\/\/pamoco.papercut.pl\/de\/produkte\/zubehoer\/#primaryimage","inLanguage":"de-DE","url":"https:\/\/linmot.com\/wp-content\/uploads\/2017\/11\/LinMot-motor-cable.jpg","contentUrl":"https:\/\/linmot.com\/wp-content\/uploads\/2017\/11\/LinMot-motor-cable.jpg"},{"@type":"WebPage","@id":"https:\/\/pamoco.papercut.pl\/de\/produkte\/zubehoer\/#webpage","url":"https:\/\/pamoco.papercut.pl\/de\/produkte\/zubehoer\/","name":"Zubeh\u00f6r | Linear Motion Technology Leader | LinMot","isPartOf":{"@id":"https:\/\/pamoco.papercut.pl\/de\/#website"},"primaryImageOfPage":{"@id":"https:\/\/pamoco.papercut.pl\/de\/produkte\/zubehoer\/#primaryimage"},"datePublished":"2017-11-07T14:05:31+00:00","dateModified":"2018-08-21T08:41:12+00:00","description":"Zubeh\u00f6r | Linear Motion Technology Leader | LinMot","breadcrumb":{"@id":"https:\/\/pamoco.papercut.pl\/de\/produkte\/zubehoer\/#breadcrumb"},"inLanguage":"de-DE","potentialAction":[{"@type":"ReadAction","target":["https:\/\/pamoco.papercut.pl\/de\/produkte\/zubehoer\/"]}]},{"@type":"BreadcrumbList","@id":"https:\/\/pamoco.papercut.pl\/de\/produkte\/zubehoer\/#breadcrumb","itemListElement":[{"@type":"ListItem","position":1,"name":"LinMot","item":"https:\/\/pamoco.papercut.pl\/de\/"},{"@type":"ListItem","position":2,"name":"Produkte","item":"https:\/\/pamoco.papercut.pl\/de\/produkte\/"},{"@type":"ListItem","position":3,"name":"Zubeh\u00f6r"}]}]}},"_links":{"self":[{"href":"https:\/\/pamoco.papercut.pl\/de\/wp-json\/wp\/v2\/pages\/193"}],"collection":[{"href":"https:\/\/pamoco.papercut.pl\/de\/wp-json\/wp\/v2\/pages"}],"about":[{"href":"https:\/\/pamoco.papercut.pl\/de\/wp-json\/wp\/v2\/types\/page"}],"author":[{"embeddable":true,"href":"https:\/\/pamoco.papercut.pl\/de\/wp-json\/wp\/v2\/users\/1"}],"replies":[{"embeddable":true,"href":"https:\/\/pamoco.papercut.pl\/de\/wp-json\/wp\/v2\/comments?post=193"}],"version-history":[{"count":13,"href":"https:\/\/pamoco.papercut.pl\/de\/wp-json\/wp\/v2\/pages\/193\/revisions"}],"predecessor-version":[{"id":732,"href":"https:\/\/pamoco.papercut.pl\/de\/wp-json\/wp\/v2\/pages\/193\/revisions\/732"}],"up":[{"embeddable":true,"href":"https:\/\/pamoco.papercut.pl\/de\/wp-json\/wp\/v2\/pages\/6"}],"wp:attachment":[{"href":"https:\/\/pamoco.papercut.pl\/de\/wp-json\/wp\/v2\/media?parent=193"}],"curies":[{"name":"wp","href":"https:\/\/api.w.org\/{rel}","templated":true}]}}